{"id":42,"date":"2013-11-19T16:29:17","date_gmt":"2013-11-19T14:29:17","guid":{"rendered":"https:\/\/evol-forum.ch\/dei-en\/appendix-apocalypses\/"},"modified":"2018-07-19T15:58:44","modified_gmt":"2018-07-19T13:58:44","slug":"appendix-apocalypses","status":"publish","type":"page","link":"https:\/\/evol-forum.ch\/dei-en\/appendix-apocalypses\/","title":{"rendered":"Appendix Apocalypses"},"content":{"rendered":"<h1>Die christlichen Apokalypsen<\/h1>\n<p>&nbsp;<\/p>\n<p><span style=\"font-weight: normal;\"><span style=\"font-size: small;\">Wenn von der Apokalypse die Rede ist, denken fast alle an die christliche Offenbarung des Johannes. Doch es gibt auch hier \u00fcberraschend viele apokalyptische Prophezeiungen, die oft geschichtliche Zusammenh\u00e4nge und \u00e4hnliche Inhalte aufweisen.\u00a0Denn Apokalypsen gibt es nicht nur im Christentum, sondern in jeder Religion.<\/span><\/span><span style=\"font-weight: normal;\"><span style=\"font-size: small;\">Sie sind eine besondere Art von Prophezeiungen, die meist direkt von der Gottheit oder ihren Vertretern empfangen werden und von einem Ende, einer Wende und einem Neubeginn der g\u00f6ttlichen Sch\u00f6pfung berichten&#8230;<\/span><\/span><\/p>\n<p>&nbsp;<\/p>\n<h3>Prophezeiungen<\/h3>\n<p><span style=\"font-size: small;\">Apokalypsen enthalten Prophezeiungen von gro\u00dfer Tragweite und gro\u00dfem Umfang. Doch machen wir uns vorher bewusst, was Prophezeiungen \u00fcberhaupt sind. Diese medialen Durchgaben und Orakel beschreiben zu einem bestimmten Thema, was eintreten wird, wenn sich nichts \u00e4ndert an unserem Verhalten und wenn sich nichts ver\u00e4ndert an den Einfl\u00fcssen von Au\u00dfen.<\/span><\/p>\n<p><span style=\"font-size: small;\">Prophezeiungen sind also Beschreibungen einer Situation, die so eintreffen und geschehen w\u00fcrde, wenn die Menschen nichts in ihrem Bewusstsein und an der Situation ver\u00e4ndern w\u00fcrden, von dem Zeitpunkt der Prophezeiung an bis zum angek\u00fcndigten Eintreten. Doch das ist eigentlich immer der Fall, denn alles ver\u00e4ndert sich &#8211; st\u00e4ndig. Es h\u00e4ngt also direkt vom Denken, Entscheiden und Verhalten der Menschen ab, ob sich eine Prophezeiung erf\u00fcllen wird, und nat\u00fcrlich ebenso davon, wie sich in dieser Zeitspanne das Umfeld entwickelt und der Einfluss der Dunkelwesen einwirkt. Und wie wir schon erkannt haben, geht es auch um eine Qualit\u00e4t von Bewusstsein und Zeitgeschehen.<\/span><\/p>\n<p><span style=\"font-size: small;\">Der Sinn oder das Ziel einer Prophezeiung ist demzufolge, uns einerseits etwas bewusst zu machen und andererseits zu warnen, was geschehen wird, so sich unser Verhalten nicht \u00e4ndert. Deshalb sind alle Prophezeiungen unter diesem Aspekt zu sehen. Auch wenn es um Datierungen geht, die meist gar nicht m\u00f6glich sind&#8230;<\/span><\/p>\n<p>&nbsp;<\/p>\n<p>&nbsp;<\/p>\n<h3><strong>Vergleich der Apokalypsen verschiedener Religionen\u00a0<\/strong><\/h3>\n<p><span style=\"font-size: small;\">Die ersten Apokalypsen finden wir bereits in der Antike, in den Sch\u00f6pfungsmythen Assyriens und Babyloniens, wo auch im Gilgamesch-Epos apokalyptische Vorstellungen auftauchen. Im Persischen Zoroastrismus wird erstmals ein Endkampf zwischen Gut und B\u00f6se, Licht und Dunkelheit beschrieben, der von dort wohl in den griechischen Hellenismus eindrang.\u00a0Auch in den normannischen Kulturen wurde der Weltuntergang, den nur ein Teil der Menschen \u00fcberleben w\u00fcrden, als \u201eRagnar\u00f6k\u201c (Schicksal der G\u00f6tter) \u00fcberliefert.<\/span><\/p>\n<p>&nbsp;<\/p>\n<p>&nbsp;<\/p>\n<h2 style=\"font-size: 1.5em;\">Die Apokalypsen\u00a0in den Evangelien<\/h2>\n<p>&nbsp;<\/p>\n<p><span style=\"font-size: small;\">Die christlichen Apokalypsen, namentlich<\/span><\/p>\n<ul>\n<li><span style=\"font-size: small;\">Apokalypse des Johannes (NT)<\/span><\/li>\n<li><span style=\"font-size: small;\">Apokalypse des Paulus (Apokryben)<\/span><\/li>\n<li><span style=\"font-size: small;\">Apokalypse des Petrus (Gnostisch)<\/span><\/li>\n<\/ul>\n<p><span style=\"font-size: small;\">werden wir nun genauer anschauen. Einerseits in der folgenden Zusammenfassung mit ihren Kernaussagen, andererseits mit den 3 vollst\u00e4ndigen Apokalypsen und fortlaufender Interpretation, sowie weiterf\u00fchrenden Vergleichen f\u00fcr tiefer Interessierte.<\/span><\/p>\n<ul>\n<li><span style=\"font-size: small;\">Die Apokalypse der Maria (Gnostisch)<\/span><\/li>\n<li><span style=\"font-size: small;\">1.\/2.\/3. Apokalypse Jakobus (Gnostisch)<\/span><\/li>\n<li><span style=\"font-size: small;\">Apokalypse Hirte des Hermas<\/span><\/li>\n<li><span style=\"font-size: small;\">Apokalypse Buch Daniel (NT)<\/span><\/li>\n<\/ul>\n<p><span style=\"font-size: small;\">seien hier nur f\u00fcr die \u00dcbersicht erw\u00e4hnt.<\/span><\/p>\n<p><span style=\"font-size: small;\">\u00a0<\/span><\/p>\n<p><span style=\"font-size: small;\">Wir fokussieren uns nun auf die Kernaussagen der 3 gro\u00dfen christlichen Apokalypsen, die aus dem Umfeld von Jesus Christus stammen sollen.\u00a0Die Bekannteste ist die Wendezeit-Offenbarung von Johannes dem Seher (nicht zu verwechseln mit dem Apostel Johannes oder Johannes dem T\u00e4ufer), gefolgt von der Aufstiegs-Offenbarung von Paulus, und der Verfolgungs-Offenbarung von Petrus.<\/span><\/p>\n<p>&nbsp;<\/p>\n<p>&nbsp;<\/p>\n<h3>Vergleich der christlichen Apokalypsen<\/h3>\n<p><span style=\"font-size: small;\">Diese Apokalypsen haben gemeinsam,\u00a0dass die Menschen, die dem Weg des Herrn folgen, zuerst durch<\/span><\/p>\n<ul>\n<li><span style=\"font-size: small;\">grosse Verfolgungen und Katastrophen und Wiedergutmachungen gehen m\u00fcssen,<\/span><\/li>\n<li><span style=\"font-size: small;\">dem Antichristen Haniel, Satana oder ihren Asuras begegnen und versucht werden,<\/span><\/li>\n<li><span style=\"font-size: small;\">dass diese durch die Wiederkunft Christi und seinen Erl\u00f6sungsplan \u00fcberwunden werden,<\/span><\/li>\n<li><span style=\"font-size: small;\">und wir eine Wendezeit resp. Aufstiegszeit der L\u00e4uterungen durchlaufen,<\/span><\/li>\n<li><span style=\"font-size: small;\">damit unsere Seelen durch verschiedene Enwicklungstufen auf Erden und in h\u00f6heren Dimensionen,<\/span><\/li>\n<li><span style=\"font-size: small;\">zur\u00fcckkehren in unsere eigentliche Heimat, das Liebesreich in der Geistigen Welt.<\/span><\/li>\n<\/ul>\n<p><span style=\"font-size: small;\">So geben uns diese Apokalypsen Informationen und Bilder aus Visionen zur g\u00f6ttlichen Hierarchie und Sch\u00f6pfung sowie zum geistigen Aufstieg der Seelen und der R\u00fcckkehr in die vielen Wohngswelten der Gottheit.<\/span><\/p>\n<p><span style=\"font-size: small;\">\u00a0<\/span><\/p>\n<p><span style=\"font-size: small;\">Diese Apokalypsen werden auch wieder mit dem Jahrtausendwechsel in Zusammenhang gebracht und mit dem Wechsel ins n\u00e4chste \u00c4on (oder Tierkreiszeitalter).<\/span><\/p>\n<p><span style=\"font-size: small;\">\u00a0<\/span><\/p>\n<p><span style=\"font-size: small;\">Durchleuchten wir nun die bedeutendsten christlichen Apokalypsen, die aus dem Umfeld von Jesus Christus stammen, um aus ihnen Darstellungen und Vergleiche f\u00fcr die Wendezeit zu gewinnen. Diese k\u00f6nnen durchaus positiv sein, wenn man sich nicht gleich von den dunklen Bildern und Symbolen abschrecken l\u00e4sst und die Bedeutung vor allem in ihren Darstellungen davon sucht, was am Schluss geschieht.<\/span><\/p>\n<p><span style=\"font-size: small;\">\u00a0<\/span><\/p>\n<p><span style=\"font-size: small;\">Sie werden hier in ihrem vollen Wortlaut und Umfang wiedergegeben, mit meinen pers\u00f6nlichen Interpretationen (in Klammern eingef\u00fcgt), zum besseren Verst\u00e4ndnis dieser schweren Texte und Bilder, sowie f\u00fcr den Bezug zu unseren Seelen. So erfassen wir den ungef\u00e4hren \u00e4u\u00dferen Sinn, auch wenn dies nicht die volle Bedeutung der verschiedenen Aspekte und Ebenen wiedergeben soll und kann.<\/span><\/p>\n<p><span style=\"font-size: small;\">\u00a0<\/span><\/p>\n<p><span style=\"font-size: small;\">Abgerundet wird dieser Anhang durch Zusammenh\u00e4nge und Vergleiche der Apokalypsen von Pfarrer Andreas Schwendener, Prof. Dr. Angelika Thol-Hauke und Knut Meinel.<\/span><\/p>\n<p><span style=\"font-weight: normal;\"><span style=\"font-size: small;\">Die Reihenfolge erfolgt in ihrer zeitlichen Chronologie, also zuerst die<\/span><\/span><\/p>\n<p><span style=\"font-weight: normal;\"><span style=\"font-size: small;\">\u00a0<\/span><\/span><span style=\"font-size: small;\">&#8211; Apokalypse des Petrus, dann die<\/span><\/p>\n<p><span style=\"font-weight: normal;\"><span style=\"font-size: small;\">&#8211; Apokalypse des Johannes und dann die<\/span><\/span><\/p>\n<p><span style=\"font-weight: normal;\"><span style=\"font-size: small;\">&#8211; Apokalypse des Paulus.<\/span><\/span><\/p>\n<p>&nbsp;<\/p>\n<p><strong>Anmerkung:<\/strong><\/p>\n<p><span style=\"font-size: small;\">Bei diesen 3 Offenbarungen sind es immer die 3 Erzengel der Trinit\u00e4t der Trinit\u00e4ten, die diesen Propheten die Erkl\u00e4rungen und Bilder \u00fcberbrachten, die auch die individuellen und kollektiven Aufstiegsversuche der Seelen leiten und lenken, denn es ist ein Teil ihrer Aufgaben im heiligen Erl\u00f6sungs-Plan von Eioua und Sophia Christus.<\/span><\/p>\n<ul>\n<li><span style=\"font-size: small;\">So ist CHAMUEL MELCHIZEDEK der,\u00a0der die Versuche auf Erden f\u00fchrt,<\/span><\/li>\n<li><span style=\"font-size: small;\">und MICHAEL MELISIM ist der,\u00a0der diese Versuche besch\u00fctzt,<\/span><\/li>\n<li><span style=\"font-size: small;\">und GABRIEL METATRON ist der,\u00a0der uns mit Ihnen verbindet, und mit der Gottheit und den Kr\u00e4ften der geistigen Welt. Meist war er es, der zu Propheten sprach und selbst Mohammed bezog sich auf ihn als Erzengel Jibril.<\/span><\/li>\n<\/ul>\n<p>&nbsp;<\/p>\n<p>&nbsp;<\/p>\n<p>&nbsp;<\/p>\n<p>&nbsp;<\/p>\n<p style=\"font: normal normal normal 12px\/normal Helvetica; margin: 0px;\"><span style=\"letter-spacing: 0px;\">This is an excerpt from the book\u00a0<a title=\"Bookorder DEI LEGACY\" href=\"mailto:orders@atlasbooks.com\">DEI LEGACY<\/a>.<\/span><\/p>\n<p>&nbsp;<\/p>\n","protected":false},"excerpt":{"rendered":"<p>Die christlichen Apokalypsen &nbsp; Wenn von der Apokalypse die Rede ist, denken fast alle an die christliche Offenbarung des Johannes. Doch es gibt auch hier \u00fcberraschend viele apokalyptische Prophezeiungen, die oft geschichtliche Zusammenh\u00e4nge und \u00e4hnliche Inhalte aufweisen.\u00a0Denn Apokalypsen gibt es nicht nur im Christentum, sondern in jeder Religion.Sie sind eine besondere Art von Prophezeiungen, die [&hellip;]<\/p>\n","protected":false},"author":5,"featured_media":0,"parent":0,"menu_order":970,"comment_status":"open","ping_status":"open","template":"","meta":{"_acf_changed":false,"_monsterinsights_skip_tracking":false,"_monsterinsights_sitenote_active":false,"_monsterinsights_sitenote_note":"","_monsterinsights_sitenote_category":0,"footnotes":""},"class_list":["post-42","page","type-page","status-publish","hentry"],"acf":[],"yoast_head":"<!-- This site is optimized with the Yoast SEO plugin v26.4 - https:\/\/yoast.com\/wordpress\/plugins\/seo\/ -->\n<title>Appendix Apocalypses - DEI-LEGACY<\/title>\n<meta name=\"robots\" content=\"index, follow, max-snippet:-1, max-image-preview:large, max-video-preview:-1\" \/>\n<link rel=\"canonical\" href=\"https:\/\/evol-forum.ch\/dei-en\/appendix-apocalypses\/\" \/>\n<meta name=\"twitter:label1\" content=\"Est. reading time\" \/>\n\t<meta name=\"twitter:data1\" content=\"5 minutes\" \/>\n<script type=\"application\/ld+json\" class=\"yoast-schema-graph\">{\"@context\":\"https:\/\/schema.org\",\"@graph\":[{\"@type\":\"WebPage\",\"@id\":\"https:\/\/evol-forum.ch\/dei-en\/appendix-apocalypses\/\",\"url\":\"https:\/\/evol-forum.ch\/dei-en\/appendix-apocalypses\/\",\"name\":\"Appendix Apocalypses - DEI-LEGACY\",\"isPartOf\":{\"@id\":\"https:\/\/evol-forum.ch\/dei-en\/#website\"},\"datePublished\":\"2013-11-19T14:29:17+00:00\",\"dateModified\":\"2018-07-19T13:58:44+00:00\",\"inLanguage\":\"en-US\",\"potentialAction\":[{\"@type\":\"ReadAction\",\"target\":[\"https:\/\/evol-forum.ch\/dei-en\/appendix-apocalypses\/\"]}]},{\"@type\":\"WebSite\",\"@id\":\"https:\/\/evol-forum.ch\/dei-en\/#website\",\"url\":\"https:\/\/evol-forum.ch\/dei-en\/\",\"name\":\"DEI-LEGACY\",\"description\":\"\",\"potentialAction\":[{\"@type\":\"SearchAction\",\"target\":{\"@type\":\"EntryPoint\",\"urlTemplate\":\"https:\/\/evol-forum.ch\/dei-en\/?s={search_term_string}\"},\"query-input\":{\"@type\":\"PropertyValueSpecification\",\"valueRequired\":true,\"valueName\":\"search_term_string\"}}],\"inLanguage\":\"en-US\"}]}<\/script>\n<!-- \/ Yoast SEO plugin. -->","yoast_head_json":{"title":"Appendix Apocalypses - DEI-LEGACY","robots":{"index":"index","follow":"follow","max-snippet":"max-snippet:-1","max-image-preview":"max-image-preview:large","max-video-preview":"max-video-preview:-1"},"canonical":"https:\/\/evol-forum.ch\/dei-en\/appendix-apocalypses\/","twitter_misc":{"Est. reading time":"5 minutes"},"schema":{"@context":"https:\/\/schema.org","@graph":[{"@type":"WebPage","@id":"https:\/\/evol-forum.ch\/dei-en\/appendix-apocalypses\/","url":"https:\/\/evol-forum.ch\/dei-en\/appendix-apocalypses\/","name":"Appendix Apocalypses - DEI-LEGACY","isPartOf":{"@id":"https:\/\/evol-forum.ch\/dei-en\/#website"},"datePublished":"2013-11-19T14:29:17+00:00","dateModified":"2018-07-19T13:58:44+00:00","inLanguage":"en-US","potentialAction":[{"@type":"ReadAction","target":["https:\/\/evol-forum.ch\/dei-en\/appendix-apocalypses\/"]}]},{"@type":"WebSite","@id":"https:\/\/evol-forum.ch\/dei-en\/#website","url":"https:\/\/evol-forum.ch\/dei-en\/","name":"DEI-LEGACY","description":"","potentialAction":[{"@type":"SearchAction","target":{"@type":"EntryPoint","urlTemplate":"https:\/\/evol-forum.ch\/dei-en\/?s={search_term_string}"},"query-input":{"@type":"PropertyValueSpecification","valueRequired":true,"valueName":"search_term_string"}}],"inLanguage":"en-US"}]}},"_links":{"self":[{"href":"https:\/\/evol-forum.ch\/dei-en\/wp-json\/wp\/v2\/pages\/42","targetHints":{"allow":["GET"]}}],"collection":[{"href":"https:\/\/evol-forum.ch\/dei-en\/wp-json\/wp\/v2\/pages"}],"about":[{"href":"https:\/\/evol-forum.ch\/dei-en\/wp-json\/wp\/v2\/types\/page"}],"author":[{"embeddable":true,"href":"https:\/\/evol-forum.ch\/dei-en\/wp-json\/wp\/v2\/users\/5"}],"replies":[{"embeddable":true,"href":"https:\/\/evol-forum.ch\/dei-en\/wp-json\/wp\/v2\/comments?post=42"}],"version-history":[{"count":2,"href":"https:\/\/evol-forum.ch\/dei-en\/wp-json\/wp\/v2\/pages\/42\/revisions"}],"predecessor-version":[{"id":472,"href":"https:\/\/evol-forum.ch\/dei-en\/wp-json\/wp\/v2\/pages\/42\/revisions\/472"}],"wp:attachment":[{"href":"https:\/\/evol-forum.ch\/dei-en\/wp-json\/wp\/v2\/media?parent=42"}],"curies":[{"name":"wp","href":"https:\/\/api.w.org\/{rel}","templated":true}]}}