{"id":12,"date":"2013-11-19T16:29:33","date_gmt":"2013-11-19T14:29:33","guid":{"rendered":"https:\/\/evol-forum.ch\/dei\/vergleich-zyklenkalender\/"},"modified":"2018-10-24T15:28:06","modified_gmt":"2018-10-24T13:28:06","slug":"vergleich-zyklenkalender","status":"publish","type":"page","link":"https:\/\/evol-forum.ch\/dei\/vergleich-zyklenkalender\/","title":{"rendered":"Vergleich Zyklenkalender"},"content":{"rendered":"<h1>Direkter Vergleich\u00a0der 3 grossen Zyklen-Kalender<\/h1>\n<p>Wie sieht es nun zu unserem jetzigen Zeitpunkt aus, mit den Wendepunkten der jeweiligen Zyklen-Kalender und deren \u00dcbereinstimmung?<\/p>\n<p>&nbsp;<\/p>\n<p><strong>Veda-Zeitalter<\/strong><\/p>\n<ul>\n<li>Kali Yuga begann um das Jahr 800 n.C.<\/li>\n<li>Das Satya Yuga beginnt zwischen 2000 und 2100 n.C. (nach Sri Yukteswar Giri)<\/li>\n<\/ul>\n<p>&nbsp;<\/p>\n<p><strong>Maya-Zeitalter<\/strong><\/p>\n<ul>\n<li>(Konjunktion Sonne\/Milchstr. 21.12.2012)<\/li>\n<li>Der alte Kalender endet am 22.12.2012<\/li>\n<li>Der neue Kalender beginnt 23.12.2012<\/li>\n<li>(Jenkins und \u00fcbereinstimmende Quellen)<\/li>\n<\/ul>\n<p>&nbsp;<\/p>\n<p><strong>Astrologische Zeitalter<\/strong><\/p>\n<ul>\n<li>Fische endet zwischen 2000 &#8211; 2200 n. C.<\/li>\n<li>Wasserman beginnt ab 2000 n. C.<\/li>\n<li>(Verschiedene \u00fcbereinstimmende Quellen)<\/li>\n<\/ul>\n<p>&nbsp;<\/p>\n<p><a class=\"lightbox\" href=\"https:\/\/evol-forum.ch\/dei\/wp-content\/uploads\/sites\/2\/2013\/11\/IMG_9300_Vergleich_B.jpg\"><img loading=\"lazy\" decoding=\"async\" style=\"border: 0px initial initial;\" title=\"Grafik Veda, Maya und Astro Kalender\" src=\"https:\/\/evol-forum.ch\/dei\/wp-content\/uploads\/sites\/2\/2013\/11\/IMG_9300_Vergleich_B.jpg\" alt=\"Vergleich Veda, Maya und Astro Kalender\" width=\"445\" height=\"459\" \/><\/a><\/p>\n<p>&nbsp;<\/p>\n<p>Eine auch f\u00fcr sachliche Verstandesmenschen sehr erstaunliche \u00dcbereinstimmung des zyklischen Neubeginns und der Zahl von rund 26\u2018000 Jahren &#8211; von drei grundlegend verschiedenen Systemen aus verschiedenen Zeitaltern und Kontinenten &#8211; selbst wenn man jedem noch 100 Jahre Spielraum f\u00fcr die unterschiedlichen Datierungen gibt. Finden Sie nicht? Liegt damit doch allen das gleiche kosmische Wissen zugrunde, im DEI VERM\u00c4CHTNIS unserer Vorfahren? Doch selbst wenn wir gem\u00e4\u00df den drei Zyklen-Kalendern tats\u00e4chlich am Beginn einer neuen \u00c4ra stehen, wird diese nicht automatisch ein \u201eGoldenes Zeitalter\u201c oder ein \u201eGeistiges Zeitalter.\u201c Von uns selbst wird es abh\u00e4ngen, was wir daraus lernen, welche Informationen und Wege wir annehmen und wie wir leben werden&#8230;<\/p>\n<p>&nbsp;<\/p>\n<p>&nbsp;<\/p>\n<p>&nbsp;<\/p>\n<p>&nbsp;<\/p>\n<p style=\"font: normal normal normal 12px\/normal Helvetica; margin: 0px;\"><span style=\"letter-spacing: 0px;\">Dies ist ein Auszug aus dem Buch\u00a0<a title=\"Buchbestellung DEI VERM\u00c4CHTNIS\" href=\"https:\/\/evol-forum.ch\/buecher-und-ebooks\/\" target=\"_blank\" rel=\"noopener\">DEI VERM\u00c4CHTNIS<\/a>.<\/span><\/p>\n<p>&nbsp;<\/p>\n","protected":false},"excerpt":{"rendered":"<p>Direkter Vergleich\u00a0der 3 grossen Zyklen-Kalender Wie sieht es nun zu unserem jetzigen Zeitpunkt aus, mit den Wendepunkten der jeweiligen Zyklen-Kalender und deren \u00dcbereinstimmung? &nbsp; Veda-Zeitalter Kali Yuga begann um das Jahr 800 n.C. Das Satya Yuga beginnt zwischen 2000 und 2100 n.C. (nach Sri Yukteswar Giri) &nbsp; Maya-Zeitalter (Konjunktion Sonne\/Milchstr. 21.12.2012) Der alte Kalender endet [&hellip;]<\/p>\n","protected":false},"author":5,"featured_media":0,"parent":0,"menu_order":240,"comment_status":"open","ping_status":"open","template":"","meta":{"_acf_changed":false,"_monsterinsights_skip_tracking":false,"_monsterinsights_sitenote_active":false,"_monsterinsights_sitenote_note":"","_monsterinsights_sitenote_category":0,"footnotes":""},"class_list":["post-12","page","type-page","status-publish","hentry"],"acf":[],"yoast_head":"<!-- This site is optimized with the Yoast SEO plugin v26.4 - https:\/\/yoast.com\/wordpress\/plugins\/seo\/ -->\n<title>Vergleich Zyklenkalender - DEI-VERM\u00c4CHTNIS<\/title>\n<meta name=\"robots\" content=\"index, follow, max-snippet:-1, max-image-preview:large, max-video-preview:-1\" \/>\n<link rel=\"canonical\" href=\"https:\/\/evol-forum.ch\/dei\/vergleich-zyklenkalender\/\" \/>\n<meta name=\"twitter:label1\" content=\"Gesch\u00e4tzte Lesezeit\" \/>\n\t<meta name=\"twitter:data1\" content=\"1\u00a0Minute\" \/>\n<script type=\"application\/ld+json\" class=\"yoast-schema-graph\">{\"@context\":\"https:\/\/schema.org\",\"@graph\":[{\"@type\":\"WebPage\",\"@id\":\"https:\/\/evol-forum.ch\/dei\/vergleich-zyklenkalender\/\",\"url\":\"https:\/\/evol-forum.ch\/dei\/vergleich-zyklenkalender\/\",\"name\":\"Vergleich Zyklenkalender - DEI-VERM\u00c4CHTNIS\",\"isPartOf\":{\"@id\":\"https:\/\/evol-forum.ch\/dei\/#website\"},\"primaryImageOfPage\":{\"@id\":\"https:\/\/evol-forum.ch\/dei\/vergleich-zyklenkalender\/#primaryimage\"},\"image\":{\"@id\":\"https:\/\/evol-forum.ch\/dei\/vergleich-zyklenkalender\/#primaryimage\"},\"thumbnailUrl\":\"https:\/\/evol-forum.ch\/dei\/wp-content\/uploads\/sites\/2\/2013\/11\/IMG_9300_Vergleich_B.jpg\",\"datePublished\":\"2013-11-19T14:29:33+00:00\",\"dateModified\":\"2018-10-24T13:28:06+00:00\",\"inLanguage\":\"de\",\"potentialAction\":[{\"@type\":\"ReadAction\",\"target\":[\"https:\/\/evol-forum.ch\/dei\/vergleich-zyklenkalender\/\"]}]},{\"@type\":\"ImageObject\",\"inLanguage\":\"de\",\"@id\":\"https:\/\/evol-forum.ch\/dei\/vergleich-zyklenkalender\/#primaryimage\",\"url\":\"https:\/\/evol-forum.ch\/dei\/wp-content\/uploads\/sites\/2\/2013\/11\/IMG_9300_Vergleich_B.jpg\",\"contentUrl\":\"https:\/\/evol-forum.ch\/dei\/wp-content\/uploads\/sites\/2\/2013\/11\/IMG_9300_Vergleich_B.jpg\",\"width\":679,\"height\":700},{\"@type\":\"WebSite\",\"@id\":\"https:\/\/evol-forum.ch\/dei\/#website\",\"url\":\"https:\/\/evol-forum.ch\/dei\/\",\"name\":\"DEI-VERM\u00c4CHTNIS\",\"description\":\"\",\"potentialAction\":[{\"@type\":\"SearchAction\",\"target\":{\"@type\":\"EntryPoint\",\"urlTemplate\":\"https:\/\/evol-forum.ch\/dei\/?s={search_term_string}\"},\"query-input\":{\"@type\":\"PropertyValueSpecification\",\"valueRequired\":true,\"valueName\":\"search_term_string\"}}],\"inLanguage\":\"de\"}]}<\/script>\n<!-- \/ Yoast SEO plugin. -->","yoast_head_json":{"title":"Vergleich Zyklenkalender - DEI-VERM\u00c4CHTNIS","robots":{"index":"index","follow":"follow","max-snippet":"max-snippet:-1","max-image-preview":"max-image-preview:large","max-video-preview":"max-video-preview:-1"},"canonical":"https:\/\/evol-forum.ch\/dei\/vergleich-zyklenkalender\/","twitter_misc":{"Gesch\u00e4tzte Lesezeit":"1\u00a0Minute"},"schema":{"@context":"https:\/\/schema.org","@graph":[{"@type":"WebPage","@id":"https:\/\/evol-forum.ch\/dei\/vergleich-zyklenkalender\/","url":"https:\/\/evol-forum.ch\/dei\/vergleich-zyklenkalender\/","name":"Vergleich Zyklenkalender - DEI-VERM\u00c4CHTNIS","isPartOf":{"@id":"https:\/\/evol-forum.ch\/dei\/#website"},"primaryImageOfPage":{"@id":"https:\/\/evol-forum.ch\/dei\/vergleich-zyklenkalender\/#primaryimage"},"image":{"@id":"https:\/\/evol-forum.ch\/dei\/vergleich-zyklenkalender\/#primaryimage"},"thumbnailUrl":"https:\/\/evol-forum.ch\/dei\/wp-content\/uploads\/sites\/2\/2013\/11\/IMG_9300_Vergleich_B.jpg","datePublished":"2013-11-19T14:29:33+00:00","dateModified":"2018-10-24T13:28:06+00:00","inLanguage":"de","potentialAction":[{"@type":"ReadAction","target":["https:\/\/evol-forum.ch\/dei\/vergleich-zyklenkalender\/"]}]},{"@type":"ImageObject","inLanguage":"de","@id":"https:\/\/evol-forum.ch\/dei\/vergleich-zyklenkalender\/#primaryimage","url":"https:\/\/evol-forum.ch\/dei\/wp-content\/uploads\/sites\/2\/2013\/11\/IMG_9300_Vergleich_B.jpg","contentUrl":"https:\/\/evol-forum.ch\/dei\/wp-content\/uploads\/sites\/2\/2013\/11\/IMG_9300_Vergleich_B.jpg","width":679,"height":700},{"@type":"WebSite","@id":"https:\/\/evol-forum.ch\/dei\/#website","url":"https:\/\/evol-forum.ch\/dei\/","name":"DEI-VERM\u00c4CHTNIS","description":"","potentialAction":[{"@type":"SearchAction","target":{"@type":"EntryPoint","urlTemplate":"https:\/\/evol-forum.ch\/dei\/?s={search_term_string}"},"query-input":{"@type":"PropertyValueSpecification","valueRequired":true,"valueName":"search_term_string"}}],"inLanguage":"de"}]}},"_links":{"self":[{"href":"https:\/\/evol-forum.ch\/dei\/wp-json\/wp\/v2\/pages\/12","targetHints":{"allow":["GET"]}}],"collection":[{"href":"https:\/\/evol-forum.ch\/dei\/wp-json\/wp\/v2\/pages"}],"about":[{"href":"https:\/\/evol-forum.ch\/dei\/wp-json\/wp\/v2\/types\/page"}],"author":[{"embeddable":true,"href":"https:\/\/evol-forum.ch\/dei\/wp-json\/wp\/v2\/users\/5"}],"replies":[{"embeddable":true,"href":"https:\/\/evol-forum.ch\/dei\/wp-json\/wp\/v2\/comments?post=12"}],"version-history":[{"count":6,"href":"https:\/\/evol-forum.ch\/dei\/wp-json\/wp\/v2\/pages\/12\/revisions"}],"predecessor-version":[{"id":674,"href":"https:\/\/evol-forum.ch\/dei\/wp-json\/wp\/v2\/pages\/12\/revisions\/674"}],"wp:attachment":[{"href":"https:\/\/evol-forum.ch\/dei\/wp-json\/wp\/v2\/media?parent=12"}],"curies":[{"name":"wp","href":"https:\/\/api.w.org\/{rel}","templated":true}]}}