{"id":14,"date":"2013-11-19T16:29:34","date_gmt":"2013-11-19T14:29:34","guid":{"rendered":"https:\/\/evol-forum.ch\/dei\/die-galaktische-konjunktion\/"},"modified":"2018-10-24T15:35:09","modified_gmt":"2018-10-24T13:35:09","slug":"die-galaktische-konjunktion","status":"publish","type":"page","link":"https:\/\/evol-forum.ch\/dei\/die-galaktische-konjunktion\/","title":{"rendered":"Die Galaktische Konjunktion"},"content":{"rendered":"<h1><strong>Die Galaktische Konjunktion\u00a0<\/strong><\/h1>\n<h1><strong>im Dezember 2012<\/strong><\/h1>\n<p>Erstaunlich war auch f\u00fcr mich, der versucht ein sachliches Gesamtbild zu erarbeiten, dass genau Ende 2012 eine besondere Galaktische Konjunktion dazukommt, wie sie nur alle 26\u2018000 Jahre eintrifft, und dass dies genau mit dem Neubeginn der Zyklen-Kalender zusammenf\u00e4llt. Wie konnten diese alten Kulturen diesen gewaltigen Zyklus erfassen und festlegen?\u00a0Denn am 21.12.2012 werden Sonne, Erde und weitere Planeten unseres Sonnensystems in Konjunktion zum \u00c4quator der Milchstrasse und anderen Stern-Bildern stehen. Dieses galaktische Zentrum enth\u00e4lt das uns n\u00e4chstgelegene supermassereiche Schwarze Loch.<\/p>\n<p>Dieser Ort, an dem die Milchstra\u00dfe die Sonne in sich aufnimmt, befindet sich in der sogenannten \u201edunklen Spalte\u201c der Milchstra\u00dfe, geformt durch interstellare Staubwolken. In der Wintersonnenwende 2012 wird die Sonne sich genau in der Mitte dieser Spalte befinden, sodass die Milchstra\u00dfe den Horizont an allen Punkten umschliesst. So entsteht auch der optische Anschein, die Milchstrasse ruhe auf der Erde und ber\u00fchre sie.<\/p>\n<p>Die galaktische und die solare Ebene befinden sich damit in einer Konjunktion, die auf ihre Bandbreite bezogen etwa 200 Erdenjahre wirke (100 Jahre vor und 100 Jahre nach dem 21.12.2012), und uns Menschen bisher nie dagewesene Einblicke in das Zentrum der Galaxis Milchstrasse erm\u00f6glichen wird.<\/p>\n<p>Es heisst, die Zeit st\u00e4nde dann einen Augenblick lang still und so wird dieser Moment auch \u201eDer kosmische Augenblick\u201c genannt. Oder wie die Veden es \u00fcberliefern, der Moment zwischen dem Aus- und Einatmen der Gottheit.<\/p>\n<p>Und es wird noch gewaltiger, denn gem. Aussage der Astrophysik beendet unser Sonnensystem im selben Moment eine weitere Umrundung des Zentrums unserer Milchstrassen-Galaxis, die einem Zeitraum von 230.000.000 Erdenjahren entspreche (: 26\u2018000 Jahre = 8844 Uml\u00e4ufe). Dieses besondere astrophysikalische Ereignis\u00a0 entstand, weil sich die Galaxis Milchstrasse im Uhrzeigersinn um das Zentrum dreht und sich gleichzeitig unser &#8211; sich um sich selbst drehendes &#8211; Sonnensystem, ebenfalls um das Zentrum der Galaxis Milchstrasse kreist, entgegen dem Uhrzeigersinn.<\/p>\n<p>Aus Interpretationen der Maya-Aufzeichnungen wird diese Zeit durch eine \u00dcbergangsphase von 52 Jahren begleitet (beginnend im Jahr 1987 und endend im Jahr 2039 unseres Gregorianischen Kalenders). Ein einmaliger Moment f\u00fcr die Galaxis und ein besonderes Zeitfenster&#8230;<\/p>\n<p>&nbsp;<\/p>\n<p><strong>Andere Quellen<\/strong><\/p>\n<p><em><span style=\"color: #333366;\">\u201eAm 15. Juli 2008 erschien in einem Weizenfeld nahe dem s\u00fcdenglischen Avebury\u00a0<\/span><\/em><em><span style=\"color: #333366;\">in der Grafschaft Wiltshire eine bemerkenswerte Kornkreis-Formation. Die\u00a0<\/span><\/em><em><span style=\"color: #333366;\">leicht abstrahierte heliozentrische Darstellung der Planetenpositionen vom 21. Dezember 2012 zeigt eine ungew\u00f6hnliche Affinit\u00e4t zur Gro\u00dfen Pyramide von Giza.\u00a0<\/span><\/em><em><span style=\"color: #333366;\">Das \u00fcber 100 Meter durchmessende astronomische Piktogramm zeigt rund um\u00a0<\/span><\/em><em><span style=\"color: #333366;\">eine 20 Meter gro\u00dfe ins Feld gedr\u00fcckte Sonnenscheibe die inneren Planeten auf d\u00fcnnen kreisrunden Umlaufbahnen, die Erde darauf zusammen mit dem Mond. Neben einer freigelassenen Fl\u00e4che f\u00fcr die Asteroiden folgen au\u00dfen die Orbits von Jupiter bis Neptun auf etwas dickeren\u00a0<\/span><\/em><em><span style=\"color: #333366;\">konzentrischen Kreisringen. Zus\u00e4tzlich ist Plutos versetzte Umlaufbahn richtig teils zwischen die Uranus- und Neptunbahn gesetzt. Wenn man die von einem Astronomieprogramm vorausberechneten Planetenpositionen vom 21. 12. 2012 ad\u00e4quat auf das Kornkreisdesign \u00fcbertr\u00e4gt, stimmen fast alle k\u00fcnftigen Planetenstandorte exakt, nur die Lagen von Uranus und Neptun weichen in Relation zu den anderen Planetenorten um 5 bzw. 7 Grad ab, und Plutos Position ist 28 Grad deplaziert.\u00a0<\/span><\/em><em><span style=\"color: #333366;\">Erstaunlich wird es, wenn man die von der Sonne aus gesehene, im Korn vorgegebene Konjunktion von Pluto und Mars betrachtet: Es wird eine un\u00fcberbietbar kraftvolle Energieballung gezeigt, die als gerade Linie von Pluto via Mars direkt ins Zentrum der Sonne f\u00fchrt. Noch spektakul\u00e4rer wird es, wenn man im Kornplanetarium den Mars mit Saturn und diesen mit der Erde und diese wiederum in gerader Linie mit Neptun verbindet. Dann zeigen sich &#8211; gebildet aus den gezeigten Planetenpositionen &#8211; die exakten Umrisse der Gro\u00dfen Pyramide \u00fcber unser ganzes Sonnensystem hinweg! Und die im Feld gezeigte Kraftlinie aus Pluto und Mars f\u00fchrt direkt ins Sonnenzentrum dieser gigantischen Pyramide!! Das Verbl\u00fcffendste aber ist die Position der Erde als exakter Schlusstein auf der Pyramidenspitze!\u00a0<\/span><\/em><em><span style=\"color: #333366;\">Weiters zeichnet sich noch eine Kraftlinie vom Neptun \u00fcber Mars zum Merkur und vom Saturn \u00fcber die Venus zur Sonne ab. Diese Informationen sind weit jenseits irgendwelcher Zuf\u00e4lligkeiten, was also wollen uns die Kornkreismacher damit \u00fcber das mysteri\u00f6se Enddatum der\u00a0<\/span><\/em><em><span style=\"color: #333366;\">Maya-Kalenderrechnung sagen?\u201c<\/span><\/em><\/p>\n<p><em><span style=\"color: #333366;\">(Goldner &#8211; 7.43)<\/span><\/em><\/p>\n<p>&nbsp;<\/p>\n<p>&nbsp;<\/p>\n<p>&nbsp;<\/p>\n<p>&nbsp;<\/p>\n<p style=\"font: normal normal normal 12px\/normal Helvetica; margin: 0px;\"><span style=\"letter-spacing: 0px;\">Dies ist ein Auszug aus dem Buch\u00a0<a title=\"Buchbestellung DEI VERM\u00c4CHTNIS\" href=\"https:\/\/evol-forum.ch\/buecher-und-ebooks\/\" target=\"_blank\" rel=\"noopener\">DEI VERM\u00c4CHTNIS<\/a>.<\/span><\/p>\n<p>&nbsp;<\/p>\n","protected":false},"excerpt":{"rendered":"<p>Die Galaktische Konjunktion\u00a0 im Dezember 2012 Erstaunlich war auch f\u00fcr mich, der versucht ein sachliches Gesamtbild zu erarbeiten, dass genau Ende 2012 eine besondere Galaktische Konjunktion dazukommt, wie sie nur alle 26\u2018000 Jahre eintrifft, und dass dies genau mit dem Neubeginn der Zyklen-Kalender zusammenf\u00e4llt. Wie konnten diese alten Kulturen diesen gewaltigen Zyklus erfassen und festlegen?\u00a0Denn [&hellip;]<\/p>\n","protected":false},"author":5,"featured_media":0,"parent":0,"menu_order":260,"comment_status":"open","ping_status":"open","template":"","meta":{"_acf_changed":false,"_monsterinsights_skip_tracking":false,"_monsterinsights_sitenote_active":false,"_monsterinsights_sitenote_note":"","_monsterinsights_sitenote_category":0,"footnotes":""},"class_list":["post-14","page","type-page","status-publish","hentry"],"acf":[],"yoast_head":"<!-- This site is optimized with the Yoast SEO plugin v26.4 - https:\/\/yoast.com\/wordpress\/plugins\/seo\/ -->\n<title>Die Galaktische Konjunktion - DEI-VERM\u00c4CHTNIS<\/title>\n<meta name=\"robots\" content=\"index, follow, max-snippet:-1, max-image-preview:large, max-video-preview:-1\" \/>\n<link rel=\"canonical\" href=\"https:\/\/evol-forum.ch\/dei\/die-galaktische-konjunktion\/\" \/>\n<meta name=\"twitter:label1\" content=\"Gesch\u00e4tzte Lesezeit\" \/>\n\t<meta name=\"twitter:data1\" content=\"3\u00a0Minuten\" \/>\n<script type=\"application\/ld+json\" class=\"yoast-schema-graph\">{\"@context\":\"https:\/\/schema.org\",\"@graph\":[{\"@type\":\"WebPage\",\"@id\":\"https:\/\/evol-forum.ch\/dei\/die-galaktische-konjunktion\/\",\"url\":\"https:\/\/evol-forum.ch\/dei\/die-galaktische-konjunktion\/\",\"name\":\"Die Galaktische Konjunktion - DEI-VERM\u00c4CHTNIS\",\"isPartOf\":{\"@id\":\"https:\/\/evol-forum.ch\/dei\/#website\"},\"datePublished\":\"2013-11-19T14:29:34+00:00\",\"dateModified\":\"2018-10-24T13:35:09+00:00\",\"inLanguage\":\"de\",\"potentialAction\":[{\"@type\":\"ReadAction\",\"target\":[\"https:\/\/evol-forum.ch\/dei\/die-galaktische-konjunktion\/\"]}]},{\"@type\":\"WebSite\",\"@id\":\"https:\/\/evol-forum.ch\/dei\/#website\",\"url\":\"https:\/\/evol-forum.ch\/dei\/\",\"name\":\"DEI-VERM\u00c4CHTNIS\",\"description\":\"\",\"potentialAction\":[{\"@type\":\"SearchAction\",\"target\":{\"@type\":\"EntryPoint\",\"urlTemplate\":\"https:\/\/evol-forum.ch\/dei\/?s={search_term_string}\"},\"query-input\":{\"@type\":\"PropertyValueSpecification\",\"valueRequired\":true,\"valueName\":\"search_term_string\"}}],\"inLanguage\":\"de\"}]}<\/script>\n<!-- \/ Yoast SEO plugin. -->","yoast_head_json":{"title":"Die Galaktische Konjunktion - DEI-VERM\u00c4CHTNIS","robots":{"index":"index","follow":"follow","max-snippet":"max-snippet:-1","max-image-preview":"max-image-preview:large","max-video-preview":"max-video-preview:-1"},"canonical":"https:\/\/evol-forum.ch\/dei\/die-galaktische-konjunktion\/","twitter_misc":{"Gesch\u00e4tzte Lesezeit":"3\u00a0Minuten"},"schema":{"@context":"https:\/\/schema.org","@graph":[{"@type":"WebPage","@id":"https:\/\/evol-forum.ch\/dei\/die-galaktische-konjunktion\/","url":"https:\/\/evol-forum.ch\/dei\/die-galaktische-konjunktion\/","name":"Die Galaktische Konjunktion - DEI-VERM\u00c4CHTNIS","isPartOf":{"@id":"https:\/\/evol-forum.ch\/dei\/#website"},"datePublished":"2013-11-19T14:29:34+00:00","dateModified":"2018-10-24T13:35:09+00:00","inLanguage":"de","potentialAction":[{"@type":"ReadAction","target":["https:\/\/evol-forum.ch\/dei\/die-galaktische-konjunktion\/"]}]},{"@type":"WebSite","@id":"https:\/\/evol-forum.ch\/dei\/#website","url":"https:\/\/evol-forum.ch\/dei\/","name":"DEI-VERM\u00c4CHTNIS","description":"","potentialAction":[{"@type":"SearchAction","target":{"@type":"EntryPoint","urlTemplate":"https:\/\/evol-forum.ch\/dei\/?s={search_term_string}"},"query-input":{"@type":"PropertyValueSpecification","valueRequired":true,"valueName":"search_term_string"}}],"inLanguage":"de"}]}},"_links":{"self":[{"href":"https:\/\/evol-forum.ch\/dei\/wp-json\/wp\/v2\/pages\/14","targetHints":{"allow":["GET"]}}],"collection":[{"href":"https:\/\/evol-forum.ch\/dei\/wp-json\/wp\/v2\/pages"}],"about":[{"href":"https:\/\/evol-forum.ch\/dei\/wp-json\/wp\/v2\/types\/page"}],"author":[{"embeddable":true,"href":"https:\/\/evol-forum.ch\/dei\/wp-json\/wp\/v2\/users\/5"}],"replies":[{"embeddable":true,"href":"https:\/\/evol-forum.ch\/dei\/wp-json\/wp\/v2\/comments?post=14"}],"version-history":[{"count":3,"href":"https:\/\/evol-forum.ch\/dei\/wp-json\/wp\/v2\/pages\/14\/revisions"}],"predecessor-version":[{"id":616,"href":"https:\/\/evol-forum.ch\/dei\/wp-json\/wp\/v2\/pages\/14\/revisions\/616"}],"wp:attachment":[{"href":"https:\/\/evol-forum.ch\/dei\/wp-json\/wp\/v2\/media?parent=14"}],"curies":[{"name":"wp","href":"https:\/\/api.w.org\/{rel}","templated":true}]}}