{"id":15,"date":"2013-11-19T16:29:34","date_gmt":"2013-11-19T14:29:34","guid":{"rendered":"https:\/\/evol-forum.ch\/dei\/der-photonenring\/"},"modified":"2018-07-19T15:35:20","modified_gmt":"2018-07-19T13:35:20","slug":"der-photonenring","status":"publish","type":"page","link":"https:\/\/evol-forum.ch\/dei\/der-photonenring\/","title":{"rendered":"Der Photonenring"},"content":{"rendered":"<h1>Der Photonenring (Manasische Vibration)<\/h1>\n<p>Der Photonenring ist ein Ph\u00e4nomen, das sich ebenfalls nur alle 26.000 Jahre wiederholt und sich damit wiederum in die Zyklen-Kalender einf\u00fcgt.\u00a0Je nach Quelle sind wir zwischen den 60er und 90er Jahren in diesen Photonenring eingetreten und w\u00fcrden um das Jahr 2012 dessen Zentrum durchqueren.\u00a0Die Photonenring-Autoren wiederum sind sich mehr oder weniger einig dar\u00fcber, dass unsere Erde im Jahr 2004 eingetreten sei und sich bis Ende 2012 dann unser ganzes Sonnensystem in ihm befinde.<\/p>\n<p>&nbsp;<\/p>\n<p>Meiner Meinung nach l\u00e4uft auch dieser \u00dcbergang sanft wie eine Morgend\u00e4mmerung und wird mit seiner Lichtfrequenz immer intensiver auf unser Sonnensystem und alles Leben darin einwirken. Denn Photonen sind ja wissenschaftlich definiert nichts anderes als Lichtteilchen, die sich mit Lichtgeschwindigkeit in einem elektromagnetischen Feld bewegen&#8230;<\/p>\n<p>&nbsp;<\/p>\n<p><em><span style=\"color: #333366;\">Albert Einstein stellte 1905 in seiner Publikation zum photoelektrischen Effekt die Lichtquantenhypothese auf, nach der die Energie des Lichts in zur Frequenz proportionalen Einheiten gequantelt ist. F\u00fcr diese Arbeit wurde er 1921 mit dem Nobelpreis ausgezeichnet. (&#8230;)\u00a0Der Begriff Photon wurde 1926 durch den Chemiker Gilbert Newton Lewis in einem Aufsatz in Nature f\u00fcr die elementare Anregung des quantisierten elektromagnetischen Feldes eingef\u00fchrt. Er verwandte den Begriff im Rahmen eines von ihm vorgeschlagenen (und allgemein nicht anerkannten) Modells der Wechselwirkung von Atomen mit Licht.\u201c (Wikipedia &#8211; 7.63)<\/span><\/em><\/p>\n<p><em><span style=\"color: #333366;\">\u00a0<\/span><\/em><\/p>\n<p><em><span style=\"color: #333366;\"><a class=\"lightbox\" title=\"Unser Sonnensystem in der Spiral-Galaxie\" href=\"https:\/\/evol-forum.ch\/dei\/wp-content\/uploads\/sites\/2\/2013\/11\/7_30_our_solar_system_l.jpg\"><img loading=\"lazy\" decoding=\"async\" title=\"Photonenring in unserer Spiral-Galaxie\" src=\"https:\/\/evol-forum.ch\/dei\/wp-content\/uploads\/sites\/2\/2013\/11\/IMG_9800_Galxie.jpg\" alt=\"Unser Sonnensystem in der Spiral-Galaxie\" width=\"445\" height=\"290\" \/><\/a><\/span><\/em><\/p>\n<p>&nbsp;<\/p>\n<p>&nbsp;<\/p>\n<p>&nbsp;<\/p>\n<p>&nbsp;<\/p>\n<p style=\"font: normal normal normal 12px\/normal Helvetica; margin: 0px;\"><span style=\"letter-spacing: 0px;\">Dies ist ein Auszug aus dem Buch\u00a0<a title=\"Buchbestellung DEI VERM\u00c4CHTNIS\" href=\"https:\/\/evol-forum.ch\/buecher-und-ebooks\/\" target=\"_blank\" rel=\"noopener\">DEI VERM\u00c4CHTNIS<\/a>.<\/span><\/p>\n<p>&nbsp;<\/p>\n","protected":false},"excerpt":{"rendered":"<p>Der Photonenring (Manasische Vibration) Der Photonenring ist ein Ph\u00e4nomen, das sich ebenfalls nur alle 26.000 Jahre wiederholt und sich damit wiederum in die Zyklen-Kalender einf\u00fcgt.\u00a0Je nach Quelle sind wir zwischen den 60er und 90er Jahren in diesen Photonenring eingetreten und w\u00fcrden um das Jahr 2012 dessen Zentrum durchqueren.\u00a0Die Photonenring-Autoren wiederum sind sich mehr oder weniger [&hellip;]<\/p>\n","protected":false},"author":5,"featured_media":0,"parent":0,"menu_order":270,"comment_status":"open","ping_status":"open","template":"","meta":{"_acf_changed":false,"_monsterinsights_skip_tracking":false,"_monsterinsights_sitenote_active":false,"_monsterinsights_sitenote_note":"","_monsterinsights_sitenote_category":0,"footnotes":""},"class_list":["post-15","page","type-page","status-publish","hentry"],"acf":[],"yoast_head":"<!-- This site is optimized with the Yoast SEO plugin v26.4 - https:\/\/yoast.com\/wordpress\/plugins\/seo\/ -->\n<title>Der Photonenring - DEI-VERM\u00c4CHTNIS<\/title>\n<meta name=\"robots\" content=\"index, follow, max-snippet:-1, max-image-preview:large, max-video-preview:-1\" \/>\n<link rel=\"canonical\" href=\"https:\/\/evol-forum.ch\/dei\/der-photonenring\/\" \/>\n<meta name=\"twitter:label1\" content=\"Gesch\u00e4tzte Lesezeit\" \/>\n\t<meta name=\"twitter:data1\" content=\"1\u00a0Minute\" \/>\n<script type=\"application\/ld+json\" class=\"yoast-schema-graph\">{\"@context\":\"https:\/\/schema.org\",\"@graph\":[{\"@type\":\"WebPage\",\"@id\":\"https:\/\/evol-forum.ch\/dei\/der-photonenring\/\",\"url\":\"https:\/\/evol-forum.ch\/dei\/der-photonenring\/\",\"name\":\"Der Photonenring - DEI-VERM\u00c4CHTNIS\",\"isPartOf\":{\"@id\":\"https:\/\/evol-forum.ch\/dei\/#website\"},\"primaryImageOfPage\":{\"@id\":\"https:\/\/evol-forum.ch\/dei\/der-photonenring\/#primaryimage\"},\"image\":{\"@id\":\"https:\/\/evol-forum.ch\/dei\/der-photonenring\/#primaryimage\"},\"thumbnailUrl\":\"https:\/\/evol-forum.ch\/dei\/wp-content\/uploads\/sites\/2\/2013\/11\/IMG_9800_Galxie.jpg\",\"datePublished\":\"2013-11-19T14:29:34+00:00\",\"dateModified\":\"2018-07-19T13:35:20+00:00\",\"inLanguage\":\"de\",\"potentialAction\":[{\"@type\":\"ReadAction\",\"target\":[\"https:\/\/evol-forum.ch\/dei\/der-photonenring\/\"]}]},{\"@type\":\"ImageObject\",\"inLanguage\":\"de\",\"@id\":\"https:\/\/evol-forum.ch\/dei\/der-photonenring\/#primaryimage\",\"url\":\"https:\/\/evol-forum.ch\/dei\/wp-content\/uploads\/sites\/2\/2013\/11\/IMG_9800_Galxie.jpg\",\"contentUrl\":\"https:\/\/evol-forum.ch\/dei\/wp-content\/uploads\/sites\/2\/2013\/11\/IMG_9800_Galxie.jpg\",\"width\":445,\"height\":290},{\"@type\":\"WebSite\",\"@id\":\"https:\/\/evol-forum.ch\/dei\/#website\",\"url\":\"https:\/\/evol-forum.ch\/dei\/\",\"name\":\"DEI-VERM\u00c4CHTNIS\",\"description\":\"\",\"potentialAction\":[{\"@type\":\"SearchAction\",\"target\":{\"@type\":\"EntryPoint\",\"urlTemplate\":\"https:\/\/evol-forum.ch\/dei\/?s={search_term_string}\"},\"query-input\":{\"@type\":\"PropertyValueSpecification\",\"valueRequired\":true,\"valueName\":\"search_term_string\"}}],\"inLanguage\":\"de\"}]}<\/script>\n<!-- \/ Yoast SEO plugin. -->","yoast_head_json":{"title":"Der Photonenring - DEI-VERM\u00c4CHTNIS","robots":{"index":"index","follow":"follow","max-snippet":"max-snippet:-1","max-image-preview":"max-image-preview:large","max-video-preview":"max-video-preview:-1"},"canonical":"https:\/\/evol-forum.ch\/dei\/der-photonenring\/","twitter_misc":{"Gesch\u00e4tzte Lesezeit":"1\u00a0Minute"},"schema":{"@context":"https:\/\/schema.org","@graph":[{"@type":"WebPage","@id":"https:\/\/evol-forum.ch\/dei\/der-photonenring\/","url":"https:\/\/evol-forum.ch\/dei\/der-photonenring\/","name":"Der Photonenring - DEI-VERM\u00c4CHTNIS","isPartOf":{"@id":"https:\/\/evol-forum.ch\/dei\/#website"},"primaryImageOfPage":{"@id":"https:\/\/evol-forum.ch\/dei\/der-photonenring\/#primaryimage"},"image":{"@id":"https:\/\/evol-forum.ch\/dei\/der-photonenring\/#primaryimage"},"thumbnailUrl":"https:\/\/evol-forum.ch\/dei\/wp-content\/uploads\/sites\/2\/2013\/11\/IMG_9800_Galxie.jpg","datePublished":"2013-11-19T14:29:34+00:00","dateModified":"2018-07-19T13:35:20+00:00","inLanguage":"de","potentialAction":[{"@type":"ReadAction","target":["https:\/\/evol-forum.ch\/dei\/der-photonenring\/"]}]},{"@type":"ImageObject","inLanguage":"de","@id":"https:\/\/evol-forum.ch\/dei\/der-photonenring\/#primaryimage","url":"https:\/\/evol-forum.ch\/dei\/wp-content\/uploads\/sites\/2\/2013\/11\/IMG_9800_Galxie.jpg","contentUrl":"https:\/\/evol-forum.ch\/dei\/wp-content\/uploads\/sites\/2\/2013\/11\/IMG_9800_Galxie.jpg","width":445,"height":290},{"@type":"WebSite","@id":"https:\/\/evol-forum.ch\/dei\/#website","url":"https:\/\/evol-forum.ch\/dei\/","name":"DEI-VERM\u00c4CHTNIS","description":"","potentialAction":[{"@type":"SearchAction","target":{"@type":"EntryPoint","urlTemplate":"https:\/\/evol-forum.ch\/dei\/?s={search_term_string}"},"query-input":{"@type":"PropertyValueSpecification","valueRequired":true,"valueName":"search_term_string"}}],"inLanguage":"de"}]}},"_links":{"self":[{"href":"https:\/\/evol-forum.ch\/dei\/wp-json\/wp\/v2\/pages\/15","targetHints":{"allow":["GET"]}}],"collection":[{"href":"https:\/\/evol-forum.ch\/dei\/wp-json\/wp\/v2\/pages"}],"about":[{"href":"https:\/\/evol-forum.ch\/dei\/wp-json\/wp\/v2\/types\/page"}],"author":[{"embeddable":true,"href":"https:\/\/evol-forum.ch\/dei\/wp-json\/wp\/v2\/users\/5"}],"replies":[{"embeddable":true,"href":"https:\/\/evol-forum.ch\/dei\/wp-json\/wp\/v2\/comments?post=15"}],"version-history":[{"count":6,"href":"https:\/\/evol-forum.ch\/dei\/wp-json\/wp\/v2\/pages\/15\/revisions"}],"predecessor-version":[{"id":617,"href":"https:\/\/evol-forum.ch\/dei\/wp-json\/wp\/v2\/pages\/15\/revisions\/617"}],"wp:attachment":[{"href":"https:\/\/evol-forum.ch\/dei\/wp-json\/wp\/v2\/media?parent=15"}],"curies":[{"name":"wp","href":"https:\/\/api.w.org\/{rel}","templated":true}]}}