{"id":17,"date":"2013-11-19T16:29:34","date_gmt":"2013-11-19T14:29:34","guid":{"rendered":"https:\/\/evol-forum.ch\/dei\/bewusstseinswandel\/"},"modified":"2018-07-19T15:36:45","modified_gmt":"2018-07-19T13:36:45","slug":"bewusstseinswandel","status":"publish","type":"page","link":"https:\/\/evol-forum.ch\/dei\/bewusstseinswandel\/","title":{"rendered":"Bewusstseinswandel"},"content":{"rendered":"<h1>Bewusstseinswandel<\/h1>\n<h2>DEI-Str\u00f6me in allen 12 Dimensionen<\/h2>\n<p>Die Energien, Schwingungen und Frequenzen erh\u00f6hen und verdichten sich ab den Siebzigerjahren des auslaufenden 20. Jahrhunderts. Es scheint, die Zeit laufe schneller und alle Lebensbereiche werden dichter. F\u00fcr diesen neuen Abschnitt des Aufstiegs in ein \u201egoldenes Zeitalter\u201c werden stufenweise auch die DEI-Str\u00f6me des Lichtes, der Liebe, des Glaubens und vor allem der Erl\u00f6sungskr\u00e4fte erh\u00f6ht, welche die Erde und alles darauf Lebende\u00a0durchwirken. Dies geschieht in sanften Schritten, damit es auch innerlich und im individuellen Magnetfeld verkraftbar ist f\u00fcr die Sonne und die Erde, die Wesen der Gottes-Rassen, sowie die Tiere, Pflanzen und die Mineralien. Und so schafft der stufenweise Erl\u00f6sungs-Plan die Voraussetzungen f\u00fcr den gro\u00dfen Versuch des kollektiven Aufstiegs, indem diese DEI-Str\u00f6me in allen 12 materiellen Dimensionen gleichzeitig erh\u00f6ht werden. Dies geschieht ebenso in und aus den geistigen Welten, damit der notwendige Ausgleich der Energien gegeben ist, w\u00e4hrend der dimensionalen Erh\u00f6hungen und dem Aufstieg der Planeten, zusammen mit dem ganzen Weltenall der materiellen Sch\u00f6pfung.<\/p>\n<p>&nbsp;<\/p>\n<h2>Bewusstseinswandel<\/h2>\n<p>Diese DEI-Str\u00f6me verst\u00e4rken und beschleunigen den Bewusstseinswandel der Menschen von der technisch-materiellen und rein wissenschaftlichen Ausrichtung und Lebensweise hin zu einer nat\u00fcrlichgeistigen Lebensweise, auf die Gottheit und den Aufstieg ausgerichtet, zum Wohle aller Wesen der Sch\u00f6pfung. Dieser Wandel erstreckte sich \u00fcber die letzten 200 Jahre, in der sich die Menschheit von einer fast ausschlie\u00dflichen Landwirtschaftsgesellschaft zu einer Industrialisierungs- und Technologiegesellschaft entwickelte. Daraus entstand in den letzten 50 Jahren dann eine Dienstleistungsgesellschaft, die sich nun \u00fcber eine Wissens- und Informationsgesellschaft zu einer Kommunikations- und Vernetzungsgesellschaft entwickelt. Daf\u00fcr sind gewisse zyklische Ver\u00e4nderungen und Erscheinungen notwendig, die uns dies aufzeigen und uns zu h\u00f6herem Bewusstsein \u00fcber uns selbst, die Sch\u00f6pfung und die Gottheit f\u00fchren werden.<\/p>\n<p>&nbsp;<\/p>\n<p>&nbsp;<\/p>\n<p>&nbsp;<\/p>\n<p style=\"font: normal normal normal 12px\/normal Helvetica; margin: 0px;\"><span style=\"letter-spacing: 0px;\">Dies ist ein Auszug aus dem Buch\u00a0<a title=\"Buchbestellung DEI VERM\u00c4CHTNIS\" href=\"https:\/\/evol-forum.ch\/buecher-und-ebooks\/\" target=\"_blank\" rel=\"noopener\">DEI VERM\u00c4CHTNIS<\/a>.<\/span><\/p>\n<p>&nbsp;<\/p>\n","protected":false},"excerpt":{"rendered":"<p>Bewusstseinswandel DEI-Str\u00f6me in allen 12 Dimensionen Die Energien, Schwingungen und Frequenzen erh\u00f6hen und verdichten sich ab den Siebzigerjahren des auslaufenden 20. Jahrhunderts. Es scheint, die Zeit laufe schneller und alle Lebensbereiche werden dichter. F\u00fcr diesen neuen Abschnitt des Aufstiegs in ein \u201egoldenes Zeitalter\u201c werden stufenweise auch die DEI-Str\u00f6me des Lichtes, der Liebe, des Glaubens und [&hellip;]<\/p>\n","protected":false},"author":5,"featured_media":0,"parent":0,"menu_order":290,"comment_status":"open","ping_status":"open","template":"","meta":{"_acf_changed":false,"_monsterinsights_skip_tracking":false,"_monsterinsights_sitenote_active":false,"_monsterinsights_sitenote_note":"","_monsterinsights_sitenote_category":0,"footnotes":""},"class_list":["post-17","page","type-page","status-publish","hentry"],"acf":[],"yoast_head":"<!-- This site is optimized with the Yoast SEO plugin v26.4 - https:\/\/yoast.com\/wordpress\/plugins\/seo\/ -->\n<title>Bewusstseinswandel - DEI-VERM\u00c4CHTNIS<\/title>\n<meta name=\"robots\" content=\"index, follow, max-snippet:-1, max-image-preview:large, max-video-preview:-1\" \/>\n<link rel=\"canonical\" href=\"https:\/\/evol-forum.ch\/dei\/bewusstseinswandel\/\" \/>\n<meta name=\"twitter:label1\" content=\"Gesch\u00e4tzte Lesezeit\" \/>\n\t<meta name=\"twitter:data1\" content=\"2\u00a0Minuten\" \/>\n<script type=\"application\/ld+json\" class=\"yoast-schema-graph\">{\"@context\":\"https:\/\/schema.org\",\"@graph\":[{\"@type\":\"WebPage\",\"@id\":\"https:\/\/evol-forum.ch\/dei\/bewusstseinswandel\/\",\"url\":\"https:\/\/evol-forum.ch\/dei\/bewusstseinswandel\/\",\"name\":\"Bewusstseinswandel - DEI-VERM\u00c4CHTNIS\",\"isPartOf\":{\"@id\":\"https:\/\/evol-forum.ch\/dei\/#website\"},\"datePublished\":\"2013-11-19T14:29:34+00:00\",\"dateModified\":\"2018-07-19T13:36:45+00:00\",\"inLanguage\":\"de\",\"potentialAction\":[{\"@type\":\"ReadAction\",\"target\":[\"https:\/\/evol-forum.ch\/dei\/bewusstseinswandel\/\"]}]},{\"@type\":\"WebSite\",\"@id\":\"https:\/\/evol-forum.ch\/dei\/#website\",\"url\":\"https:\/\/evol-forum.ch\/dei\/\",\"name\":\"DEI-VERM\u00c4CHTNIS\",\"description\":\"\",\"potentialAction\":[{\"@type\":\"SearchAction\",\"target\":{\"@type\":\"EntryPoint\",\"urlTemplate\":\"https:\/\/evol-forum.ch\/dei\/?s={search_term_string}\"},\"query-input\":{\"@type\":\"PropertyValueSpecification\",\"valueRequired\":true,\"valueName\":\"search_term_string\"}}],\"inLanguage\":\"de\"}]}<\/script>\n<!-- \/ Yoast SEO plugin. -->","yoast_head_json":{"title":"Bewusstseinswandel - DEI-VERM\u00c4CHTNIS","robots":{"index":"index","follow":"follow","max-snippet":"max-snippet:-1","max-image-preview":"max-image-preview:large","max-video-preview":"max-video-preview:-1"},"canonical":"https:\/\/evol-forum.ch\/dei\/bewusstseinswandel\/","twitter_misc":{"Gesch\u00e4tzte Lesezeit":"2\u00a0Minuten"},"schema":{"@context":"https:\/\/schema.org","@graph":[{"@type":"WebPage","@id":"https:\/\/evol-forum.ch\/dei\/bewusstseinswandel\/","url":"https:\/\/evol-forum.ch\/dei\/bewusstseinswandel\/","name":"Bewusstseinswandel - DEI-VERM\u00c4CHTNIS","isPartOf":{"@id":"https:\/\/evol-forum.ch\/dei\/#website"},"datePublished":"2013-11-19T14:29:34+00:00","dateModified":"2018-07-19T13:36:45+00:00","inLanguage":"de","potentialAction":[{"@type":"ReadAction","target":["https:\/\/evol-forum.ch\/dei\/bewusstseinswandel\/"]}]},{"@type":"WebSite","@id":"https:\/\/evol-forum.ch\/dei\/#website","url":"https:\/\/evol-forum.ch\/dei\/","name":"DEI-VERM\u00c4CHTNIS","description":"","potentialAction":[{"@type":"SearchAction","target":{"@type":"EntryPoint","urlTemplate":"https:\/\/evol-forum.ch\/dei\/?s={search_term_string}"},"query-input":{"@type":"PropertyValueSpecification","valueRequired":true,"valueName":"search_term_string"}}],"inLanguage":"de"}]}},"_links":{"self":[{"href":"https:\/\/evol-forum.ch\/dei\/wp-json\/wp\/v2\/pages\/17","targetHints":{"allow":["GET"]}}],"collection":[{"href":"https:\/\/evol-forum.ch\/dei\/wp-json\/wp\/v2\/pages"}],"about":[{"href":"https:\/\/evol-forum.ch\/dei\/wp-json\/wp\/v2\/types\/page"}],"author":[{"embeddable":true,"href":"https:\/\/evol-forum.ch\/dei\/wp-json\/wp\/v2\/users\/5"}],"replies":[{"embeddable":true,"href":"https:\/\/evol-forum.ch\/dei\/wp-json\/wp\/v2\/comments?post=17"}],"version-history":[{"count":3,"href":"https:\/\/evol-forum.ch\/dei\/wp-json\/wp\/v2\/pages\/17\/revisions"}],"predecessor-version":[{"id":619,"href":"https:\/\/evol-forum.ch\/dei\/wp-json\/wp\/v2\/pages\/17\/revisions\/619"}],"wp:attachment":[{"href":"https:\/\/evol-forum.ch\/dei\/wp-json\/wp\/v2\/media?parent=17"}],"curies":[{"name":"wp","href":"https:\/\/api.w.org\/{rel}","templated":true}]}}