{"id":2,"date":"2013-11-19T16:29:32","date_gmt":"2013-11-19T14:29:32","guid":{"rendered":"https:\/\/evol-forum.ch\/dei\/das-buch\/"},"modified":"2018-10-24T16:52:34","modified_gmt":"2018-10-24T14:52:34","slug":"das-buch","status":"publish","type":"page","link":"https:\/\/evol-forum.ch\/dei\/das-buch\/","title":{"rendered":"Das Buch"},"content":{"rendered":"<h1>Herzlich willkommen zum DEI VERM\u00c4CHTNIS<\/h1>\n<p><span style=\"font-size: small;\">Diese Homepage soll mithelfen, das ganzheitliche Wissen \u00fcber die g\u00f6ttliche Sch\u00f6pfung, unser MenschSein, die heutigen Zusammenh\u00e4nge und die Wendezeit ab der Jahrtausendwende ins 21. Jahrhundert zu verbreiten, um damit Klarheit, Hoffnung und Mut zu verbreiten.<\/span><\/p>\n<p><span style=\"font-size: small;\">\u00a0<\/span><\/p>\n<p><span style=\"font-size: small;\">Das g\u00f6ttliche Verm\u00e4chtnis ruht in uns allen, so wir es erkennen und nutzen, denn es stellt uns ein enormes Potential mit fast unbegrenzten M\u00f6glichkeiten zur Verf\u00fcgung. Doch daf\u00fcr m\u00fcssen wir unsere g\u00f6ttliche Matrix kennen und unsere urspr\u00fcngliche Geschichte seit der Sch\u00f6pfung durch die liebevolle Gottheit.\u00a0<\/span><\/p>\n<p>&nbsp;<\/p>\n<p><span style=\"font-size: small;\">Denn nur so verstehen wir, was sich in der jetzigen Wendezeit wirklich abspielt\u00a0und erkennen die Zusammenh\u00e4nge sowie die \u201eunsichtbaren\u201c Licht- und Dunkelm\u00e4chte. Dieser Gesamtschau erm\u00f6glicht uns ein neues Bewusstein bis hin zum individuellen und vielleicht gar kollektiven Aufstieg. Und so werden wir \u00fcberleben, entgegen allen angstverbreitenden Weltuntergangsszenarien rund um das Jahr 2012&#8230;<\/span><\/p>\n<p><span style=\"font-size: small;\">\u00a0<\/span><\/p>\n<p><span style=\"font-size: small;\">Diese Webseite gibt Ihnen einen kleinen Einblick in unsere Forschungsarbeiten der letzten 12 Jahre und Ausz\u00fcge aus dem Buch. Sehen Sie sich auch den Video-Trailer an mit den wichtigsten Stichworten aus dem DEI VERM\u00c4CHTNIS (siehe unten).<\/span><\/p>\n<p><span style=\"font-size: small;\">\u00a0<\/span><\/p>\n<p><span style=\"font-size: small;\">Nun w\u00fcnschen wir Ihnen einen spannenden Einblick\u00a0<\/span><span style=\"font-size: small;\">in das DEI VERM\u00c4CHTNIS!<\/span><\/p>\n<p><span style=\"font-size: small;\">Rico Paganini und das EVOL Team<\/span><\/p>\n","protected":false},"excerpt":{"rendered":"<p>Herzlich willkommen zum DEI VERM\u00c4CHTNIS Diese Homepage soll mithelfen, das ganzheitliche Wissen \u00fcber die g\u00f6ttliche Sch\u00f6pfung, unser MenschSein, die heutigen Zusammenh\u00e4nge und die Wendezeit ab der Jahrtausendwende ins 21. Jahrhundert zu verbreiten, um damit Klarheit, Hoffnung und Mut zu verbreiten. \u00a0 Das g\u00f6ttliche Verm\u00e4chtnis ruht in uns allen, so wir es erkennen und nutzen, denn [&hellip;]<\/p>\n","protected":false},"author":5,"featured_media":0,"parent":0,"menu_order":100,"comment_status":"open","ping_status":"open","template":"","meta":{"_acf_changed":false,"_monsterinsights_skip_tracking":false,"_monsterinsights_sitenote_active":false,"_monsterinsights_sitenote_note":"","_monsterinsights_sitenote_category":0,"footnotes":""},"class_list":["post-2","page","type-page","status-publish","hentry"],"acf":[],"yoast_head":"<!-- This site is optimized with the Yoast SEO plugin v26.4 - https:\/\/yoast.com\/wordpress\/plugins\/seo\/ -->\n<title>Das Buch - DEI-VERM\u00c4CHTNIS<\/title>\n<meta name=\"robots\" content=\"index, follow, max-snippet:-1, max-image-preview:large, max-video-preview:-1\" \/>\n<link rel=\"canonical\" href=\"https:\/\/evol-forum.ch\/dei\/das-buch\/\" \/>\n<meta name=\"twitter:label1\" content=\"Gesch\u00e4tzte Lesezeit\" \/>\n\t<meta name=\"twitter:data1\" content=\"1\u00a0Minute\" \/>\n<script type=\"application\/ld+json\" class=\"yoast-schema-graph\">{\"@context\":\"https:\/\/schema.org\",\"@graph\":[{\"@type\":\"WebPage\",\"@id\":\"https:\/\/evol-forum.ch\/dei\/das-buch\/\",\"url\":\"https:\/\/evol-forum.ch\/dei\/das-buch\/\",\"name\":\"Das Buch - DEI-VERM\u00c4CHTNIS\",\"isPartOf\":{\"@id\":\"https:\/\/evol-forum.ch\/dei\/#website\"},\"datePublished\":\"2013-11-19T14:29:32+00:00\",\"dateModified\":\"2018-10-24T14:52:34+00:00\",\"inLanguage\":\"de\",\"potentialAction\":[{\"@type\":\"ReadAction\",\"target\":[\"https:\/\/evol-forum.ch\/dei\/das-buch\/\"]}]},{\"@type\":\"WebSite\",\"@id\":\"https:\/\/evol-forum.ch\/dei\/#website\",\"url\":\"https:\/\/evol-forum.ch\/dei\/\",\"name\":\"DEI-VERM\u00c4CHTNIS\",\"description\":\"\",\"potentialAction\":[{\"@type\":\"SearchAction\",\"target\":{\"@type\":\"EntryPoint\",\"urlTemplate\":\"https:\/\/evol-forum.ch\/dei\/?s={search_term_string}\"},\"query-input\":{\"@type\":\"PropertyValueSpecification\",\"valueRequired\":true,\"valueName\":\"search_term_string\"}}],\"inLanguage\":\"de\"}]}<\/script>\n<!-- \/ Yoast SEO plugin. -->","yoast_head_json":{"title":"Das Buch - DEI-VERM\u00c4CHTNIS","robots":{"index":"index","follow":"follow","max-snippet":"max-snippet:-1","max-image-preview":"max-image-preview:large","max-video-preview":"max-video-preview:-1"},"canonical":"https:\/\/evol-forum.ch\/dei\/das-buch\/","twitter_misc":{"Gesch\u00e4tzte Lesezeit":"1\u00a0Minute"},"schema":{"@context":"https:\/\/schema.org","@graph":[{"@type":"WebPage","@id":"https:\/\/evol-forum.ch\/dei\/das-buch\/","url":"https:\/\/evol-forum.ch\/dei\/das-buch\/","name":"Das Buch - DEI-VERM\u00c4CHTNIS","isPartOf":{"@id":"https:\/\/evol-forum.ch\/dei\/#website"},"datePublished":"2013-11-19T14:29:32+00:00","dateModified":"2018-10-24T14:52:34+00:00","inLanguage":"de","potentialAction":[{"@type":"ReadAction","target":["https:\/\/evol-forum.ch\/dei\/das-buch\/"]}]},{"@type":"WebSite","@id":"https:\/\/evol-forum.ch\/dei\/#website","url":"https:\/\/evol-forum.ch\/dei\/","name":"DEI-VERM\u00c4CHTNIS","description":"","potentialAction":[{"@type":"SearchAction","target":{"@type":"EntryPoint","urlTemplate":"https:\/\/evol-forum.ch\/dei\/?s={search_term_string}"},"query-input":{"@type":"PropertyValueSpecification","valueRequired":true,"valueName":"search_term_string"}}],"inLanguage":"de"}]}},"_links":{"self":[{"href":"https:\/\/evol-forum.ch\/dei\/wp-json\/wp\/v2\/pages\/2","targetHints":{"allow":["GET"]}}],"collection":[{"href":"https:\/\/evol-forum.ch\/dei\/wp-json\/wp\/v2\/pages"}],"about":[{"href":"https:\/\/evol-forum.ch\/dei\/wp-json\/wp\/v2\/types\/page"}],"author":[{"embeddable":true,"href":"https:\/\/evol-forum.ch\/dei\/wp-json\/wp\/v2\/users\/5"}],"replies":[{"embeddable":true,"href":"https:\/\/evol-forum.ch\/dei\/wp-json\/wp\/v2\/comments?post=2"}],"version-history":[{"count":11,"href":"https:\/\/evol-forum.ch\/dei\/wp-json\/wp\/v2\/pages\/2\/revisions"}],"predecessor-version":[{"id":413,"href":"https:\/\/evol-forum.ch\/dei\/wp-json\/wp\/v2\/pages\/2\/revisions\/413"}],"wp:attachment":[{"href":"https:\/\/evol-forum.ch\/dei\/wp-json\/wp\/v2\/media?parent=2"}],"curies":[{"name":"wp","href":"https:\/\/api.w.org\/{rel}","templated":true}]}}