{"id":20,"date":"2013-11-19T16:29:35","date_gmt":"2013-11-19T14:29:35","guid":{"rendered":"https:\/\/evol-forum.ch\/dei\/der-schoepfungs-plan\/"},"modified":"2018-10-29T18:34:32","modified_gmt":"2018-10-29T16:34:32","slug":"der-schoepfungs-plan","status":"publish","type":"page","link":"https:\/\/evol-forum.ch\/dei\/der-schoepfungs-plan\/","title":{"rendered":"Der Sch\u00f6pfungs-Plan"},"content":{"rendered":"<h1 style=\"text-align: center;\">Der Sch\u00f6pfungs-Plan<\/h1>\n<p style=\"text-align: center;\"><span style=\"color: #333366;\"><strong><span style=\"color: #000080;\"><span style=\"color: #333366;\"><span style=\"font-size: small;\">1<\/span><\/span><\/span><\/strong><\/span><\/p>\n<h3 style=\"text-align: center;\"><span style=\"font-size: small;\"><span style=\"color: #333366;\"><strong><span style=\"color: #000080;\"><span style=\"color: #333366;\">\u00a0<\/span><\/span><\/strong><\/span><\/span><span style=\"color: #000080;\"><strong><span style=\"color: #333366;\">Sechs Tage hatte der alte Mann hart gearbeitet, dann sah er, dass es gut war,\u00a0<\/span><\/strong><\/span><strong><span style=\"font-size: small;\">strich sich zufrieden \u00fcber seinen weissen Bart und genoss den siebten Tag.\u00a0<\/span><\/strong><\/h3>\n<p style=\"text-align: center;\"><span style=\"color: #333366;\"><strong><span style=\"font-size: small;\">\u00a0<\/span><\/strong><\/span><\/p>\n<p style=\"text-align: center;\"><span style=\"font-size: small;\"><span style=\"color: #000080;\"><strong><span style=\"color: #333366;\">\u00a0<\/span><\/strong><\/span><span style=\"color: #000080;\"><strong><span style=\"color: #333366;\">2<\/span><\/strong><\/span><\/span><\/p>\n<h3 style=\"text-align: center;\"><span style=\"font-size: small;\"><span style=\"color: #000080;\"><strong><span style=\"color: #333366;\">\u00a0<\/span><\/strong><\/span><span style=\"color: #000080;\"><strong><span style=\"color: #333366;\">So sch\u00f6n das Bild \u00fcber die ersten Tage der Sch\u00f6pfung sein mag,\u00a0<\/span><\/strong><\/span><strong>es stimmt so nicht.<\/strong><\/span><\/h3>\n<p style=\"text-align: center;\"><span style=\"color: #333366;\"><strong><span style=\"font-size: small;\">\u00a0<\/span><\/strong><\/span><\/p>\n<p style=\"text-align: center;\"><span style=\"color: #000080;\"><strong><span style=\"color: #333366;\"><span style=\"font-size: small;\">3<\/span><\/span><\/strong><\/span><\/p>\n<h3 style=\"text-align: center;\"><span style=\"font-size: small;\"><span style=\"color: #000080;\"><strong><span style=\"color: #333366;\">\u00a0<\/span><\/strong><\/span><span style=\"color: #000080;\"><strong><span style=\"color: #333366;\">Die Gottheit, der Ursprung allen Lichts und aller Schwingungen,\u00a0<\/span><\/strong><\/span><strong>hatte keinen Bart, weil er nicht einfach ein Mann war und alt schon gar nicht.<\/strong><\/span><\/h3>\n<p style=\"text-align: center;\"><span style=\"font-size: small;\">\u00a0<\/span><\/p>\n<p style=\"text-align: center;\"><span style=\"color: #000080;\"><strong><span style=\"color: #333366;\"><span style=\"font-size: small;\">4<\/span><\/span><\/strong><\/span><\/p>\n<h3 style=\"text-align: center;\"><span style=\"font-size: small;\"><span style=\"color: #000080;\"><strong><span style=\"color: #333366;\">\u00a0<\/span><\/strong><\/span><span style=\"color: #000080;\"><strong><span style=\"color: #333366;\">Schockiert, lieber Leser,\u00a0gar erleichtert, liebe Leserin?<\/span><\/strong><\/span><\/span><\/h3>\n<p style=\"text-align: center;\"><span style=\"font-size: small;\">\u00a0<\/span><\/p>\n<p style=\"text-align: center;\"><span style=\"color: #000080;\"><strong><span style=\"color: #333366;\"><span style=\"font-size: small;\">5<\/span><\/span><\/strong><\/span><\/p>\n<h3 style=\"text-align: center;\"><span style=\"font-size: small;\"><span style=\"color: #000080;\"><strong><span style=\"color: #333366;\">\u00a0<\/span><\/strong><\/span><span style=\"color: #000080;\"><strong><span style=\"color: #333366;\">Diese Kapitel bricht mit vielen konventionellen Vorstellungen\u00a0<\/span><\/strong><\/span><strong>zu Sch\u00f6pfer und Sch\u00f6pfung.<\/strong><\/span><\/h3>\n<p style=\"text-align: center;\"><span style=\"font-size: small;\">\u00a0<\/span><\/p>\n<p style=\"text-align: center;\"><span style=\"color: #000080;\"><strong><span style=\"color: #333366;\"><span style=\"font-size: small;\">6<\/span><\/span><\/strong><\/span><\/p>\n<h3 style=\"text-align: center;\"><span style=\"font-size: small;\"><span style=\"color: #000080;\"><strong><span style=\"color: #333366;\">\u00a0<\/span><\/strong><\/span><span style=\"color: #000080;\"><strong><span style=\"color: #333366;\">Aber es zertr\u00fcmmert keine uns liebgewordenen Mythen, im Gegenteil.<\/span><\/strong><\/span><\/span><\/h3>\n<p style=\"text-align: center;\"><span style=\"font-size: small;\">\u00a0<\/span><\/p>\n<p style=\"text-align: center;\"><span style=\"color: #000080;\"><strong><span style=\"color: #333366;\"><span style=\"font-size: small;\">7<\/span><\/span><\/strong><\/span><\/p>\n<h3 style=\"text-align: center;\"><span style=\"font-size: small;\"><span style=\"color: #000080;\"><strong><span style=\"color: #333366;\">\u00a0<\/span><\/strong><\/span><span style=\"color: #000080;\"><strong><span style=\"color: #333366;\">Es enth\u00fcllt die Mythen in ihrer viel gr\u00f6sseren strahlenden Klarheit\u00a0<\/span><\/strong><\/span><strong><span style=\"color: #333366;\">und &#8230;\u00a0<\/span><\/strong><strong>ihrer ganzheitlichen Kraft!<\/strong><\/span><\/h3>\n<p><span style=\"color: #000080;\"><strong><span style=\"color: #000080;\"><span style=\"color: #333366;\">\u00a0<\/span><\/span><\/strong><\/span><\/p>\n<h1><strong>Die Gottheit schuf den Sch\u00f6pfungs-Plan<\/strong><\/h1>\n<p><span style=\"font-size: small;\">Beginnen wir wirklich ganz am Anfang, denn hier entstehen oft schon die ersten Missverst\u00e4ndnisse. Die Gottheit war immer und wird immer sein, ob wir uns dessen bewusst sind oder nicht und ob wir es erfassen k\u00f6nnen oder nicht. Aus ihrer Ewigkeit und Liebe heraus bildete sie das Alpha und das Omega, den Anfang und das Ende. Dies ist der g\u00f6ttliche Funke in allem was lebt, die g\u00f6ttliche Quelle, der Ursprung allen Seins und der Raum f\u00fcr alles was ist und sein wird. Die Gottheit ist alles in Einem und eines in Allem.<\/span><\/p>\n<p><span style=\"font-size: small;\">Mit dem menschlichen Verstand l\u00e4sst sich die Frage nach Gottes Ursprung wohl nie erfassen und beantworten.<\/span><\/p>\n<p><span style=\"font-size: small;\">Damit es nun nicht gleich wieder zum Grunddiskurs \u00fcber die Frage kommt, ob es \u00fcberhaupt einen Gott gibt, was Gott ist oder wie er entstanden sei, gehen wir zun\u00e4chst einmal weiterhin von obiger \u201eSichtweise\u201c aus. Danach ist Gottvater nicht der strenge, blutr\u00fcnstige Gott des Alten Testamentes, der die Gl\u00e4ubigen \u00e4ngstigt und z\u00fcchtigt, sondern der liebevolle Vater, wie ihn Jesus offenbart. Er ist die urspr\u00fcngliche Quelle allen Lebens und auch die immerfort erhaltende Quelle aller Lebewesen.<\/span><\/p>\n<p><span style=\"font-size: small;\">Einigen wir also f\u00fcr unser Gesamtbild auf die &#8211; allen monotheistischen Weltreligionen gemeinsame &#8211; Erkenntnis, dass es eine Sch\u00f6pfer-Gottheit gab, gibt und ewig geben wird.<\/span><\/p>\n<p>&nbsp;<\/p>\n<h2><strong>Die Dei-Aspekte<\/strong><\/h2>\n<p><span style=\"font-size: small;\">Der m\u00e4nnliche (Alpha, Ursprung) und der weibliche (Omega, Quelle) Aspekt der Gottheit stehen sozusagen f\u00fcr Gott-Vater und Gott-Mutter. Sie sind das Licht und die Liebe und somit die Quelle allen g\u00f6ttlichen Lebens, Seins und Wirkens.<\/span><\/p>\n<p><span style=\"font-size: small;\">Wir wissen, dass dies zun\u00e4chst etwas schwer verst\u00e4ndlich und gleichzeitig auch sehr einfach ausgedr\u00fcckt ist. Und doch gibt es ein realistischeres Bild der Gottheit als das, welches wir bisher von einem rein m\u00e4nnlichen Gott hatten. Und ein sch\u00f6neres dazu, denn auch der weibliche Aspekt ist immer ebenb\u00fcrtig vertreten \u2013 schlie\u00dflich w\u00e4re eine Sch\u00f6pfung ohne diesen \u00fcberhaupt nicht m\u00f6glich. Deshalb m\u00f6chten wir hier versuchen, die Aspekte der DEI (Gottheit) etwas n\u00e4her zu beschreiben, um diese besser erfassen zu k\u00f6nnen in ihrem Sein und Wirken f\u00fcr uns und alles, was ist &#8230;<\/span><\/p>\n<p>&nbsp;<\/p>\n<p>&nbsp;<\/p>\n<p>&nbsp;<\/p>\n<p style=\"margin: 0.0px 0.0px 0.0px 0.0px; font: 12.0px Helvetica;\"><span style=\"letter-spacing: 0.0px;\">Dies ist ein Auszug aus dem Buch <a title=\"Buchbestellung DEI VERM\u00c4CHTNIS\" href=\"https:\/\/evol-forum.ch\/buecher-und-ebooks\/\" target=\"_blank\" rel=\"noopener\">DEI VERM\u00c4CHTNIS<\/a>.<\/span><\/p>\n<p>&nbsp;<\/p>\n","protected":false},"excerpt":{"rendered":"<p>Der Sch\u00f6pfungs-Plan 1 \u00a0Sechs Tage hatte der alte Mann hart gearbeitet, dann sah er, dass es gut war,\u00a0strich sich zufrieden \u00fcber seinen weissen Bart und genoss den siebten Tag.\u00a0 \u00a0 \u00a02 \u00a0So sch\u00f6n das Bild \u00fcber die ersten Tage der Sch\u00f6pfung sein mag,\u00a0es stimmt so nicht. \u00a0 3 \u00a0Die Gottheit, der Ursprung allen Lichts und [&hellip;]<\/p>\n","protected":false},"author":5,"featured_media":0,"parent":0,"menu_order":300,"comment_status":"open","ping_status":"open","template":"","meta":{"_acf_changed":false,"_monsterinsights_skip_tracking":false,"_monsterinsights_sitenote_active":false,"_monsterinsights_sitenote_note":"","_monsterinsights_sitenote_category":0,"footnotes":""},"class_list":["post-20","page","type-page","status-publish","hentry"],"acf":[],"yoast_head":"<!-- This site is optimized with the Yoast SEO plugin v26.4 - https:\/\/yoast.com\/wordpress\/plugins\/seo\/ -->\n<title>Der Sch\u00f6pfungs-Plan - DEI-VERM\u00c4CHTNIS<\/title>\n<meta name=\"robots\" content=\"index, follow, max-snippet:-1, max-image-preview:large, max-video-preview:-1\" \/>\n<link rel=\"canonical\" href=\"https:\/\/evol-forum.ch\/dei\/der-schoepfungs-plan\/\" \/>\n<meta name=\"twitter:label1\" content=\"Gesch\u00e4tzte Lesezeit\" \/>\n\t<meta name=\"twitter:data1\" content=\"3\u00a0Minuten\" \/>\n<script type=\"application\/ld+json\" class=\"yoast-schema-graph\">{\"@context\":\"https:\/\/schema.org\",\"@graph\":[{\"@type\":\"WebPage\",\"@id\":\"https:\/\/evol-forum.ch\/dei\/der-schoepfungs-plan\/\",\"url\":\"https:\/\/evol-forum.ch\/dei\/der-schoepfungs-plan\/\",\"name\":\"Der Sch\u00f6pfungs-Plan - DEI-VERM\u00c4CHTNIS\",\"isPartOf\":{\"@id\":\"https:\/\/evol-forum.ch\/dei\/#website\"},\"datePublished\":\"2013-11-19T14:29:35+00:00\",\"dateModified\":\"2018-10-29T16:34:32+00:00\",\"inLanguage\":\"de\",\"potentialAction\":[{\"@type\":\"ReadAction\",\"target\":[\"https:\/\/evol-forum.ch\/dei\/der-schoepfungs-plan\/\"]}]},{\"@type\":\"WebSite\",\"@id\":\"https:\/\/evol-forum.ch\/dei\/#website\",\"url\":\"https:\/\/evol-forum.ch\/dei\/\",\"name\":\"DEI-VERM\u00c4CHTNIS\",\"description\":\"\",\"potentialAction\":[{\"@type\":\"SearchAction\",\"target\":{\"@type\":\"EntryPoint\",\"urlTemplate\":\"https:\/\/evol-forum.ch\/dei\/?s={search_term_string}\"},\"query-input\":{\"@type\":\"PropertyValueSpecification\",\"valueRequired\":true,\"valueName\":\"search_term_string\"}}],\"inLanguage\":\"de\"}]}<\/script>\n<!-- \/ Yoast SEO plugin. -->","yoast_head_json":{"title":"Der Sch\u00f6pfungs-Plan - DEI-VERM\u00c4CHTNIS","robots":{"index":"index","follow":"follow","max-snippet":"max-snippet:-1","max-image-preview":"max-image-preview:large","max-video-preview":"max-video-preview:-1"},"canonical":"https:\/\/evol-forum.ch\/dei\/der-schoepfungs-plan\/","twitter_misc":{"Gesch\u00e4tzte Lesezeit":"3\u00a0Minuten"},"schema":{"@context":"https:\/\/schema.org","@graph":[{"@type":"WebPage","@id":"https:\/\/evol-forum.ch\/dei\/der-schoepfungs-plan\/","url":"https:\/\/evol-forum.ch\/dei\/der-schoepfungs-plan\/","name":"Der Sch\u00f6pfungs-Plan - DEI-VERM\u00c4CHTNIS","isPartOf":{"@id":"https:\/\/evol-forum.ch\/dei\/#website"},"datePublished":"2013-11-19T14:29:35+00:00","dateModified":"2018-10-29T16:34:32+00:00","inLanguage":"de","potentialAction":[{"@type":"ReadAction","target":["https:\/\/evol-forum.ch\/dei\/der-schoepfungs-plan\/"]}]},{"@type":"WebSite","@id":"https:\/\/evol-forum.ch\/dei\/#website","url":"https:\/\/evol-forum.ch\/dei\/","name":"DEI-VERM\u00c4CHTNIS","description":"","potentialAction":[{"@type":"SearchAction","target":{"@type":"EntryPoint","urlTemplate":"https:\/\/evol-forum.ch\/dei\/?s={search_term_string}"},"query-input":{"@type":"PropertyValueSpecification","valueRequired":true,"valueName":"search_term_string"}}],"inLanguage":"de"}]}},"_links":{"self":[{"href":"https:\/\/evol-forum.ch\/dei\/wp-json\/wp\/v2\/pages\/20","targetHints":{"allow":["GET"]}}],"collection":[{"href":"https:\/\/evol-forum.ch\/dei\/wp-json\/wp\/v2\/pages"}],"about":[{"href":"https:\/\/evol-forum.ch\/dei\/wp-json\/wp\/v2\/types\/page"}],"author":[{"embeddable":true,"href":"https:\/\/evol-forum.ch\/dei\/wp-json\/wp\/v2\/users\/5"}],"replies":[{"embeddable":true,"href":"https:\/\/evol-forum.ch\/dei\/wp-json\/wp\/v2\/comments?post=20"}],"version-history":[{"count":6,"href":"https:\/\/evol-forum.ch\/dei\/wp-json\/wp\/v2\/pages\/20\/revisions"}],"predecessor-version":[{"id":687,"href":"https:\/\/evol-forum.ch\/dei\/wp-json\/wp\/v2\/pages\/20\/revisions\/687"}],"wp:attachment":[{"href":"https:\/\/evol-forum.ch\/dei\/wp-json\/wp\/v2\/media?parent=20"}],"curies":[{"name":"wp","href":"https:\/\/api.w.org\/{rel}","templated":true}]}}