{"id":21,"date":"2013-11-19T16:29:35","date_gmt":"2013-11-19T14:29:35","guid":{"rendered":"https:\/\/evol-forum.ch\/dei\/schoepfung-geistiger-welten\/"},"modified":"2018-10-24T15:52:28","modified_gmt":"2018-10-24T13:52:28","slug":"schoepfung-geistiger-welten","status":"publish","type":"page","link":"https:\/\/evol-forum.ch\/dei\/schoepfung-geistiger-welten\/","title":{"rendered":"Sch\u00f6pfung geistiger Welten"},"content":{"rendered":"<h1>Die Gottheit schuf die geistigen Welten<\/h1>\n<p>Nachdem sich die Gottheit aus sich erkannt und in ihrer vollen Pr\u00e4senz der vier DEI-Aspekte erschaffen hatte, begann die Sch\u00f6pfung der R\u00e4ume der Geistigen Welten in und aus reiner Liebe und Freude. Doch diese sind von Anfang an klar zu unterscheiden von den materiellen Welten, also von unserem Welt-All als Weltenraum, denn die Sch\u00f6pfung der materiellen Welt erfolgte erst viel sp\u00e4ter (inklusive der Sonnensysteme und unserer Mutter Erde, die wir auch \u201edie Welt\u201c nennen, als einer von unz\u00e4hligen Planeten im materiellen Universum). Doch der Bauplan &#8211; oder moderner ausgedr\u00fcckt die Matrix &#8211; ist identisch, und wir werden das im 3. Kapitel noch zusammen erfassen.<\/p>\n<p>&nbsp;<\/p>\n<h2>Am Anfang war die Liebe Gottes &#8230;<\/h2>\n<p><strong>\u00a0<\/strong>Die 4-DEI-Gottheit war nun eins, doch der Raum war noch leer. So ergoss sich der Heilige Geist aus der Gottheit in die Leere und erschuf und erf\u00fcllte den Raum der geistigen Welten in zwei Reichen und drei Ebenen (Himmeln) mit je vier Dimensionen. Diese zw\u00f6lf Dimensionen finden wir sp\u00e4ter dann auch in der materiellen Sch\u00f6pfung.<\/p>\n<p>&nbsp;<\/p>\n<p>Wir sehen dies wiederum im Symbol der Pyramide als Verst\u00e4ndnishilfe, mit den Unterteilungen wie bei den alten \u00c4gyptern, denn der oberste Himmel, wie er dort genannt wird, ist dem Thron am n\u00e4chsten, und der unterste Himmel ist an der Schwelle zur materiellen Welt, und doch sind alle 3 eins. Und doch sind alle 3 vier, denn jeder der drei Himmel hat vier Dimensionen. Doch die Vorstellung der zw\u00f6lf geistigen und zw\u00f6lf materiellen Dimensionen, die eben parallel und doch nicht sind, gen\u00fcgen uns vorerst f\u00fcr unser Gesamtbild.<\/p>\n<p>&nbsp;<\/p>\n<p>So wurde der Raum erschaffen, der die gesamte g\u00f6ttliche Sch\u00f6pfung der Geistigen Welten und alle Wesen in sich aufnehmen sollte. Jedoch gen\u00fcgt Raum allein weder als Grundlage noch als Umfeld f\u00fcr weitere Wesen und Sch\u00f6pfungen &#8230;<\/p>\n<p>&nbsp;<\/p>\n<p>&nbsp;<\/p>\n<p>&nbsp;<\/p>\n<p>&nbsp;<\/p>\n<p style=\"font: normal normal normal 12px\/normal Helvetica; margin: 0px;\"><span style=\"letter-spacing: 0px;\">Dies ist ein Auszug aus dem Buch\u00a0<a title=\"Buchbestellung DEI VERM\u00c4CHTNIS\" href=\"https:\/\/evol-forum.ch\/buecher-und-ebooks\/\" target=\"_blank\" rel=\"noopener\">DEI VERM\u00c4CHTNIS<\/a>.<\/span><\/p>\n<p>&nbsp;<\/p>\n","protected":false},"excerpt":{"rendered":"<p>Die Gottheit schuf die geistigen Welten Nachdem sich die Gottheit aus sich erkannt und in ihrer vollen Pr\u00e4senz der vier DEI-Aspekte erschaffen hatte, begann die Sch\u00f6pfung der R\u00e4ume der Geistigen Welten in und aus reiner Liebe und Freude. Doch diese sind von Anfang an klar zu unterscheiden von den materiellen Welten, also von unserem Welt-All [&hellip;]<\/p>\n","protected":false},"author":5,"featured_media":0,"parent":0,"menu_order":301,"comment_status":"open","ping_status":"open","template":"","meta":{"_acf_changed":false,"_monsterinsights_skip_tracking":false,"_monsterinsights_sitenote_active":false,"_monsterinsights_sitenote_note":"","_monsterinsights_sitenote_category":0,"footnotes":""},"class_list":["post-21","page","type-page","status-publish","hentry"],"acf":[],"yoast_head":"<!-- This site is optimized with the Yoast SEO plugin v26.4 - https:\/\/yoast.com\/wordpress\/plugins\/seo\/ -->\n<title>Sch\u00f6pfung geistiger Welten - DEI-VERM\u00c4CHTNIS<\/title>\n<meta name=\"robots\" content=\"index, follow, max-snippet:-1, max-image-preview:large, max-video-preview:-1\" \/>\n<link rel=\"canonical\" href=\"https:\/\/evol-forum.ch\/dei\/schoepfung-geistiger-welten\/\" \/>\n<meta name=\"twitter:label1\" content=\"Gesch\u00e4tzte Lesezeit\" \/>\n\t<meta name=\"twitter:data1\" content=\"2\u00a0Minuten\" \/>\n<script type=\"application\/ld+json\" class=\"yoast-schema-graph\">{\"@context\":\"https:\/\/schema.org\",\"@graph\":[{\"@type\":\"WebPage\",\"@id\":\"https:\/\/evol-forum.ch\/dei\/schoepfung-geistiger-welten\/\",\"url\":\"https:\/\/evol-forum.ch\/dei\/schoepfung-geistiger-welten\/\",\"name\":\"Sch\u00f6pfung geistiger Welten - DEI-VERM\u00c4CHTNIS\",\"isPartOf\":{\"@id\":\"https:\/\/evol-forum.ch\/dei\/#website\"},\"datePublished\":\"2013-11-19T14:29:35+00:00\",\"dateModified\":\"2018-10-24T13:52:28+00:00\",\"inLanguage\":\"de\",\"potentialAction\":[{\"@type\":\"ReadAction\",\"target\":[\"https:\/\/evol-forum.ch\/dei\/schoepfung-geistiger-welten\/\"]}]},{\"@type\":\"WebSite\",\"@id\":\"https:\/\/evol-forum.ch\/dei\/#website\",\"url\":\"https:\/\/evol-forum.ch\/dei\/\",\"name\":\"DEI-VERM\u00c4CHTNIS\",\"description\":\"\",\"potentialAction\":[{\"@type\":\"SearchAction\",\"target\":{\"@type\":\"EntryPoint\",\"urlTemplate\":\"https:\/\/evol-forum.ch\/dei\/?s={search_term_string}\"},\"query-input\":{\"@type\":\"PropertyValueSpecification\",\"valueRequired\":true,\"valueName\":\"search_term_string\"}}],\"inLanguage\":\"de\"}]}<\/script>\n<!-- \/ Yoast SEO plugin. -->","yoast_head_json":{"title":"Sch\u00f6pfung geistiger Welten - DEI-VERM\u00c4CHTNIS","robots":{"index":"index","follow":"follow","max-snippet":"max-snippet:-1","max-image-preview":"max-image-preview:large","max-video-preview":"max-video-preview:-1"},"canonical":"https:\/\/evol-forum.ch\/dei\/schoepfung-geistiger-welten\/","twitter_misc":{"Gesch\u00e4tzte Lesezeit":"2\u00a0Minuten"},"schema":{"@context":"https:\/\/schema.org","@graph":[{"@type":"WebPage","@id":"https:\/\/evol-forum.ch\/dei\/schoepfung-geistiger-welten\/","url":"https:\/\/evol-forum.ch\/dei\/schoepfung-geistiger-welten\/","name":"Sch\u00f6pfung geistiger Welten - DEI-VERM\u00c4CHTNIS","isPartOf":{"@id":"https:\/\/evol-forum.ch\/dei\/#website"},"datePublished":"2013-11-19T14:29:35+00:00","dateModified":"2018-10-24T13:52:28+00:00","inLanguage":"de","potentialAction":[{"@type":"ReadAction","target":["https:\/\/evol-forum.ch\/dei\/schoepfung-geistiger-welten\/"]}]},{"@type":"WebSite","@id":"https:\/\/evol-forum.ch\/dei\/#website","url":"https:\/\/evol-forum.ch\/dei\/","name":"DEI-VERM\u00c4CHTNIS","description":"","potentialAction":[{"@type":"SearchAction","target":{"@type":"EntryPoint","urlTemplate":"https:\/\/evol-forum.ch\/dei\/?s={search_term_string}"},"query-input":{"@type":"PropertyValueSpecification","valueRequired":true,"valueName":"search_term_string"}}],"inLanguage":"de"}]}},"_links":{"self":[{"href":"https:\/\/evol-forum.ch\/dei\/wp-json\/wp\/v2\/pages\/21","targetHints":{"allow":["GET"]}}],"collection":[{"href":"https:\/\/evol-forum.ch\/dei\/wp-json\/wp\/v2\/pages"}],"about":[{"href":"https:\/\/evol-forum.ch\/dei\/wp-json\/wp\/v2\/types\/page"}],"author":[{"embeddable":true,"href":"https:\/\/evol-forum.ch\/dei\/wp-json\/wp\/v2\/users\/5"}],"replies":[{"embeddable":true,"href":"https:\/\/evol-forum.ch\/dei\/wp-json\/wp\/v2\/comments?post=21"}],"version-history":[{"count":4,"href":"https:\/\/evol-forum.ch\/dei\/wp-json\/wp\/v2\/pages\/21\/revisions"}],"predecessor-version":[{"id":676,"href":"https:\/\/evol-forum.ch\/dei\/wp-json\/wp\/v2\/pages\/21\/revisions\/676"}],"wp:attachment":[{"href":"https:\/\/evol-forum.ch\/dei\/wp-json\/wp\/v2\/media?parent=21"}],"curies":[{"name":"wp","href":"https:\/\/api.w.org\/{rel}","templated":true}]}}