{"id":23,"date":"2013-11-19T16:29:35","date_gmt":"2013-11-19T14:29:35","guid":{"rendered":"https:\/\/evol-forum.ch\/dei\/der-gottes-plan\/"},"modified":"2020-06-19T15:49:46","modified_gmt":"2020-06-19T13:49:46","slug":"der-gottes-plan","status":"publish","type":"page","link":"https:\/\/evol-forum.ch\/dei\/der-gottes-plan\/","title":{"rendered":"Der Gottes-Plan"},"content":{"rendered":"<h1>Der Gottes-Plan<\/h1>\n<h1><\/h1>\n<p><strong><span style=\"color: #333366;\">\/\/1\/\/ \u201cEast of eden\u201d, jenseits des Paradieses, m\u00fcssten wir leben, <\/span><\/strong><\/p>\n<p><strong><span style=\"color: #333366;\">beklagte schon der Psalmist.\u00a0<\/span><\/strong><\/p>\n<p>&nbsp;<\/p>\n<p><strong><span style=\"color: #333366;\">\/\/2\/\/ M\u00fcssen wir das wirklich?\u00a0<\/span><\/strong><\/p>\n<p>&nbsp;<\/p>\n<p><strong><span style=\"color: #333366;\">\/\/3\/\/ Nein, wir k\u00f6nnen unsere \u201cjenseitige\u201d materielle Welt <\/span><\/strong><\/p>\n<p><strong><span style=\"color: #333366;\">wieder mit der geistigen vers\u00f6hnen.<\/span><\/strong><\/p>\n<p>&nbsp;<\/p>\n<p><strong><span style=\"color: #333366;\">\/\/4\/\/ Dieses Buch ist denn auch, liebe Leserin und lieber Leser,\u00a0eine Art Reise-<\/span><\/strong><\/p>\n<p><strong><span style=\"color: #333366;\">Almanach f\u00fcr diese schwierigste und auch erf\u00fcllendste aller Reisen.<\/span><\/strong><\/p>\n<p>&nbsp;<\/p>\n<p><strong><span style=\"color: #333366;\">\/\/5\/\/ Das n\u00e4chste Kapitel berichtet von der wunderbaren Sch\u00f6pfung gott\u00e4hnlicher <\/span><\/strong><\/p>\n<p><strong><span style=\"color: #333366;\">Wesen, doch ebenso von Widrigkeiten, Versuchungen und Abenteuern, <\/span><\/strong><\/p>\n<p><strong><span style=\"color: #333366;\">die es zu bestehen gilt.<\/span><\/strong><\/p>\n<p>&nbsp;<\/p>\n<p><strong><span style=\"color: #333366;\">\/\/6\/\/ Und wir lernen, uns wohlgesinnte Reisebegleiter zu erkennen, <\/span><\/strong><\/p>\n<p><strong><span style=\"color: #333366;\">unsere Widersacher dagegen zu entwaffnen.<\/span><\/strong><\/p>\n<p>&nbsp;<\/p>\n<p><strong><span style=\"color: #333366;\">\/\/7\/\/ Lasst uns also gemeinsam aufbrechen \u2013 und dabei freudig entdecken,\u00a0<\/span><\/strong><\/p>\n<p><strong><span style=\"color: #333366;\">dass sich l\u00e4ngst viele andere auf den Weg gemacht haben.<\/span><\/strong><\/p>\n<p>&nbsp;<\/p>\n<p>&nbsp;<\/p>\n<p><a class=\"lightbox\" href=\"https:\/\/evol-forum.ch\/dei\/wp-content\/uploads\/sites\/2\/2013\/11\/IMG_4000_L.jpg\"><img loading=\"lazy\" decoding=\"async\" style=\"margin-top: 10px; margin-bottom: 10px; border: 0px initial initial;\" title=\"Die Sch\u00f6pfung von Michelangelo\" src=\"https:\/\/evol-forum.ch\/dei\/wp-content\/uploads\/sites\/2\/2013\/11\/IMG_4000.jpg\" alt=\"Die Sch\u00f6pfung von Michelangelo\" width=\"445\" height=\"229\" \/><\/a><\/p>\n<p>&#8222;Die Sch\u00f6pfung&#8220; von Michelangelo<\/p>\n<p>&nbsp;<\/p>\n<p>&nbsp;<\/p>\n<h2><strong>Die Gottheit schuf den Gottes-Plan\u00a0<\/strong><\/h2>\n<h2><strong>\u00a0<\/strong>f\u00fcr selbstverantwortliche Wesen nach ihrem Bilde<\/h2>\n<p>Unter dem Dei-Plan ist deshalb zu verstehen, dass sich die Gottheit als Vater-Mutter-Aspekt in sich teilte (die erste Zellteilung) in den Sohn-Tochter-Aspekt.<\/p>\n<p>&nbsp;<\/p>\n<p>Das ist der erste gro\u00dfe Unterschied, denn nur diese Aspekte von Vater-Mutter-Gott und Sohn-Tochter-Gott sind sozusagen vollkommen, indem sie den m\u00e4nnlichen und den weiblichen Teil in sich tragen.<\/p>\n<p>&nbsp;<\/p>\n<p>Und dann entstand der Gottes-Plan, beseelte Wesenheiten zu erschaffen, au\u00dferhalb ihrer selbst, anhand derselben g\u00f6ttlichen Matrix. Einen entscheidenden Satz liefert uns die \u00dcberlieferung des Alten Testaments:<\/p>\n<p><em><strong>\u201eUnd Gott schuf den Menschen nach seinem Bilde, <\/strong><\/em><\/p>\n<p><em><strong>nach dem Bilde Gottes schuf er ihn; als Mann und Weib schuf er sie.\u201c<\/strong><\/em><\/p>\n<p>(Z\u00fcrcher Bibel &#8211; 2.1)<\/p>\n<p>&nbsp;<\/p>\n<h2>Eigentlich hei\u00dft es in der Geistigen Welt:<\/h2>\n<p><strong>\u201eDie Gottheit erschuf die Wesen nach ihrem Ebenbilde\u201c<\/strong>,<\/p>\n<p>denn diese Aussage gilt f\u00fcr alle Wesenheiten der Gottesrassen, die aus der g\u00f6ttlichen Sch\u00f6pfung hervorgegangen sind.\u00a0Damit ist wahrlich gesagt und gemeint, dass wir Menschen ein \u201eEbenbild Gottes\u201c sind<br \/>\n(mit der Trinit\u00e4t und der Quadrinit\u00e4t in uns).<\/p>\n<p>&nbsp;<\/p>\n<p>Der zweite gro\u00dfe Unterschied zeigt sich in der inneren und der \u00e4u\u00dferen Ausdehnung: Wir sind als Dual-Wesen qualitativ gleich, doch quantitativ verschieden.<\/p>\n<p>&nbsp;<\/p>\n<p>Das hei\u00dft, wenn wir mit unserem Dual eins sind, entsprechen wir qualitativ von der Matrix und den Anlagen her der Gottheit, doch quantitativ sind wir ungef\u00e4hr so verschieden wie ein Funke im Vergleich zu einer Sonne. Und doch, wir tragen die G\u00f6ttlichkeit in uns.<\/p>\n<p>&nbsp;<\/p>\n<p>Das klingt so sachlich als Definition, doch ist dies ein unglaublicher Gnadenakt der Sch\u00f6pfung. Es ist ein unendlich quellender Strom der Liebe, die der Sch\u00f6pfungskette den Lebensodem gibt. Stellen Sie sich vor, wie die Gottheit aus sich &#8211; sich selbst eingebend &#8211; uns Wesen erschaffen hat. Wesen die sich eben auf ihrem eigenen Weg bewegen und auch eigene Erfahrungen machen k\u00f6nnen.<\/p>\n<p>&nbsp;<\/p>\n<p>So wurden nach der Sch\u00f6pfung der Geistigen Welten die R\u00e4ume durch dual beseelte Wesen belebt. Doch alle und alles ruht und ist ewig in der Gottheit und sie ist in Allem (der Anfang und das Ende allen Seins, vorstellbar als Spirale oder als Helix &#8211; eine liegende 8).<\/p>\n<p>&nbsp;<\/p>\n<p>&nbsp;<\/p>\n<p style=\"font: normal normal normal 12px\/normal Helvetica; margin: 0px;\"><span style=\"letter-spacing: 0px;\">Dies ist ein Auszug aus dem Buch\u00a0<a title=\"Buchbestellung DEI VERM\u00c4CHTNIS\" href=\"https:\/\/evol-forum.ch\/buecher-und-ebooks\/\" target=\"_blank\" rel=\"noopener noreferrer\">DEI VERM\u00c4CHTNIS<\/a>.<\/span><\/p>\n<p>&nbsp;<\/p>\n","protected":false},"excerpt":{"rendered":"<p>Der Gottes-Plan \/\/1\/\/ \u201cEast of eden\u201d, jenseits des Paradieses, m\u00fcssten wir leben, beklagte schon der Psalmist.\u00a0 &nbsp; \/\/2\/\/ M\u00fcssen wir das wirklich?\u00a0 &nbsp; \/\/3\/\/ Nein, wir k\u00f6nnen unsere \u201cjenseitige\u201d materielle Welt wieder mit der geistigen vers\u00f6hnen. &nbsp; \/\/4\/\/ Dieses Buch ist denn auch, liebe Leserin und lieber Leser,\u00a0eine Art Reise- Almanach f\u00fcr diese schwierigste und [&hellip;]<\/p>\n","protected":false},"author":5,"featured_media":0,"parent":0,"menu_order":400,"comment_status":"open","ping_status":"open","template":"","meta":{"_acf_changed":false,"_monsterinsights_skip_tracking":false,"_monsterinsights_sitenote_active":false,"_monsterinsights_sitenote_note":"","_monsterinsights_sitenote_category":0,"footnotes":""},"class_list":["post-23","page","type-page","status-publish","hentry"],"acf":[],"yoast_head":"<!-- This site is optimized with the Yoast SEO plugin v26.4 - https:\/\/yoast.com\/wordpress\/plugins\/seo\/ -->\n<title>Der Gottes-Plan - DEI-VERM\u00c4CHTNIS<\/title>\n<meta name=\"robots\" content=\"index, follow, max-snippet:-1, max-image-preview:large, max-video-preview:-1\" \/>\n<link rel=\"canonical\" href=\"https:\/\/evol-forum.ch\/dei\/der-gottes-plan\/\" \/>\n<meta name=\"twitter:label1\" content=\"Gesch\u00e4tzte Lesezeit\" \/>\n\t<meta name=\"twitter:data1\" content=\"3\u00a0Minuten\" \/>\n<script type=\"application\/ld+json\" class=\"yoast-schema-graph\">{\"@context\":\"https:\/\/schema.org\",\"@graph\":[{\"@type\":\"WebPage\",\"@id\":\"https:\/\/evol-forum.ch\/dei\/der-gottes-plan\/\",\"url\":\"https:\/\/evol-forum.ch\/dei\/der-gottes-plan\/\",\"name\":\"Der Gottes-Plan - DEI-VERM\u00c4CHTNIS\",\"isPartOf\":{\"@id\":\"https:\/\/evol-forum.ch\/dei\/#website\"},\"primaryImageOfPage\":{\"@id\":\"https:\/\/evol-forum.ch\/dei\/der-gottes-plan\/#primaryimage\"},\"image\":{\"@id\":\"https:\/\/evol-forum.ch\/dei\/der-gottes-plan\/#primaryimage\"},\"thumbnailUrl\":\"https:\/\/evol-forum.ch\/dei\/wp-content\/uploads\/sites\/2\/2013\/11\/IMG_4000.jpg\",\"datePublished\":\"2013-11-19T14:29:35+00:00\",\"dateModified\":\"2020-06-19T13:49:46+00:00\",\"inLanguage\":\"de\",\"potentialAction\":[{\"@type\":\"ReadAction\",\"target\":[\"https:\/\/evol-forum.ch\/dei\/der-gottes-plan\/\"]}]},{\"@type\":\"ImageObject\",\"inLanguage\":\"de\",\"@id\":\"https:\/\/evol-forum.ch\/dei\/der-gottes-plan\/#primaryimage\",\"url\":\"\",\"contentUrl\":\"\",\"width\":445,\"height\":229},{\"@type\":\"WebSite\",\"@id\":\"https:\/\/evol-forum.ch\/dei\/#website\",\"url\":\"https:\/\/evol-forum.ch\/dei\/\",\"name\":\"DEI-VERM\u00c4CHTNIS\",\"description\":\"\",\"potentialAction\":[{\"@type\":\"SearchAction\",\"target\":{\"@type\":\"EntryPoint\",\"urlTemplate\":\"https:\/\/evol-forum.ch\/dei\/?s={search_term_string}\"},\"query-input\":{\"@type\":\"PropertyValueSpecification\",\"valueRequired\":true,\"valueName\":\"search_term_string\"}}],\"inLanguage\":\"de\"}]}<\/script>\n<!-- \/ Yoast SEO plugin. -->","yoast_head_json":{"title":"Der Gottes-Plan - DEI-VERM\u00c4CHTNIS","robots":{"index":"index","follow":"follow","max-snippet":"max-snippet:-1","max-image-preview":"max-image-preview:large","max-video-preview":"max-video-preview:-1"},"canonical":"https:\/\/evol-forum.ch\/dei\/der-gottes-plan\/","twitter_misc":{"Gesch\u00e4tzte Lesezeit":"3\u00a0Minuten"},"schema":{"@context":"https:\/\/schema.org","@graph":[{"@type":"WebPage","@id":"https:\/\/evol-forum.ch\/dei\/der-gottes-plan\/","url":"https:\/\/evol-forum.ch\/dei\/der-gottes-plan\/","name":"Der Gottes-Plan - DEI-VERM\u00c4CHTNIS","isPartOf":{"@id":"https:\/\/evol-forum.ch\/dei\/#website"},"primaryImageOfPage":{"@id":"https:\/\/evol-forum.ch\/dei\/der-gottes-plan\/#primaryimage"},"image":{"@id":"https:\/\/evol-forum.ch\/dei\/der-gottes-plan\/#primaryimage"},"thumbnailUrl":"https:\/\/evol-forum.ch\/dei\/wp-content\/uploads\/sites\/2\/2013\/11\/IMG_4000.jpg","datePublished":"2013-11-19T14:29:35+00:00","dateModified":"2020-06-19T13:49:46+00:00","inLanguage":"de","potentialAction":[{"@type":"ReadAction","target":["https:\/\/evol-forum.ch\/dei\/der-gottes-plan\/"]}]},{"@type":"ImageObject","inLanguage":"de","@id":"https:\/\/evol-forum.ch\/dei\/der-gottes-plan\/#primaryimage","url":"","contentUrl":"","width":445,"height":229},{"@type":"WebSite","@id":"https:\/\/evol-forum.ch\/dei\/#website","url":"https:\/\/evol-forum.ch\/dei\/","name":"DEI-VERM\u00c4CHTNIS","description":"","potentialAction":[{"@type":"SearchAction","target":{"@type":"EntryPoint","urlTemplate":"https:\/\/evol-forum.ch\/dei\/?s={search_term_string}"},"query-input":{"@type":"PropertyValueSpecification","valueRequired":true,"valueName":"search_term_string"}}],"inLanguage":"de"}]}},"_links":{"self":[{"href":"https:\/\/evol-forum.ch\/dei\/wp-json\/wp\/v2\/pages\/23","targetHints":{"allow":["GET"]}}],"collection":[{"href":"https:\/\/evol-forum.ch\/dei\/wp-json\/wp\/v2\/pages"}],"about":[{"href":"https:\/\/evol-forum.ch\/dei\/wp-json\/wp\/v2\/types\/page"}],"author":[{"embeddable":true,"href":"https:\/\/evol-forum.ch\/dei\/wp-json\/wp\/v2\/users\/5"}],"replies":[{"embeddable":true,"href":"https:\/\/evol-forum.ch\/dei\/wp-json\/wp\/v2\/comments?post=23"}],"version-history":[{"count":5,"href":"https:\/\/evol-forum.ch\/dei\/wp-json\/wp\/v2\/pages\/23\/revisions"}],"predecessor-version":[{"id":691,"href":"https:\/\/evol-forum.ch\/dei\/wp-json\/wp\/v2\/pages\/23\/revisions\/691"}],"wp:attachment":[{"href":"https:\/\/evol-forum.ch\/dei\/wp-json\/wp\/v2\/media?parent=23"}],"curies":[{"name":"wp","href":"https:\/\/api.w.org\/{rel}","templated":true}]}}