{"id":26,"date":"2013-11-19T16:29:36","date_gmt":"2013-11-19T14:29:36","guid":{"rendered":"https:\/\/evol-forum.ch\/dei\/die-trennung-der-seelen\/"},"modified":"2018-10-24T16:16:41","modified_gmt":"2018-10-24T14:16:41","slug":"die-trennung-der-seelen","status":"publish","type":"page","link":"https:\/\/evol-forum.ch\/dei\/die-trennung-der-seelen\/","title":{"rendered":"Die Trennung der Seelen"},"content":{"rendered":"<h1>Die Trennung der Seelen<\/h1>\n<h1>Erzengel Haniel Luzifer erhob sich\u00a0gegen die Gottheit<\/h1>\n<p>Einleitend ist festzuhalten, dass Haniel, um den sich so viele Sagen ranken, einer der sieben Erzengel war, wie wir gerade gelesen haben. Luzifer war sein Titel und bedeutete soviel wie \u201eder, der das Licht tr\u00e4gt\/bringt\u201c. Er war das zweite aus Eioua &amp; Sophia erschaffene Wesen, nach Gabriel Metatron \u201eder der dem Thron am n\u00e4chsten ist\u201c. Umso tragischer ist &#8211; und bis heute wirkend &#8211; was dann geschah, m\u00f6glich aus dem gottgegebenen freien Willen&#8230;<\/p>\n<p>&nbsp;<\/p>\n<p>Es hei\u00dft, f\u00fcr Myriaden war nichts als Licht und Liebe und Freude unter den Licht-<\/p>\n<p>Wesen in der geistigen Welt, und die geistige Sch\u00f6pfung in den zw\u00f6lf geistigen Dimensionen nahm immer gr\u00f6\u00dfere Ausma\u00dfe und g\u00f6ttlichere Qualitit\u00e4ten an (Zeit gab und gibt es in dem Sinne nicht in der geistigen Welt &#8211; oder anders ausgedr\u00fcckt &#8211; keine lineare Zeit, sondern Zeit im Sinne einer Entwicklung zu bestimmten Qualit\u00e4ten).<\/p>\n<p>Bis zu einem Zeitpunkt, wo bei Haniel dann erstmals Neid und Missgunst aufkamen. Einfach gesagt forderte er f\u00fcr sich die gleichen Rechte und die gleiche Macht wie sie Eioua Christus als Gottessohn-Aspekt innehatte, und er wollte von den Wesen seiner Lux- und Dei-Rasse ebenfalls wie eine Gottheit verehrt werden.<\/p>\n<p>Doch Gott-Vater hatte es unmissverst\u00e4ndlich und als g\u00f6ttliches Gesetz bestimmt:<\/p>\n<p>Eioua Christus ist der einzige und allm\u00e4chtige Sohn Gottes, der Sch\u00f6pfer und Liebe-K\u00f6nig der Geistigen Welt.<\/p>\n<p>Und so habe es zu bleiben in dieser g\u00f6ttlichen Ordnung, denn g\u00f6ttliche Gesetze sind immer wissend um alle und alles, liebevoll und gerecht.<\/p>\n<p>Doch Haniel wollte dies in seinem freien Willen nicht annehmen, verbreitete Zwietracht in den Geistigen Welten und forderte sp\u00e4ter f\u00fcr sich zumindest das Recht, wie Jesus direkt mit Gott-Vater zu sprechen und ihn auch einmal zu schauen.<\/p>\n<p>Nicht einmal Erzengel k\u00f6nnen die Gottheit erschauen ohne dabei in ihrer erschaffenen Individualit\u00e4t sozusagen aufgel\u00f6st zu werden, so unvorstellbar gro\u00df und durchdringend ist das Licht und die Liebe, die von ihr ausgeht.<\/p>\n<p>Der geistigen Geschichte zufolge zeigte Gott-Vater sich ihm dann auch, jedoch symbolisch in Form einer kleinen Flamme, die Haniel jedoch verh\u00f6hnte und die ihn sogar verstiegen denken lie\u00df, er sei inzwischen wohl m\u00e4chtiger als die Gottheit selbst.<\/p>\n<p>&nbsp;<\/p>\n<p>Hier das richtige Verst\u00e4ndnis dazu von Thoth in der Tabula Smaragdina:<\/p>\n<p>&nbsp;<\/p>\n<p><em>\u201eH\u00f6re und verstehe,<\/em><\/p>\n<p><em>die Flamme ist die Quelle aller Dinge.<\/em><\/p>\n<p><em>Sie enth\u00e4lt alle Dinge als Potentiale.<\/em><\/p>\n<p><em>Das Wort ist der Befehl, der das Licht aussandte, <\/em><\/p>\n<p><em>und vom Wort kommt das Leben und die Existenz von allem.\u201c<\/em><\/p>\n<p>(Smaragdtafeln &#8211; 2.45)<\/p>\n<p>&nbsp;<\/p>\n<p>&nbsp;<\/p>\n<h2>Die Trennung in der Geistigen Welt<\/h2>\n<p>Haniel ging daran, in den Himmeln, Dimensionen und Hierarchien Unruhe zu stiften mit seinen Ideen der Neuordnung, und dadurch bildeten sich erstmals sozusagen zwei Lager. Und dies nicht nur unter den Wesen seiner Sch\u00f6pfungen, sondern auch in den Sch\u00f6pfungen der anderen Erzengel-Duale. Er wollte durch unz\u00e4hlige Stimmen von Wesen beweisen, dass sie einverstanden damit seien, dass ihnen diese Rechte als \u201eErzengel-G\u00f6tter&#8220; zugestanden werden sollen.<\/p>\n<p>Und so ging der erste Riss einer Trennung durch die geistigen Welten, durch alle Dimensionen, Sch\u00f6pfungen und Sph\u00e4ren, die f\u00fcr uns hier im Moment unvorstellbar sind.<\/p>\n<p>Er teilte dadurch auch Rassen, V\u00f6lker und Familien der ganzen g\u00f6ttlichen Hierarchie.<\/p>\n<p>Es gab (und gibt!) sozusagen 3 Gruppen:<\/p>\n<ul>\n<li>Die Einen vertraten den Standpunkt, dass die g\u00f6ttlichen Gesetze und Durchgaben von Gott-Vater und Jesus Christus strikt zu befolgen seien. Sie fanden, Haniel Luzifer sei bereits machtvoll genug als einer der 7 Erzengel und eines der h\u00f6chsten und m\u00e4chtigsten Wesen der g\u00f6ttlichen Hierarchie.<\/li>\n<li>Die Anderen wiederum meinten, dass die Welten und die Sch\u00f6pfung so enorm gro\u00df sind und sich immer weiter ausdehnen w\u00fcrden, so dass es doch nur sinnvoll und richtig sei, den Erzengeln diese Rechte zu geben, da sie ja auch ihre Sch\u00f6pferg\u00f6tter seien (was eben nicht ganz stimmt, weil nur der Ursch\u00f6pfer den Lebensfunken geben kann).<\/li>\n<li>Das 3. Lager lag irgendwo dazwischen, diese Seelen konnten sich nicht entscheiden was nun wohl richtiger sei. Oder sie suchten einen Kompromiss, weil sie sagten, es k\u00f6nnte das g\u00f6ttliche Gesetz der Urzeiten ja etwas angepasst werden, sodass alle wieder zufrieden seien (einen Kompromiss zu finden ist sonst immer sinnvoll, jedoch nicht bei einem g\u00f6ttlichen Gesetz). Als Luzifer dann erkannte, dass auch seine &#8211; sozusagen &#8211; \u201edemokratischen Versuche\u201c nicht den gew\u00fcnschten Erfolg brachten, begann er sich selbstherrlich in seinen Dimensionen bereits als ein Gottessohn verehren zu lassen (was ja per Definition nicht falsch ist, als Sohn des Sohn-Aspektes der Gottheit, doch gibt es nur einen Gott-Sohn). Und er machte Pl\u00e4ne dazu, wie er die anderen Dimensionen und Sph\u00e4ren vereinen k\u00f6nne, zumindest die, welche zu den Seinen oder den Unentschiedenen geh\u00f6rten&#8230;<\/li>\n<\/ul>\n<p>Wieder lange Zeit sp\u00e4ter, als Haniel und inzwischen auch Zadakiel viele andere Wesen anderer Dimensionen und Hierarchien f\u00fcr sich gewonnen hatten, und \u201eLuzifer\u201c dachte, er sei nun auch so m\u00e4chtig wie<\/p>\n<p>&nbsp;<\/p>\n<p>Eioua, wollte er die Rechte, die ihm seiner Meinung nach zustanden, sozusagen mit \u201egeistiger Gewalt\u201c einfordern und erzwingen. All diese Gef\u00fchle und Entwicklungen &#8211; von seinem ersten \u201eNeid\u201c bis zu den ersten \u201eManipulationen\u201c anderer Wesen, und der ersten \u201egeistigen Gewalt\u201c gegen den freien Willen anderer Wesen in der Geistigen Welt &#8211; trug er (als urspr\u00fcnglicher Licht-Tr\u00e4ger) nun aus sich in die Sch\u00f6pfung hinein. Haniel hat immer mehr Geistwesen erschaffen in seinen Sch\u00f6pfungsbereichen, die durch ihn nun von Anfang an manipuliert wurden, denn er gab einfach vor, er sei wie der Gott-Sohn Eioua und habe denselben Gott-Vater Abba. Das wurde dann in seinen Gedanken und Eingaben immer st\u00e4rker, und so mussten Gott-Vater und Gott-Sohn einwirken zur Erhaltung des freien Willens dieser Wesen. Denn Haniel ehrte und liebte sie nicht mehr, und das war der Anfang vom Ende seiner Macht in der Geistigen Welt.<\/p>\n<p>&nbsp;<\/p>\n<p><a class=\"lightbox\" title=\"Fall of Phaeton | Peter Paul Rubens\" href=\"https:\/\/evol-forum.ch\/dei\/wp-content\/uploads\/sites\/2\/2013\/11\/IMG_Trennung_der_Seelen_big.jpg\"><img loading=\"lazy\" decoding=\"async\" style=\"border: 0px initial initial;\" title=\"Fall of Phaeton | Peter Paul Rubens\" src=\"https:\/\/evol-forum.ch\/dei\/wp-content\/uploads\/sites\/2\/2013\/11\/IMG_Trennung_der_Seelen_sml.jpg\" alt=\"Fall of Phaeton | Peter Paul Rubens\" width=\"445\" height=\"325\" \/><\/a><\/p>\n<p>&#8222;Fall of Phaeton&#8220; von Peter Paul Rubens<\/p>\n<p>&nbsp;<\/p>\n<h2>Der Entr\u00fcckung Haniel\u2018s und aller\u00a0mit ihm verbundenen Seelen<\/h2>\n<p>Die anderen f\u00fcnf Erzengel-Duale und Licht-Wesen der Elohim hatten unterdessen auch einige hohe und liebevoll verbundene Gottes-Wesen informiert, dass es zu einer Trennung der Wesen kommen wird, um die anderen Seelen und Sch\u00f6pfungsbereiche vor Haniel zu sch\u00fctzen. Denn er wollte nun m\u00f6glichst viele unter sich vereinen und auflehnen gegen Eioua, um damit &#8211; gegen den Willen der Gottheit &#8211; die Erzengel zu gottgleichen Wesen emporzuheben. Er war immer noch und immer mehr der Ansicht, dass es diese Wiederholungen der Gottheit brauche, damit die Sch\u00f6pfungen ehrenvoll weitergef\u00fchrt werden k\u00f6nnen von den ErzEngeln. Damit hat er wohl auch Zadakiel get\u00e4uscht und mitgezogen, denn eigentlich ging es ihm immer nur um sich und seine Macht,\u00a0unter dem Vorwand einer gr\u00f6\u00dferen Entwicklung f\u00fcr alle Wesen die ihm folgten, und so konnte er eben auch gutgl\u00e4ubige Wesen leichter t\u00e4uschen.<\/p>\n<p>&nbsp;<\/p>\n<p>Und so sammelten Haniel und Zadakiel die Ihren und all die ihnen zugewandten (man sprach von mehr als einem Drittel) und zogen gegen die h\u00f6chsten himmlischen Sph\u00e4ren der inneren Himmel, um nun &#8211; mit ihrer gesammelten Macht und der Energie all dieser Wesen &#8211; ihre Forderungen zu stellen. Doch als sie dann den Lichtheeren Erzengel Michaels gegen\u00fcberstanden, griff die Gottheit ein, damit es in der Geistigen Welt der g\u00f6ttlichen Liebes-Sch\u00f6pfung nicht auch noch zur ersten \u201ephysischen Gewalt\u201c oder gar zu einem \u201eBruder-Krieg\u201c kommen konnte.<\/p>\n<p>&nbsp;<\/p>\n<p>Sozusagen im letzten Moment vor dem Zusammenprall der Seelen, wurden all diese Wesen, welche sich aus freiem Willen entschlossen hatten, Haniel auf seinem Weg zu folgen, sowie all die Unentschlossenen (nochmal fast ein Drittel), auf einen Schlag hinweg genommen, und das Leid senkte sich in die Himmel der Geistigen Welten. Die Trauer war unbeschreiblich, \u00fcber alle Dimensionen, Sph\u00e4ren, Sch\u00f6pfungen, Rassen, V\u00f6lker, Familien und Wesen hinweg&#8230;<\/p>\n<p>&nbsp;<\/p>\n<p>Die Seelenwesen wurden getrennt, weil es geistig nicht anders ausf\u00fchrbar war, diese egozentrischen, trennenden Eingaben und Manipulationen aufzuhalten, ehe weitere Sch\u00f6pfungsebenen den ehrlosen und Gott abgewandten W\u00fcnschen und Wirkungen von Haniel zug\u00e4nglich w\u00fcrden.<\/p>\n<p>&nbsp;<\/p>\n<p>Niemand &#8211; au\u00dfer der Gottheit und bestimmten Erzengeln &#8211; wusste, was geschah und wo all diese unz\u00e4hligen Wesen geblieben waren. Ob sie entr\u00fcckt waren oder durch Entzug des g\u00f6ttlichen Funkens sozusagen aufgel\u00f6st worden sind.<\/p>\n<p>&nbsp;<\/p>\n<p>Doch einen solchen Schritt w\u00fcrde die Gottheit niemals gehen, einerseits aus ihrer uferlosen Elternliebe f\u00fcr alle Wesen und andererseits aus dem gegebenen freien Willen.<\/p>\n<p>&nbsp;<\/p>\n<p>So mag dieser sogenannte Fall, oder besser gesagt diese Entr\u00fcckung, im ersten Eindruck grausam erscheinen, doch ist darin ebenso bereits wieder die g\u00f6ttliche Liebe und Gnade enthalten.<\/p>\n<p>&nbsp;<\/p>\n<p>Eigentlich w\u00e4re \u201eRettung der Seelen&#8220; treffender, denn es rettete die Seelen der Getreuen, da sie besch\u00fctzt wurden, und es rettete die Seelen der Aufr\u00fchrer, da sie ihren Weg gehen konnten, einfach in einer paralellen und tiefer schwingenden Welt&#8230;<\/p>\n<p>&nbsp;<\/p>\n<p>Denn diese Wesen sollten ihrem freien Willen folgen d\u00fcrfen, doch nicht l\u00e4nger in der Geistigen Welt.<\/p>\n<p>&nbsp;<\/p>\n<p>Dieser Vorgang wird in der Bibel als \u201eEngelsturz\u201c bezeichnet und in dem meisten anderen Schriften wird vom &#8222;Gro\u00dfen S\u00fcndenfall&#8220; oder &#8222;Fall der Seelen gesprochen.<\/p>\n<p>&nbsp;<\/p>\n<p>Wir reden ab hier der Einfachheit halber nur noch von der &#8222;Trennung der Seelen&#8220;.<\/p>\n<p>&nbsp;<\/p>\n<p>Und obwohl diese Massen-Entr\u00fcckung sich schlagartig vollzogen hatte, wurde f\u00fcr jede einzelne Seele ein individueller Weg begeben, denn sie kamen &#8211; ihrem Grad des Bewusstseins und der Abwendung ihrer Seele entsprechend &#8211; in die verschiedensten Stufen der eigens daf\u00fcr geschaffenen materiellen Welten und Dimensionen (siehe Kapitel 3).<\/p>\n<p>&nbsp;<\/p>\n<p>&nbsp;<\/p>\n<p>&nbsp;<\/p>\n<p>&nbsp;<\/p>\n<p style=\"font: normal normal normal 12px\/normal Helvetica; margin: 0px;\"><span style=\"letter-spacing: 0px;\">Dies ist ein Auszug aus dem Buch\u00a0<a title=\"Buchbestellung DEI VERM\u00c4CHTNIS\" href=\"https:\/\/evol-forum.ch\/buecher-und-ebooks\/\" target=\"_blank\" rel=\"noopener\">DEI VERM\u00c4CHTNIS<\/a>.<\/span><\/p>\n<p>&nbsp;<\/p>\n","protected":false},"excerpt":{"rendered":"<p>Die Trennung der Seelen Erzengel Haniel Luzifer erhob sich\u00a0gegen die Gottheit Einleitend ist festzuhalten, dass Haniel, um den sich so viele Sagen ranken, einer der sieben Erzengel war, wie wir gerade gelesen haben. Luzifer war sein Titel und bedeutete soviel wie \u201eder, der das Licht tr\u00e4gt\/bringt\u201c. Er war das zweite aus Eioua &amp; Sophia erschaffene [&hellip;]<\/p>\n","protected":false},"author":5,"featured_media":0,"parent":0,"menu_order":403,"comment_status":"open","ping_status":"open","template":"","meta":{"_acf_changed":false,"_monsterinsights_skip_tracking":false,"_monsterinsights_sitenote_active":false,"_monsterinsights_sitenote_note":"","_monsterinsights_sitenote_category":0,"footnotes":""},"class_list":["post-26","page","type-page","status-publish","hentry"],"acf":[],"yoast_head":"<!-- This site is optimized with the Yoast SEO plugin v26.4 - https:\/\/yoast.com\/wordpress\/plugins\/seo\/ -->\n<title>Die Trennung der Seelen - DEI-VERM\u00c4CHTNIS<\/title>\n<meta name=\"robots\" content=\"index, follow, max-snippet:-1, max-image-preview:large, max-video-preview:-1\" \/>\n<link rel=\"canonical\" href=\"https:\/\/evol-forum.ch\/dei\/die-trennung-der-seelen\/\" \/>\n<meta name=\"twitter:label1\" content=\"Gesch\u00e4tzte Lesezeit\" \/>\n\t<meta name=\"twitter:data1\" content=\"8\u00a0Minuten\" \/>\n<script type=\"application\/ld+json\" class=\"yoast-schema-graph\">{\"@context\":\"https:\/\/schema.org\",\"@graph\":[{\"@type\":\"WebPage\",\"@id\":\"https:\/\/evol-forum.ch\/dei\/die-trennung-der-seelen\/\",\"url\":\"https:\/\/evol-forum.ch\/dei\/die-trennung-der-seelen\/\",\"name\":\"Die Trennung der Seelen - DEI-VERM\u00c4CHTNIS\",\"isPartOf\":{\"@id\":\"https:\/\/evol-forum.ch\/dei\/#website\"},\"primaryImageOfPage\":{\"@id\":\"https:\/\/evol-forum.ch\/dei\/die-trennung-der-seelen\/#primaryimage\"},\"image\":{\"@id\":\"https:\/\/evol-forum.ch\/dei\/die-trennung-der-seelen\/#primaryimage\"},\"thumbnailUrl\":\"https:\/\/evol-forum.ch\/dei\/wp-content\/uploads\/sites\/2\/2013\/11\/IMG_Trennung_der_Seelen_sml.jpg\",\"datePublished\":\"2013-11-19T14:29:36+00:00\",\"dateModified\":\"2018-10-24T14:16:41+00:00\",\"inLanguage\":\"de\",\"potentialAction\":[{\"@type\":\"ReadAction\",\"target\":[\"https:\/\/evol-forum.ch\/dei\/die-trennung-der-seelen\/\"]}]},{\"@type\":\"ImageObject\",\"inLanguage\":\"de\",\"@id\":\"https:\/\/evol-forum.ch\/dei\/die-trennung-der-seelen\/#primaryimage\",\"url\":\"https:\/\/evol-forum.ch\/dei\/wp-content\/uploads\/sites\/2\/2013\/11\/IMG_Trennung_der_Seelen_sml.jpg\",\"contentUrl\":\"https:\/\/evol-forum.ch\/dei\/wp-content\/uploads\/sites\/2\/2013\/11\/IMG_Trennung_der_Seelen_sml.jpg\",\"width\":445,\"height\":325},{\"@type\":\"WebSite\",\"@id\":\"https:\/\/evol-forum.ch\/dei\/#website\",\"url\":\"https:\/\/evol-forum.ch\/dei\/\",\"name\":\"DEI-VERM\u00c4CHTNIS\",\"description\":\"\",\"potentialAction\":[{\"@type\":\"SearchAction\",\"target\":{\"@type\":\"EntryPoint\",\"urlTemplate\":\"https:\/\/evol-forum.ch\/dei\/?s={search_term_string}\"},\"query-input\":{\"@type\":\"PropertyValueSpecification\",\"valueRequired\":true,\"valueName\":\"search_term_string\"}}],\"inLanguage\":\"de\"}]}<\/script>\n<!-- \/ Yoast SEO plugin. -->","yoast_head_json":{"title":"Die Trennung der Seelen - DEI-VERM\u00c4CHTNIS","robots":{"index":"index","follow":"follow","max-snippet":"max-snippet:-1","max-image-preview":"max-image-preview:large","max-video-preview":"max-video-preview:-1"},"canonical":"https:\/\/evol-forum.ch\/dei\/die-trennung-der-seelen\/","twitter_misc":{"Gesch\u00e4tzte Lesezeit":"8\u00a0Minuten"},"schema":{"@context":"https:\/\/schema.org","@graph":[{"@type":"WebPage","@id":"https:\/\/evol-forum.ch\/dei\/die-trennung-der-seelen\/","url":"https:\/\/evol-forum.ch\/dei\/die-trennung-der-seelen\/","name":"Die Trennung der Seelen - DEI-VERM\u00c4CHTNIS","isPartOf":{"@id":"https:\/\/evol-forum.ch\/dei\/#website"},"primaryImageOfPage":{"@id":"https:\/\/evol-forum.ch\/dei\/die-trennung-der-seelen\/#primaryimage"},"image":{"@id":"https:\/\/evol-forum.ch\/dei\/die-trennung-der-seelen\/#primaryimage"},"thumbnailUrl":"https:\/\/evol-forum.ch\/dei\/wp-content\/uploads\/sites\/2\/2013\/11\/IMG_Trennung_der_Seelen_sml.jpg","datePublished":"2013-11-19T14:29:36+00:00","dateModified":"2018-10-24T14:16:41+00:00","inLanguage":"de","potentialAction":[{"@type":"ReadAction","target":["https:\/\/evol-forum.ch\/dei\/die-trennung-der-seelen\/"]}]},{"@type":"ImageObject","inLanguage":"de","@id":"https:\/\/evol-forum.ch\/dei\/die-trennung-der-seelen\/#primaryimage","url":"https:\/\/evol-forum.ch\/dei\/wp-content\/uploads\/sites\/2\/2013\/11\/IMG_Trennung_der_Seelen_sml.jpg","contentUrl":"https:\/\/evol-forum.ch\/dei\/wp-content\/uploads\/sites\/2\/2013\/11\/IMG_Trennung_der_Seelen_sml.jpg","width":445,"height":325},{"@type":"WebSite","@id":"https:\/\/evol-forum.ch\/dei\/#website","url":"https:\/\/evol-forum.ch\/dei\/","name":"DEI-VERM\u00c4CHTNIS","description":"","potentialAction":[{"@type":"SearchAction","target":{"@type":"EntryPoint","urlTemplate":"https:\/\/evol-forum.ch\/dei\/?s={search_term_string}"},"query-input":{"@type":"PropertyValueSpecification","valueRequired":true,"valueName":"search_term_string"}}],"inLanguage":"de"}]}},"_links":{"self":[{"href":"https:\/\/evol-forum.ch\/dei\/wp-json\/wp\/v2\/pages\/26","targetHints":{"allow":["GET"]}}],"collection":[{"href":"https:\/\/evol-forum.ch\/dei\/wp-json\/wp\/v2\/pages"}],"about":[{"href":"https:\/\/evol-forum.ch\/dei\/wp-json\/wp\/v2\/types\/page"}],"author":[{"embeddable":true,"href":"https:\/\/evol-forum.ch\/dei\/wp-json\/wp\/v2\/users\/5"}],"replies":[{"embeddable":true,"href":"https:\/\/evol-forum.ch\/dei\/wp-json\/wp\/v2\/comments?post=26"}],"version-history":[{"count":3,"href":"https:\/\/evol-forum.ch\/dei\/wp-json\/wp\/v2\/pages\/26\/revisions"}],"predecessor-version":[{"id":627,"href":"https:\/\/evol-forum.ch\/dei\/wp-json\/wp\/v2\/pages\/26\/revisions\/627"}],"wp:attachment":[{"href":"https:\/\/evol-forum.ch\/dei\/wp-json\/wp\/v2\/media?parent=26"}],"curies":[{"name":"wp","href":"https:\/\/api.w.org\/{rel}","templated":true}]}}