{"id":27,"date":"2013-11-19T16:29:36","date_gmt":"2013-11-19T14:29:36","guid":{"rendered":"https:\/\/evol-forum.ch\/dei\/der-erloesungs-plan\/"},"modified":"2018-07-19T15:43:59","modified_gmt":"2018-07-19T13:43:59","slug":"der-erloesungs-plan","status":"publish","type":"page","link":"https:\/\/evol-forum.ch\/dei\/der-erloesungs-plan\/","title":{"rendered":"Der Erl\u00f6sungs-Plan"},"content":{"rendered":"<h1>Die Gottheit schuf die materiellen Welten<\/h1>\n<p>&nbsp;<\/p>\n<p><strong><span style=\"color: #333366;\">\/\/ 1 \/\/ Da ging einer also daran, weit ab von einem See oder Meer,\u00a0mitten auf einem trockenen Acker, ein riesiges Schiff zu bauen.<\/span><\/strong><\/p>\n<p>&nbsp;<\/p>\n<p><strong><span style=\"color: #333366;\">\/\/ 2 \/\/ \u201eNoah\u201d, verwunderten sich Bekannte, Freunde und Nachbarn,\u00a0\u201ewas zimmerst du da f\u00fcr ein monstr\u00f6ses Ding ohne Sinn und Zweck?<\/span><\/strong><\/p>\n<p>&nbsp;<\/p>\n<p><strong><span style=\"color: #333366;\">\/\/ 3 \/\/ Noahs Antwort war unglaublich, k\u00fchn und offensichtlich verr\u00fcckt:\u00a0\u201eEine Arche baue ich, damit die Menschheit gerettet werden kann.\u201d<\/span><\/strong><\/p>\n<p>&nbsp;<\/p>\n<p><strong><span style=\"color: #333366;\">\/\/ 4 \/\/ Die Erkenntnisse des n\u00e4chsten Kapitel m\u00f6gen Sie, liebe Leserin und lieber Leser,\u00a0\u00e4hnlich ersch\u00fcttern, wie Noahs Erkl\u00e4rungen damals seine Zeitgenossen.<\/span><\/strong><\/p>\n<p>&nbsp;<\/p>\n<p><strong><span style=\"color: #333366;\">\/\/ 5 \/\/ Im Kern lautet die Botschaft: Unsere materielle Welt ist eine \u201eArche\u201d, geschaffen,\u00a0um die Sch\u00f6pfung zu retten.<\/span><\/strong><\/p>\n<p>&nbsp;<\/p>\n<p><strong><span style=\"color: #333366;\">\/\/ 6 \/\/ Wenn wir diesen k\u00fchnen Gedanken durchdringen, k\u00f6nnen wir erstmals verstehen,\u00a0warum unsere Welt so zerrissen, so habgierig, so&#8230; sagen wir es ruhig: so gottlos erscheint.<\/span><\/strong><\/p>\n<p>&nbsp;<\/p>\n<p><strong><span style=\"color: #333366;\">\/\/ 7 \/\/ Gott wollte sie so nicht \u2013 es war eine Notl\u00f6sung!<\/span><\/strong><\/p>\n<p>&nbsp;<\/p>\n<p>&nbsp;<\/p>\n<p>&nbsp;<\/p>\n<p>&nbsp;<\/p>\n<p style=\"font: normal normal normal 12px\/normal Helvetica; margin: 0px;\"><span style=\"letter-spacing: 0px;\">Dies ist ein Auszug aus dem Buch\u00a0<a title=\"Buchbestellung DEI VERM\u00c4CHTNIS\" href=\"https:\/\/evol-forum.ch\/buecher-und-ebooks\/\" target=\"_blank\" rel=\"noopener\">DEI VERM\u00c4CHTNIS<\/a>.<\/span><\/p>\n<p>&nbsp;<\/p>\n","protected":false},"excerpt":{"rendered":"<p>Die Gottheit schuf die materiellen Welten &nbsp; \/\/ 1 \/\/ Da ging einer also daran, weit ab von einem See oder Meer,\u00a0mitten auf einem trockenen Acker, ein riesiges Schiff zu bauen. &nbsp; \/\/ 2 \/\/ \u201eNoah\u201d, verwunderten sich Bekannte, Freunde und Nachbarn,\u00a0\u201ewas zimmerst du da f\u00fcr ein monstr\u00f6ses Ding ohne Sinn und Zweck? &nbsp; \/\/ [&hellip;]<\/p>\n","protected":false},"author":5,"featured_media":0,"parent":0,"menu_order":500,"comment_status":"open","ping_status":"open","template":"","meta":{"_acf_changed":false,"_monsterinsights_skip_tracking":false,"_monsterinsights_sitenote_active":false,"_monsterinsights_sitenote_note":"","_monsterinsights_sitenote_category":0,"footnotes":""},"class_list":["post-27","page","type-page","status-publish","hentry"],"acf":[],"yoast_head":"<!-- This site is optimized with the Yoast SEO plugin v26.4 - https:\/\/yoast.com\/wordpress\/plugins\/seo\/ -->\n<title>Der Erl\u00f6sungs-Plan - DEI-VERM\u00c4CHTNIS<\/title>\n<meta name=\"robots\" content=\"index, follow, max-snippet:-1, max-image-preview:large, max-video-preview:-1\" \/>\n<link rel=\"canonical\" href=\"https:\/\/evol-forum.ch\/dei\/der-erloesungs-plan\/\" \/>\n<meta name=\"twitter:label1\" content=\"Gesch\u00e4tzte Lesezeit\" \/>\n\t<meta name=\"twitter:data1\" content=\"1\u00a0Minute\" \/>\n<script type=\"application\/ld+json\" class=\"yoast-schema-graph\">{\"@context\":\"https:\/\/schema.org\",\"@graph\":[{\"@type\":\"WebPage\",\"@id\":\"https:\/\/evol-forum.ch\/dei\/der-erloesungs-plan\/\",\"url\":\"https:\/\/evol-forum.ch\/dei\/der-erloesungs-plan\/\",\"name\":\"Der Erl\u00f6sungs-Plan - DEI-VERM\u00c4CHTNIS\",\"isPartOf\":{\"@id\":\"https:\/\/evol-forum.ch\/dei\/#website\"},\"datePublished\":\"2013-11-19T14:29:36+00:00\",\"dateModified\":\"2018-07-19T13:43:59+00:00\",\"inLanguage\":\"de\",\"potentialAction\":[{\"@type\":\"ReadAction\",\"target\":[\"https:\/\/evol-forum.ch\/dei\/der-erloesungs-plan\/\"]}]},{\"@type\":\"WebSite\",\"@id\":\"https:\/\/evol-forum.ch\/dei\/#website\",\"url\":\"https:\/\/evol-forum.ch\/dei\/\",\"name\":\"DEI-VERM\u00c4CHTNIS\",\"description\":\"\",\"potentialAction\":[{\"@type\":\"SearchAction\",\"target\":{\"@type\":\"EntryPoint\",\"urlTemplate\":\"https:\/\/evol-forum.ch\/dei\/?s={search_term_string}\"},\"query-input\":{\"@type\":\"PropertyValueSpecification\",\"valueRequired\":true,\"valueName\":\"search_term_string\"}}],\"inLanguage\":\"de\"}]}<\/script>\n<!-- \/ Yoast SEO plugin. -->","yoast_head_json":{"title":"Der Erl\u00f6sungs-Plan - DEI-VERM\u00c4CHTNIS","robots":{"index":"index","follow":"follow","max-snippet":"max-snippet:-1","max-image-preview":"max-image-preview:large","max-video-preview":"max-video-preview:-1"},"canonical":"https:\/\/evol-forum.ch\/dei\/der-erloesungs-plan\/","twitter_misc":{"Gesch\u00e4tzte Lesezeit":"1\u00a0Minute"},"schema":{"@context":"https:\/\/schema.org","@graph":[{"@type":"WebPage","@id":"https:\/\/evol-forum.ch\/dei\/der-erloesungs-plan\/","url":"https:\/\/evol-forum.ch\/dei\/der-erloesungs-plan\/","name":"Der Erl\u00f6sungs-Plan - DEI-VERM\u00c4CHTNIS","isPartOf":{"@id":"https:\/\/evol-forum.ch\/dei\/#website"},"datePublished":"2013-11-19T14:29:36+00:00","dateModified":"2018-07-19T13:43:59+00:00","inLanguage":"de","potentialAction":[{"@type":"ReadAction","target":["https:\/\/evol-forum.ch\/dei\/der-erloesungs-plan\/"]}]},{"@type":"WebSite","@id":"https:\/\/evol-forum.ch\/dei\/#website","url":"https:\/\/evol-forum.ch\/dei\/","name":"DEI-VERM\u00c4CHTNIS","description":"","potentialAction":[{"@type":"SearchAction","target":{"@type":"EntryPoint","urlTemplate":"https:\/\/evol-forum.ch\/dei\/?s={search_term_string}"},"query-input":{"@type":"PropertyValueSpecification","valueRequired":true,"valueName":"search_term_string"}}],"inLanguage":"de"}]}},"_links":{"self":[{"href":"https:\/\/evol-forum.ch\/dei\/wp-json\/wp\/v2\/pages\/27","targetHints":{"allow":["GET"]}}],"collection":[{"href":"https:\/\/evol-forum.ch\/dei\/wp-json\/wp\/v2\/pages"}],"about":[{"href":"https:\/\/evol-forum.ch\/dei\/wp-json\/wp\/v2\/types\/page"}],"author":[{"embeddable":true,"href":"https:\/\/evol-forum.ch\/dei\/wp-json\/wp\/v2\/users\/5"}],"replies":[{"embeddable":true,"href":"https:\/\/evol-forum.ch\/dei\/wp-json\/wp\/v2\/comments?post=27"}],"version-history":[{"count":3,"href":"https:\/\/evol-forum.ch\/dei\/wp-json\/wp\/v2\/pages\/27\/revisions"}],"predecessor-version":[{"id":628,"href":"https:\/\/evol-forum.ch\/dei\/wp-json\/wp\/v2\/pages\/27\/revisions\/628"}],"wp:attachment":[{"href":"https:\/\/evol-forum.ch\/dei\/wp-json\/wp\/v2\/media?parent=27"}],"curies":[{"name":"wp","href":"https:\/\/api.w.org\/{rel}","templated":true}]}}