{"id":28,"date":"2013-11-19T16:29:36","date_gmt":"2013-11-19T14:29:36","guid":{"rendered":"https:\/\/evol-forum.ch\/dei\/materielle-welten\/"},"modified":"2021-04-26T12:47:44","modified_gmt":"2021-04-26T10:47:44","slug":"materielle-welten","status":"publish","type":"page","link":"https:\/\/evol-forum.ch\/dei\/materielle-welten\/","title":{"rendered":"Materielle Welten"},"content":{"rendered":"<h1>Die gnadenvolle Sch\u00f6pfung der Materiellen Welten als Lebensraum f\u00fcr die abgewandten Wesen<\/h1>\n<p>&nbsp;<\/p>\n<p>Gott-Vater und Jesus Christus hatten schon lange vorher erkannt, was sich daraus entwickeln kann, wenn Haniel seinen Weg &#8211; weg von ihnen &#8211; weitergehen w\u00fcrde. Und weil der Eine in Allem ist, und das Licht ist, und Jesus die Sch\u00f6pferkraft und Erl\u00f6sung ist, geben sie keine ihrer Wesen oder Kinder dem Verderben oder dem Untergang preis. Sondern sie versuchen Einsichten zu erm\u00f6glichen und haben deshalb entsprechende Vorbereitungen getroffen.<\/p>\n<p>&nbsp;<\/p>\n<p>So kommen wir nun zur Materiellen Sch\u00f6pfung, zur materiellen Welt, unserem Weltall, damals als eine Art Parallel-Welt erschaffen aus der Gottheit, als neue Heimat f\u00fcr die entr\u00fcckten Seelen.<\/p>\n<p>&nbsp;<\/p>\n<p>Sie ist wie ein Ebenbild der Geistigen Welt, nur eben an Materie gebunden und viel grobstofflicher und in wesentlich tieferer Schwingung und Frequenz.<\/p>\n<p>&nbsp;<\/p>\n<p>Die Materielle Sch\u00f6pfung ist ebenso abh\u00e4ngig von der Geistigen Welt, denn sie kann \u00fcberhaupt nur existieren, weil die Geistige Welt die Grundlagen bildet und bereitstellt. Die Geistige Welt und die Materielle Welt sind also gar nicht so unterschiedlich, denn in der materiellen Welt kann nichts existieren, das es in der Geistigen Welt nicht gibt. Die Geistige Welt ist einfach geistiger, in viel h\u00f6heren Schwingungen und Ebenen, durchdrungen von Licht und Liebe.<\/p>\n<p>&nbsp;<\/p>\n<p>So unterliegen beide denselben g\u00f6ttlichen Gesetzm\u00e4\u00dfigkeiten und beide Welten haben die zw\u00f6lf Dimensionen, die f\u00fcnf Elemente und die f\u00fcnf Reiche, die wir nachfolgend gleich etwas genauer anschauen werden.<\/p>\n<p>&nbsp;<\/p>\n<p>Doch es gibt auch Unterschiede: So sind die Wesen in der geistigen Welt keinem Kreislauf von Leben und Tod unterworfen, und es gibt keine Krankheiten oder Mangel an irgendetwas. Dies sind alles Merkmale der verg\u00e4nglichen materiellen Sch\u00f6pfung.<\/p>\n<p>&nbsp;<\/p>\n<p>So machen wir uns nun zuerst ein Bild der Materiellen Welten und vergleichen Sch\u00f6pfungsberichte verschiedener Religionen und Kulturen, bevor wir den Erl\u00f6sungs-Plan entfalten, der uns allen aus der uferlosen Liebe der Gottheit offen steht&#8230;<\/p>\n<p>&nbsp;<\/p>\n<p>&nbsp;<\/p>\n<h2>Der Planet Erde<\/h2>\n<p>Bleiben wir auch bei der Erde zun\u00e4chst noch etwas bei der Definition und den Annahmen \u00fcber den Aufbau unseres \u201eWasser-Planeten\u201c. Die Erde hat durch (elektromagnetische) Eigengravitation &#8211; wie alle Planeten &#8211; ann\u00e4hernd die Form einer Kugel mit 12\u2018800 km Durchmesser.<\/p>\n<p>&nbsp;<\/p>\n<p><strong>Mutter Erde als lebendiges Wesen<\/strong><\/p>\n<p>Die Erde ist nicht nur ein gewaltiger dreiteiliger Organismus, sondern wirklich auch ein Lebewesen mit einer Art eigenem Bewusstsein, dem Erdbewusstsein, das direkt verwoben ist mit dem sogenannten Kollektivbewusstsein oder morphogenetischen Feld, wo sich alle Bewusstseine \u00fcberlagern (entspricht auch der Astralwelt).<\/p>\n<p>&nbsp;<\/p>\n<p>Wunder reiht sich an Wunder in der Sch\u00f6pfung &#8211; und der Natur von Mutter Erde &#8211; die uns in mehreren Ebenen umgibt. Ein g\u00f6ttlicher Organismus in unendlichen Symbiosen, ein Mikrokosmos im Makrokosmos, und alles materialisiert analog der geistigen Welten durch die g\u00f6ttliche Sch\u00f6pfung. Sei es durch das Licht, das uns belebt, die Luft die wir atmen, das Wasser das wir trinken, die Nahrungsmittel die wir essen; ohne diese organischen Voraussetzungen w\u00fcrde kein Lebewesen \u00fcberleben k\u00f6nnen. Die Urv\u00f6lker hatten noch die richtige Verbindung und Einstellung und ehrten Mutter Erde mit ihrer Liebe und ihrem Respekt, weil sie das Leben erm\u00f6glicht und erh\u00e4lt. Wir westlichen Menschen hingegen f\u00fchren uns auf, als seien wir allwissend.. Wir beuten die Erde zerst\u00f6rend aus f\u00fcr materiellen Reichtum und betrachten das Mineralien-Reich und das Pflanzen-Reich als tote Materie. In unseren Volksschulen und Hochschulen werden noch viele Halbwahrheiten zum Leben und seinem Ursprung vermittelt, deklariert als Wissen oder Wissenschaft. Allen voran die Darwin-Theorie, die &#8211; nur weil sie die Zelle als kleinstes Bauelement alles Organischen zur Ursache deklariert hat \u2013 behauptet, alle Lebewesen seien aus einem Einzeller entstanden. Die Darwin Theorie an sich ist nicht falsch, wenn sie zum besseren Verst\u00e4ndnis f\u00fcr einzelne Entwicklungsstufen innerhalb der Evolution herangezogen wird, sie kann jedoch nicht als Sch\u00f6pfungskonzept an sich bestehen. Es gibt keine zuf\u00e4llige Evolution, wo sich Einzeller aus der Ursuppe an Land verirrten und sich die einen spontan und sch\u00f6pferisch entschieden, Pflanzen oder Tiere zu werden und wieder andere sich dazu entschlossen, Menschen zu werden. Genauso wenig ist es Zufall, dass in jedem Samen einer Pflanze bereits die ganzen Informationen gespeichert sind, die eine fertige Pflanze ihrer Gattung ausmachen; in einer Eichel ist also die gesamte Information f\u00fcr eine Eiche vorhanden und es kann unm\u00f6glich eine Linde aus diesem Samen erwachsen. Und im Samen eines Menschen ist bereits genau enthalten, durch welche Zellteilungen sich welche Organe und welcher Mensch entwickeln wird. Das ist kein Zufall sondern g\u00f6ttliche Sch\u00f6pfung innerhalb bestimmter Naturgesetze der g\u00f6ttlichen Ordnung!<\/p>\n<p>&nbsp;<\/p>\n<p>Die Erde, dieser wundersch\u00f6ne Planet mit seiner Vielfalt an Landschaften, Pflanzen, Tieren und Menschen, ist ein besonderer Ort. Wer mit dem Herzen schaut, muss schon in seinem Inneren die Unm\u00f6glichkeit dessen erkennen, dass sich alle Arten und Wesen, Tiere und Menschen aus zuf\u00e4lligen Zellteilungen entwickelt haben. Denn es ist ja nichts anderes, als materialisierte Form aus der geistigen Welt, also das pure Gegenteil von zuf\u00e4lliger Zellteilung&#8230; Hier wurde nichts &#8211; aber auch gar nichts &#8211; dem Zufall \u00fcberlassen. Alles ist wunderbare, lichtvolle, g\u00f6ttliche Sch\u00f6pfung, doch wir leben \u201ein Unwissen abgetrennt\u201c und isolieren und sch\u00fctzen uns immer mehr vor unserer \u201efeindlichen\u201c Umwelt. Wir m\u00fcssen endlich wieder ein anderes Bewusstsein gegen\u00fcber Mutter Erde entwickeln, denn wir k\u00f6nnen weder Geld atmen, Macht trinken, noch Maschinen essen. Wir brauchen die Erde mit ihren nat\u00fcrlichen Ressourcen und d\u00fcrfen diese nicht dem Gewinn der Technik und der Industrialisierung opfern. Die Erde braucht uns Menschen nicht, wir brauchen sie!<\/p>\n<p>&nbsp;<\/p>\n<p>Auch ein Teil der immer h\u00e4ufiger auftretenden sogenannten Naturkatastrophen hat seine Ursachen in unserem industriegepr\u00e4gten Verhalten der Neuzeit. Wie wir z.B. den Regenwald f\u00e4llen, die Meere verseuchen, das Weltklima durch Emissionen verschiedenster Art ver\u00e4ndern (mit Temperaturerh\u00f6hungen bis hin zur Polschmelze), oder Erd\u00f6l (Schmiermittel f\u00fcr die Kontinentalplatten und Gesteinsformationen) aus der Erde und den Meeren pumpen, um es in unseren Motoren zu verbrennen. Durch die Erd\u00f6lf\u00f6rderung werden riesige Hohlr\u00e4ume zur\u00fcckgelassen, die der Reibung der Kontinental-Platten nicht mehr widerstehen k\u00f6nnen und wiederum geh\u00e4ufte Erdbeben und Vulkanausbr\u00fcche verursachen. Lasst uns der Erde in dieser besonderen Zeit nun auch wieder besonders Acht und Schutz geben&#8230;.<\/p>\n<p>&nbsp;<\/p>\n<p>Wir m\u00fcssen uns dessen bewusst sein, dass die Erde nicht einfach ein Erdklumpen ist, sondern ein Feuerball, auf dem erkaltete Au\u00dfenschichten als Kontinente liegen.\u00a0Diese Erdkrusten sind mit maximal 40 km und damit gar nicht so dick wie man allgemeinhin annimmt&#8230;<\/p>\n<p>&nbsp;<\/p>\n<p>&nbsp;<\/p>\n<p>&nbsp;<\/p>\n<p>&nbsp;<\/p>\n<p style=\"font: normal normal normal 12px\/normal Helvetica; margin: 0px;\"><span style=\"letter-spacing: 0px;\">Dies ist ein Auszug aus dem Buch\u00a0<a title=\"Buchbestellung DEI VERM\u00c4CHTNIS\" href=\"https:\/\/evol-forum.ch\/buecher-und-ebooks\/\" target=\"_blank\" rel=\"noopener noreferrer\">DEI VERM\u00c4CHTNIS<\/a>.<\/span><\/p>\n<p>&nbsp;<\/p>\n","protected":false},"excerpt":{"rendered":"<p>Die gnadenvolle Sch\u00f6pfung der Materiellen Welten als Lebensraum f\u00fcr die abgewandten Wesen &nbsp; Gott-Vater und Jesus Christus hatten schon lange vorher erkannt, was sich daraus entwickeln kann, wenn Haniel seinen Weg &#8211; weg von ihnen &#8211; weitergehen w\u00fcrde. Und weil der Eine in Allem ist, und das Licht ist, und Jesus die Sch\u00f6pferkraft und Erl\u00f6sung [&hellip;]<\/p>\n","protected":false},"author":5,"featured_media":0,"parent":0,"menu_order":501,"comment_status":"open","ping_status":"open","template":"","meta":{"_acf_changed":false,"_monsterinsights_skip_tracking":false,"_monsterinsights_sitenote_active":false,"_monsterinsights_sitenote_note":"","_monsterinsights_sitenote_category":0,"footnotes":""},"class_list":["post-28","page","type-page","status-publish","hentry"],"acf":[],"yoast_head":"<!-- This site is optimized with the Yoast SEO plugin v26.4 - https:\/\/yoast.com\/wordpress\/plugins\/seo\/ -->\n<title>Materielle Welten - DEI-VERM\u00c4CHTNIS<\/title>\n<meta name=\"robots\" content=\"index, follow, max-snippet:-1, max-image-preview:large, max-video-preview:-1\" \/>\n<link rel=\"canonical\" href=\"https:\/\/evol-forum.ch\/dei\/materielle-welten\/\" \/>\n<meta name=\"twitter:label1\" content=\"Gesch\u00e4tzte Lesezeit\" \/>\n\t<meta name=\"twitter:data1\" content=\"6\u00a0Minuten\" \/>\n<script type=\"application\/ld+json\" class=\"yoast-schema-graph\">{\"@context\":\"https:\/\/schema.org\",\"@graph\":[{\"@type\":\"WebPage\",\"@id\":\"https:\/\/evol-forum.ch\/dei\/materielle-welten\/\",\"url\":\"https:\/\/evol-forum.ch\/dei\/materielle-welten\/\",\"name\":\"Materielle Welten - DEI-VERM\u00c4CHTNIS\",\"isPartOf\":{\"@id\":\"https:\/\/evol-forum.ch\/dei\/#website\"},\"datePublished\":\"2013-11-19T14:29:36+00:00\",\"dateModified\":\"2021-04-26T10:47:44+00:00\",\"inLanguage\":\"de\",\"potentialAction\":[{\"@type\":\"ReadAction\",\"target\":[\"https:\/\/evol-forum.ch\/dei\/materielle-welten\/\"]}]},{\"@type\":\"WebSite\",\"@id\":\"https:\/\/evol-forum.ch\/dei\/#website\",\"url\":\"https:\/\/evol-forum.ch\/dei\/\",\"name\":\"DEI-VERM\u00c4CHTNIS\",\"description\":\"\",\"potentialAction\":[{\"@type\":\"SearchAction\",\"target\":{\"@type\":\"EntryPoint\",\"urlTemplate\":\"https:\/\/evol-forum.ch\/dei\/?s={search_term_string}\"},\"query-input\":{\"@type\":\"PropertyValueSpecification\",\"valueRequired\":true,\"valueName\":\"search_term_string\"}}],\"inLanguage\":\"de\"}]}<\/script>\n<!-- \/ Yoast SEO plugin. -->","yoast_head_json":{"title":"Materielle Welten - DEI-VERM\u00c4CHTNIS","robots":{"index":"index","follow":"follow","max-snippet":"max-snippet:-1","max-image-preview":"max-image-preview:large","max-video-preview":"max-video-preview:-1"},"canonical":"https:\/\/evol-forum.ch\/dei\/materielle-welten\/","twitter_misc":{"Gesch\u00e4tzte Lesezeit":"6\u00a0Minuten"},"schema":{"@context":"https:\/\/schema.org","@graph":[{"@type":"WebPage","@id":"https:\/\/evol-forum.ch\/dei\/materielle-welten\/","url":"https:\/\/evol-forum.ch\/dei\/materielle-welten\/","name":"Materielle Welten - DEI-VERM\u00c4CHTNIS","isPartOf":{"@id":"https:\/\/evol-forum.ch\/dei\/#website"},"datePublished":"2013-11-19T14:29:36+00:00","dateModified":"2021-04-26T10:47:44+00:00","inLanguage":"de","potentialAction":[{"@type":"ReadAction","target":["https:\/\/evol-forum.ch\/dei\/materielle-welten\/"]}]},{"@type":"WebSite","@id":"https:\/\/evol-forum.ch\/dei\/#website","url":"https:\/\/evol-forum.ch\/dei\/","name":"DEI-VERM\u00c4CHTNIS","description":"","potentialAction":[{"@type":"SearchAction","target":{"@type":"EntryPoint","urlTemplate":"https:\/\/evol-forum.ch\/dei\/?s={search_term_string}"},"query-input":{"@type":"PropertyValueSpecification","valueRequired":true,"valueName":"search_term_string"}}],"inLanguage":"de"}]}},"_links":{"self":[{"href":"https:\/\/evol-forum.ch\/dei\/wp-json\/wp\/v2\/pages\/28","targetHints":{"allow":["GET"]}}],"collection":[{"href":"https:\/\/evol-forum.ch\/dei\/wp-json\/wp\/v2\/pages"}],"about":[{"href":"https:\/\/evol-forum.ch\/dei\/wp-json\/wp\/v2\/types\/page"}],"author":[{"embeddable":true,"href":"https:\/\/evol-forum.ch\/dei\/wp-json\/wp\/v2\/users\/5"}],"replies":[{"embeddable":true,"href":"https:\/\/evol-forum.ch\/dei\/wp-json\/wp\/v2\/comments?post=28"}],"version-history":[{"count":6,"href":"https:\/\/evol-forum.ch\/dei\/wp-json\/wp\/v2\/pages\/28\/revisions"}],"predecessor-version":[{"id":696,"href":"https:\/\/evol-forum.ch\/dei\/wp-json\/wp\/v2\/pages\/28\/revisions\/696"}],"wp:attachment":[{"href":"https:\/\/evol-forum.ch\/dei\/wp-json\/wp\/v2\/media?parent=28"}],"curies":[{"name":"wp","href":"https:\/\/api.w.org\/{rel}","templated":true}]}}