{"id":29,"date":"2013-11-19T16:29:37","date_gmt":"2013-11-19T14:29:37","guid":{"rendered":"https:\/\/evol-forum.ch\/dei\/erloesungs-plan\/"},"modified":"2018-07-19T15:45:26","modified_gmt":"2018-07-19T13:45:26","slug":"erloesungs-plan","status":"publish","type":"page","link":"https:\/\/evol-forum.ch\/dei\/erloesungs-plan\/","title":{"rendered":"Erl\u00f6sungs-Plan"},"content":{"rendered":"<h1>Der\u00a0Erl\u00f6sungs-Plan f\u00fcr alle Wesen<\/h1>\n<p>Nun war also die Sch\u00f6pfung der Materiellen Welten erbracht als neue (doch viel tiefer schwingende) Heimat f\u00fcr die abgewandten Seelen. Doch zum Zeitpunkt der Trennung der Wesen (siehe Seite 120 ?), wusste noch niemand, dass die Gottheit aus sich eine Art Parallel-Welt erschaffen hatte, falls eintreten sollte, dass sich die abgewandten Wesen soweit entfernen, dass eine Trennung der Seelen notwendig w\u00fcrde, um die anderen zu sch\u00fctzen und zu bewahren. Und es wurde notwendig und diese Wesen wurden entr\u00fcckt&#8230;<\/p>\n<p>&nbsp;<\/p>\n<p>Die g\u00f6ttliche Familie h\u00e4tte nun eigentlich gl\u00fccklich und zufrieden in der geistigen Sch\u00f6pfung weiterleben k\u00f6nnen, mit allen ihr zugewandten Seelen und alle abgewandten Wesen ihrem eigenen Weg und selbstgew\u00e4hlten Schicksal \u00fcberlassen. Es war ja schon \u00fcberaus gnadenvoll und liebevoll, f\u00fcr all diese Wesen eigens eine neue Heimat-Arche zu erschaffen, wo sie ihren abgewandten Weg und ihre Erfahrungen weiterf\u00fchren konnten. Doch wie wir sehen werden, war dieser Weg ausgeschlossen, denn die DEI sind das ewige Licht, die ewige Liebe, der ewige Glaube, die ewige Weisheit&#8230;.und die ewige Vergebung. So war die Entr\u00fcckung dieser Seelen aus den Geistigen in die Materiellen Welten gleichzeitig der erste Schritt in die Erl\u00f6sung. Und so wird als Erl\u00f6suns-Plan grunds\u00e4tzlich umschrieben, was die Gottheit aus Liebe erschaffen hat und tut, um die abgewandten Seelen wieder nach Hause zu f\u00fchren.<\/p>\n<p>&nbsp;<\/p>\n<p>&nbsp;<\/p>\n<h2>Der Erl\u00f6sungs-Plan\u00a0f\u00fcr alle Wesen der Gottes-Rassen<\/h2>\n<p><strong>Der 1. und gr\u00f6\u00dfte Gnadenakt war\u00a0die Erschaffung der materiellen Welten und Dimensionen f\u00fcr die Abgewandten&#8230;<\/strong><\/p>\n<p><strong>\u00a0<\/strong><\/p>\n<p>&nbsp;<\/p>\n<p><strong>Der 2. Gnadenakt war die\u00a0Entsendung der gro\u00dfen Propheten, die ihnen das verlorene Wissen zur\u00fcckbrachten&#8230;\u00a0Diese werden Sie im n\u00e4chsten Kapitel \u201eDie Religionen\u201c n\u00e4her kennenlernen<\/strong><\/p>\n<p>&nbsp;<\/p>\n<p><strong>\u00a0<\/strong><\/p>\n<p>&nbsp;<\/p>\n<p><strong>Der 3. und ergreifendste Gnadenakt war,\u00a0dass Jesus Christus Eioua\u00a0&#8211; der Sohn-Aspekt der Gottheit &#8211;\u00a0auf Erden inkarnierte und viel mehr getan und hinterlassen hat,\u00a0als das Neue Testament der Liebe&#8230;\u00a0Dar\u00fcber erfahren Sie mehr im Kapitel bei der \u201eNiederkunft Christi auf Erden\u201c<\/strong><\/p>\n<p>&nbsp;<\/p>\n<p><strong>\u00a0<\/strong><\/p>\n<p><strong>Der 4. Gnadenakt beinhaltet die Versuche, die Gottes-Rassen in verschiedenen Ebenen zu vereinen und\u00a0gemeinsam aufsteigen zu lassen&#8230;\u00a0Es gab mehrere Versuche, doch vor allem vier sind wesentlich f\u00fcr uns Menschen auf Erden. Diese werden f\u00fcr Sie im Kapitel \u201eKampf um die Seelen\u201c zusammengefasst.<\/strong><\/p>\n<p>&nbsp;<\/p>\n<p>&nbsp;<\/p>\n<p>Ziel aller Erl\u00f6sungs-Pl\u00e4ne und Versuche &#8211; die zusammen den Erl\u00f6sungs-Plan Christi bilden &#8211; ist demzufolge, stufenweise alle abgewandten Wesen wieder in die Geistige Welt zur\u00fcckzuf\u00fchren.<\/p>\n<p>&nbsp;<\/p>\n<p>Dies ist ein gewaltiges Unterfangen, das wir im Menschsein gar nicht erfassen k\u00f6nnen. Es geht darum, die ganze materielle Sch\u00f6pfung und alle Lebewesen darin stufenweise zu erheben, bis sie \u00fcber die 12. Dimension hinaus dann \u201enach Hause\u201c in die Geistige Welt gelangen.<\/p>\n<p>&nbsp;<\/p>\n<p>Doch daf\u00fcr muss zuerst ein klares und reines Bild bestehen von dem, was wir sind, weshalb wir hier sind, was wir als Menschen tun im Hier und Jetzt und welche M\u00f6glichkeiten und Wege uns offenstehen.<\/p>\n<p>&nbsp;<\/p>\n<p>Denn alle Wesen, die sich in den materiellen Welten und Ebenen befinden, haben auf irgendeine Art und Weise mit der Trennung der Seelen zu tun. Entweder waren wir sozusagen bei den Abgewandten oder Unentschlossenen, die damals entr\u00fcckt wurden, oder wir sind sp\u00e4ter aus den Geistigen Welten in die Materiellen Welten inkarniert, um materielle Erfahrungen zu machen oder um helfend zu dienen.<\/p>\n<p>&nbsp;<\/p>\n<p>Deshalb gilt es nun, bestimmte g\u00f6ttliche Wahrheiten zu kennen und anzuerkennen&#8230;<\/p>\n<p>&nbsp;<\/p>\n<p>&nbsp;<\/p>\n<h2>G\u00f6ttliche Wahrheiten<\/h2>\n<h2>werden die Manipulation der Menschen l\u00f6sen<\/h2>\n<p>So ist es wichtig, dass wir uns 7 g\u00f6ttliche Wahrheiten \u00fcber unser Sein einmal einfach und unverf\u00e4lscht vor Augen f\u00fchren, denn nur so erkennen wir, wer wir sind und welche Ausgangslange geschaffen werden sollte, um unseren \u201eeigenen Weg\u201c zu gehen. Wir sollten auch ein klares Bild haben von dem, was uns erhebt und erl\u00f6st, sowie von dem, was uns l\u00e4hmt und bindet. Denn Manipulation (Halbwahrheiten sowie geistige und materielle Eingriffe) k\u00f6nnen nur durch geistiges Erkennen und\/oder umfassende Informationen aufgel\u00f6st werden. Und so k\u00f6nnen wir dann erfassen, was der eigentliche Sinn und Zweck unseres Daseins ist, denn das ist die Voraussetzung und bildet die Grundlage f\u00fcr unser Erkennen und unsere Entwicklung.<\/p>\n<p>&nbsp;<\/p>\n<p><strong>1. Es gibt nur eine ewig liebende Gottheit (und keinen strafenden richtenden Gott)!<br \/>\n<\/strong>Es ist nur die ewige Liebe und das ewige Leben der DEI, die alle Erfahrungen erm\u00f6glichen, die wir als Gottesgesch\u00f6pfe machen m\u00f6chten. Wenn wir von richten sprechen, erfolgt dieses nicht von au\u00dfen, sondern wir sind vielmehr unser eigenes Gericht,, dadurch, dass wir uns abgewandt und wie wir gehandelt haben. Wir haben den freien Willen, setzen durch unsere Taten die Ursachen und ernten die Auswirkungen daraus, die wir dann selbst tragen, ob sie gut sind oder schlecht.<\/p>\n<p>&nbsp;<\/p>\n<p><strong>2. Die Gottheit w\u00fcnscht sich nichts mehr, und wirkt best\u00e4ndig daf\u00fcr, dass alle g\u00f6ttlichen Wesen wieder vereint werden in den Geistigen Welten!<br \/>\n<\/strong>Und viel hat die g\u00f6ttliche Familie immer wieder unternommen, um uns Menschen zu lehren und zu f\u00fchren. Denn die Gottheit w\u00fcnscht sich nichts sehnlicher, deshalb gew\u00e4hrt sie uns immer wieder M\u00f6glichkeiten der Einsicht und R\u00fcckkehr.\u00a0Daf\u00fcr wirkt sie \u00fcber die g\u00f6ttliche Hierarchie bis heute &#8211; f\u00fcr uns alle &#8211; mit Licht &amp; Liebe, Kraft und Glaube.<\/p>\n<p>&nbsp;<\/p>\n<p><strong>3. Unsere Geschichte auf Erden geht viel weiter zur\u00fcck als bisher erfasst wurde,\u00a0und es ist keine zuf\u00e4llige Evolution!<br \/>\n<\/strong>Wir wissen so wenig \u00fcber unsere Geschichte als Menschheit, denn unsere schulwissenschaftliche, jedoch offizielle Geschichtsschreibung beginnt erst rund 3000 v. C. mit den Sumerern und der ersten Hochkultur der \u00c4gypter. Auch die heiligen Schriften der Weltreligionen beginnen in der Regel in diesem Zeitabschnitt, doch davor gab es schon mindestens zwei Hochkulturen auf der Erde, die Lemurische und die Atlantische (siehe Band I \u201eGIZA VERM\u00c4CHTNIS\u201c).<\/p>\n<p>&nbsp;<\/p>\n<p>Wir stammen nicht vom Affen ab und bewegen uns in einer Sch\u00f6pfung aus Geist und Materie. Die Darwin-Theorie mit dem einen urspr\u00fcnglichen Einzeller, der aus dem Urmeer an Land kroch und sich dann zu verschiedensten Lebewesen entwickelt hat, trifft so nicht zu. Doch sie erkl\u00e4rt einzelne Entwicklungsschritte auf Erden sehr gut. Unser Planet ist sozusagen nur eine Zwischenstation zu unserem eigentlichen Sein in der Geistigen Welt. Dies zeigen auch die B\u00fccher der Genesis der verschiedenen Welt-Religionen, die alle einstimmig von einer Sch\u00f6pfer-Gottheit ausgehen. Sie bieten uns verschiedene Aspekte und M\u00f6glichkeiten auf diesem Weg, und wenn wir nun die Weltreligionen vergleichen, erkennen wir erstaunliche \u00dcbereinstimmungen.<\/p>\n<p>&nbsp;<\/p>\n<p><strong>4. Unsere geistige Geschichte geht auf die Sch\u00f6pfung und die 7 Erzengel-Duale als Urv\u00e4ter und Urm\u00fctter zur\u00fcck!<br \/>\n<\/strong>Auch \u00fcber unsere geistige Geschichte und unseren geistigen Weg ist uns zuwenig bekannt. Doch ich hoffe, dass die Erkl\u00e4rungen bei den sieben Erzengel-Dualen und den sieben Gottes-Rassen (S. ??) helfen, unsere Herkunft zu erkennen. Einiges zu unserer geistigen Geschichte finden wir in den Schriften der Weltreligionen, so ist z.B. die \u00dcberlieferung von Adam und Eva einer der Versuche gewesen, die abgewandten Wesen auf \u201edirekterem Weg\u201c wieder Heim zu f\u00fchren (und nicht zu ver-f\u00fchren). Der Kern dieser Geschichte hat mit der heutigen \u00dcberlieferung nicht viel gemeinsam, denn die strenge Bibel des AT und die Erl\u00f6sungsschriften des NT wurde von den vatikanischen Konzilen zig mal \u201eangepasst\u201c an die jeweiligen \u201eSichtweisen und Ziele\u201c der Machthabenden (fast immer M\u00e4nner). Machen Sie sich ein eigenes Bild.<\/p>\n<p>&nbsp;<\/p>\n<p><strong>5. Jedem Wesen steht es offen\u00a0den inneren Weg zu gehen\u00a0und die Materie zu \u00fcberwinden!<br \/>\n<\/strong>So gibt es den konkreten Weg, den jedes Wesen in und aus sich antreten kann. Dieser individuelle Weg steht uns allen jederzeit offen. Es geht darum, sich selbst als geistiges Wesen in Verbindung mit der Gottheit zu erkennen und anzunehmen. Dann folgt man dem Weg der Liebe und inneren F\u00fchrung und findet so als Seele zur Gottheit zur\u00fcck. Zuerst geistig und liebevoll in sich, und dann &#8211; wenn es soweit ist &#8211; im kollektiven Aufstieg der Seelen.<\/p>\n<p>&nbsp;<\/p>\n<p><strong>6. Wir sind selbstverantwortliche Lichtwesen auf unserem eigenen Seelenweg!<br \/>\n<\/strong>Die M\u00f6glichkeit oder das Ziel w\u00e4re also f\u00fcr uns, dass wir wieder einen geistigen Schritt tun und aufsteigen.\u00a0Es ist zwar nicht so einfach und wir m\u00fcssen selbst auch etwas daf\u00fcr geben, doch ist es nicht an sich schon wunderbar, dass dies hier und jetzt f\u00fcr uns alle noch m\u00f6glich ist?\u00a0Es passiert jedoch nicht einfach von selbst. Bei aller \u201eHilfestellung\u201c die uns aus der Geistigen Welt zuteil wird, m\u00fcssen wir, jeder f\u00fcr sich, selbst\u00e4ndig und selbstverantwortlich erkennen, denken und handeln, denn nur wenn wir dies selbst wollen und tun, wird es auch m\u00f6glich.\u00a0Der freie Wille wird unter allen Umst\u00e4nden gewahrt, zumindest von der lichtvollen Seite. Die andere Seite dagegen, versucht so ziemlich alles, um uns auf dieser Ebene zu beeinflussen. Doch wenn wir wissen wie sie dies tut, verliert sie ihre Macht \u00fcber uns.<\/p>\n<p>&nbsp;<\/p>\n<p><strong>7. Die Liebe ist der Schl\u00fcssel\u00a0zu Allem was ist und lebt!<\/strong><br \/>\nUnd so ist dies auch das &#8211; sagen wir &#8211; Ziel des Menschen, dass er nicht reglos abgewandt bleibt, sondern sich dem Licht des Vaters und der Liebe der Mutter zuwendet und sich so &#8211; begeben aus dem Herzen und der Seele &#8211; wieder verbindet und die Liebe und Licht in sich reflektiert.\u00a0So kann der Segen der Erl\u00f6sung empfangen werden, denn die Erl\u00f6sungskraft der Liebe (aus dem Sohn) und der Glaubensweisheit (aus der Tochter) sind unendlich. Und deshalb lohnt sich der \u201esteinige kurze Weg\u201c, um sich danach ewig im Licht und in der Liebe weiter zu erfahren. Wir haben als Menschen einen gewaltigen \u201eHandlungsspielraum\u201c durch unseren g\u00f6ttlichen Lebensfunken, unseren freien Willen und durch g\u00f6ttliche Wahrheiten&#8230;<\/p>\n<p>&nbsp;<\/p>\n<p>&nbsp;<\/p>\n<p>&nbsp;<\/p>\n<p>&nbsp;<\/p>\n<p style=\"font: normal normal normal 12px\/normal Helvetica; margin: 0px;\"><span style=\"letter-spacing: 0px;\">Dies ist ein Auszug aus dem Buch\u00a0<a title=\"Buchbestellung DEI VERM\u00c4CHTNIS\" href=\"https:\/\/evol-forum.ch\/buecher-und-ebooks\/\" target=\"_blank\" rel=\"noopener\">DEI VERM\u00c4CHTNIS<\/a>.<\/span><\/p>\n<p>&nbsp;<\/p>\n","protected":false},"excerpt":{"rendered":"<p>Der\u00a0Erl\u00f6sungs-Plan f\u00fcr alle Wesen Nun war also die Sch\u00f6pfung der Materiellen Welten erbracht als neue (doch viel tiefer schwingende) Heimat f\u00fcr die abgewandten Seelen. Doch zum Zeitpunkt der Trennung der Wesen (siehe Seite 120 ?), wusste noch niemand, dass die Gottheit aus sich eine Art Parallel-Welt erschaffen hatte, falls eintreten sollte, dass sich die abgewandten [&hellip;]<\/p>\n","protected":false},"author":5,"featured_media":0,"parent":0,"menu_order":502,"comment_status":"open","ping_status":"open","template":"","meta":{"_acf_changed":false,"_monsterinsights_skip_tracking":false,"_monsterinsights_sitenote_active":false,"_monsterinsights_sitenote_note":"","_monsterinsights_sitenote_category":0,"footnotes":""},"class_list":["post-29","page","type-page","status-publish","hentry"],"acf":[],"yoast_head":"<!-- This site is optimized with the Yoast SEO plugin v26.4 - https:\/\/yoast.com\/wordpress\/plugins\/seo\/ -->\n<title>Erl\u00f6sungs-Plan - DEI-VERM\u00c4CHTNIS<\/title>\n<meta name=\"robots\" content=\"index, follow, max-snippet:-1, max-image-preview:large, max-video-preview:-1\" \/>\n<link rel=\"canonical\" href=\"https:\/\/evol-forum.ch\/dei\/erloesungs-plan\/\" \/>\n<meta name=\"twitter:label1\" content=\"Gesch\u00e4tzte Lesezeit\" \/>\n\t<meta name=\"twitter:data1\" content=\"8\u00a0Minuten\" \/>\n<script type=\"application\/ld+json\" class=\"yoast-schema-graph\">{\"@context\":\"https:\/\/schema.org\",\"@graph\":[{\"@type\":\"WebPage\",\"@id\":\"https:\/\/evol-forum.ch\/dei\/erloesungs-plan\/\",\"url\":\"https:\/\/evol-forum.ch\/dei\/erloesungs-plan\/\",\"name\":\"Erl\u00f6sungs-Plan - DEI-VERM\u00c4CHTNIS\",\"isPartOf\":{\"@id\":\"https:\/\/evol-forum.ch\/dei\/#website\"},\"datePublished\":\"2013-11-19T14:29:37+00:00\",\"dateModified\":\"2018-07-19T13:45:26+00:00\",\"inLanguage\":\"de\",\"potentialAction\":[{\"@type\":\"ReadAction\",\"target\":[\"https:\/\/evol-forum.ch\/dei\/erloesungs-plan\/\"]}]},{\"@type\":\"WebSite\",\"@id\":\"https:\/\/evol-forum.ch\/dei\/#website\",\"url\":\"https:\/\/evol-forum.ch\/dei\/\",\"name\":\"DEI-VERM\u00c4CHTNIS\",\"description\":\"\",\"potentialAction\":[{\"@type\":\"SearchAction\",\"target\":{\"@type\":\"EntryPoint\",\"urlTemplate\":\"https:\/\/evol-forum.ch\/dei\/?s={search_term_string}\"},\"query-input\":{\"@type\":\"PropertyValueSpecification\",\"valueRequired\":true,\"valueName\":\"search_term_string\"}}],\"inLanguage\":\"de\"}]}<\/script>\n<!-- \/ Yoast SEO plugin. -->","yoast_head_json":{"title":"Erl\u00f6sungs-Plan - DEI-VERM\u00c4CHTNIS","robots":{"index":"index","follow":"follow","max-snippet":"max-snippet:-1","max-image-preview":"max-image-preview:large","max-video-preview":"max-video-preview:-1"},"canonical":"https:\/\/evol-forum.ch\/dei\/erloesungs-plan\/","twitter_misc":{"Gesch\u00e4tzte Lesezeit":"8\u00a0Minuten"},"schema":{"@context":"https:\/\/schema.org","@graph":[{"@type":"WebPage","@id":"https:\/\/evol-forum.ch\/dei\/erloesungs-plan\/","url":"https:\/\/evol-forum.ch\/dei\/erloesungs-plan\/","name":"Erl\u00f6sungs-Plan - DEI-VERM\u00c4CHTNIS","isPartOf":{"@id":"https:\/\/evol-forum.ch\/dei\/#website"},"datePublished":"2013-11-19T14:29:37+00:00","dateModified":"2018-07-19T13:45:26+00:00","inLanguage":"de","potentialAction":[{"@type":"ReadAction","target":["https:\/\/evol-forum.ch\/dei\/erloesungs-plan\/"]}]},{"@type":"WebSite","@id":"https:\/\/evol-forum.ch\/dei\/#website","url":"https:\/\/evol-forum.ch\/dei\/","name":"DEI-VERM\u00c4CHTNIS","description":"","potentialAction":[{"@type":"SearchAction","target":{"@type":"EntryPoint","urlTemplate":"https:\/\/evol-forum.ch\/dei\/?s={search_term_string}"},"query-input":{"@type":"PropertyValueSpecification","valueRequired":true,"valueName":"search_term_string"}}],"inLanguage":"de"}]}},"_links":{"self":[{"href":"https:\/\/evol-forum.ch\/dei\/wp-json\/wp\/v2\/pages\/29","targetHints":{"allow":["GET"]}}],"collection":[{"href":"https:\/\/evol-forum.ch\/dei\/wp-json\/wp\/v2\/pages"}],"about":[{"href":"https:\/\/evol-forum.ch\/dei\/wp-json\/wp\/v2\/types\/page"}],"author":[{"embeddable":true,"href":"https:\/\/evol-forum.ch\/dei\/wp-json\/wp\/v2\/users\/5"}],"replies":[{"embeddable":true,"href":"https:\/\/evol-forum.ch\/dei\/wp-json\/wp\/v2\/comments?post=29"}],"version-history":[{"count":3,"href":"https:\/\/evol-forum.ch\/dei\/wp-json\/wp\/v2\/pages\/29\/revisions"}],"predecessor-version":[{"id":638,"href":"https:\/\/evol-forum.ch\/dei\/wp-json\/wp\/v2\/pages\/29\/revisions\/638"}],"wp:attachment":[{"href":"https:\/\/evol-forum.ch\/dei\/wp-json\/wp\/v2\/media?parent=29"}],"curies":[{"name":"wp","href":"https:\/\/api.w.org\/{rel}","templated":true}]}}