{"id":3,"date":"2013-11-19T16:29:32","date_gmt":"2013-11-19T14:29:32","guid":{"rendered":"https:\/\/evol-forum.ch\/dei\/epilog-andreas-sommer\/"},"modified":"2018-08-05T19:16:09","modified_gmt":"2018-08-05T17:16:09","slug":"epilog-andreas-sommer","status":"publish","type":"page","link":"https:\/\/evol-forum.ch\/dei\/epilog-andreas-sommer\/","title":{"rendered":"Epilog Andreas Sommer"},"content":{"rendered":"<h1>Der Epilog von Andreas Sommer<\/h1>\n<p><span style=\"font-size: small;\">Nach einer leidenschaftlichen Dekade spirituellen Forschens und zahlreicher Reisen zu den kulturellen und megalithischen Kraftorten der Erde kann Rico Paganini schl\u00fcssig belegen, dass alle heiligen B\u00fccher, Prophezeiungen und die 4 Zyklen-Kalender in einer Aussage \u00fcbereinstimmen: die alles verwandelnde Wendezeit steht JETZT bevor.<\/span><\/p>\n<p><span style=\"font-size: small;\">\u00a0<\/span><\/p>\n<p><span style=\"font-size: small;\">In diesem Buch legt ein Mann Zeugnis ab, weil er nicht mehr schweigen kann &#8211; und nicht l\u00e4nger zuwarten darf. Zu bedeutsam ist f\u00fcr die Menschen, was er aufzeigt: den grossen Sch\u00f6pfungs-Plan und den Erl\u00f6sungs-Plan, der die zugewandten Menschen ins Licht f\u00fchren wird.<\/span><\/p>\n<p><span style=\"font-size: small;\">\u00a0<\/span><\/p>\n<p><span style=\"font-size: small;\">Die Botschaft, die er \u00fcberbringt, muss die Menschen jetzt erreichen k\u00f6nnen. Denn die Frist l\u00e4uft. Nur wenige Jahre verbleiben uns noch in dieser Wendezeit, um den Wiederaufstieg in die g\u00f6ttlichen Sph\u00e4ren zu schaffen. Vielleicht noch zwei Jahrzehnte.<\/span><\/p>\n<p><span style=\"font-size: small;\">\u00a0<\/span><\/p>\n<p><span style=\"font-size: small;\">Der Autor hat diese Rolle des \u00dcberbringers nicht gew\u00e4hlt. Vielmehr hat er angenommen, dass ihn ein Erlebnis dazu bestimmt hat, dem Verm\u00e4chtnis der Gottheit neues Geh\u00f6r zu verschaffen. Weder Ehrgeiz noch Geltungssucht treibt ihn, sondern die Liebe und ein Versprechen. Das zu sp\u00fcren, machen seinen Ruf so authentisch und ber\u00fchrend.<\/span><\/p>\n<p><span style=\"font-size: small;\">\u00a0<\/span><\/p>\n<p><span style=\"font-size: small;\">Es d\u00fcrfte ihm so gehen, wie dem, der das Heilkraut gegen eine \u00fcble Krankheit entdeckt hat. Und nun kann und darf ihn nichts mehr davon abhalten, alle Erkrankten rechtzeitig zu informieren. Dank erwartet er nicht. Pers\u00f6nliche Beachtung braucht er nicht. Nur eines z\u00e4hlt f\u00fcr ihn: dass der Aufstieg der Seelen gelingt.<\/span><\/p>\n<p><span style=\"font-size: small;\">\u00a0<\/span><\/p>\n<p><span style=\"font-size: small;\">Und eben darum &#8211; um die bedeutsamste aller Heilungen \u2013 geht es im DEI VERM\u00c4CHTNIS.<\/span><\/p>\n<p><span style=\"font-size: small;\">Nur darum! Und damit um Alles.<\/span><\/p>\n<p><span style=\"font-size: small;\">\u00a0<\/span><\/p>\n<p><span style=\"font-size: small;\">Dieses Buch er\u00f6ffnet allen, die unvoreingenommen und mit der Kraft ihres Herzens hinh\u00f6ren m\u00f6gen, eine wundersame Gesamtschau und eine wundervolle Perspektive in dieser unsicheren und furchterregenden Zeit am Anfang des 3. Jahrtausends!<\/span><\/p>\n<p><span style=\"font-size: small;\">\u00a0<\/span><\/p>\n<p><span style=\"font-size: small;\">Andreas Sommer,<br \/>\nAutor von \u201eKuss des Messias\u201c und \u201eDrache am Himmel\u201c<\/span><\/p>\n","protected":false},"excerpt":{"rendered":"<p>Der Epilog von Andreas Sommer Nach einer leidenschaftlichen Dekade spirituellen Forschens und zahlreicher Reisen zu den kulturellen und megalithischen Kraftorten der Erde kann Rico Paganini schl\u00fcssig belegen, dass alle heiligen B\u00fccher, Prophezeiungen und die 4 Zyklen-Kalender in einer Aussage \u00fcbereinstimmen: die alles verwandelnde Wendezeit steht JETZT bevor. \u00a0 In diesem Buch legt ein Mann Zeugnis [&hellip;]<\/p>\n","protected":false},"author":5,"featured_media":0,"parent":0,"menu_order":110,"comment_status":"open","ping_status":"open","template":"","meta":{"_acf_changed":false,"_monsterinsights_skip_tracking":false,"_monsterinsights_sitenote_active":false,"_monsterinsights_sitenote_note":"","_monsterinsights_sitenote_category":0,"footnotes":""},"class_list":["post-3","page","type-page","status-publish","hentry"],"acf":[],"yoast_head":"<!-- This site is optimized with the Yoast SEO plugin v26.4 - https:\/\/yoast.com\/wordpress\/plugins\/seo\/ -->\n<title>Epilog Andreas Sommer - DEI-VERM\u00c4CHTNIS<\/title>\n<meta name=\"robots\" content=\"index, follow, max-snippet:-1, max-image-preview:large, max-video-preview:-1\" \/>\n<link rel=\"canonical\" href=\"https:\/\/evol-forum.ch\/dei\/epilog-andreas-sommer\/\" \/>\n<meta name=\"twitter:label1\" content=\"Gesch\u00e4tzte Lesezeit\" \/>\n\t<meta name=\"twitter:data1\" content=\"2\u00a0Minuten\" \/>\n<script type=\"application\/ld+json\" class=\"yoast-schema-graph\">{\"@context\":\"https:\/\/schema.org\",\"@graph\":[{\"@type\":\"WebPage\",\"@id\":\"https:\/\/evol-forum.ch\/dei\/epilog-andreas-sommer\/\",\"url\":\"https:\/\/evol-forum.ch\/dei\/epilog-andreas-sommer\/\",\"name\":\"Epilog Andreas Sommer - DEI-VERM\u00c4CHTNIS\",\"isPartOf\":{\"@id\":\"https:\/\/evol-forum.ch\/dei\/#website\"},\"datePublished\":\"2013-11-19T14:29:32+00:00\",\"dateModified\":\"2018-08-05T17:16:09+00:00\",\"inLanguage\":\"de\",\"potentialAction\":[{\"@type\":\"ReadAction\",\"target\":[\"https:\/\/evol-forum.ch\/dei\/epilog-andreas-sommer\/\"]}]},{\"@type\":\"WebSite\",\"@id\":\"https:\/\/evol-forum.ch\/dei\/#website\",\"url\":\"https:\/\/evol-forum.ch\/dei\/\",\"name\":\"DEI-VERM\u00c4CHTNIS\",\"description\":\"\",\"potentialAction\":[{\"@type\":\"SearchAction\",\"target\":{\"@type\":\"EntryPoint\",\"urlTemplate\":\"https:\/\/evol-forum.ch\/dei\/?s={search_term_string}\"},\"query-input\":{\"@type\":\"PropertyValueSpecification\",\"valueRequired\":true,\"valueName\":\"search_term_string\"}}],\"inLanguage\":\"de\"}]}<\/script>\n<!-- \/ Yoast SEO plugin. -->","yoast_head_json":{"title":"Epilog Andreas Sommer - DEI-VERM\u00c4CHTNIS","robots":{"index":"index","follow":"follow","max-snippet":"max-snippet:-1","max-image-preview":"max-image-preview:large","max-video-preview":"max-video-preview:-1"},"canonical":"https:\/\/evol-forum.ch\/dei\/epilog-andreas-sommer\/","twitter_misc":{"Gesch\u00e4tzte Lesezeit":"2\u00a0Minuten"},"schema":{"@context":"https:\/\/schema.org","@graph":[{"@type":"WebPage","@id":"https:\/\/evol-forum.ch\/dei\/epilog-andreas-sommer\/","url":"https:\/\/evol-forum.ch\/dei\/epilog-andreas-sommer\/","name":"Epilog Andreas Sommer - DEI-VERM\u00c4CHTNIS","isPartOf":{"@id":"https:\/\/evol-forum.ch\/dei\/#website"},"datePublished":"2013-11-19T14:29:32+00:00","dateModified":"2018-08-05T17:16:09+00:00","inLanguage":"de","potentialAction":[{"@type":"ReadAction","target":["https:\/\/evol-forum.ch\/dei\/epilog-andreas-sommer\/"]}]},{"@type":"WebSite","@id":"https:\/\/evol-forum.ch\/dei\/#website","url":"https:\/\/evol-forum.ch\/dei\/","name":"DEI-VERM\u00c4CHTNIS","description":"","potentialAction":[{"@type":"SearchAction","target":{"@type":"EntryPoint","urlTemplate":"https:\/\/evol-forum.ch\/dei\/?s={search_term_string}"},"query-input":{"@type":"PropertyValueSpecification","valueRequired":true,"valueName":"search_term_string"}}],"inLanguage":"de"}]}},"_links":{"self":[{"href":"https:\/\/evol-forum.ch\/dei\/wp-json\/wp\/v2\/pages\/3","targetHints":{"allow":["GET"]}}],"collection":[{"href":"https:\/\/evol-forum.ch\/dei\/wp-json\/wp\/v2\/pages"}],"about":[{"href":"https:\/\/evol-forum.ch\/dei\/wp-json\/wp\/v2\/types\/page"}],"author":[{"embeddable":true,"href":"https:\/\/evol-forum.ch\/dei\/wp-json\/wp\/v2\/users\/5"}],"replies":[{"embeddable":true,"href":"https:\/\/evol-forum.ch\/dei\/wp-json\/wp\/v2\/comments?post=3"}],"version-history":[{"count":4,"href":"https:\/\/evol-forum.ch\/dei\/wp-json\/wp\/v2\/pages\/3\/revisions"}],"predecessor-version":[{"id":608,"href":"https:\/\/evol-forum.ch\/dei\/wp-json\/wp\/v2\/pages\/3\/revisions\/608"}],"wp:attachment":[{"href":"https:\/\/evol-forum.ch\/dei\/wp-json\/wp\/v2\/media?parent=3"}],"curies":[{"name":"wp","href":"https:\/\/api.w.org\/{rel}","templated":true}]}}