{"id":30,"date":"2013-11-19T16:29:37","date_gmt":"2013-11-19T14:29:37","guid":{"rendered":"https:\/\/evol-forum.ch\/dei\/religionen-und-kirchen\/"},"modified":"2018-07-19T15:46:56","modified_gmt":"2018-07-19T13:46:56","slug":"religionen-und-kirchen","status":"publish","type":"page","link":"https:\/\/evol-forum.ch\/dei\/religionen-und-kirchen\/","title":{"rendered":"Religionen und Kirchen"},"content":{"rendered":"<h1><span style=\"color: #2f3f88;\">Die Religionen<\/span><\/h1>\n<p>&nbsp;<\/p>\n<p><span style=\"color: #000080;\"><strong><span style=\"color: #2f3f88;\">\/\/1\/\/ Immer schon hatte es in dieser Familie diesen wundersamen Ring gegeben, <\/span><\/strong><\/span><\/p>\n<p><span style=\"color: #000080;\"><strong><span style=\"color: #2f3f88;\">von dem es hie\u00df, wer ihn trage, dessen Gem\u00fct werde rein, <\/span><\/strong><\/span><\/p>\n<p><span style=\"color: #000080;\"><strong><span style=\"color: #2f3f88;\">dessen Gedanken weise, dessen Menschlichkeit anr\u00fchrend.<\/span><\/strong><\/span><\/p>\n<p><span style=\"color: #2f3f88;\">\u00a0<\/span><\/p>\n<p><span style=\"color: #000080;\"><strong><span style=\"color: #2f3f88;\">\/\/2\/\/ Der weise Vater, alt und m\u00fcde geworden, hatte lange \u00fcberlegt, <\/span><\/strong><\/span><\/p>\n<p><span style=\"color: #000080;\"><strong><span style=\"color: #2f3f88;\">welchem seiner drei S\u00f6hne er diesen Ring weitergeben wolle.<\/span><\/strong><\/span><\/p>\n<p><span style=\"color: #2f3f88;\">\u00a0<\/span><\/p>\n<p><span style=\"color: #000080;\"><strong><span style=\"color: #2f3f88;\">\/\/3\/\/ Da er keinen w\u00fcrdiger als den andern fand und keinen bevorzugen wollte, <\/span><\/strong><\/span><\/p>\n<p><span style=\"color: #000080;\"><strong><span style=\"color: #2f3f88;\">lie\u00df er zwei vollkommen identische Duplikate herstellen und also starb er in Frieden.<\/span><\/strong><\/span><\/p>\n<p><span style=\"color: #2f3f88;\">\u00a0<\/span><\/p>\n<p><span style=\"color: #000080;\"><strong><span style=\"color: #2f3f88;\">\/\/4\/\/ Als die S\u00f6hne den Ring suchten, fanden sie statt des Einen deren drei, von<\/span><\/strong><\/span><\/p>\n<p><span style=\"color: #000080;\"><strong><span style=\"color: #2f3f88;\">denen sie mit bestem Willen nicht herausfinden konnten, welches der Echte war.<\/span><\/strong><\/span><\/p>\n<p><span style=\"color: #333366;\"><strong><span style=\"color: #2f3f88;\">\u00a0<\/span><\/strong><\/span><\/p>\n<p><span style=\"color: #000080;\"><strong><span style=\"color: #2f3f88;\">\/\/5\/\/ Zuerst waren sie irritiert und verwirrt, <\/span><\/strong><\/span><\/p>\n<p><span style=\"color: #000080;\"><strong><span style=\"color: #2f3f88;\">doch alsbald erkannten sie ihres Vaters Weisheit.<\/span><\/strong><\/span><\/p>\n<p><span style=\"color: #2f3f88;\">\u00a0<\/span><\/p>\n<p><span style=\"color: #000080;\"><strong><span style=\"color: #2f3f88;\">\/\/6\/\/ Sie sagten zueinander: \u00bbWenn jeder von uns sich so benimmt, als tr\u00fcge<\/span><\/strong><\/span><\/p>\n<p><span style=\"color: #000080;\"><strong><span style=\"color: #2f3f88;\">er den Richtigen, dann wird jeder von uns die edlen Kr\u00e4fte des Ringes sp\u00fcren<\/span><\/strong><\/span><\/p>\n<p><span style=\"color: #000080;\"><strong><span style=\"color: #2f3f88;\">und so den Geist und die Liebe bewahren<\/span><\/strong><\/span><\/p>\n<p><strong><span style=\"color: #2f3f88;\">\u00a0<\/span><\/strong><\/p>\n<p><span style=\"color: #000080;\"><strong><span style=\"color: #2f3f88;\">\/\/7\/\/ Und Sie, liebe Leserin, lieber Leser, m\u00f6gen nach diesem Kapitel zur<\/span><\/strong><\/span><\/p>\n<p><span style=\"color: #000080;\"><strong><span style=\"color: #2f3f88;\">Erkenntnis gelangen, dass jedes Ausspielen der einen Religion gegen die andere<\/span><\/strong><\/span><\/p>\n<p><span style=\"color: #2f3f88;\"><strong>\u201cals einzig wahre Religion\u201d nur von der g\u00f6ttlichen Einheit und Wahrheit wegf\u00fchrt.<\/strong><\/span><\/p>\n<p><strong>\u00a0<\/strong><\/p>\n<p>&nbsp;<\/p>\n<h2><span style=\"color: #2f3f88;\">Was ist eigentlich Religion?<\/span><\/h2>\n<p>Religio (lat.) = religio, religare heisst\u00a0\u201ean-, zur\u00fcckbinden\u201c &#8211; an die Quelle (Lactantius, 4. Jahrhundert).<\/p>\n<p>Diese grunds\u00e4tzliche Definition ist gleich vorab wichtig zu wissen und beschreibt den Kern der Sache schon recht genau.<\/p>\n<p>Doch das Wort Religion ist sehr behaftet, und gerade der \u201emoderne westliche Mensch\u201c hat schon fast eine Abneigung gegen diesen Begriff. Nicht zuletzt aufgrund des Agierens der heutigen Kirchen (Verwaltungs- und Macht-Strukturen), die von sich behaupten die Lehre\/Religion zu bewahren und zu vertreten.<\/p>\n<p>Doch leider halten sich heutzutage weder die Kirchen noch deren Kirchg\u00e4nger an die Lehren der alten Schriften. Im Gegenteil, sie spielen \u201eihre Gottheiten\u201c sogar gegeneinander aus. Es gibt jedoch nur einen Gott, egal wie wir ihn nennen.<\/p>\n<p>Interessanterweise sind die Weltreligionen, die sich durchgesetzt und erhalten haben, alle monotheistisch (d.h. auf EINE zentrale Gottheit ausgerichtet und wurden von verschiedenen Propheten in verschiedenen Zeiten auf verschiedenen Kontinenten begeben. Die Propheten wurden von derselben Gottheit gesandt und gef\u00fchrt, um uns Menschen Wege aufzuzeigen, die uns zu uns selbst und damit der Gottheit n\u00e4her bringen.<\/p>\n<p>&nbsp;<\/p>\n<p>&nbsp;<\/p>\n<h2><span style=\"color: #2f3f88;\">Die Religionen<\/span><\/h2>\n<p>Eine der gr\u00f6\u00dften \u00dcberraschungen und Erkenntnisse auf meinem pers\u00f6nlichen geistigen Weg war, dass die Weltreligionen eigentlich im Kern (der Genesis und den Totenb\u00fcchern) grunds\u00e4tzlich dasselbe aussagen, n\u00e4mlich dass es eine Sch\u00f6pfergottheit gibt, die aus sich ein Wesen erschuf und durch dieses dann die Sch\u00f6pfung der R\u00e4ume und Wesen ihren Lauf nahm.<\/p>\n<p>&nbsp;<\/p>\n<p>Und dass wir uns hier auf der Erde inkarnieren, um zu lernen und Erfahrungen zu sammeln, um uns als g\u00f6ttliche Wesen zu erkennen. Auch dar\u00fcber waren sich die vier Weltreligionen bis im 6. Jahrhundert einig. Ausgerechnet die christliche Kirche hat die sogenannte Reinkarnationslehre und das damit verbundene Karmagesetz beim 5. Konzil 553 n. C. in Konstantinopel (Istanbul, T\u00fcrkei) abgeschafft und bis heute durch die r\u00f6m.kath. Kirche nicht wieder berichtigt. Aus diesem Grunde haben Christen kein Wissen mehr \u00fcber die Bedeutung, den Sinn und die Auswirkung der Reinkarnation. Besonders traurig ist die Tatsache, dass dieses 5. Konzil zu Konstantinopel nicht durch den Papst, sondern vom christlichen byzantinischen Kaiser Justinian einberufen wurde. Dieser wurde von seiner Frau Theodora beherrscht und bestimmte r\u00fccksichtslos \u00fcber den Staat, die Kirche und den Inhalt der Bibel und deren Glaubenslehre.<\/p>\n<p>&nbsp;<\/p>\n<p>Seither m\u00fcssen wir \u201earmen Christen\u201c ALLES in einem Erdenleben erringen, um zur G\u00f6ttlichkeit aufzusteigen, sonst landen wir armen S\u00fcnder in der \u201eH\u00f6lle\u201c (Was Gott-sei-Dank nicht so ist, doch wie hilfreich war und ist es f\u00fcr die Kirchen, die schuldbewussten Menschen Busse tun zu lassen).<\/p>\n<p>&nbsp;<\/p>\n<p>Ohne das Verst\u00e4ndnis der Wiedergeburt lassen sich jedoch viele Stellen von Jesus im Neuen Testament gar nicht sinngem\u00e4\u00df verstehen.<\/p>\n<p>&nbsp;<\/p>\n<p>Religio, also die Verbundenheit mit der inneren g\u00f6ttlichen Quelle, ist nicht nur &#8211; wie oft behauptet wird &#8211; eine reine Glaubenssache, sondern eine eigene Erfahrung und deshalb so schwer zu verstehen und zu vermitteln. Damit ist auch der Konflikt vorprogrammiert, denn jede Religion nimmt\u00a0heute f\u00fcr sich in Anspruch, dass sie die \u201eeinzig Wahre\u201c sei.<\/p>\n<p>&nbsp;<\/p>\n<p>Ebenso \u00fcberraschte mich die Tatsache, dass das Christentum, das Judentum und der Islam auf ein und dasselbe Alte Testament zur\u00fcckgehen, sich auf dieselben Propheten beziehen, und Abraham (Ibrahim) als gemeinsamen irdischen Urvater bezeichnen. Abraham ist auch der Klarheit bewahrende und G\u00f6tzenbilder zertr\u00fcmmernde Gottessuchende, wissend und lehrend, dass wir die Gottheit nie besitzen, jedoch in uns erkennen und zu ihr zur\u00fcckkehren k\u00f6nnen.<\/p>\n<p>&nbsp;<\/p>\n<p>Damals waren sich diese Religionen also noch weitgehend einig, und es gab diese Unterscheidung\/Spaltung der abramahamistischen Religionen noch nicht. So warteten alle noch gemeinsam auf denselben Messias (Befreier, Erl\u00f6ser). Doch als er dann endlich kam, wurde er von den Meisten nicht erkannt, da die Gottheit in ihm nicht offensichtlich war. Denn er brachte das Licht (die Erkenntnis des R\u00fcckweges zum Vater) und die Liebe (die Lehre der Liebe, die zur Einsicht und Erl\u00f6sung f\u00fchrt) und ver\u00e4nderte die Bedingungen f\u00fcr den Erl\u00f6sungsplan (was wir auf Seite ? gemeinsam vertiefen werden). Erwartet oder erhofft haben die meisten Menschen jedoch einen Gott, der prunkvoll vom Himmel herabsteigt und gem\u00e4\u00df IHREN Vorstellungen handelt und die schwierigen Verh\u00e4ltnisse und Lebensumst\u00e4nde f\u00fcr sie \u00e4ndert. Und so verbanden z.B. viele der damaligen Israeliten mit dem Messias auch Ihren Erden-K\u00f6nig und damit den Erl\u00f6ser aus der Herrschaft der R\u00f6mer. Stellen wir uns einmal als Vision vor, alle diese V\u00f6lker h\u00e4tten ihn erkannt und anerkannt und w\u00e4ren seiner Lehre der Liebe gefolgt. Es g\u00e4be nur eine Religion in den ganzen Gebieten der heutigen Christen, Moslems und Juden. Unsere Geschichte in den letzten 2000 Jahren w\u00e4re v\u00f6llig anders und mit viel weniger Kriegen verlaufen. Doch nach der Niederkunft Christi ergaben sich die Trennungen.<\/p>\n<p>&nbsp;<\/p>\n<p>So erkannte und anerkannte nur ein Teil der damaligen Menschen den Sohn-Aspekt der Gottheit, Christus Eioua, den Messias und Erl\u00f6ser in ihm. Sie folgten seinem \u201eNeuen Testament\u201c der Liebe und aus Ihnen wurden die Christen.<\/p>\n<p>&nbsp;<\/p>\n<p>Ein anderer Teil glaubte ihm gar nichts, hielt ihn f\u00fcr einen Hochstapler und Gottesl\u00e4sterer, weil er ein einfacher armer Handwerker war und der Priesterschaft der Pharis\u00e4er vorhielt, wo sie irrten oder die Schriften der Alten nicht verstanden oder zu Ihrem Vorteil umdeuteten. F\u00fcr sie wurde er die gr\u00f6\u00dfte Gefahr und sie waren es dann auch, die ihn bei den R\u00f6mischen Besatzern einklagten als Gottesl\u00e4sterer und seine Kreuzigung durchsetzten. Aus ihren Nachfahren wurden die Juden und diese warten bis heute auf \u201eihren\u201c Messias.<\/p>\n<p>&nbsp;<\/p>\n<p>\u201eDas Christentum braucht das Judentum, doch das Judentum braucht das Christentum nicht!\u201c Diese Aussage ist bei j\u00fcdischen Gelehrten in Bezug auf das Alte Testament oft zu h\u00f6ren oder zu lesen. Eine Aussage, mit der wir nicht \u00fcbereinstimmen, denn eigentlich ist das Judentum einfach beim alten Testament des \u201estrengen richtenden\u201c Gottes stehen geblieben und wurde ein sehr dichtes und enges Regelwerk f\u00fcr seine Gl\u00e4ubigen (wie der Islam sp\u00e4ter ebenso). Doch das Christentum, wie auch der Islam, stellen so gesehen weiterf\u00fchrende Lehren dar, in denen alle Menschen als gleichwertig gelten und den Weg zur Gottheit zur\u00fcck gehen.<\/p>\n<p>&nbsp;<\/p>\n<p>Deshalb wird das Judentum im nachfolgenden Vergleich auch nicht einzeln aufgef\u00fchrt oder als Weltreligion bezeichnet. Obwohl sich in seinem Verm\u00e4chtnis und Besitz die umfangreichsten und detailliertesten Dokumente und Beschreibungen des Alten Testamentes befinden, und Thora, Talmud und die Kabbala viele g\u00f6ttliche Wahrheiten und Weisheiten enthalten.<\/p>\n<p>&nbsp;<\/p>\n<p>Darin finden sich inzwischen ebenso viele Halbwahrheiten, die z.B. immer noch von einem ausersehenen Volk ausgehen, das die anderen f\u00fchren und lenken soll. Ein falsch verstandenes \u00dcberbleibsel aus dem Alten Testament, wo sich \u201eauserw\u00e4hlt\u201c darauf bezog, dass sie in ihren St\u00e4mmen die Propheten hatten, die den Erl\u00f6ser ank\u00fcndigten. Doch sp\u00e4testens seit der &#8211; die Prophezeiungen erf\u00fcllenden &#8211; Geburt Christi auf Erden war dies erf\u00fcllt.<\/p>\n<p>&nbsp;<\/p>\n<p>So ist das Judentum aus unserer Gesamtschau eine Abspaltung des Urchristentums aus dem Alten Testament.<\/p>\n<p>&nbsp;<\/p>\n<p>Ein dritter Teil erkannte zwar \u201eden gro\u00dfen Propheten\u201c in ihm, aber nicht den Messias, den menschgewordenen Gott. Sie wandten sich wie die Christen von den Israeliten ab, weil die Pharis\u00e4er (Vorl\u00e4ufer der j\u00fcdischen Priester) den gro\u00dfen Propheten Jesus t\u00f6ten lie\u00dfen (im Koran in Sure ? nachlesbar).<\/p>\n<p>&nbsp;<\/p>\n<p>Denn so konnten und wollten sie nicht mehr einer einheitlichen Lehre folgen, und unter dem Propheten Mohammed wurden aus ihnen ab 500 n. C. die Moslems mit dem strengen Regelwerk des Islam.<\/p>\n<p>&nbsp;<\/p>\n<p>Die Moslems lebten seit dieser Zeit mit den Juden eher in Ablehnung und mit den Christen eher in gegenseitiger Akzeptanz, obwohl sie an Territorium gewannen. Dies ging solange, bis im 11. Jahrhundert die Kriege durch die Kreuzritter begannen, mit dem AufrufPapst Urbans II. 1095 in Clermont zur Befreiung Jerusalems und des \u201eHeiligen Landes\u201c aus der Hand der Muslime (80 Jahre nach dem es unter dem Kalifen al-Hakim 1009 zur Zerst\u00f6rung der Grabeskirche gekommen war, einem Heiligtum des Christentums). Dies geschah, obwohl die moslemischen Herrscher dieser Zeit die Christen zuerst offen aufgenommen und respektiert haben, wie dies in vielen historischen Schriften belegt ist. Diese Haltung \u00e4nderte sich, als die Christen immer gr\u00f6\u00dfere Eroberungsz\u00fcge durchf\u00fchrten und gegen die Moslems als niedere Rasse hetzten. \u00dcber die n\u00e4chsten 200 Jahre kam es zu vier Kreuzz\u00fcgen, denen unter gro\u00dfen Verlusten jedoch kaum ein Erfolg beschieden war. Das K\u00f6nigreich Jerusalem erlitt 1187 in der Schlacht bei Hattin eine vernichtende Niederlage, und auch Jerusalem ging wieder verloren.<\/p>\n<p>&nbsp;<\/p>\n<p>Bis heute dauert der Krieg an im heiligen Land, das inzwischen weitgehend durch den erst 90 j\u00e4hrigen j\u00fcdischen Staat Israel annektiert ist, mit grausamer Unterdr\u00fcckung der einheimischen pal\u00e4stinensischen Bev\u00f6lkerung, unter Bezug auf ihre Gottheit Jahwe und die alten Schriften der Thora. Aktuellstes gr\u00e4sslich-tragisches Beispiel der Kriegstreiberei unter Missbrauch der Religion war der amerikanische Pr\u00e4sident Georg Bush, der &#8211; neben den beiden fragw\u00fcrdigen Irak-Invasionen der USA und Englands &#8211; die alte Hetze mit Feindbildern zwischen Christen und Moslems wieder heraufbeschworen hatte. So sprach Bush \u201evon einem \u201eKreuzzug\u201c im Irak und \u201eGott stehe hinter ihm und seinen Zielen\u201c. (Was f\u00fcr eine Aussage, bei all dem Leid, das durch diese mittelalterlichen Kreuzz\u00fcge verursacht wurden).<\/p>\n<p>&nbsp;<\/p>\n<p>Der irakische Diktator Saddam Hussein und die islamischen Mullahs reagierten mit den ebenso alten Phrasen des \u201eHeiligen Krieges\u201c gegen die christlichen Invasoren, nat\u00fcrlich im Namen des moslemischen Gottes Allah, und meinten, dass es deshalb eine Ehrensache sei, gegen die \u201echristlichen\u201c Amerikaner in den Krieg zu ziehen&#8230;<\/p>\n<p>&nbsp;<\/p>\n<p>Es ist so gottesl\u00e4sterlich und genauso wider die heiligen B\u00fccher der Christen wie auch der Moslems,<\/p>\n<p>denn in beiden steht:\u00a0<strong>Du sollst nicht t\u00f6ten!<\/strong><\/p>\n<p>Doch lassen sich eben mit der Religion auch Heute noch die Massen mobilisieren<\/p>\n<p>oder Machtk\u00e4mpfe hinter dem Namen der Gottheit verstecken&#8230;<\/p>\n<p>&nbsp;<\/p>\n<p>So hat zwar mit der Inkarnation Jesus Christus sogar die Zeitrechnung neu begonnen, und er hat f\u00fcr uns alle vier gro\u00dfen Ziele des Erl\u00f6sungsplanes auf Erden erf\u00fcllt (siehe Erl\u00f6sungsplan auf Seite ??). Doch im Umfeld und im Leben und Alltag der Menschen konnte sich sein Liebe-Geist noch nicht durchsetzen, nicht einmal unter den Christen. Diese haben sich dann sp\u00e4ter in der Reformationszeit im 16. Jahrhundert sogar gegenseitig bekriegt und es bildeten sich die katholische und die orthodoxe Kirche des Christentums heraus, und sp\u00e4ter noch die Spaltung durch die Reformation. Erst in den letzen Jahren konnte z.B. der jahrhundertelange besch\u00e4mende Kleinkrieg in Irland weitgehend beendet werden, wo sich Katholiken und Protestanten in einem europ\u00e4isch westlichen Land bis ins 20 Jahrhundert bekriegten und auf offener Stra\u00dfe gegenseitig erschossen.<\/p>\n<p>&nbsp;<\/p>\n<p>Dies sind nur einige markante Beispiele daf\u00fcr, wie sich die Menschen im Namen derselben Gottheit gegenseitig bek\u00e4mpfen und t\u00f6ten, solange sie sich von den politischen und religi\u00f6sen F\u00fchrern manipulieren lassen. Dabei sagen alle Heiligen B\u00fccher dasselbe: Du sollst den Weg der N\u00e4chstenliebe gehen!<\/p>\n<p>&nbsp;<\/p>\n<p>Denn eigentlich sollen Religionen ja zu Ruhe und Frieden und Liebe und Erf\u00fcllung f\u00fchren, doch das hat bis heute keine dieser irdischen Kirchenformen geschafft&#8230;<\/p>\n<p>&nbsp;<\/p>\n<p>Wie erhebend und verbindend ist dagegen das Weltbild der orientalischen Sufis, wo die Religionen einzelne Stufen und Hilfsmittel darstellen, die sich gegenseitig bedingen und erg\u00e4nzen.<\/p>\n<p>&nbsp;<\/p>\n<p><strong>Und wie sch\u00f6n passt dazu diese Erz\u00e4hlung einer Sufi-Frau unseres Freundes in Giza:<\/strong><\/p>\n<p><em><span style=\"color: #333366;\">\u201eGottvater Allah gab Ieoua die Sch\u00f6pfung und die Lehre, und er gab die Lehre\u00a0weiter an die Propheten Moses, Mohammed, Buddha und Krishna.\u00a0Der Buddhismus f\u00fcr die Unwissenden (geistig Toten) weist in einfacher Form auf die Grundregeln des Lebens hin und macht die Menschen mit der Wiedergeburt vertraut [&#8230;]\u00a0Der Islam ist eine Grundschule mit vielen Regeln f\u00fcr die, welche sich dann entschieden haben, den Weg zur Gottheit zu gehen, um zu lernen und sich zu entwickeln [&#8230;]\u00a0Das Christentum ist dann die h\u00f6here Schule, denn es ist f\u00fcr uns schwache Menschen sehr schwer, so zu sein wie Ieoua und die Engel, doch dies sei unsere Bestimmung [&#8230;]\u00a0Die Veden enthalten den geistigen Aufstieg, den die Christen antreten, welche die Gottheit in sich erkannt haben und ihr folgen. Sie seien die \u00e4lteste Schrift auf Erden und ein Rahmen f\u00fcr alle anderen, denn in ihnen sei das ganze Bild vorhanden&#8230;\u201c<\/span><\/em><\/p>\n<p>&nbsp;<\/p>\n<p>Ich bin diese Aussage oft durchgegangen und muss sagen, dass diese Definition als grobe Linie zutrifft und einen wunderbaren Br\u00fcckenbogen \u00fcber die Religionen bildet. Wir sollten also erkennen, dass wir alle gleichwertige Wesen der gleichen Sch\u00f6pfergottheit sind und verschiedene Religionen einfach verschiedene Wege aufzeigen, wie wir uns selbst und in der Gottheit erkennen k\u00f6nnen.<\/p>\n<p>&nbsp;<\/p>\n<p>Nicht mehr und nicht weniger&#8230;<\/p>\n<p>&nbsp;<\/p>\n<p>&nbsp;<\/p>\n<p>&nbsp;<\/p>\n<p>&nbsp;<\/p>\n<p style=\"font: normal normal normal 12px\/normal Helvetica; margin: 0px;\"><span style=\"letter-spacing: 0px;\">Dies ist ein Auszug aus dem Buch\u00a0<a title=\"Buchbestellung DEI VERM\u00c4CHTNIS\" href=\"https:\/\/evol-forum.ch\/buecher-und-ebooks\/\" target=\"_blank\" rel=\"noopener\">DEI VERM\u00c4CHTNIS<\/a>.<\/span><\/p>\n<p>&nbsp;<\/p>\n","protected":false},"excerpt":{"rendered":"<p>Die Religionen &nbsp; \/\/1\/\/ Immer schon hatte es in dieser Familie diesen wundersamen Ring gegeben, von dem es hie\u00df, wer ihn trage, dessen Gem\u00fct werde rein, dessen Gedanken weise, dessen Menschlichkeit anr\u00fchrend. \u00a0 \/\/2\/\/ Der weise Vater, alt und m\u00fcde geworden, hatte lange \u00fcberlegt, welchem seiner drei S\u00f6hne er diesen Ring weitergeben wolle. \u00a0 \/\/3\/\/ [&hellip;]<\/p>\n","protected":false},"author":5,"featured_media":0,"parent":0,"menu_order":600,"comment_status":"open","ping_status":"open","template":"","meta":{"_acf_changed":false,"_monsterinsights_skip_tracking":false,"_monsterinsights_sitenote_active":false,"_monsterinsights_sitenote_note":"","_monsterinsights_sitenote_category":0,"footnotes":""},"class_list":["post-30","page","type-page","status-publish","hentry"],"acf":[],"yoast_head":"<!-- This site is optimized with the Yoast SEO plugin v26.4 - https:\/\/yoast.com\/wordpress\/plugins\/seo\/ -->\n<title>Religionen und Kirchen - DEI-VERM\u00c4CHTNIS<\/title>\n<meta name=\"robots\" content=\"index, follow, max-snippet:-1, max-image-preview:large, max-video-preview:-1\" \/>\n<link rel=\"canonical\" href=\"https:\/\/evol-forum.ch\/dei\/religionen-und-kirchen\/\" \/>\n<meta name=\"twitter:label1\" content=\"Gesch\u00e4tzte Lesezeit\" \/>\n\t<meta name=\"twitter:data1\" content=\"12\u00a0Minuten\" \/>\n<script type=\"application\/ld+json\" class=\"yoast-schema-graph\">{\"@context\":\"https:\/\/schema.org\",\"@graph\":[{\"@type\":\"WebPage\",\"@id\":\"https:\/\/evol-forum.ch\/dei\/religionen-und-kirchen\/\",\"url\":\"https:\/\/evol-forum.ch\/dei\/religionen-und-kirchen\/\",\"name\":\"Religionen und Kirchen - DEI-VERM\u00c4CHTNIS\",\"isPartOf\":{\"@id\":\"https:\/\/evol-forum.ch\/dei\/#website\"},\"datePublished\":\"2013-11-19T14:29:37+00:00\",\"dateModified\":\"2018-07-19T13:46:56+00:00\",\"inLanguage\":\"de\",\"potentialAction\":[{\"@type\":\"ReadAction\",\"target\":[\"https:\/\/evol-forum.ch\/dei\/religionen-und-kirchen\/\"]}]},{\"@type\":\"WebSite\",\"@id\":\"https:\/\/evol-forum.ch\/dei\/#website\",\"url\":\"https:\/\/evol-forum.ch\/dei\/\",\"name\":\"DEI-VERM\u00c4CHTNIS\",\"description\":\"\",\"potentialAction\":[{\"@type\":\"SearchAction\",\"target\":{\"@type\":\"EntryPoint\",\"urlTemplate\":\"https:\/\/evol-forum.ch\/dei\/?s={search_term_string}\"},\"query-input\":{\"@type\":\"PropertyValueSpecification\",\"valueRequired\":true,\"valueName\":\"search_term_string\"}}],\"inLanguage\":\"de\"}]}<\/script>\n<!-- \/ Yoast SEO plugin. -->","yoast_head_json":{"title":"Religionen und Kirchen - DEI-VERM\u00c4CHTNIS","robots":{"index":"index","follow":"follow","max-snippet":"max-snippet:-1","max-image-preview":"max-image-preview:large","max-video-preview":"max-video-preview:-1"},"canonical":"https:\/\/evol-forum.ch\/dei\/religionen-und-kirchen\/","twitter_misc":{"Gesch\u00e4tzte Lesezeit":"12\u00a0Minuten"},"schema":{"@context":"https:\/\/schema.org","@graph":[{"@type":"WebPage","@id":"https:\/\/evol-forum.ch\/dei\/religionen-und-kirchen\/","url":"https:\/\/evol-forum.ch\/dei\/religionen-und-kirchen\/","name":"Religionen und Kirchen - DEI-VERM\u00c4CHTNIS","isPartOf":{"@id":"https:\/\/evol-forum.ch\/dei\/#website"},"datePublished":"2013-11-19T14:29:37+00:00","dateModified":"2018-07-19T13:46:56+00:00","inLanguage":"de","potentialAction":[{"@type":"ReadAction","target":["https:\/\/evol-forum.ch\/dei\/religionen-und-kirchen\/"]}]},{"@type":"WebSite","@id":"https:\/\/evol-forum.ch\/dei\/#website","url":"https:\/\/evol-forum.ch\/dei\/","name":"DEI-VERM\u00c4CHTNIS","description":"","potentialAction":[{"@type":"SearchAction","target":{"@type":"EntryPoint","urlTemplate":"https:\/\/evol-forum.ch\/dei\/?s={search_term_string}"},"query-input":{"@type":"PropertyValueSpecification","valueRequired":true,"valueName":"search_term_string"}}],"inLanguage":"de"}]}},"_links":{"self":[{"href":"https:\/\/evol-forum.ch\/dei\/wp-json\/wp\/v2\/pages\/30","targetHints":{"allow":["GET"]}}],"collection":[{"href":"https:\/\/evol-forum.ch\/dei\/wp-json\/wp\/v2\/pages"}],"about":[{"href":"https:\/\/evol-forum.ch\/dei\/wp-json\/wp\/v2\/types\/page"}],"author":[{"embeddable":true,"href":"https:\/\/evol-forum.ch\/dei\/wp-json\/wp\/v2\/users\/5"}],"replies":[{"embeddable":true,"href":"https:\/\/evol-forum.ch\/dei\/wp-json\/wp\/v2\/comments?post=30"}],"version-history":[{"count":4,"href":"https:\/\/evol-forum.ch\/dei\/wp-json\/wp\/v2\/pages\/30\/revisions"}],"predecessor-version":[{"id":630,"href":"https:\/\/evol-forum.ch\/dei\/wp-json\/wp\/v2\/pages\/30\/revisions\/630"}],"wp:attachment":[{"href":"https:\/\/evol-forum.ch\/dei\/wp-json\/wp\/v2\/media?parent=30"}],"curies":[{"name":"wp","href":"https:\/\/api.w.org\/{rel}","templated":true}]}}