{"id":34,"date":"2013-11-19T16:29:37","date_gmt":"2013-11-19T14:29:37","guid":{"rendered":"https:\/\/evol-forum.ch\/dei\/die-widersacher\/"},"modified":"2018-07-19T15:50:29","modified_gmt":"2018-07-19T13:50:29","slug":"die-widersacher","status":"publish","type":"page","link":"https:\/\/evol-forum.ch\/dei\/die-widersacher\/","title":{"rendered":"Die Widersacher"},"content":{"rendered":"<h1>Die Widersacher am Erl\u00f6sungs-Plan<\/h1>\n<p>&nbsp;<\/p>\n<p><strong><span style=\"color: #333366;\">\/\/1\/\/ \u00bbWeder vor dem Satan noch vor\u00a0anderen dunklen Wesen f\u00fcrchte ich mich\u00ab,\u00a0<\/span><\/strong><\/p>\n<p><strong><span style=\"color: #333366;\">sagte der Sch\u00fcler J\u00fcnger zum Meister.<\/span><\/strong><\/p>\n<p><strong><span style=\"color: #333366;\">\u00a0<\/span><\/strong><\/p>\n<p><strong><span style=\"color: #333366;\">\/\/2\/\/ \u00bbWeil du so mutig bist?!\u00ab<\/span><\/strong><\/p>\n<p><strong><span style=\"color: #333366;\">\u00a0<\/span><\/strong><\/p>\n<p><strong><span style=\"color: #333366;\">\/\/3\/\/ \u00bbNein, weil ich noch nie einen\u00a0Geh\u00f6rnten gesehen, noch nie seinen<\/span><\/strong><\/p>\n<p><strong><span style=\"color: #333366;\"> Schwefelgestank gerochen und noch\u00a0nie sein b\u00f6ses Gel\u00e4chter geh\u00f6rt habe \u2013\u00a0<\/span><\/strong><\/p>\n<p><strong><span style=\"color: #333366;\">also gibt es ihn gar nicht.\u00ab<\/span><\/strong><\/p>\n<p><strong><span style=\"color: #333366;\">\u00a0<\/span><\/strong><\/p>\n<p><strong><span style=\"color: #333366;\">\/\/4\/\/ \u00bbK\u00f6nnte es nicht sein, <\/span><\/strong><\/p>\n<p><strong><span style=\"color: #333366;\">dass er sich dir in einer lieblichen oder anderen Gestalt gen\u00e4hert hat?\u00ab<\/span><\/strong><\/p>\n<p><strong><span style=\"color: #333366;\">\u00a0<\/span><\/strong><\/p>\n<p><strong><span style=\"color: #333366;\">\/\/5\/\/ \u00bbAch was, das h\u00e4tte ich in meinem Herzen gesp\u00fcrt \u2013 nein, Meister,\u00a0es gibt den b\u00f6sen Teufel einfach nicht!\u00bb<\/span><\/strong><\/p>\n<p><strong><span style=\"color: #333366;\">\u00a0<\/span><\/strong><\/p>\n<p><strong><span style=\"color: #333366;\">\/\/6\/\/ \u00bbSch\u00f6n!\u00ab, lachte der Meister, der in Wirklichkeit ein D\u00e4mon war <\/span><\/strong><\/p>\n<p><strong><span style=\"color: #333366;\">und er dachte:\u00a0Es ist noch immer die beste List, d<\/span><\/strong><\/p>\n<p><strong><span style=\"color: #333366;\">en Menschen glauben zu machen, uns g\u00e4be es gar nicht.<\/span><\/strong><\/p>\n<p><strong><span style=\"color: #333366;\">\u00a0<\/span><\/strong><\/p>\n<p><strong><span style=\"color: #333366;\">\/\/7\/\/ Deshalb will dieses Kapitel uns alle sensibilisieren gegen\u00fcber <\/span><\/strong><\/p>\n<p><strong><span style=\"color: #333366;\">den Gestalten und Erscheinungen, die den Erl\u00f6sungsplan bek\u00e4mpfen.<\/span><\/strong><\/p>\n<p>&nbsp;<\/p>\n<p><em><span style=\"color: #333366;\">\u201eAlle Wesen, die den Erl\u00f6sungs-Plan\u00a0<\/span><\/em><em><span style=\"color: #333366;\">Christi anerkennen und bereitet sind,\u00a0<\/span><\/em><em><span style=\"color: #333366;\">werden erl\u00f6st und \u201ein die vielen Wohnungswelten der Gottheit\u201c zur\u00fcckkehren.\u201c<\/span><\/em><\/p>\n<p>&nbsp;<\/p>\n<p><em><span style=\"color: #333366;\">(Gabriel)<\/span><\/em><\/p>\n<p>&nbsp;<\/p>\n<p>&nbsp;<\/p>\n<p>Doch wie dieser allzeit g\u00fcltige Satz in sich auch sagt, trifft dies nur dann zu, so man innerlich bereitet ist aus dem eigenen freien Willen. Viele Wesen sind es (noch) nicht. Die meisten unbewusst, Einige auch bewusst. Diese bewusst abgewandten und manipulierenden Wesen sind es, die dem Erl\u00f6sungs-Plan und unseren Seelen zuwiderhandeln, indem sie das Erwachen und Aufsteigen der Seelen verhindern wollen. Dies tun sie einerseits um ihre (vermeintliche) Macht zu erhalten und andererseits, um gegen die Licht-Wesen zu k\u00e4mpfen, im wahrsten Sinne des Wortes \u201eum jede einzelne Seele\u201c&#8230;<\/p>\n<p>&nbsp;<\/p>\n<p>Sie haben entweder noch den alten Hass der Entr\u00fcckung aus der Geistigen Welt in sich, indem sie uneinsichtig finden, ihnen sei Unrecht getan worden (statt dass sie die Liebe und Gnade in der Erschaffung der materiellen Welten erkennen). Oder sie bek\u00e4mpfen die Licht-Wesen und deren Wirken zur Erl\u00f6sung aus ihrer Irrlehre heraus, denn die meisten von ihnen glauben &#8211; aufgrund von L\u00fcgen und Halbwahrheiten innerhalb der dunklen Hierarchien &#8211; dass ihnen der Weg der Erl\u00f6sung nicht mehr offen steht.\u00a0(Anmerkung RP: Diese L\u00fcge ist etwas vom Schwerwiegendsten, das Haniel sich selbst und den Seelen unter seinem Einfluss aufgeb\u00fcrdet hat). Allen Wesen der Gottes-Rassen steht dieser Weg jederzeit offen, so sie ihn erkennen und gehen m\u00f6chten).<\/p>\n<p>Dies gilt nur f\u00fcr die abgewandten Wesen der Gottes-Rassen, in welche die Gottheit selbst den g\u00f6ttlichen Funken zur Beseelung begeben hatte. Es ist jedoch den sp\u00e4ter k\u00fcnstlich erschaffenen Wesen der experimentellen Dunkel-Rassen Haniels nicht m\u00f6glich, den Erl\u00f6sungsweg zu begehen.<\/p>\n<p>&nbsp;<\/p>\n<p>&nbsp;<\/p>\n<p>&nbsp;<\/p>\n<p style=\"font: normal normal normal 12px\/normal Helvetica; margin: 0px;\"><span style=\"letter-spacing: 0px;\">Dies ist ein Auszug aus dem Buch\u00a0<a title=\"Buchbestellung DEI VERM\u00c4CHTNIS\" href=\"https:\/\/evol-forum.ch\/buecher-und-ebooks\/\" target=\"_blank\" rel=\"noopener\">DEI VERM\u00c4CHTNIS<\/a>.<\/span><\/p>\n<p>&nbsp;<\/p>\n","protected":false},"excerpt":{"rendered":"<p>Die Widersacher am Erl\u00f6sungs-Plan &nbsp; \/\/1\/\/ \u00bbWeder vor dem Satan noch vor\u00a0anderen dunklen Wesen f\u00fcrchte ich mich\u00ab,\u00a0 sagte der Sch\u00fcler J\u00fcnger zum Meister. \u00a0 \/\/2\/\/ \u00bbWeil du so mutig bist?!\u00ab \u00a0 \/\/3\/\/ \u00bbNein, weil ich noch nie einen\u00a0Geh\u00f6rnten gesehen, noch nie seinen Schwefelgestank gerochen und noch\u00a0nie sein b\u00f6ses Gel\u00e4chter geh\u00f6rt habe \u2013\u00a0 also gibt es [&hellip;]<\/p>\n","protected":false},"author":5,"featured_media":0,"parent":0,"menu_order":700,"comment_status":"open","ping_status":"open","template":"","meta":{"_acf_changed":false,"_monsterinsights_skip_tracking":false,"_monsterinsights_sitenote_active":false,"_monsterinsights_sitenote_note":"","_monsterinsights_sitenote_category":0,"footnotes":""},"class_list":["post-34","page","type-page","status-publish","hentry"],"acf":[],"yoast_head":"<!-- This site is optimized with the Yoast SEO plugin v26.4 - https:\/\/yoast.com\/wordpress\/plugins\/seo\/ -->\n<title>Die Widersacher - DEI-VERM\u00c4CHTNIS<\/title>\n<meta name=\"robots\" content=\"index, follow, max-snippet:-1, max-image-preview:large, max-video-preview:-1\" \/>\n<link rel=\"canonical\" href=\"https:\/\/evol-forum.ch\/dei\/die-widersacher\/\" \/>\n<meta name=\"twitter:label1\" content=\"Gesch\u00e4tzte Lesezeit\" \/>\n\t<meta name=\"twitter:data1\" content=\"2\u00a0Minuten\" \/>\n<script type=\"application\/ld+json\" class=\"yoast-schema-graph\">{\"@context\":\"https:\/\/schema.org\",\"@graph\":[{\"@type\":\"WebPage\",\"@id\":\"https:\/\/evol-forum.ch\/dei\/die-widersacher\/\",\"url\":\"https:\/\/evol-forum.ch\/dei\/die-widersacher\/\",\"name\":\"Die Widersacher - DEI-VERM\u00c4CHTNIS\",\"isPartOf\":{\"@id\":\"https:\/\/evol-forum.ch\/dei\/#website\"},\"datePublished\":\"2013-11-19T14:29:37+00:00\",\"dateModified\":\"2018-07-19T13:50:29+00:00\",\"inLanguage\":\"de\",\"potentialAction\":[{\"@type\":\"ReadAction\",\"target\":[\"https:\/\/evol-forum.ch\/dei\/die-widersacher\/\"]}]},{\"@type\":\"WebSite\",\"@id\":\"https:\/\/evol-forum.ch\/dei\/#website\",\"url\":\"https:\/\/evol-forum.ch\/dei\/\",\"name\":\"DEI-VERM\u00c4CHTNIS\",\"description\":\"\",\"potentialAction\":[{\"@type\":\"SearchAction\",\"target\":{\"@type\":\"EntryPoint\",\"urlTemplate\":\"https:\/\/evol-forum.ch\/dei\/?s={search_term_string}\"},\"query-input\":{\"@type\":\"PropertyValueSpecification\",\"valueRequired\":true,\"valueName\":\"search_term_string\"}}],\"inLanguage\":\"de\"}]}<\/script>\n<!-- \/ Yoast SEO plugin. -->","yoast_head_json":{"title":"Die Widersacher - DEI-VERM\u00c4CHTNIS","robots":{"index":"index","follow":"follow","max-snippet":"max-snippet:-1","max-image-preview":"max-image-preview:large","max-video-preview":"max-video-preview:-1"},"canonical":"https:\/\/evol-forum.ch\/dei\/die-widersacher\/","twitter_misc":{"Gesch\u00e4tzte Lesezeit":"2\u00a0Minuten"},"schema":{"@context":"https:\/\/schema.org","@graph":[{"@type":"WebPage","@id":"https:\/\/evol-forum.ch\/dei\/die-widersacher\/","url":"https:\/\/evol-forum.ch\/dei\/die-widersacher\/","name":"Die Widersacher - DEI-VERM\u00c4CHTNIS","isPartOf":{"@id":"https:\/\/evol-forum.ch\/dei\/#website"},"datePublished":"2013-11-19T14:29:37+00:00","dateModified":"2018-07-19T13:50:29+00:00","inLanguage":"de","potentialAction":[{"@type":"ReadAction","target":["https:\/\/evol-forum.ch\/dei\/die-widersacher\/"]}]},{"@type":"WebSite","@id":"https:\/\/evol-forum.ch\/dei\/#website","url":"https:\/\/evol-forum.ch\/dei\/","name":"DEI-VERM\u00c4CHTNIS","description":"","potentialAction":[{"@type":"SearchAction","target":{"@type":"EntryPoint","urlTemplate":"https:\/\/evol-forum.ch\/dei\/?s={search_term_string}"},"query-input":{"@type":"PropertyValueSpecification","valueRequired":true,"valueName":"search_term_string"}}],"inLanguage":"de"}]}},"_links":{"self":[{"href":"https:\/\/evol-forum.ch\/dei\/wp-json\/wp\/v2\/pages\/34","targetHints":{"allow":["GET"]}}],"collection":[{"href":"https:\/\/evol-forum.ch\/dei\/wp-json\/wp\/v2\/pages"}],"about":[{"href":"https:\/\/evol-forum.ch\/dei\/wp-json\/wp\/v2\/types\/page"}],"author":[{"embeddable":true,"href":"https:\/\/evol-forum.ch\/dei\/wp-json\/wp\/v2\/users\/5"}],"replies":[{"embeddable":true,"href":"https:\/\/evol-forum.ch\/dei\/wp-json\/wp\/v2\/comments?post=34"}],"version-history":[{"count":3,"href":"https:\/\/evol-forum.ch\/dei\/wp-json\/wp\/v2\/pages\/34\/revisions"}],"predecessor-version":[{"id":639,"href":"https:\/\/evol-forum.ch\/dei\/wp-json\/wp\/v2\/pages\/34\/revisions\/639"}],"wp:attachment":[{"href":"https:\/\/evol-forum.ch\/dei\/wp-json\/wp\/v2\/media?parent=34"}],"curies":[{"name":"wp","href":"https:\/\/api.w.org\/{rel}","templated":true}]}}