{"id":35,"date":"2013-11-19T16:29:37","date_gmt":"2013-11-19T14:29:37","guid":{"rendered":"https:\/\/evol-forum.ch\/dei\/die-dunklen-asuras\/"},"modified":"2018-10-24T16:37:05","modified_gmt":"2018-10-24T14:37:05","slug":"die-dunklen-asuras","status":"publish","type":"page","link":"https:\/\/evol-forum.ch\/dei\/die-dunklen-asuras\/","title":{"rendered":"Die dunklen Asuras"},"content":{"rendered":"<h1>Die dunklen Asuras<\/h1>\n<p><strong>Die Asuras sind abgewandte und k\u00fcnstlich erschaffene Wesen.<\/strong><\/p>\n<p>&nbsp;<\/p>\n<p>&nbsp;<\/p>\n<p>Asuras ist ein \u00dcberbegriff f\u00fcr alle Wesen, die sich aus ihrem freien Willen bewusst immer weiter von der Gottheit entfernen und in den Materiellen Welten ohne sie leben m\u00f6chten oder gar gegen sie wirken.<\/p>\n<p>&nbsp;<\/p>\n<p>Der Sammelbegriff Asuras kommt schon in verschiedenen alten Quellen f\u00fcr die Gott-abgewandten Wesen vor und diese unterscheiden sich in die 3 Arten der D\u00e4monen, der Finster-Wesen und der Dunkel-Wesen.\u00a0Die D\u00e4monen sind die F\u00fchrerInnen, die Finster-Wesen sind die abgewandten Seelen aus den sieben DEI-Rassen und zu den Dunkel-Wesen geh\u00f6ren die Kreaturen, die Haniel k\u00fcnstlich erschaffen hat. Heute w\u00fcrden wir sie Klone nennen.<\/p>\n<p>&nbsp;<\/p>\n<p>Da es Asuras nun einmal gibt, und sie versuchen auf uns Einfluss zu nehmen, ist es wichtig zu wissen, was sie tun, damit wir vorbereitet sind und entsprechend reagieren k\u00f6nnen.\u00a0Deshalb seien hier auch die Wesen der D\u00e4monen kurz dargestellt und dann die Finster-Wesen und die von ihnen \u201ek\u00fcnstlich\u201c erschaffenen Wesen der Dunkel-Rassen. Wir gehen daf\u00fcr in ihrer Gegen-Hierarchie von oben nach unten&#8230;<\/p>\n<p>&nbsp;<\/p>\n<p>&nbsp;<\/p>\n<p>&nbsp;<\/p>\n<p>&nbsp;<\/p>\n<p style=\"font: normal normal normal 12px\/normal Helvetica; margin: 0px;\"><span style=\"letter-spacing: 0px;\">Dies ist ein Auszug aus dem Buch\u00a0<a title=\"Buchbestellung DEI VERM\u00c4CHTNIS\" href=\"https:\/\/evol-forum.ch\/buecher-und-ebooks\/\" target=\"_blank\" rel=\"noopener\">DEI VERM\u00c4CHTNIS<\/a>.<\/span><\/p>\n<p>&nbsp;<\/p>\n","protected":false},"excerpt":{"rendered":"<p>Die dunklen Asuras Die Asuras sind abgewandte und k\u00fcnstlich erschaffene Wesen. &nbsp; &nbsp; Asuras ist ein \u00dcberbegriff f\u00fcr alle Wesen, die sich aus ihrem freien Willen bewusst immer weiter von der Gottheit entfernen und in den Materiellen Welten ohne sie leben m\u00f6chten oder gar gegen sie wirken. &nbsp; Der Sammelbegriff Asuras kommt schon in verschiedenen [&hellip;]<\/p>\n","protected":false},"author":5,"featured_media":0,"parent":0,"menu_order":701,"comment_status":"open","ping_status":"open","template":"","meta":{"_acf_changed":false,"_monsterinsights_skip_tracking":false,"_monsterinsights_sitenote_active":false,"_monsterinsights_sitenote_note":"","_monsterinsights_sitenote_category":0,"footnotes":""},"class_list":["post-35","page","type-page","status-publish","hentry"],"acf":[],"yoast_head":"<!-- This site is optimized with the Yoast SEO plugin v26.4 - https:\/\/yoast.com\/wordpress\/plugins\/seo\/ -->\n<title>Die dunklen Asuras - DEI-VERM\u00c4CHTNIS<\/title>\n<meta name=\"robots\" content=\"index, follow, max-snippet:-1, max-image-preview:large, max-video-preview:-1\" \/>\n<link rel=\"canonical\" href=\"https:\/\/evol-forum.ch\/dei\/die-dunklen-asuras\/\" \/>\n<meta name=\"twitter:label1\" content=\"Gesch\u00e4tzte Lesezeit\" \/>\n\t<meta name=\"twitter:data1\" content=\"1\u00a0Minute\" \/>\n<script type=\"application\/ld+json\" class=\"yoast-schema-graph\">{\"@context\":\"https:\/\/schema.org\",\"@graph\":[{\"@type\":\"WebPage\",\"@id\":\"https:\/\/evol-forum.ch\/dei\/die-dunklen-asuras\/\",\"url\":\"https:\/\/evol-forum.ch\/dei\/die-dunklen-asuras\/\",\"name\":\"Die dunklen Asuras - DEI-VERM\u00c4CHTNIS\",\"isPartOf\":{\"@id\":\"https:\/\/evol-forum.ch\/dei\/#website\"},\"datePublished\":\"2013-11-19T14:29:37+00:00\",\"dateModified\":\"2018-10-24T14:37:05+00:00\",\"inLanguage\":\"de\",\"potentialAction\":[{\"@type\":\"ReadAction\",\"target\":[\"https:\/\/evol-forum.ch\/dei\/die-dunklen-asuras\/\"]}]},{\"@type\":\"WebSite\",\"@id\":\"https:\/\/evol-forum.ch\/dei\/#website\",\"url\":\"https:\/\/evol-forum.ch\/dei\/\",\"name\":\"DEI-VERM\u00c4CHTNIS\",\"description\":\"\",\"potentialAction\":[{\"@type\":\"SearchAction\",\"target\":{\"@type\":\"EntryPoint\",\"urlTemplate\":\"https:\/\/evol-forum.ch\/dei\/?s={search_term_string}\"},\"query-input\":{\"@type\":\"PropertyValueSpecification\",\"valueRequired\":true,\"valueName\":\"search_term_string\"}}],\"inLanguage\":\"de\"}]}<\/script>\n<!-- \/ Yoast SEO plugin. -->","yoast_head_json":{"title":"Die dunklen Asuras - DEI-VERM\u00c4CHTNIS","robots":{"index":"index","follow":"follow","max-snippet":"max-snippet:-1","max-image-preview":"max-image-preview:large","max-video-preview":"max-video-preview:-1"},"canonical":"https:\/\/evol-forum.ch\/dei\/die-dunklen-asuras\/","twitter_misc":{"Gesch\u00e4tzte Lesezeit":"1\u00a0Minute"},"schema":{"@context":"https:\/\/schema.org","@graph":[{"@type":"WebPage","@id":"https:\/\/evol-forum.ch\/dei\/die-dunklen-asuras\/","url":"https:\/\/evol-forum.ch\/dei\/die-dunklen-asuras\/","name":"Die dunklen Asuras - DEI-VERM\u00c4CHTNIS","isPartOf":{"@id":"https:\/\/evol-forum.ch\/dei\/#website"},"datePublished":"2013-11-19T14:29:37+00:00","dateModified":"2018-10-24T14:37:05+00:00","inLanguage":"de","potentialAction":[{"@type":"ReadAction","target":["https:\/\/evol-forum.ch\/dei\/die-dunklen-asuras\/"]}]},{"@type":"WebSite","@id":"https:\/\/evol-forum.ch\/dei\/#website","url":"https:\/\/evol-forum.ch\/dei\/","name":"DEI-VERM\u00c4CHTNIS","description":"","potentialAction":[{"@type":"SearchAction","target":{"@type":"EntryPoint","urlTemplate":"https:\/\/evol-forum.ch\/dei\/?s={search_term_string}"},"query-input":{"@type":"PropertyValueSpecification","valueRequired":true,"valueName":"search_term_string"}}],"inLanguage":"de"}]}},"_links":{"self":[{"href":"https:\/\/evol-forum.ch\/dei\/wp-json\/wp\/v2\/pages\/35","targetHints":{"allow":["GET"]}}],"collection":[{"href":"https:\/\/evol-forum.ch\/dei\/wp-json\/wp\/v2\/pages"}],"about":[{"href":"https:\/\/evol-forum.ch\/dei\/wp-json\/wp\/v2\/types\/page"}],"author":[{"embeddable":true,"href":"https:\/\/evol-forum.ch\/dei\/wp-json\/wp\/v2\/users\/5"}],"replies":[{"embeddable":true,"href":"https:\/\/evol-forum.ch\/dei\/wp-json\/wp\/v2\/comments?post=35"}],"version-history":[{"count":4,"href":"https:\/\/evol-forum.ch\/dei\/wp-json\/wp\/v2\/pages\/35\/revisions"}],"predecessor-version":[{"id":679,"href":"https:\/\/evol-forum.ch\/dei\/wp-json\/wp\/v2\/pages\/35\/revisions\/679"}],"wp:attachment":[{"href":"https:\/\/evol-forum.ch\/dei\/wp-json\/wp\/v2\/media?parent=35"}],"curies":[{"name":"wp","href":"https:\/\/api.w.org\/{rel}","templated":true}]}}