{"id":36,"date":"2013-11-19T16:29:38","date_gmt":"2013-11-19T14:29:38","guid":{"rendered":"https:\/\/evol-forum.ch\/dei\/logen-und-geheimbuende\/"},"modified":"2018-07-19T15:51:48","modified_gmt":"2018-07-19T13:51:48","slug":"logen-und-geheimbuende","status":"publish","type":"page","link":"https:\/\/evol-forum.ch\/dei\/logen-und-geheimbuende\/","title":{"rendered":"Logen und Geheimb\u00fcnde"},"content":{"rendered":"<h1>Die Geheimgesellschaften\u00a0und deren Logen<\/h1>\n<p>Auch bei den Logen m\u00f6chten wir gar nicht erst dar\u00fcber diskutieren, ob es sie gibt oder nicht, ihr Bestehen ist in vielen geschichtlichen Aufzeichnungen und Einzelwerken ausf\u00fchrlich beschrieben und belegt. Es gibt sie nun einmal, diese inzwischen oft weltweiten Vereinigungen von F\u00fchrerInnen aus Politik, Wirtschaft und Religion. Sie haben eine lange Tradition in der europ\u00e4ischen Geschichte seit dem Mittelalter, teilweise eng verbunden mit der Macht der K\u00f6nigsh\u00e4user und der Kirchen (z.B. heute noch im Opus Dei proklamiert und praktiziert, als Bund innerhalb der katholischen Kirche in Verbindung mit den K\u00f6nigsh\u00e4usern Europas). In der christlichen Geschichte gehen die Urspr\u00fcnge der Logen auf die Templer-Orden aus Britannien zur\u00fcck, deren Kreuzz\u00fcge zum Schutz der Pilger und zur Verbreitung des Christentums dienen sollten (und der geheimen Suche nach bestimmten Artefakten, alten und geheiligten Gegenst\u00e4nden und Reliquien, wie der Heilige Gral, die Bundes-Lade u.a.). Die obersten F\u00fchrerInnen nennen sich oft Illuminati (die Erleuchteten) und denken, sie seien bestimmt, die unwissende Masse der Menschen zu f\u00fchren. Die gr\u00f6\u00dften und machtvollsten Logen sind kaum bekannt und agieren im Geheimen &#8211; bewusst oder auch unbewusst &#8211; als Werkzeuge der Asurischen M\u00e4chte (z.B. Thule, Skull &amp; Bones). Wieder andere dieser Logen und Bruderschaften arbeiten heutzutage auch sehr offen, \u00fcbernehmen soziale Aufgaben und sind sogar \u00f6ffentlich anerkannt, weil auch altes wahres Wissen vermittelt wird (z.B. Freimaurer und deren Dachloge Bilderberger, Rosenkreuzer u.a.). Doch es gilt grunds\u00e4tzlich: Je unbekannter, umso m\u00e4chtiger!<\/p>\n<p>&nbsp;<\/p>\n<p>Durch Vorf\u00e4lle oder \u00dcberl\u00e4ufer ist der eine oder andere Fall auch geschichtlich dokumentiert (z.B. Loge P1 und Verbindungen Vatikan und Banco Ambrosiano).<\/p>\n<p>&nbsp;<\/p>\n<p>Diese Vereinigungen sind aktiver denn je, verhandeln hinter den Kulissen mit vordergr\u00fcndigen \u201eFeinden\u201c und lenken \u00fcber die Macht-Steuerstr\u00f6me &#8211; mehr oder weniger ungest\u00f6rt &#8211; die Geschichte und Entwicklung der Menschheit. Zu ihrem Vorteil und auf ihre Ziele hinwirkend, wie sich von selbst versteht. Sie tun dies durch ihre geheimen Verbindungen in die Spitzen aller relevanten Bereiche, wo ihre Gefolgsleute in hohen Positionen stehen. Und sie tun es sehr erfolgreich durch die wichtigsten Macht-Steuerstr\u00f6me auf Erden:<\/p>\n<ul>\n<li>die Finanz-Str\u00f6me (Geld und B\u00f6rsen),<\/li>\n<li>die Energie-Str\u00f6me\u00a0(Erd\u00f6l, Stromerzeugung und Atomkraft)<\/li>\n<li>die Struktur-Str\u00f6me\u00a0(Politik, Staaten, Armeen)<\/li>\n<li>die Wirtschafts-Str\u00f6me\u00a0(Produktion, Handel und Dienstleistungen)<\/li>\n<li>und die Informations-Str\u00f6me(Medien und Telekommunikation).<\/li>\n<\/ul>\n<p>Ihr alterkl\u00e4rtes Ziel ist eine einheitliche \u201eNeue Weltordnung\u201c, die allen Menschen Frieden und Sicherheit bringen und zentral gef\u00fchrt sein soll&#8230;An sich ja kein schlechtes Ziel, doch zu welchem Preis?\u00a0Es ist ein Begriff, der nicht nur im christlichen Mittelalter, sondern auch auf der amerikanischen freimaurerischen Gr\u00fcndungs-Urkunde und Verfassung von 1787 (vor erst 220 Jahren) vorkommt.<\/p>\n<p>&nbsp;<\/p>\n<p>Der Begriff \u201enovus ordo seklorum\u201c ist auch auf der bis heute g\u00fcltigen 1-Dollar-Note t\u00e4glich pr\u00e4sent. Interessanterweise links mit der gro\u00dfen Pyramide (und dem Symbol des Auges in der Spitze resp. dem Abschlussstein), und rechts mit einem Sechsstern (wenn die kleinen Sterne \u00fcber dem Adler verbunden werden)&#8230;<\/p>\n<p>&nbsp;<\/p>\n<p><img loading=\"lazy\" decoding=\"async\" style=\"border: 0px initial initial;\" title=\"Ein-Dollar-Note | Novus ordo seclorum\" src=\"https:\/\/evol-forum.ch\/dei\/wp-content\/uploads\/sites\/2\/2013\/11\/IMG_7200_Dollar.jpg\" alt=\"Ein-Dollar-Note | Novus ordo seclorum\" width=\"445\" height=\"186\" \/><\/p>\n<p><span style=\"font-size: x-small;\"><span style=\"color: #333366;\">Dollar-Note mit der Textzeile \u201enovus ordo seclorum\u201c (unter der Pyramide), der Pyramide selbst und dem Abschlusstein mit dem Auge, sowie dem Sechstern, wenn wir die Sterne (\u00fcber dem Adler) mit Linien verbinden). Drei gewichtige Aussagen und Symbole auf dem meistbenutzten Geldschein, und dem einzigen, der seit seiner Einf\u00fchrung im Jahre 1861 bis heute unver\u00e4ndert geblieben ist. Die Symbole finden sich auch auf der Freimaurerischen Gr\u00fcndungs-Urkunde der Vereinigten Staaten von America.<\/span><\/span><\/p>\n<p>&nbsp;<\/p>\n<p>&nbsp;<\/p>\n<p style=\"font: normal normal normal 12px\/normal Helvetica; margin: 0px;\"><span style=\"letter-spacing: 0px;\">Dies ist ein Auszug aus dem Buch\u00a0<a title=\"Buchbestellung DEI VERM\u00c4CHTNIS\" href=\"https:\/\/evol-forum.ch\/buecher-und-ebooks\/\" target=\"_blank\" rel=\"noopener\">DEI VERM\u00c4CHTNIS<\/a>.<\/span><\/p>\n<p>&nbsp;<\/p>\n","protected":false},"excerpt":{"rendered":"<p>Die Geheimgesellschaften\u00a0und deren Logen Auch bei den Logen m\u00f6chten wir gar nicht erst dar\u00fcber diskutieren, ob es sie gibt oder nicht, ihr Bestehen ist in vielen geschichtlichen Aufzeichnungen und Einzelwerken ausf\u00fchrlich beschrieben und belegt. Es gibt sie nun einmal, diese inzwischen oft weltweiten Vereinigungen von F\u00fchrerInnen aus Politik, Wirtschaft und Religion. Sie haben eine lange [&hellip;]<\/p>\n","protected":false},"author":5,"featured_media":0,"parent":0,"menu_order":702,"comment_status":"open","ping_status":"open","template":"","meta":{"_acf_changed":false,"_monsterinsights_skip_tracking":false,"_monsterinsights_sitenote_active":false,"_monsterinsights_sitenote_note":"","_monsterinsights_sitenote_category":0,"footnotes":""},"class_list":["post-36","page","type-page","status-publish","hentry"],"acf":[],"yoast_head":"<!-- This site is optimized with the Yoast SEO plugin v26.4 - https:\/\/yoast.com\/wordpress\/plugins\/seo\/ -->\n<title>Logen und Geheimb\u00fcnde - DEI-VERM\u00c4CHTNIS<\/title>\n<meta name=\"robots\" content=\"index, follow, max-snippet:-1, max-image-preview:large, max-video-preview:-1\" \/>\n<link rel=\"canonical\" href=\"https:\/\/evol-forum.ch\/dei\/logen-und-geheimbuende\/\" \/>\n<meta name=\"twitter:label1\" content=\"Gesch\u00e4tzte Lesezeit\" \/>\n\t<meta name=\"twitter:data1\" content=\"3\u00a0Minuten\" \/>\n<script type=\"application\/ld+json\" class=\"yoast-schema-graph\">{\"@context\":\"https:\/\/schema.org\",\"@graph\":[{\"@type\":\"WebPage\",\"@id\":\"https:\/\/evol-forum.ch\/dei\/logen-und-geheimbuende\/\",\"url\":\"https:\/\/evol-forum.ch\/dei\/logen-und-geheimbuende\/\",\"name\":\"Logen und Geheimb\u00fcnde - DEI-VERM\u00c4CHTNIS\",\"isPartOf\":{\"@id\":\"https:\/\/evol-forum.ch\/dei\/#website\"},\"primaryImageOfPage\":{\"@id\":\"https:\/\/evol-forum.ch\/dei\/logen-und-geheimbuende\/#primaryimage\"},\"image\":{\"@id\":\"https:\/\/evol-forum.ch\/dei\/logen-und-geheimbuende\/#primaryimage\"},\"thumbnailUrl\":\"https:\/\/evol-forum.ch\/dei\/wp-content\/uploads\/sites\/2\/2013\/11\/IMG_7200_Dollar.jpg\",\"datePublished\":\"2013-11-19T14:29:38+00:00\",\"dateModified\":\"2018-07-19T13:51:48+00:00\",\"inLanguage\":\"de\",\"potentialAction\":[{\"@type\":\"ReadAction\",\"target\":[\"https:\/\/evol-forum.ch\/dei\/logen-und-geheimbuende\/\"]}]},{\"@type\":\"ImageObject\",\"inLanguage\":\"de\",\"@id\":\"https:\/\/evol-forum.ch\/dei\/logen-und-geheimbuende\/#primaryimage\",\"url\":\"https:\/\/evol-forum.ch\/dei\/wp-content\/uploads\/sites\/2\/2013\/11\/IMG_7200_Dollar.jpg\",\"contentUrl\":\"https:\/\/evol-forum.ch\/dei\/wp-content\/uploads\/sites\/2\/2013\/11\/IMG_7200_Dollar.jpg\",\"width\":445,\"height\":186},{\"@type\":\"WebSite\",\"@id\":\"https:\/\/evol-forum.ch\/dei\/#website\",\"url\":\"https:\/\/evol-forum.ch\/dei\/\",\"name\":\"DEI-VERM\u00c4CHTNIS\",\"description\":\"\",\"potentialAction\":[{\"@type\":\"SearchAction\",\"target\":{\"@type\":\"EntryPoint\",\"urlTemplate\":\"https:\/\/evol-forum.ch\/dei\/?s={search_term_string}\"},\"query-input\":{\"@type\":\"PropertyValueSpecification\",\"valueRequired\":true,\"valueName\":\"search_term_string\"}}],\"inLanguage\":\"de\"}]}<\/script>\n<!-- \/ Yoast SEO plugin. -->","yoast_head_json":{"title":"Logen und Geheimb\u00fcnde - DEI-VERM\u00c4CHTNIS","robots":{"index":"index","follow":"follow","max-snippet":"max-snippet:-1","max-image-preview":"max-image-preview:large","max-video-preview":"max-video-preview:-1"},"canonical":"https:\/\/evol-forum.ch\/dei\/logen-und-geheimbuende\/","twitter_misc":{"Gesch\u00e4tzte Lesezeit":"3\u00a0Minuten"},"schema":{"@context":"https:\/\/schema.org","@graph":[{"@type":"WebPage","@id":"https:\/\/evol-forum.ch\/dei\/logen-und-geheimbuende\/","url":"https:\/\/evol-forum.ch\/dei\/logen-und-geheimbuende\/","name":"Logen und Geheimb\u00fcnde - DEI-VERM\u00c4CHTNIS","isPartOf":{"@id":"https:\/\/evol-forum.ch\/dei\/#website"},"primaryImageOfPage":{"@id":"https:\/\/evol-forum.ch\/dei\/logen-und-geheimbuende\/#primaryimage"},"image":{"@id":"https:\/\/evol-forum.ch\/dei\/logen-und-geheimbuende\/#primaryimage"},"thumbnailUrl":"https:\/\/evol-forum.ch\/dei\/wp-content\/uploads\/sites\/2\/2013\/11\/IMG_7200_Dollar.jpg","datePublished":"2013-11-19T14:29:38+00:00","dateModified":"2018-07-19T13:51:48+00:00","inLanguage":"de","potentialAction":[{"@type":"ReadAction","target":["https:\/\/evol-forum.ch\/dei\/logen-und-geheimbuende\/"]}]},{"@type":"ImageObject","inLanguage":"de","@id":"https:\/\/evol-forum.ch\/dei\/logen-und-geheimbuende\/#primaryimage","url":"https:\/\/evol-forum.ch\/dei\/wp-content\/uploads\/sites\/2\/2013\/11\/IMG_7200_Dollar.jpg","contentUrl":"https:\/\/evol-forum.ch\/dei\/wp-content\/uploads\/sites\/2\/2013\/11\/IMG_7200_Dollar.jpg","width":445,"height":186},{"@type":"WebSite","@id":"https:\/\/evol-forum.ch\/dei\/#website","url":"https:\/\/evol-forum.ch\/dei\/","name":"DEI-VERM\u00c4CHTNIS","description":"","potentialAction":[{"@type":"SearchAction","target":{"@type":"EntryPoint","urlTemplate":"https:\/\/evol-forum.ch\/dei\/?s={search_term_string}"},"query-input":{"@type":"PropertyValueSpecification","valueRequired":true,"valueName":"search_term_string"}}],"inLanguage":"de"}]}},"_links":{"self":[{"href":"https:\/\/evol-forum.ch\/dei\/wp-json\/wp\/v2\/pages\/36","targetHints":{"allow":["GET"]}}],"collection":[{"href":"https:\/\/evol-forum.ch\/dei\/wp-json\/wp\/v2\/pages"}],"about":[{"href":"https:\/\/evol-forum.ch\/dei\/wp-json\/wp\/v2\/types\/page"}],"author":[{"embeddable":true,"href":"https:\/\/evol-forum.ch\/dei\/wp-json\/wp\/v2\/users\/5"}],"replies":[{"embeddable":true,"href":"https:\/\/evol-forum.ch\/dei\/wp-json\/wp\/v2\/comments?post=36"}],"version-history":[{"count":3,"href":"https:\/\/evol-forum.ch\/dei\/wp-json\/wp\/v2\/pages\/36\/revisions"}],"predecessor-version":[{"id":635,"href":"https:\/\/evol-forum.ch\/dei\/wp-json\/wp\/v2\/pages\/36\/revisions\/635"}],"wp:attachment":[{"href":"https:\/\/evol-forum.ch\/dei\/wp-json\/wp\/v2\/media?parent=36"}],"curies":[{"name":"wp","href":"https:\/\/api.w.org\/{rel}","templated":true}]}}