{"id":37,"date":"2013-11-19T16:29:38","date_gmt":"2013-11-19T14:29:38","guid":{"rendered":"https:\/\/evol-forum.ch\/dei\/die-neue-weltordnung\/"},"modified":"2018-10-24T16:39:34","modified_gmt":"2018-10-24T14:39:34","slug":"die-neue-weltordnung","status":"publish","type":"page","link":"https:\/\/evol-forum.ch\/dei\/die-neue-weltordnung\/","title":{"rendered":"Die &#8222;Neue Weltordnung&#8220;"},"content":{"rendered":"<h1>Die \u201eNeue Weltordnung\u201c<\/h1>\n<p>(lat. novus ordo mundi)<\/p>\n<p>&nbsp;<\/p>\n<p>Was ist oder meint denn eigentlich dieser alte Begriff \u201eNeue Weltordnung\u201c genau,\u00a0der auch nach dem Ende des kalten Krieges und dem Fall Osteuropas von George H. W. Bush am 11.9.1990 und von seinem Sohn Georg W. Bush nach den Angriffen auf die Twin-Towers am 11.9.2001 und zur Rechtfertigung des 1. Irak-Krieges wiederum verwendet wurde? Seither ist die NW wieder zum weltweiten Begriff und Ziel geworden, und das Wort wird derzeit bereits von vielen Politikern auch in europ\u00e4ischen L\u00e4ndern einstimmig mitgetragen. Der daran angelehnte Begriff \u201enovum ordum seklorum\u201c (Neue Ordnung des Zeitalters) taucht neuerdings auch immer wieder auf, teilweise gezielt von Politikern eingesetzt, wie beim 2. Irak-Krieg oder dem Pal\u00e4stina-Konflikt, oder bei Machtverschiebungen durch Russland und China. Ein neues altes Ph\u00e4nomen, getragen vom Wunsch einer weltweit einheitlichen \u201eOrdnung\u201c in m\u00f6glichst allen Bereichen. Mit diesem Begriff ging es jedoch dann auch gleich wieder darum wer die \u201eWeltherrschaft\u201c erringen wird. Erstaunlich dabei ist, dass diese nicht auf kurze Zeiten oder auf einzelne Kriege, sondern mit einer \u201edunklen und versteckten Strategie und Manipulation\u201c \u00fcber Jahrhunderte und sogar Jahrtausende hinweg angelegt ist.<\/p>\n<p>&nbsp;<\/p>\n<p>Diese asurischen Menschen wirken an weltweiten Verbindungen und einheitlichen L\u00f6sungen in allen Bereichen und schaffen inoffizielle und offizielle Gremien f\u00fcr die weltweite Umsetzung in Gesellschaften und M\u00e4rkten. Es gibt nat\u00fcrlich auch die Mehrheit der arbeitenden Menschen in diesen Organisationen, die nach bestem Glauben, Wissen und Gewissen handeln, weil sie denken, es w\u00e4re f\u00fcr die Menschen am besten oder weil sie die wahren Zwecke und Absichten ihrer Strukturen nicht kennen.<\/p>\n<p>&nbsp;<\/p>\n<p>Es geht um nicht weniger als zentrale Strukturen f\u00fcr alle Bereiche, doch wer wird sie steuern?\u00a0Sehr anschauliche Beispiele daf\u00fcr sind der weltweite bargeldlose Zahlungsverkehr \u00fcber Plastikkarten und Chips (wo ist eigentlich das viele reale Geld geblieben?), der in den Siebzigerjahren eingef\u00fchrt Strichcode\/Barcode, ohne den keine Waren verkauft oder gekauft werden k\u00f6nnen (siehe auch Johannes-Apokalypse Seite ??), oder die Video\u00fcberwachung von ganzen St\u00e4dten (z.B. London). Und seit den \u201eTerrorangriffen\u201c der letzten Jahre muss sowieso jeder und alles kontrolliert werden (z.B. Aufzeichung aller Telefonate und neue Ausweise mit biometrischen Daten). Wir sind schon weitgehend \u201e\u00fcberwachbar\u201c geworden, sei es \u00fcber Geldautomaten, Handy, Auto-Navigation bis hin zum Chip am Auto f\u00fcr Verkehrsleitung oder Stra\u00dfengeb\u00fchren. Damit ist lokalisierbar und \u00fcberpr\u00fcfbar, wo wir sind und was wir tun.<\/p>\n<p>&nbsp;<\/p>\n<p>Bereits stehen die \u201eneusten Errungenschaften\u201c zur Verf\u00fcgung und kommen in den Einsatz und in die Werbung. Von der zentralen Datenerfassung in Europa bis zur ONE-CARD, wo eine Karte ALLE Informationen tr\u00e4gt (wehe wenn die mal gesperrt wird, dann ist man von allen Systemen ausgeschlossen).\u00a0Am be\u00e4ngstigendsten ist jedoch der Gedanke an \u201ef\u00e4lschungssicher\u201c unter der Haut der Hand oder Stirn eingebaute Chips, oder Retarder-Sendern, die allen Menschen in den K\u00f6rper eingespritzt werden k\u00f6nnen und die man fast nicht mehr finden oder loswerden kann. Doch daf\u00fcr ist man jederzeit auf der ganzen Welt lokalisierbar, was nat\u00fcrlich bei Ungl\u00fccken oder Entf\u00fchrungen auch ein Vorteil sein kann. Bei Hunden und auch anderen Tieren ist diese Technologie bereits seit den Neunzigerjahren in der weltweiten Erprobung und Umsetzung.<\/p>\n<p>&nbsp;<\/p>\n<p>Die Logen gehen davon aus, dass sie bald am Ziel seien, gef\u00fchrt durch die M\u00e4chtigsten und deren Geheim-Organisationen dieser Erde, die fast nie in der \u00d6ffentlichkeit oder den Medien erscheinen. Doch es ist noch nicht soweit, warten wir es ab&#8230;<\/p>\n<p>Und es gibt neben den UN (Vereinten Nationen) ja auch weltweite Gremien, die zum Teil im Interesse der Weltbev\u00f6lkerung handeln (z.B. NGO), denn es sollte auch immer mehr eine weltweite Vernetzung der aufgekl\u00e4rten Gegenkr\u00e4fte geben,\u00a0und das sind wir selbst!\u00a0Sie sehen, George Orwell hatte gar nicht so unrecht mit seiner Vision im Buch 1984, und wir stecken &#8211; mit der Technik spielend &#8211; mittendrin. Verstehen Sie mich richtig, es geht in keinem Fall darum, sinnvolle Technik an sich zu verneinen oder zu verteufeln. Auch wir sind Benutzer der \u201eneuen Technologien\u201c wie Computer und Internet, doch geht es wie bei jeder Technik darum, ob sie dem Menschen dient oder ihm schadet, und wie er damit umgeht, wof\u00fcr er diese einsetzt und ob er \u00fcberhaupt frei dar\u00fcber verf\u00fcgen kann&#8230;<\/p>\n<p>&nbsp;<\/p>\n<p>&nbsp;<\/p>\n<p style=\"font: normal normal normal 12px\/normal Helvetica; margin: 0px;\"><span style=\"letter-spacing: 0px;\">Dies ist ein Auszug aus dem Buch\u00a0<a title=\"Buchbestellung DEI VERM\u00c4CHTNIS\" href=\"https:\/\/evol-forum.ch\/buecher-und-ebooks\/\" target=\"_blank\" rel=\"noopener\">DEI VERM\u00c4CHTNIS<\/a>.<\/span><\/p>\n<p>&nbsp;<\/p>\n","protected":false},"excerpt":{"rendered":"<p>Die \u201eNeue Weltordnung\u201c (lat. novus ordo mundi) &nbsp; Was ist oder meint denn eigentlich dieser alte Begriff \u201eNeue Weltordnung\u201c genau,\u00a0der auch nach dem Ende des kalten Krieges und dem Fall Osteuropas von George H. W. Bush am 11.9.1990 und von seinem Sohn Georg W. Bush nach den Angriffen auf die Twin-Towers am 11.9.2001 und zur [&hellip;]<\/p>\n","protected":false},"author":5,"featured_media":0,"parent":0,"menu_order":703,"comment_status":"open","ping_status":"open","template":"","meta":{"_acf_changed":false,"_monsterinsights_skip_tracking":false,"_monsterinsights_sitenote_active":false,"_monsterinsights_sitenote_note":"","_monsterinsights_sitenote_category":0,"footnotes":""},"class_list":["post-37","page","type-page","status-publish","hentry"],"acf":[],"yoast_head":"<!-- This site is optimized with the Yoast SEO plugin v26.4 - https:\/\/yoast.com\/wordpress\/plugins\/seo\/ -->\n<title>Die &quot;Neue Weltordnung&quot; - DEI-VERM\u00c4CHTNIS<\/title>\n<meta name=\"robots\" content=\"index, follow, max-snippet:-1, max-image-preview:large, max-video-preview:-1\" \/>\n<link rel=\"canonical\" href=\"https:\/\/evol-forum.ch\/dei\/die-neue-weltordnung\/\" \/>\n<meta name=\"twitter:label1\" content=\"Gesch\u00e4tzte Lesezeit\" \/>\n\t<meta name=\"twitter:data1\" content=\"4\u00a0Minuten\" \/>\n<script type=\"application\/ld+json\" class=\"yoast-schema-graph\">{\"@context\":\"https:\/\/schema.org\",\"@graph\":[{\"@type\":\"WebPage\",\"@id\":\"https:\/\/evol-forum.ch\/dei\/die-neue-weltordnung\/\",\"url\":\"https:\/\/evol-forum.ch\/dei\/die-neue-weltordnung\/\",\"name\":\"Die \\\"Neue Weltordnung\\\" - DEI-VERM\u00c4CHTNIS\",\"isPartOf\":{\"@id\":\"https:\/\/evol-forum.ch\/dei\/#website\"},\"datePublished\":\"2013-11-19T14:29:38+00:00\",\"dateModified\":\"2018-10-24T14:39:34+00:00\",\"inLanguage\":\"de\",\"potentialAction\":[{\"@type\":\"ReadAction\",\"target\":[\"https:\/\/evol-forum.ch\/dei\/die-neue-weltordnung\/\"]}]},{\"@type\":\"WebSite\",\"@id\":\"https:\/\/evol-forum.ch\/dei\/#website\",\"url\":\"https:\/\/evol-forum.ch\/dei\/\",\"name\":\"DEI-VERM\u00c4CHTNIS\",\"description\":\"\",\"potentialAction\":[{\"@type\":\"SearchAction\",\"target\":{\"@type\":\"EntryPoint\",\"urlTemplate\":\"https:\/\/evol-forum.ch\/dei\/?s={search_term_string}\"},\"query-input\":{\"@type\":\"PropertyValueSpecification\",\"valueRequired\":true,\"valueName\":\"search_term_string\"}}],\"inLanguage\":\"de\"}]}<\/script>\n<!-- \/ Yoast SEO plugin. -->","yoast_head_json":{"title":"Die \"Neue Weltordnung\" - DEI-VERM\u00c4CHTNIS","robots":{"index":"index","follow":"follow","max-snippet":"max-snippet:-1","max-image-preview":"max-image-preview:large","max-video-preview":"max-video-preview:-1"},"canonical":"https:\/\/evol-forum.ch\/dei\/die-neue-weltordnung\/","twitter_misc":{"Gesch\u00e4tzte Lesezeit":"4\u00a0Minuten"},"schema":{"@context":"https:\/\/schema.org","@graph":[{"@type":"WebPage","@id":"https:\/\/evol-forum.ch\/dei\/die-neue-weltordnung\/","url":"https:\/\/evol-forum.ch\/dei\/die-neue-weltordnung\/","name":"Die \"Neue Weltordnung\" - DEI-VERM\u00c4CHTNIS","isPartOf":{"@id":"https:\/\/evol-forum.ch\/dei\/#website"},"datePublished":"2013-11-19T14:29:38+00:00","dateModified":"2018-10-24T14:39:34+00:00","inLanguage":"de","potentialAction":[{"@type":"ReadAction","target":["https:\/\/evol-forum.ch\/dei\/die-neue-weltordnung\/"]}]},{"@type":"WebSite","@id":"https:\/\/evol-forum.ch\/dei\/#website","url":"https:\/\/evol-forum.ch\/dei\/","name":"DEI-VERM\u00c4CHTNIS","description":"","potentialAction":[{"@type":"SearchAction","target":{"@type":"EntryPoint","urlTemplate":"https:\/\/evol-forum.ch\/dei\/?s={search_term_string}"},"query-input":{"@type":"PropertyValueSpecification","valueRequired":true,"valueName":"search_term_string"}}],"inLanguage":"de"}]}},"_links":{"self":[{"href":"https:\/\/evol-forum.ch\/dei\/wp-json\/wp\/v2\/pages\/37","targetHints":{"allow":["GET"]}}],"collection":[{"href":"https:\/\/evol-forum.ch\/dei\/wp-json\/wp\/v2\/pages"}],"about":[{"href":"https:\/\/evol-forum.ch\/dei\/wp-json\/wp\/v2\/types\/page"}],"author":[{"embeddable":true,"href":"https:\/\/evol-forum.ch\/dei\/wp-json\/wp\/v2\/users\/5"}],"replies":[{"embeddable":true,"href":"https:\/\/evol-forum.ch\/dei\/wp-json\/wp\/v2\/comments?post=37"}],"version-history":[{"count":4,"href":"https:\/\/evol-forum.ch\/dei\/wp-json\/wp\/v2\/pages\/37\/revisions"}],"predecessor-version":[{"id":680,"href":"https:\/\/evol-forum.ch\/dei\/wp-json\/wp\/v2\/pages\/37\/revisions\/680"}],"wp:attachment":[{"href":"https:\/\/evol-forum.ch\/dei\/wp-json\/wp\/v2\/media?parent=37"}],"curies":[{"name":"wp","href":"https:\/\/api.w.org\/{rel}","templated":true}]}}