{"id":38,"date":"2013-11-19T16:29:38","date_gmt":"2013-11-19T14:29:38","guid":{"rendered":"https:\/\/evol-forum.ch\/dei\/die-7-irrlehren\/"},"modified":"2018-10-24T16:42:04","modified_gmt":"2018-10-24T14:42:04","slug":"die-7-irrlehren","status":"publish","type":"page","link":"https:\/\/evol-forum.ch\/dei\/die-7-irrlehren\/","title":{"rendered":"Die 7 Irrlehren"},"content":{"rendered":"<h1>Die 7 Irrlehren<\/h1>\n<p>&nbsp;<\/p>\n<p>Wie k\u00f6nnen die Asuras unsere Entwicklung als Menschheit manipulieren, sowie unsere Bewusstwerdung und unseren Aufstieg verhindern? Am einfachsten ist es, die Menschen in Abh\u00e4ngigkeiten und vor allem in existenzieller Angst zu halten, was in der westlichen Welt auf fast alle zutrifft. Und uns durch keine oder einseitige Informationen daran zu hindern, die wahren Abl\u00e4ufe und Hintergr\u00fcnde zu erkennen, um mehr \u00fcber die wahre Natur des Menschen, das Sein und die geistige Welt zu erfahren. Dies sind allesamt Informationen, die \u201cdie Gegenseite\u201c nat\u00fcrlich hat und nutzt und damit missbraucht. Am schlimmsten sind die Halbwahrheiten, wie sie oft in Politik, Wirtschaft, Kirchen und Logen verwendet werden. Man nehme also einen Teil g\u00f6ttliche oder grundlegende Wahrheit, und gebe dazu die abge\u00e4nderte Form, welche die Menschen dann in die \u201egew\u00fcnschte\u201c Richtung bringt.<\/p>\n<p>Diese Mischung aus Desinformation, Manipulation und Halbwahrheiten ergibt ein Umfeld, in dem man uns leicht beeinflussen kann.\u00a0Ich war selbst \u00fcberrascht, als unser geistiger Begleiter Gabriel am 17.12.2008 die folgenden Irrlehren der Massenmanipulation dazu gab. Sie sollen der Erkenntnis und dem Unterscheidungsverm\u00f6gen dienen:<\/p>\n<p>&nbsp;<\/p>\n<p><strong>1 &#8211; Die erste ist die Irrlehre der vielen G\u00f6tter, denn es gibt nur EINE GOTTHEIT.<\/strong><\/p>\n<p>&nbsp;<\/p>\n<p>Es gibt zwar in gewissem Sinne eine erweiterte GOTTheit, doch nur die 4 DEI, denn dies sind die 4 Aspekte der EINEN GOTTHEIT.<\/p>\n<p>&nbsp;<\/p>\n<p><strong>2 &#8211; Die zweite ist die Irrlehre der Kirchen,<\/strong><\/p>\n<p>denn sie weisen einen falschen Weg mit ihren Religionsauslegungen ihrer heiligen Urschriften. Best\u00e4tigt sehen Sie dies in der Tatsache, dass es den Religionen seit Jahrtausenden ihres Bestehens nicht gelungen ist, die Menschen in das Gl\u00fcck und in die Liebe zu f\u00fchren. Das hat keine der Religionen geschafft, nicht einmal unter den eigenen Anh\u00e4ngern. Das wird nur m\u00f6glich sein durch ein neues Verst\u00e4ndnis der Urschriften im Geiste des neuen Testaments der Liebe unseres Herrn. Doch die Umsetzung dessen wird noch dauern auf Erden.<\/p>\n<p>&nbsp;<\/p>\n<p><strong>3 &#8211; Die dritte ist die Irrlehre der Geheim-Logen, <\/strong><\/p>\n<p>denn sie weisen ihre suchenden Sch\u00fcler an, zu glauben, dass Gut und B\u00f6se letztendlich dasselbe seien, und zwei gleichwertige Aspekte der Ehrung (wie 2 Seiten derselben M\u00fcnze). Es spiele keine Rolle ob wir Engelsgleich oder D\u00e4monenhaft seien, denn es brauche beides, um die Gottheit wieder zu vereinen.<\/p>\n<p>&nbsp;<\/p>\n<p><strong>4 &#8211; Die vierte ist die Irrlehre der Geistes- und Natur-Wissenschaft, <\/strong><\/p>\n<p>denn sie gibt vor, zu wissen, was f\u00fcr den Einzelnen gut ist. Doch sie verwirrt die Geister mit falschen und halbwahren Informationen \u00fcber die Sch\u00f6pfung des Weltalls und der Erde und der Lebewesen und der ganzen Sinn-Frage des Seins.*<\/p>\n<p>&nbsp;<\/p>\n<p><strong>5 &#8211; Die f\u00fcnfte ist die Irrlehre der Wirtschaft, <\/strong><\/p>\n<p>da sie verspricht immer weiter zu wachsen. Dies ist nicht m\u00f6glich, denn es gibt kein Wachstum durch Wachstum, sondern durch Saat. Es braucht geistige R\u00fcckbesinnung auf Regeln und Grenzen f\u00fcr den freien Markt und ein gesundes Wachstum, bei dem niemand verliert und die Umwelt nicht zerst\u00f6rt wird. Denn der Markt wird sonst wirklich frei, aber fallen.<\/p>\n<p>&nbsp;<\/p>\n<p><strong>6 &#8211; Die sechste ist die Irrlehre der Medien-Instrumente, <\/strong><\/p>\n<p>einer unglaublich einseitigen Berichterstattungs- und Fernseh-Gesellschaft. Denn sie vermittelt den Eindruck der Objektivit\u00e4t und Wahrheiten bei einem H\u00f6chstgrad an Subjektivit\u00e4t und Halbwahrheiten.<\/p>\n<p>&nbsp;<\/p>\n<p><strong>7 &#8211; Die siebte ist die Irrlehre der Freiheit, <\/strong><\/p>\n<p>denn die ist in dieser Form gar nicht m\u00f6glich in eurer Dreidimensionalit\u00e4t auf Erden, weil es zu viele Einfl\u00fcsse und Abh\u00e4ngigkeiten gibt, die dies verhindern. Denn es ist nur m\u00f6glich, innerlich und geistig frei zu werden, vereint im Ganzen, und dies bedeutet in Wirklichkeit, aus diesem Lebenskreis wieder geheilt zur\u00fcckzukehren in die Geistige Welt, wo ihr wahrhaftig frei sein werdet. DEIsegen sei mit Euch&#8230;<\/p>\n<p>&nbsp;<\/p>\n<p>* Sehr treffend erg\u00e4nzt durch die Aussage von Dr. Saburo, Institut f\u00fcr Biologische Frequenzforschung in Bremen:<\/p>\n<p><em><span style=\"color: #333366;\">\u201eDie irdische Wissenschaft ist \u2013 fast unbemerkt von der \u00d6ffentlichkeit \u2013 zu einer neuen Religion mit eigenen Dogmen geworden, obwohl sie zu allen Zeiten, wie wir alle wissen, auf den Stand des jeweils g\u00fcltigen Irrtums steht, weil sie das Bewusstsein f\u00fcr das Ganze verloren hat. Das Volk, selbst Politiker und theologische Autorit\u00e4ten, sind weitgehend davon \u00fcberzeugt, dass wissenschaftliche Modelle die Wahrheit dokumentieren, das aber ist ein Irrtum. Wissenschaftler sind immer auf einen Teilbereich spezialisiert, sie wissen viel \u00fcber wenig.\u201c (Saburo &#8211; 5.29)<\/span><\/em><\/p>\n<p>&nbsp;<\/p>\n<p>&nbsp;<\/p>\n<p>Pers\u00f6nliche Anmerkung:<\/p>\n<p>Wir leben in sehr vielen Abh\u00e4ngigkeiten, wie z.B. Miete f\u00fcr Wohnung, Rechnungen f\u00fcr Strom, Wasser, elektronische Ger\u00e4te, Telefon, Auto usw. (Nehmen wir als Beispiel das Auto: wenn wir mit dem Auto \u201efrei\u201c umherfahren m\u00f6chten, m\u00fcssen wir vorher eines kaufen, dann die Zulassung und Versicherungen l\u00f6sen, und dann laufend bei einem \u00d6lkonzern Benzin kaufen, um uns \u201efrei\u201c bewegen zu k\u00f6nnen auf speziell daf\u00fcr gebauten Strassen, f\u00fcr deren Benutzung wir wieder bezahlen und unsere Bewegungen erst noch kontrolliert und aufgezeichnet werden). Und unser Leben in heutigen westlichen Industrie-Nationen ist voll durchreglementiert mit Gesetzen und Regeln, regionale, nationale und internationale. Uns wird Freiheit und Demokratie suggeriert, damit wir nicht merken, dass wir gefangen sind in diesem System. Doch wer kontrolliert all das und bestimmt den Verlauf dieser dargelegten bedeutenden Ver\u00e4nderungen und Entwicklungen in nur 200 Jahren der Industrialisierung und Technologisierung? Es braucht dazu diese weltweiten Machtstrukturen, die seit dem Mittelalter aufgebaut werden&#8230;<\/p>\n<p>&nbsp;<\/p>\n<p>Und als treffendes Zitat dazu:<\/p>\n<p><em><span style=\"color: #333366;\">\u201cDiejenigen, die f\u00fcr ein wenig vor\u00fcbergehende Sicherheit grundlegende Freiheiten aufgeben, verdienen weder Freiheit noch Sicherheit.\u201d (Franklin &#8211; 5.30)<\/span><\/em><\/p>\n<p>&nbsp;<\/p>\n<p>&nbsp;<\/p>\n<p style=\"font: normal normal normal 12px\/normal Helvetica; margin: 0px;\"><span style=\"letter-spacing: 0px;\">Dies ist ein Auszug aus dem Buch\u00a0<a title=\"Buchbestellung DEI VERM\u00c4CHTNIS\" href=\"https:\/\/evol-forum.ch\/buecher-und-ebooks\/\" target=\"_blank\" rel=\"noopener\">DEI VERM\u00c4CHTNIS<\/a>.<\/span><\/p>\n<p>&nbsp;<\/p>\n","protected":false},"excerpt":{"rendered":"<p>Die 7 Irrlehren &nbsp; Wie k\u00f6nnen die Asuras unsere Entwicklung als Menschheit manipulieren, sowie unsere Bewusstwerdung und unseren Aufstieg verhindern? Am einfachsten ist es, die Menschen in Abh\u00e4ngigkeiten und vor allem in existenzieller Angst zu halten, was in der westlichen Welt auf fast alle zutrifft. Und uns durch keine oder einseitige Informationen daran zu hindern, [&hellip;]<\/p>\n","protected":false},"author":5,"featured_media":0,"parent":0,"menu_order":704,"comment_status":"open","ping_status":"open","template":"","meta":{"_acf_changed":false,"_monsterinsights_skip_tracking":false,"_monsterinsights_sitenote_active":false,"_monsterinsights_sitenote_note":"","_monsterinsights_sitenote_category":0,"footnotes":""},"class_list":["post-38","page","type-page","status-publish","hentry"],"acf":[],"yoast_head":"<!-- This site is optimized with the Yoast SEO plugin v26.4 - https:\/\/yoast.com\/wordpress\/plugins\/seo\/ -->\n<title>Die 7 Irrlehren - DEI-VERM\u00c4CHTNIS<\/title>\n<meta name=\"robots\" content=\"index, follow, max-snippet:-1, max-image-preview:large, max-video-preview:-1\" \/>\n<link rel=\"canonical\" href=\"https:\/\/evol-forum.ch\/dei\/die-7-irrlehren\/\" \/>\n<meta name=\"twitter:label1\" content=\"Gesch\u00e4tzte Lesezeit\" \/>\n\t<meta name=\"twitter:data1\" content=\"5\u00a0Minuten\" \/>\n<script type=\"application\/ld+json\" class=\"yoast-schema-graph\">{\"@context\":\"https:\/\/schema.org\",\"@graph\":[{\"@type\":\"WebPage\",\"@id\":\"https:\/\/evol-forum.ch\/dei\/die-7-irrlehren\/\",\"url\":\"https:\/\/evol-forum.ch\/dei\/die-7-irrlehren\/\",\"name\":\"Die 7 Irrlehren - DEI-VERM\u00c4CHTNIS\",\"isPartOf\":{\"@id\":\"https:\/\/evol-forum.ch\/dei\/#website\"},\"datePublished\":\"2013-11-19T14:29:38+00:00\",\"dateModified\":\"2018-10-24T14:42:04+00:00\",\"inLanguage\":\"de\",\"potentialAction\":[{\"@type\":\"ReadAction\",\"target\":[\"https:\/\/evol-forum.ch\/dei\/die-7-irrlehren\/\"]}]},{\"@type\":\"WebSite\",\"@id\":\"https:\/\/evol-forum.ch\/dei\/#website\",\"url\":\"https:\/\/evol-forum.ch\/dei\/\",\"name\":\"DEI-VERM\u00c4CHTNIS\",\"description\":\"\",\"potentialAction\":[{\"@type\":\"SearchAction\",\"target\":{\"@type\":\"EntryPoint\",\"urlTemplate\":\"https:\/\/evol-forum.ch\/dei\/?s={search_term_string}\"},\"query-input\":{\"@type\":\"PropertyValueSpecification\",\"valueRequired\":true,\"valueName\":\"search_term_string\"}}],\"inLanguage\":\"de\"}]}<\/script>\n<!-- \/ Yoast SEO plugin. -->","yoast_head_json":{"title":"Die 7 Irrlehren - DEI-VERM\u00c4CHTNIS","robots":{"index":"index","follow":"follow","max-snippet":"max-snippet:-1","max-image-preview":"max-image-preview:large","max-video-preview":"max-video-preview:-1"},"canonical":"https:\/\/evol-forum.ch\/dei\/die-7-irrlehren\/","twitter_misc":{"Gesch\u00e4tzte Lesezeit":"5\u00a0Minuten"},"schema":{"@context":"https:\/\/schema.org","@graph":[{"@type":"WebPage","@id":"https:\/\/evol-forum.ch\/dei\/die-7-irrlehren\/","url":"https:\/\/evol-forum.ch\/dei\/die-7-irrlehren\/","name":"Die 7 Irrlehren - DEI-VERM\u00c4CHTNIS","isPartOf":{"@id":"https:\/\/evol-forum.ch\/dei\/#website"},"datePublished":"2013-11-19T14:29:38+00:00","dateModified":"2018-10-24T14:42:04+00:00","inLanguage":"de","potentialAction":[{"@type":"ReadAction","target":["https:\/\/evol-forum.ch\/dei\/die-7-irrlehren\/"]}]},{"@type":"WebSite","@id":"https:\/\/evol-forum.ch\/dei\/#website","url":"https:\/\/evol-forum.ch\/dei\/","name":"DEI-VERM\u00c4CHTNIS","description":"","potentialAction":[{"@type":"SearchAction","target":{"@type":"EntryPoint","urlTemplate":"https:\/\/evol-forum.ch\/dei\/?s={search_term_string}"},"query-input":{"@type":"PropertyValueSpecification","valueRequired":true,"valueName":"search_term_string"}}],"inLanguage":"de"}]}},"_links":{"self":[{"href":"https:\/\/evol-forum.ch\/dei\/wp-json\/wp\/v2\/pages\/38","targetHints":{"allow":["GET"]}}],"collection":[{"href":"https:\/\/evol-forum.ch\/dei\/wp-json\/wp\/v2\/pages"}],"about":[{"href":"https:\/\/evol-forum.ch\/dei\/wp-json\/wp\/v2\/types\/page"}],"author":[{"embeddable":true,"href":"https:\/\/evol-forum.ch\/dei\/wp-json\/wp\/v2\/users\/5"}],"replies":[{"embeddable":true,"href":"https:\/\/evol-forum.ch\/dei\/wp-json\/wp\/v2\/comments?post=38"}],"version-history":[{"count":3,"href":"https:\/\/evol-forum.ch\/dei\/wp-json\/wp\/v2\/pages\/38\/revisions"}],"predecessor-version":[{"id":641,"href":"https:\/\/evol-forum.ch\/dei\/wp-json\/wp\/v2\/pages\/38\/revisions\/641"}],"wp:attachment":[{"href":"https:\/\/evol-forum.ch\/dei\/wp-json\/wp\/v2\/media?parent=38"}],"curies":[{"name":"wp","href":"https:\/\/api.w.org\/{rel}","templated":true}]}}