{"id":39,"date":"2013-11-19T16:29:38","date_gmt":"2013-11-19T14:29:38","guid":{"rendered":"https:\/\/evol-forum.ch\/dei\/helfer-der-geistigen-welt\/"},"modified":"2018-07-19T15:56:17","modified_gmt":"2018-07-19T13:56:17","slug":"helfer-der-geistigen-welt","status":"publish","type":"page","link":"https:\/\/evol-forum.ch\/dei\/helfer-der-geistigen-welt\/","title":{"rendered":"Helfer der geistigen Welt"},"content":{"rendered":"<h1>Die Helfer der geistigen Welt<\/h1>\n<p>&nbsp;<\/p>\n<p><strong><span style=\"color: #333366;\">\/\/1\/\/ Als das Dorf \u00fcberschwemmt wurde\u00a0und viele H\u00e4user <\/span><\/strong><\/p>\n<p><strong><span style=\"color: #333366;\">in den Fluten versanken,\u00a0kletterte der Mann aufs Dach seines Hauses <\/span><\/strong><\/p>\n<p><strong><span style=\"color: #333366;\">und blickte voller Gottvertrauen gen Himmel.<\/span><\/strong><\/p>\n<p>&nbsp;<\/p>\n<p><strong><span style=\"color: #333366;\">\u00a0<\/span><\/strong><\/p>\n<p>&nbsp;<\/p>\n<p><strong><span style=\"color: #333366;\">\/\/2\/\/ \u201eSpring in mein Boot!\u201c, schrie der alte Bauer, <\/span><\/strong><\/p>\n<p><strong><span style=\"color: #333366;\">der sich tapfer auf die Suche nach \u00dcberlebenden gemacht hatte.\u00ab<\/span><\/strong><\/p>\n<p>&nbsp;<\/p>\n<p><strong><span style=\"color: #333366;\">\u00a0<\/span><\/strong><\/p>\n<p>&nbsp;<\/p>\n<p><strong><span style=\"color: #333366;\">\/\/3\/\/ \u201eNein, nein, mir wird nichts geschehen, Gott wird mich sch\u00fctzen!\u201c<\/span><\/strong><\/p>\n<p>&nbsp;<\/p>\n<p><strong><span style=\"color: #333366;\">\u00a0<\/span><\/strong><\/p>\n<p>&nbsp;<\/p>\n<p><strong><span style=\"color: #333366;\">\/\/4\/\/ Auch einer jungen Frau und in der Abendd\u00e4mmerung dem Priester, <\/span><\/strong><\/p>\n<p><strong><span style=\"color: #333366;\">die beide trotz lebensgef\u00e4hrlicher Str\u00f6mung zu ihm gerudert kamen, <\/span><\/strong><\/p>\n<p><strong><span style=\"color: #333366;\">antwortete er\u00a0\u201eIch bleibe hier, voller Gottvertrauen!\u201c<\/span><\/strong><\/p>\n<p>&nbsp;<\/p>\n<p><strong><span style=\"color: #333366;\">\u00a0<\/span><\/strong><\/p>\n<p>&nbsp;<\/p>\n<p><strong><span style=\"color: #333366;\">\/\/5\/\/ In der Nacht stiegen die Wasser weiter, unser Mann ertrank, <\/span><\/strong><\/p>\n<p><strong><span style=\"color: #333366;\">und als er am Himmelstor von einem Engel empfangen wurde, <\/span><\/strong><\/p>\n<p><strong><span style=\"color: #333366;\">beklagte er sich bitterlich dar\u00fcber, wie schm\u00e4hlich ihn Gott im Stich gelassen habe.<\/span><\/strong><\/p>\n<p>&nbsp;<\/p>\n<p><strong><span style=\"color: #333366;\">\u00a0<\/span><\/strong><\/p>\n<p>&nbsp;<\/p>\n<p><strong><span style=\"color: #333366;\">\/\/6\/\/ \u201eAch ja?\u201c, sagte der Engel,\u00a0\u201eUnd dass wir dreimal Menschen\u00a0<\/span><\/strong><\/p>\n<p><strong><span style=\"color: #333366;\">Mitgef\u00fchl und Mut eingaben, um\u00a0dich zu retten, z\u00e4hlt nicht f\u00fcr dich?\u201c<\/span><\/strong><\/p>\n<p>&nbsp;<\/p>\n<p><strong><span style=\"color: #333366;\">\u00a0<\/span><\/strong><\/p>\n<p>&nbsp;<\/p>\n<p><strong><span style=\"color: #333366;\">\/\/7\/\/ Darum geht es in diesem Kapitel, liebe Leserin und lieber Leser:\u00a0<\/span><\/strong><\/p>\n<p><strong><span style=\"color: #333366;\">dass wir die \u201ehimmlischen Helfer\u201c\u00a0in ihrer Vielgestaltigkeit kennen lernen\u00a0<\/span><\/strong><\/p>\n<p><strong><span style=\"color: #333366;\">und somit auch erkennen k\u00f6nnen.<\/span><\/strong><\/p>\n<p>&nbsp;<\/p>\n<p>&nbsp;<\/p>\n<p>Es gibt unz\u00e4hlige Wesenheiten und es ist wahr, dass die Gottheit ein jedes Wesen kennt. Doch sie kann sich ja nicht um alle gleichzeitig k\u00fcmmern, die nicht aus sich selbst heraus gottesbewusst und selbstverantwortlich handeln. Und so hat sie viele liebevolle HelferInnen, die ihr dies in gewissem Sinne trotzdem erm\u00f6glichen und uns damit einen hingebungsvollen N\u00e4chstendienst f\u00fcr ihre geistigen Geschwister leisten.<\/p>\n<p>HelferInnen der Geistigen Welt, meistens von uns Menschen als Engel oder Schutzengel benannt, k\u00f6nnen jedoch aus allen Gottes-Rassen kommen.<\/p>\n<p>Teilweise handelt es sich hierbei wirklich um Engel-Wesen, doch vor allem von den Wesen der anderen 7 Dei-Rassen haben sich viele freiwillig daf\u00fcr gemeldet. Denn es ging nach Jesus\u2018 Inkarnation vor rund 2000 Jahren und dem Kampf um die Seelen darum, zur Einhaltung der neuen g\u00f6ttlichen Anordnungen jeder Menschenseele Schutz-Wesen beizustellen. Sie kommen meistens aus unserer eigenen geistigen Familie oder kennen uns pers\u00f6nlich aus der geistigen Welt. So sind unsere Schutz-Wesen eben meist nicht Engel-Wesen, sondern Angeh\u00f6rige unserer Familie und Rasse, oder andere uns nahestehende Seelen. Interessanterweise sind dies oft Feen-Wesen, die uns Menschen besonders eng verbunden sind auf dem gemeinsamen Weg.<\/p>\n<p>Und so werden wir zuerst diese HelferInnen aus den 7 Licht-Rassen und den 7 Gottes-Rassen kurz zu unterscheiden lernen. Jede Gottes-Rasse hat ihre Pr\u00e4gungen, Ausrichtungen, Eigenschaften und Inhalte aus ihrer Herkunft aus dem jeweiligen Erzengel-Dual und seinen Strahlen und Energien. Deshalb wird nachfolgend die Wesensart der jeweiligen Gottes-Rasse beschrieben. Jede der Gottes-Rassen hat einen Rat, der deren F\u00f6rderung und Interessen vertritt. So werden auch die sieben R\u00e4te der DEI-Rassen kurz vorgestellt und wir erfahren, was sie zu der aktuellen Situation auf Erden sagen. Einige der Licht-Wesen, wie Erzengel, Engel und Helfer der Gottes-Rassen aus der Geistigen Welt, sind f\u00fcr uns hilfreich zu kennen. Sie sind in Vereinigungen zusammengeschlossen, die teilweise seit dem Fall der Wesen bestehen oder manchmal auch kurzfristig f\u00fcr bestimmte Begebungen zusammengef\u00fchrt werden. Die wichtigsten Vereinigungen f\u00fcr den Aufstieg der Seelen auf Erden werden aufgezeigt. Andere Licht-Wesen wiederum bilden Trinit\u00e4ten, wie die der 3 Erzengel, bekannt als Trinit\u00e4t der Trinit\u00e4ten. Deshalb werden auch einige Trinit\u00e4ten kurz vorgestellt. Und abschlie\u00dfend werden wir sehen, wie sich das alles zusammenf\u00fcgt und wie wir ihre Hilfe f\u00fcr uns annehmen k\u00f6nnen.<\/p>\n<p>&nbsp;<\/p>\n<p>&nbsp;<\/p>\n<p><span style=\"letter-spacing: 0px;\">Dies ist ein Auszug aus dem Buch\u00a0<a title=\"Buchbestellung DEI VERM\u00c4CHTNIS\" href=\"https:\/\/evol-forum.ch\/buecher-und-ebooks\/\" target=\"_blank\" rel=\"noopener\">DEI VERM\u00c4CHTNIS<\/a>.<\/span><\/p>\n<p>&nbsp;<\/p>\n","protected":false},"excerpt":{"rendered":"<p>Die Helfer der geistigen Welt &nbsp; \/\/1\/\/ Als das Dorf \u00fcberschwemmt wurde\u00a0und viele H\u00e4user in den Fluten versanken,\u00a0kletterte der Mann aufs Dach seines Hauses und blickte voller Gottvertrauen gen Himmel. &nbsp; \u00a0 &nbsp; \/\/2\/\/ \u201eSpring in mein Boot!\u201c, schrie der alte Bauer, der sich tapfer auf die Suche nach \u00dcberlebenden gemacht hatte.\u00ab &nbsp; \u00a0 &nbsp; [&hellip;]<\/p>\n","protected":false},"author":5,"featured_media":0,"parent":0,"menu_order":800,"comment_status":"open","ping_status":"open","template":"","meta":{"_acf_changed":false,"_monsterinsights_skip_tracking":false,"_monsterinsights_sitenote_active":false,"_monsterinsights_sitenote_note":"","_monsterinsights_sitenote_category":0,"footnotes":""},"class_list":["post-39","page","type-page","status-publish","hentry"],"acf":[],"yoast_head":"<!-- This site is optimized with the Yoast SEO plugin v26.4 - https:\/\/yoast.com\/wordpress\/plugins\/seo\/ -->\n<title>Helfer der geistigen Welt - DEI-VERM\u00c4CHTNIS<\/title>\n<meta name=\"robots\" content=\"index, follow, max-snippet:-1, max-image-preview:large, max-video-preview:-1\" \/>\n<link rel=\"canonical\" href=\"https:\/\/evol-forum.ch\/dei\/helfer-der-geistigen-welt\/\" \/>\n<meta name=\"twitter:label1\" content=\"Gesch\u00e4tzte Lesezeit\" \/>\n\t<meta name=\"twitter:data1\" content=\"3\u00a0Minuten\" \/>\n<script type=\"application\/ld+json\" class=\"yoast-schema-graph\">{\"@context\":\"https:\/\/schema.org\",\"@graph\":[{\"@type\":\"WebPage\",\"@id\":\"https:\/\/evol-forum.ch\/dei\/helfer-der-geistigen-welt\/\",\"url\":\"https:\/\/evol-forum.ch\/dei\/helfer-der-geistigen-welt\/\",\"name\":\"Helfer der geistigen Welt - DEI-VERM\u00c4CHTNIS\",\"isPartOf\":{\"@id\":\"https:\/\/evol-forum.ch\/dei\/#website\"},\"datePublished\":\"2013-11-19T14:29:38+00:00\",\"dateModified\":\"2018-07-19T13:56:17+00:00\",\"inLanguage\":\"de\",\"potentialAction\":[{\"@type\":\"ReadAction\",\"target\":[\"https:\/\/evol-forum.ch\/dei\/helfer-der-geistigen-welt\/\"]}]},{\"@type\":\"WebSite\",\"@id\":\"https:\/\/evol-forum.ch\/dei\/#website\",\"url\":\"https:\/\/evol-forum.ch\/dei\/\",\"name\":\"DEI-VERM\u00c4CHTNIS\",\"description\":\"\",\"potentialAction\":[{\"@type\":\"SearchAction\",\"target\":{\"@type\":\"EntryPoint\",\"urlTemplate\":\"https:\/\/evol-forum.ch\/dei\/?s={search_term_string}\"},\"query-input\":{\"@type\":\"PropertyValueSpecification\",\"valueRequired\":true,\"valueName\":\"search_term_string\"}}],\"inLanguage\":\"de\"}]}<\/script>\n<!-- \/ Yoast SEO plugin. -->","yoast_head_json":{"title":"Helfer der geistigen Welt - DEI-VERM\u00c4CHTNIS","robots":{"index":"index","follow":"follow","max-snippet":"max-snippet:-1","max-image-preview":"max-image-preview:large","max-video-preview":"max-video-preview:-1"},"canonical":"https:\/\/evol-forum.ch\/dei\/helfer-der-geistigen-welt\/","twitter_misc":{"Gesch\u00e4tzte Lesezeit":"3\u00a0Minuten"},"schema":{"@context":"https:\/\/schema.org","@graph":[{"@type":"WebPage","@id":"https:\/\/evol-forum.ch\/dei\/helfer-der-geistigen-welt\/","url":"https:\/\/evol-forum.ch\/dei\/helfer-der-geistigen-welt\/","name":"Helfer der geistigen Welt - DEI-VERM\u00c4CHTNIS","isPartOf":{"@id":"https:\/\/evol-forum.ch\/dei\/#website"},"datePublished":"2013-11-19T14:29:38+00:00","dateModified":"2018-07-19T13:56:17+00:00","inLanguage":"de","potentialAction":[{"@type":"ReadAction","target":["https:\/\/evol-forum.ch\/dei\/helfer-der-geistigen-welt\/"]}]},{"@type":"WebSite","@id":"https:\/\/evol-forum.ch\/dei\/#website","url":"https:\/\/evol-forum.ch\/dei\/","name":"DEI-VERM\u00c4CHTNIS","description":"","potentialAction":[{"@type":"SearchAction","target":{"@type":"EntryPoint","urlTemplate":"https:\/\/evol-forum.ch\/dei\/?s={search_term_string}"},"query-input":{"@type":"PropertyValueSpecification","valueRequired":true,"valueName":"search_term_string"}}],"inLanguage":"de"}]}},"_links":{"self":[{"href":"https:\/\/evol-forum.ch\/dei\/wp-json\/wp\/v2\/pages\/39","targetHints":{"allow":["GET"]}}],"collection":[{"href":"https:\/\/evol-forum.ch\/dei\/wp-json\/wp\/v2\/pages"}],"about":[{"href":"https:\/\/evol-forum.ch\/dei\/wp-json\/wp\/v2\/types\/page"}],"author":[{"embeddable":true,"href":"https:\/\/evol-forum.ch\/dei\/wp-json\/wp\/v2\/users\/5"}],"replies":[{"embeddable":true,"href":"https:\/\/evol-forum.ch\/dei\/wp-json\/wp\/v2\/comments?post=39"}],"version-history":[{"count":3,"href":"https:\/\/evol-forum.ch\/dei\/wp-json\/wp\/v2\/pages\/39\/revisions"}],"predecessor-version":[{"id":642,"href":"https:\/\/evol-forum.ch\/dei\/wp-json\/wp\/v2\/pages\/39\/revisions\/642"}],"wp:attachment":[{"href":"https:\/\/evol-forum.ch\/dei\/wp-json\/wp\/v2\/media?parent=39"}],"curies":[{"name":"wp","href":"https:\/\/api.w.org\/{rel}","templated":true}]}}