{"id":41,"date":"2013-11-19T16:29:38","date_gmt":"2013-11-19T14:29:38","guid":{"rendered":"https:\/\/evol-forum.ch\/dei\/die-gottes-rassen\/"},"modified":"2018-10-24T16:45:18","modified_gmt":"2018-10-24T14:45:18","slug":"die-gottes-rassen","status":"publish","type":"page","link":"https:\/\/evol-forum.ch\/dei\/die-gottes-rassen\/","title":{"rendered":"Die Gottes-Rassen"},"content":{"rendered":"<h1>Die 7 Gottes-Rassen (DEI-Rassen)<\/h1>\n<p>&nbsp;<\/p>\n<p>Die g\u00f6ttliche Sch\u00f6pfung CHRISTI brachte also (neben und mit den Engel-Hierarchien der Lux-Rassen) die Gottes- resp. Dei-Rassen hervor. Vorweg ist deshalb wichtig zu unterscheiden, dass es nur diese sieben Gottes-Rassen gibt und auch lange Zeit keine anderen Rassen oder Wesen gab. Dies war so bis nach der Trennung der Seelen, wo Haniel dann begann \u201ek\u00fcnstliches Leben\u201c zu erschaffen, also MER-KA-BA-K\u00f6rper und Lebensvehikel, die mit k\u00fcnstlicher und nicht g\u00f6ttlicher Lebensenergie erweckt wurden (denn nur Gott-Vater kann den Lebensfunken spenden). Haniel hat praktisch das Leben manipuliert und es seelenlos und \u201etechnisch\u201c nachgeahmt (\u00e4hnlich den heutigen Klon-Versuchen). Die Wesen der 7 Dei-Rassen sind jedoch immer aus der Gottheit erschaffen und beseelt.<\/p>\n<p>&nbsp;<\/p>\n<p>Der Mensch stellt eine dieser Rassen dar und bildet ebenfalls eine Trinit\u00e4t aus K\u00f6rper, Geist und Seele.\u00a0Das ist ein immenses Potential, denn wir Menschen leben gr\u00f6\u00dftenteils \u201eunbewusst\u201c dessen, dass wir in erster Linie Geist-Wesen in einem materiellen K\u00f6rper sind. Damit greifen wir auch nicht auf unser Potential zu, dass jedem Menschen zur Verf\u00fcgung steht. Albert Einstein hatte recht damit, als er behauptete, dass wir nur ein paar Prozente unseres Hirnpotentials nutzen.<\/p>\n<p>&nbsp;<\/p>\n<p>Unser geistiges Potential betr\u00e4gt jedoch nochmal ein Vielfaches davon und wird meist nicht einmal bruchst\u00fcckhaft genutzt. Die meisten Menschen sind heute abgetrennt von der geistigen Verbindung, weil sie erst gar nicht an eine eigene geistige Existenz glauben, demzufolge auch nicht an eine geistige Welt oder Gottheit. Sie glauben schon gar nicht an Wesen wie Feen, Elfen und Elben, Devas, Gnome und Elementale oder gar an Engel, weil man sie eben mit blo\u00dfem Auge nicht sehen kann (mit dem inneren Auge schon). Doch ungeachtet dessen, ob wir an sie glauben oder nicht, sie haben viel mit uns zu tun, als unsere geistigen Geschwister sozusagen, aber auch als unsere heutigen HelferInnen.<\/p>\n<p>Die Feen, Elfen und Elben nutzen ihre Anlagen viel bewusster und haben noch mehr der geistigen Kr\u00e4fte, als man ihnen in Sagen und M\u00e4rchen nachsagt (Verfilmungen\/Werke, die dies ansatzweise gut aufzeigen sind Shakespeare\u2018s \u201eSommernachtstraum\u201c und Tolkien\u2018s \u201eHerr der Ringe\u201c). So haben sie z.B. keine Fl\u00fcgel, doch viele von Ihnen k\u00f6nnen trotzdem \u201efliegen\u201c. Ob wir es wahrhaben wollen oder nicht, es \u00e4ndert nichts an der Tatsache, dass die Menschen wie die anderen Gottes-Rassen \u201enach dem Ebenbilde\u201c der Gottheit erschaffen wurden. So sind ihre Gesch\u00f6pfe in ihren Seelen und Wesen, sowie in ihrem K\u00f6rperbau und Aussehen sehr \u00e4hnlich, auch wenn sie sich durch ihre Gr\u00f6\u00dfe und bestimmte Eigenheiten unterscheiden. Jede Gottes-Rasse geht ihren Weg und hat ihre Bestimmung und Geschichte, doch sind wir Menschen eng verbunden mit den Wesen der anderen Gottes-Rassen. Jede dieser Rassen ist in 2 V\u00f6lker gegliedert &#8211; die so den Dualh\u00e4lften aus den Erzengeln als Ureltern entsprechen &#8211; und in 7 Linien oder St\u00e4mme.<\/p>\n<p>&nbsp;<\/p>\n<p>&nbsp;<\/p>\n<h2>Die R\u00e4te der 7 Gottes-Rassen<\/h2>\n<p>Jede Dei-Rasse wird von einem Rat der 12 gef\u00fchrt, einer Versammlung der Weisen und \u00c4ltesten jeder Rasse. Dort werden die Entwicklungen und Anliegen der jeweiligen Linien erfasst und gef\u00fchrt.\u00a0So folgen nun meine Beschreibungen der jeweiligen Gottes-Rasse und anderer Quellen. Ich durfte mit einigen VertreterInnen reden und von ihnen kamen die Durchgaben des jeweiligen Rates zur ihrer Rasse und Geschichte, ihren Stationen auf Erden und ihrem Wirken. Sie werden staunen&#8230;<\/p>\n<p>&nbsp;<\/p>\n<p>&nbsp;<\/p>\n<p style=\"font: normal normal normal 12px\/normal Helvetica; margin: 0px;\"><span style=\"letter-spacing: 0px;\">Dies ist ein Auszug aus dem Buch\u00a0<a title=\"Buchbestellung DEI VERM\u00c4CHTNIS\" href=\"https:\/\/evol-forum.ch\/buecher-und-ebooks\/\" target=\"_blank\" rel=\"noopener\">DEI VERM\u00c4CHTNIS<\/a>.<\/span><\/p>\n<p>&nbsp;<\/p>\n","protected":false},"excerpt":{"rendered":"<p>Die 7 Gottes-Rassen (DEI-Rassen) &nbsp; Die g\u00f6ttliche Sch\u00f6pfung CHRISTI brachte also (neben und mit den Engel-Hierarchien der Lux-Rassen) die Gottes- resp. Dei-Rassen hervor. Vorweg ist deshalb wichtig zu unterscheiden, dass es nur diese sieben Gottes-Rassen gibt und auch lange Zeit keine anderen Rassen oder Wesen gab. Dies war so bis nach der Trennung der Seelen, [&hellip;]<\/p>\n","protected":false},"author":5,"featured_media":0,"parent":0,"menu_order":802,"comment_status":"open","ping_status":"open","template":"","meta":{"_acf_changed":false,"_monsterinsights_skip_tracking":false,"_monsterinsights_sitenote_active":false,"_monsterinsights_sitenote_note":"","_monsterinsights_sitenote_category":0,"footnotes":""},"class_list":["post-41","page","type-page","status-publish","hentry"],"acf":[],"yoast_head":"<!-- This site is optimized with the Yoast SEO plugin v26.4 - https:\/\/yoast.com\/wordpress\/plugins\/seo\/ -->\n<title>Die Gottes-Rassen - DEI-VERM\u00c4CHTNIS<\/title>\n<meta name=\"robots\" content=\"index, follow, max-snippet:-1, max-image-preview:large, max-video-preview:-1\" \/>\n<link rel=\"canonical\" href=\"https:\/\/evol-forum.ch\/dei\/die-gottes-rassen\/\" \/>\n<meta name=\"twitter:label1\" content=\"Gesch\u00e4tzte Lesezeit\" \/>\n\t<meta name=\"twitter:data1\" content=\"3\u00a0Minuten\" \/>\n<script type=\"application\/ld+json\" class=\"yoast-schema-graph\">{\"@context\":\"https:\/\/schema.org\",\"@graph\":[{\"@type\":\"WebPage\",\"@id\":\"https:\/\/evol-forum.ch\/dei\/die-gottes-rassen\/\",\"url\":\"https:\/\/evol-forum.ch\/dei\/die-gottes-rassen\/\",\"name\":\"Die Gottes-Rassen - DEI-VERM\u00c4CHTNIS\",\"isPartOf\":{\"@id\":\"https:\/\/evol-forum.ch\/dei\/#website\"},\"datePublished\":\"2013-11-19T14:29:38+00:00\",\"dateModified\":\"2018-10-24T14:45:18+00:00\",\"inLanguage\":\"de\",\"potentialAction\":[{\"@type\":\"ReadAction\",\"target\":[\"https:\/\/evol-forum.ch\/dei\/die-gottes-rassen\/\"]}]},{\"@type\":\"WebSite\",\"@id\":\"https:\/\/evol-forum.ch\/dei\/#website\",\"url\":\"https:\/\/evol-forum.ch\/dei\/\",\"name\":\"DEI-VERM\u00c4CHTNIS\",\"description\":\"\",\"potentialAction\":[{\"@type\":\"SearchAction\",\"target\":{\"@type\":\"EntryPoint\",\"urlTemplate\":\"https:\/\/evol-forum.ch\/dei\/?s={search_term_string}\"},\"query-input\":{\"@type\":\"PropertyValueSpecification\",\"valueRequired\":true,\"valueName\":\"search_term_string\"}}],\"inLanguage\":\"de\"}]}<\/script>\n<!-- \/ Yoast SEO plugin. -->","yoast_head_json":{"title":"Die Gottes-Rassen - DEI-VERM\u00c4CHTNIS","robots":{"index":"index","follow":"follow","max-snippet":"max-snippet:-1","max-image-preview":"max-image-preview:large","max-video-preview":"max-video-preview:-1"},"canonical":"https:\/\/evol-forum.ch\/dei\/die-gottes-rassen\/","twitter_misc":{"Gesch\u00e4tzte Lesezeit":"3\u00a0Minuten"},"schema":{"@context":"https:\/\/schema.org","@graph":[{"@type":"WebPage","@id":"https:\/\/evol-forum.ch\/dei\/die-gottes-rassen\/","url":"https:\/\/evol-forum.ch\/dei\/die-gottes-rassen\/","name":"Die Gottes-Rassen - DEI-VERM\u00c4CHTNIS","isPartOf":{"@id":"https:\/\/evol-forum.ch\/dei\/#website"},"datePublished":"2013-11-19T14:29:38+00:00","dateModified":"2018-10-24T14:45:18+00:00","inLanguage":"de","potentialAction":[{"@type":"ReadAction","target":["https:\/\/evol-forum.ch\/dei\/die-gottes-rassen\/"]}]},{"@type":"WebSite","@id":"https:\/\/evol-forum.ch\/dei\/#website","url":"https:\/\/evol-forum.ch\/dei\/","name":"DEI-VERM\u00c4CHTNIS","description":"","potentialAction":[{"@type":"SearchAction","target":{"@type":"EntryPoint","urlTemplate":"https:\/\/evol-forum.ch\/dei\/?s={search_term_string}"},"query-input":{"@type":"PropertyValueSpecification","valueRequired":true,"valueName":"search_term_string"}}],"inLanguage":"de"}]}},"_links":{"self":[{"href":"https:\/\/evol-forum.ch\/dei\/wp-json\/wp\/v2\/pages\/41","targetHints":{"allow":["GET"]}}],"collection":[{"href":"https:\/\/evol-forum.ch\/dei\/wp-json\/wp\/v2\/pages"}],"about":[{"href":"https:\/\/evol-forum.ch\/dei\/wp-json\/wp\/v2\/types\/page"}],"author":[{"embeddable":true,"href":"https:\/\/evol-forum.ch\/dei\/wp-json\/wp\/v2\/users\/5"}],"replies":[{"embeddable":true,"href":"https:\/\/evol-forum.ch\/dei\/wp-json\/wp\/v2\/comments?post=41"}],"version-history":[{"count":4,"href":"https:\/\/evol-forum.ch\/dei\/wp-json\/wp\/v2\/pages\/41\/revisions"}],"predecessor-version":[{"id":681,"href":"https:\/\/evol-forum.ch\/dei\/wp-json\/wp\/v2\/pages\/41\/revisions\/681"}],"wp:attachment":[{"href":"https:\/\/evol-forum.ch\/dei\/wp-json\/wp\/v2\/media?parent=41"}],"curies":[{"name":"wp","href":"https:\/\/api.w.org\/{rel}","templated":true}]}}