{"id":47,"date":"2013-11-19T16:29:40","date_gmt":"2013-11-19T14:29:40","guid":{"rendered":"https:\/\/evol-forum.ch\/dei\/kontakt\/"},"modified":"2018-10-24T17:05:25","modified_gmt":"2018-10-24T15:05:25","slug":"kontakt","status":"publish","type":"page","link":"https:\/\/evol-forum.ch\/dei\/kontakt\/","title":{"rendered":"Kontakt"},"content":{"rendered":"<h1>Kontaktinformationen<\/h1>\n<p>Zur Wahrung der Privatsph\u00e4re ver\u00f6ffentlichen wir nur eine E-Mail-Adresse.<\/p>\n<p>Wenn Sie mit uns in Kontakt treten m\u00f6chten, senden Sie eine <a href=\"mailto:info@evol-verlag.ch\">E-Mail<\/a>.<\/p>\n<p><span style=\"line-height: 1.5em;\">Ihr EVOL Team<\/span><\/p>\n","protected":false},"excerpt":{"rendered":"<p>Kontaktinformationen Zur Wahrung der Privatsph\u00e4re ver\u00f6ffentlichen wir nur eine E-Mail-Adresse. Wenn Sie mit uns in Kontakt treten m\u00f6chten, senden Sie eine E-Mail. Ihr EVOL Team<\/p>\n","protected":false},"author":5,"featured_media":0,"parent":0,"menu_order":1100,"comment_status":"open","ping_status":"open","template":"","meta":{"_acf_changed":false,"_monsterinsights_skip_tracking":false,"_monsterinsights_sitenote_active":false,"_monsterinsights_sitenote_note":"","_monsterinsights_sitenote_category":0,"footnotes":""},"class_list":["post-47","page","type-page","status-publish","hentry"],"acf":[],"yoast_head":"<!-- This site is optimized with the Yoast SEO plugin v26.4 - https:\/\/yoast.com\/wordpress\/plugins\/seo\/ -->\n<title>Kontakt - DEI-VERM\u00c4CHTNIS<\/title>\n<meta name=\"robots\" content=\"index, follow, max-snippet:-1, max-image-preview:large, max-video-preview:-1\" \/>\n<link rel=\"canonical\" href=\"https:\/\/evol-forum.ch\/dei\/kontakt\/\" \/>\n<script type=\"application\/ld+json\" class=\"yoast-schema-graph\">{\"@context\":\"https:\/\/schema.org\",\"@graph\":[{\"@type\":\"WebPage\",\"@id\":\"https:\/\/evol-forum.ch\/dei\/kontakt\/\",\"url\":\"https:\/\/evol-forum.ch\/dei\/kontakt\/\",\"name\":\"Kontakt - DEI-VERM\u00c4CHTNIS\",\"isPartOf\":{\"@id\":\"https:\/\/evol-forum.ch\/dei\/#website\"},\"datePublished\":\"2013-11-19T14:29:40+00:00\",\"dateModified\":\"2018-10-24T15:05:25+00:00\",\"inLanguage\":\"de\",\"potentialAction\":[{\"@type\":\"ReadAction\",\"target\":[\"https:\/\/evol-forum.ch\/dei\/kontakt\/\"]}]},{\"@type\":\"WebSite\",\"@id\":\"https:\/\/evol-forum.ch\/dei\/#website\",\"url\":\"https:\/\/evol-forum.ch\/dei\/\",\"name\":\"DEI-VERM\u00c4CHTNIS\",\"description\":\"\",\"potentialAction\":[{\"@type\":\"SearchAction\",\"target\":{\"@type\":\"EntryPoint\",\"urlTemplate\":\"https:\/\/evol-forum.ch\/dei\/?s={search_term_string}\"},\"query-input\":{\"@type\":\"PropertyValueSpecification\",\"valueRequired\":true,\"valueName\":\"search_term_string\"}}],\"inLanguage\":\"de\"}]}<\/script>\n<!-- \/ Yoast SEO plugin. -->","yoast_head_json":{"title":"Kontakt - DEI-VERM\u00c4CHTNIS","robots":{"index":"index","follow":"follow","max-snippet":"max-snippet:-1","max-image-preview":"max-image-preview:large","max-video-preview":"max-video-preview:-1"},"canonical":"https:\/\/evol-forum.ch\/dei\/kontakt\/","schema":{"@context":"https:\/\/schema.org","@graph":[{"@type":"WebPage","@id":"https:\/\/evol-forum.ch\/dei\/kontakt\/","url":"https:\/\/evol-forum.ch\/dei\/kontakt\/","name":"Kontakt - DEI-VERM\u00c4CHTNIS","isPartOf":{"@id":"https:\/\/evol-forum.ch\/dei\/#website"},"datePublished":"2013-11-19T14:29:40+00:00","dateModified":"2018-10-24T15:05:25+00:00","inLanguage":"de","potentialAction":[{"@type":"ReadAction","target":["https:\/\/evol-forum.ch\/dei\/kontakt\/"]}]},{"@type":"WebSite","@id":"https:\/\/evol-forum.ch\/dei\/#website","url":"https:\/\/evol-forum.ch\/dei\/","name":"DEI-VERM\u00c4CHTNIS","description":"","potentialAction":[{"@type":"SearchAction","target":{"@type":"EntryPoint","urlTemplate":"https:\/\/evol-forum.ch\/dei\/?s={search_term_string}"},"query-input":{"@type":"PropertyValueSpecification","valueRequired":true,"valueName":"search_term_string"}}],"inLanguage":"de"}]}},"_links":{"self":[{"href":"https:\/\/evol-forum.ch\/dei\/wp-json\/wp\/v2\/pages\/47","targetHints":{"allow":["GET"]}}],"collection":[{"href":"https:\/\/evol-forum.ch\/dei\/wp-json\/wp\/v2\/pages"}],"about":[{"href":"https:\/\/evol-forum.ch\/dei\/wp-json\/wp\/v2\/types\/page"}],"author":[{"embeddable":true,"href":"https:\/\/evol-forum.ch\/dei\/wp-json\/wp\/v2\/users\/5"}],"replies":[{"embeddable":true,"href":"https:\/\/evol-forum.ch\/dei\/wp-json\/wp\/v2\/comments?post=47"}],"version-history":[{"count":6,"href":"https:\/\/evol-forum.ch\/dei\/wp-json\/wp\/v2\/pages\/47\/revisions"}],"predecessor-version":[{"id":682,"href":"https:\/\/evol-forum.ch\/dei\/wp-json\/wp\/v2\/pages\/47\/revisions\/682"}],"wp:attachment":[{"href":"https:\/\/evol-forum.ch\/dei\/wp-json\/wp\/v2\/media?parent=47"}],"curies":[{"name":"wp","href":"https:\/\/api.w.org\/{rel}","templated":true}]}}