{"id":48,"date":"2013-11-19T16:29:40","date_gmt":"2013-11-19T14:29:40","guid":{"rendered":"https:\/\/evol-forum.ch\/dei\/links\/"},"modified":"2018-07-19T16:08:31","modified_gmt":"2018-07-19T14:08:31","slug":"links","status":"publish","type":"page","link":"https:\/\/evol-forum.ch\/dei\/links\/","title":{"rendered":"Links"},"content":{"rendered":"<h1>Links<\/h1>\n<h2>EVOL<\/h2>\n<ul class=\"Stil2\">\n<li><a href=\"https:\/\/evol-forum.ch\" target=\"_blank\" rel=\"noopener\">www.evol-forum.ch<\/a><br \/>\nOffizielle Homepage Rico Paganini zu EVOL Aktivit\u00e4ten<\/li>\n<\/ul>\n<ul class=\"Stil2\">\n<li><a href=\"http:\/\/www.giza.ch\" target=\"_blank\" rel=\"noopener\">www.giza-vermaechtnis.ch<\/a><br \/>\nOffizielle Homepage Rico Paganini zu Buch I GIZA VERM\u00c4CHTNIS<\/li>\n<li><a href=\"https:\/\/www.dei-vermaechtnis.ch\" target=\"_blank\" rel=\"noopener\">www.dei-vermaechtnis.ch<\/a><br \/>\nOffizielle Homepage Rico Paganini zu Buch II DEI VERM\u00c4CHTNIS<\/li>\n<\/ul>\n<ul class=\"Stil2\">\n<li><a href=\"https:\/\/www.gaia-vermaechtnis.ch\" target=\"_blank\" rel=\"noopener\">www.gaia-vermaechtnis.ch<\/a><br \/>\nOffizielle Homepage Rico Paganini zu Buch III GAIA VERM\u00c4CHTNIS<\/li>\n<\/ul>\n<h2 style=\"font-size: 1.5em;\">Geschichte<\/h2>\n<ul class=\"Stil2\">\n<li><a href=\"http:\/\/www.affs.org\" target=\"_blank\" rel=\"noopener\">www.affs.org<\/a><br \/>\nOffizielle Homepage Prof. J.J. Hurtak AFFS Academy for Future Sciences<\/li>\n<li><a href=\"http:\/\/www.robertbauval.co.uk\">www.robertbauval.co.uk<\/a><br \/>\nOffizielle Homepage Robert Bauval mit Informationen \u00fcber astrologische Ausrichtungen<\/li>\n<li><a href=\"http:\/\/www.grahamhancock.com\">www.grahamhancock.com<\/a><br \/>\nOffizielle Homepage Graham Hancock mit Informationen \u00fcber Pyramiden und Sphinx<\/li>\n<li><a href=\"http:\/\/www.jawest.net\">www.jawest.net<\/a><br \/>\nOffizielle Homepage John Antony West mit Informationen \u00fcber Sphinx und deren Alter<\/li>\n<li><a href=\"http:\/\/www.robertschoch.com\">www.robertschoch.com<\/a><br \/>\nOffizielle Homepage Rober Schoch mit Informationen \u00fcber geologische Altersbestimmungen<\/li>\n<li><a href=\"http:\/\/www.enterprisemission.com\">www.enterprisemission.com<\/a><br \/>\nOffizielle Homepage Richard C. Hoagland mit Informationen \u00fcber Giza und Planet Mars<\/li>\n<li><a href=\"http:\/\/www.drunvalo.net\">www.drunvalo.net<\/a><br \/>\nOffizielle Homepage Drunvalo Melchizedek mit Information \u00fcber seine B\u00fccher und Hauptkraftorte<\/li>\n<li><a href=\"http:\/\/www.daniken.com\">www.daniken.com<\/a><br \/>\nOffizielle Homepage Erich von D\u00e4niken mit Informationen \u00fcber seine Arbeit und B\u00fccher<\/li>\n<li><a href=\"http:\/\/www.mitchell-hedges.com\/tag\/frank-domingo\">www.mitchell-hedges.com\/tag\/frank-domingo<\/a><br \/>\nOffizielle Homepage Frank Domingo mit Informationen \u00fcber Gesichtsvergleiche Sphinx<\/li>\n<li><a href=\"http:\/\/www.ldolphin.org\">www.ldolphin.org<\/a><br \/>\nOffizielle Homepage Lambert Dolphin<\/li>\n<li><a href=\"http:\/\/www.ldolphin.org\/repprojects.html\">www.ldolphin.org\/repprojects.html<\/a><br \/>\nmit Information zu Groundpenetrating Projects in Giza<\/li>\n<li><a href=\"http:\/\/www.edgarcayce.org\">www.edgarcayce.org<\/a><br \/>\nOffizielle Homepage Edgar Cayce resp. A.R.E. Mit Infos und Archiven des \u201eschlafenden Propheten&#8220;<\/li>\n<\/ul>\n<h2>Geist<\/h2>\n<ul class=\"Stil2\">\n<li><a href=\"..\/\">www.dei-vermaechntis.ch<\/a><br \/>\nOffizielle Homepage Rico Paganini zu Buch III DEI VERM\u00c4CHTNIS mit Informationen<br \/>\nrund um unser geistiges Sein, die Sch\u00f6pfung, der Ausweg und die Wendezeit<\/li>\n<li><a href=\"http:\/\/www.affs.org\">www.affs.org<br \/>\n<\/a>AFFS Academy for Future Sciences, Offizielle Homepage Prof. J.J. Hurtak<\/li>\n<li><a href=\"http:\/\/www.schluesseldesenoch.org\">www.schluesseldesenoch.org<br \/>\n<\/a>AFFS Europa &#8211; Homepage in Deutsch mit vielen Infos rund um wunderbare Enoch-Schl\u00fcssel<br \/>\nund die Pyramiden in al Giza<\/li>\n<\/ul>\n<h2>Geosophie<\/h2>\n<ul class=\"Stil2\">\n<li><a href=\"http:\/\/www.evol-gaia.ch\">ww.gaia-vermaechtnis.ch<\/a><br \/>\nOffizielle Homepage Rico Paganini zu Buch III GAIA VERM\u00c4CHTNIS\u00a0mit Informationen<br \/>\nrund um Mutter Erde und die 14 Hauptkraftorte<\/li>\n<li><a href=\"http:\/\/www.world-mysteries.com\">www.world-mysteries.com<\/a><br \/>\nHomepage mit vielen Infos und Fotos um Hauptorte<\/li>\n<li><span style=\"text-decoration: underline;\"><span style=\"color: #0000ff;\"><a href=\"http:\/\/www.megalithic.co.uk\">www.megalithic.co.uk<\/a><\/span><\/span><br \/>\nHomepage mit vielen Infos und Fotos um Hauptorte<\/li>\n<li><a href=\"http:\/\/www.megalithicsites.co.uk\">www.megalithicsites.co.uk<\/a><br \/>\nHomepage mit vielen Infos und Fotos um Hauptorte<\/li>\n<li><a href=\"http:\/\/www.megaliths.net\">www.megaliths.net<\/a><br \/>\nHomepage mit vielen Infos und Fotos um Hauptorte<\/li>\n<li><a href=\"http:\/\/www.sacred-sites.org\">www.sacred-sites.org<\/a><br \/>\nHomepage mit vielen Infos und Fotos um Hauptorte<\/li>\n<\/ul>\n<h2>Gesundheit<\/h2>\n<ul class=\"Stil2\">\n<li><a href=\"http:\/\/www.adonai.ch\">www.adonai.ch<\/a><br \/>\nADONAI Geoformen zur Uebertragung von Schwingung und Energie<\/li>\n<\/ul>\n<p>&nbsp;<\/p>\n<p>Der Besuch der verlinkten Seiten geschieht auf eigene Verantwortung.<br \/>\nEVOL ist keinerlei Hinsicht f\u00fcr die publizierten Inhalte der gelinkten Inhalte verantwortlich.<\/p>\n<p>&nbsp;<\/p>\n<p>&nbsp;<\/p>\n","protected":false},"excerpt":{"rendered":"<p>Links EVOL www.evol-forum.ch Offizielle Homepage Rico Paganini zu EVOL Aktivit\u00e4ten www.giza-vermaechtnis.ch Offizielle Homepage Rico Paganini zu Buch I GIZA VERM\u00c4CHTNIS www.dei-vermaechtnis.ch Offizielle Homepage Rico Paganini zu Buch II DEI VERM\u00c4CHTNIS www.gaia-vermaechtnis.ch Offizielle Homepage Rico Paganini zu Buch III GAIA VERM\u00c4CHTNIS Geschichte www.affs.org Offizielle Homepage Prof. J.J. Hurtak AFFS Academy for Future Sciences www.robertbauval.co.uk Offizielle Homepage [&hellip;]<\/p>\n","protected":false},"author":5,"featured_media":0,"parent":0,"menu_order":1200,"comment_status":"open","ping_status":"open","template":"","meta":{"_acf_changed":false,"_monsterinsights_skip_tracking":false,"_monsterinsights_sitenote_active":false,"_monsterinsights_sitenote_note":"","_monsterinsights_sitenote_category":0,"footnotes":""},"class_list":["post-48","page","type-page","status-publish","hentry"],"acf":[],"yoast_head":"<!-- This site is optimized with the Yoast SEO plugin v26.4 - https:\/\/yoast.com\/wordpress\/plugins\/seo\/ -->\n<title>Links - DEI-VERM\u00c4CHTNIS<\/title>\n<meta name=\"robots\" content=\"index, follow, max-snippet:-1, max-image-preview:large, max-video-preview:-1\" \/>\n<link rel=\"canonical\" href=\"https:\/\/evol-forum.ch\/dei\/links\/\" \/>\n<meta name=\"twitter:label1\" content=\"Gesch\u00e4tzte Lesezeit\" \/>\n\t<meta name=\"twitter:data1\" content=\"2\u00a0Minuten\" \/>\n<script type=\"application\/ld+json\" class=\"yoast-schema-graph\">{\"@context\":\"https:\/\/schema.org\",\"@graph\":[{\"@type\":\"WebPage\",\"@id\":\"https:\/\/evol-forum.ch\/dei\/links\/\",\"url\":\"https:\/\/evol-forum.ch\/dei\/links\/\",\"name\":\"Links - DEI-VERM\u00c4CHTNIS\",\"isPartOf\":{\"@id\":\"https:\/\/evol-forum.ch\/dei\/#website\"},\"datePublished\":\"2013-11-19T14:29:40+00:00\",\"dateModified\":\"2018-07-19T14:08:31+00:00\",\"inLanguage\":\"de\",\"potentialAction\":[{\"@type\":\"ReadAction\",\"target\":[\"https:\/\/evol-forum.ch\/dei\/links\/\"]}]},{\"@type\":\"WebSite\",\"@id\":\"https:\/\/evol-forum.ch\/dei\/#website\",\"url\":\"https:\/\/evol-forum.ch\/dei\/\",\"name\":\"DEI-VERM\u00c4CHTNIS\",\"description\":\"\",\"potentialAction\":[{\"@type\":\"SearchAction\",\"target\":{\"@type\":\"EntryPoint\",\"urlTemplate\":\"https:\/\/evol-forum.ch\/dei\/?s={search_term_string}\"},\"query-input\":{\"@type\":\"PropertyValueSpecification\",\"valueRequired\":true,\"valueName\":\"search_term_string\"}}],\"inLanguage\":\"de\"}]}<\/script>\n<!-- \/ Yoast SEO plugin. -->","yoast_head_json":{"title":"Links - DEI-VERM\u00c4CHTNIS","robots":{"index":"index","follow":"follow","max-snippet":"max-snippet:-1","max-image-preview":"max-image-preview:large","max-video-preview":"max-video-preview:-1"},"canonical":"https:\/\/evol-forum.ch\/dei\/links\/","twitter_misc":{"Gesch\u00e4tzte Lesezeit":"2\u00a0Minuten"},"schema":{"@context":"https:\/\/schema.org","@graph":[{"@type":"WebPage","@id":"https:\/\/evol-forum.ch\/dei\/links\/","url":"https:\/\/evol-forum.ch\/dei\/links\/","name":"Links - DEI-VERM\u00c4CHTNIS","isPartOf":{"@id":"https:\/\/evol-forum.ch\/dei\/#website"},"datePublished":"2013-11-19T14:29:40+00:00","dateModified":"2018-07-19T14:08:31+00:00","inLanguage":"de","potentialAction":[{"@type":"ReadAction","target":["https:\/\/evol-forum.ch\/dei\/links\/"]}]},{"@type":"WebSite","@id":"https:\/\/evol-forum.ch\/dei\/#website","url":"https:\/\/evol-forum.ch\/dei\/","name":"DEI-VERM\u00c4CHTNIS","description":"","potentialAction":[{"@type":"SearchAction","target":{"@type":"EntryPoint","urlTemplate":"https:\/\/evol-forum.ch\/dei\/?s={search_term_string}"},"query-input":{"@type":"PropertyValueSpecification","valueRequired":true,"valueName":"search_term_string"}}],"inLanguage":"de"}]}},"_links":{"self":[{"href":"https:\/\/evol-forum.ch\/dei\/wp-json\/wp\/v2\/pages\/48","targetHints":{"allow":["GET"]}}],"collection":[{"href":"https:\/\/evol-forum.ch\/dei\/wp-json\/wp\/v2\/pages"}],"about":[{"href":"https:\/\/evol-forum.ch\/dei\/wp-json\/wp\/v2\/types\/page"}],"author":[{"embeddable":true,"href":"https:\/\/evol-forum.ch\/dei\/wp-json\/wp\/v2\/users\/5"}],"replies":[{"embeddable":true,"href":"https:\/\/evol-forum.ch\/dei\/wp-json\/wp\/v2\/comments?post=48"}],"version-history":[{"count":2,"href":"https:\/\/evol-forum.ch\/dei\/wp-json\/wp\/v2\/pages\/48\/revisions"}],"predecessor-version":[{"id":650,"href":"https:\/\/evol-forum.ch\/dei\/wp-json\/wp\/v2\/pages\/48\/revisions\/650"}],"wp:attachment":[{"href":"https:\/\/evol-forum.ch\/dei\/wp-json\/wp\/v2\/media?parent=48"}],"curies":[{"name":"wp","href":"https:\/\/api.w.org\/{rel}","templated":true}]}}