{"id":49,"date":"2013-11-19T16:29:40","date_gmt":"2013-11-19T14:29:40","guid":{"rendered":"https:\/\/evol-forum.ch\/dei\/aktuell-vortraege\/"},"modified":"2018-10-24T17:02:23","modified_gmt":"2018-10-24T15:02:23","slug":"aktuell-vortraege","status":"publish","type":"page","link":"https:\/\/evol-forum.ch\/dei\/aktuell-vortraege\/","title":{"rendered":"Vortr\u00e4ge"},"content":{"rendered":"<h1>VORTR\u00c4GE<\/h1>\n<p>&nbsp;<\/p>\n<h3><span style=\"font-size: 16px;\">Ein Klick auf diesen<\/span><span style=\"font-size: 16px;\"> <a href=\"https:\/\/evol-forum.ch\/vortraege\/\" target=\"_blank\" rel=\"noopener\">Link <\/a>\u00a0f\u00fchrt Sie zu den Vortr\u00e4gen von Rico Paganini.<\/span><\/h3>\n<p>&nbsp;<\/p>\n<p>&nbsp;<\/p>\n<h1>AKTUELL<\/h1>\n<h3><span style=\"font-size: x-small;\"><strong>&gt; Sonnenst\u00fcrme mit H\u00f6hepunkt im Dezember 2012<\/strong><\/span><\/h3>\n<h3><span style=\"font-size: x-small;\"><strong><br \/>\n<\/strong><\/span><span style=\"font-size: x-small;\"><strong>&gt; Planet X Nibiru<\/strong><\/span><\/h3>\n<p>&nbsp;<\/p>\n<p><strong><strong><span style=\"color: #800000;\">\u00a0<\/span><\/strong><\/strong><\/p>\n","protected":false},"excerpt":{"rendered":"<p>VORTR\u00c4GE &nbsp; Ein Klick auf diesen Link \u00a0f\u00fchrt Sie zu den Vortr\u00e4gen von Rico Paganini. &nbsp; &nbsp; AKTUELL &gt; Sonnenst\u00fcrme mit H\u00f6hepunkt im Dezember 2012 &gt; Planet X Nibiru &nbsp; \u00a0<\/p>\n","protected":false},"author":5,"featured_media":0,"parent":0,"menu_order":1300,"comment_status":"open","ping_status":"open","template":"","meta":{"_acf_changed":false,"_monsterinsights_skip_tracking":false,"_monsterinsights_sitenote_active":false,"_monsterinsights_sitenote_note":"","_monsterinsights_sitenote_category":0,"footnotes":""},"class_list":["post-49","page","type-page","status-publish","hentry"],"acf":[],"yoast_head":"<!-- This site is optimized with the Yoast SEO plugin v26.4 - https:\/\/yoast.com\/wordpress\/plugins\/seo\/ -->\n<title>Vortr\u00e4ge - DEI-VERM\u00c4CHTNIS<\/title>\n<meta name=\"robots\" content=\"index, follow, max-snippet:-1, max-image-preview:large, max-video-preview:-1\" \/>\n<link rel=\"canonical\" href=\"https:\/\/evol-forum.ch\/dei\/aktuell-vortraege\/\" \/>\n<script type=\"application\/ld+json\" class=\"yoast-schema-graph\">{\"@context\":\"https:\/\/schema.org\",\"@graph\":[{\"@type\":\"WebPage\",\"@id\":\"https:\/\/evol-forum.ch\/dei\/aktuell-vortraege\/\",\"url\":\"https:\/\/evol-forum.ch\/dei\/aktuell-vortraege\/\",\"name\":\"Vortr\u00e4ge - DEI-VERM\u00c4CHTNIS\",\"isPartOf\":{\"@id\":\"https:\/\/evol-forum.ch\/dei\/#website\"},\"datePublished\":\"2013-11-19T14:29:40+00:00\",\"dateModified\":\"2018-10-24T15:02:23+00:00\",\"inLanguage\":\"de\",\"potentialAction\":[{\"@type\":\"ReadAction\",\"target\":[\"https:\/\/evol-forum.ch\/dei\/aktuell-vortraege\/\"]}]},{\"@type\":\"WebSite\",\"@id\":\"https:\/\/evol-forum.ch\/dei\/#website\",\"url\":\"https:\/\/evol-forum.ch\/dei\/\",\"name\":\"DEI-VERM\u00c4CHTNIS\",\"description\":\"\",\"potentialAction\":[{\"@type\":\"SearchAction\",\"target\":{\"@type\":\"EntryPoint\",\"urlTemplate\":\"https:\/\/evol-forum.ch\/dei\/?s={search_term_string}\"},\"query-input\":{\"@type\":\"PropertyValueSpecification\",\"valueRequired\":true,\"valueName\":\"search_term_string\"}}],\"inLanguage\":\"de\"}]}<\/script>\n<!-- \/ Yoast SEO plugin. -->","yoast_head_json":{"title":"Vortr\u00e4ge - DEI-VERM\u00c4CHTNIS","robots":{"index":"index","follow":"follow","max-snippet":"max-snippet:-1","max-image-preview":"max-image-preview:large","max-video-preview":"max-video-preview:-1"},"canonical":"https:\/\/evol-forum.ch\/dei\/aktuell-vortraege\/","schema":{"@context":"https:\/\/schema.org","@graph":[{"@type":"WebPage","@id":"https:\/\/evol-forum.ch\/dei\/aktuell-vortraege\/","url":"https:\/\/evol-forum.ch\/dei\/aktuell-vortraege\/","name":"Vortr\u00e4ge - DEI-VERM\u00c4CHTNIS","isPartOf":{"@id":"https:\/\/evol-forum.ch\/dei\/#website"},"datePublished":"2013-11-19T14:29:40+00:00","dateModified":"2018-10-24T15:02:23+00:00","inLanguage":"de","potentialAction":[{"@type":"ReadAction","target":["https:\/\/evol-forum.ch\/dei\/aktuell-vortraege\/"]}]},{"@type":"WebSite","@id":"https:\/\/evol-forum.ch\/dei\/#website","url":"https:\/\/evol-forum.ch\/dei\/","name":"DEI-VERM\u00c4CHTNIS","description":"","potentialAction":[{"@type":"SearchAction","target":{"@type":"EntryPoint","urlTemplate":"https:\/\/evol-forum.ch\/dei\/?s={search_term_string}"},"query-input":{"@type":"PropertyValueSpecification","valueRequired":true,"valueName":"search_term_string"}}],"inLanguage":"de"}]}},"_links":{"self":[{"href":"https:\/\/evol-forum.ch\/dei\/wp-json\/wp\/v2\/pages\/49","targetHints":{"allow":["GET"]}}],"collection":[{"href":"https:\/\/evol-forum.ch\/dei\/wp-json\/wp\/v2\/pages"}],"about":[{"href":"https:\/\/evol-forum.ch\/dei\/wp-json\/wp\/v2\/types\/page"}],"author":[{"embeddable":true,"href":"https:\/\/evol-forum.ch\/dei\/wp-json\/wp\/v2\/users\/5"}],"replies":[{"embeddable":true,"href":"https:\/\/evol-forum.ch\/dei\/wp-json\/wp\/v2\/comments?post=49"}],"version-history":[{"count":7,"href":"https:\/\/evol-forum.ch\/dei\/wp-json\/wp\/v2\/pages\/49\/revisions"}],"predecessor-version":[{"id":683,"href":"https:\/\/evol-forum.ch\/dei\/wp-json\/wp\/v2\/pages\/49\/revisions\/683"}],"wp:attachment":[{"href":"https:\/\/evol-forum.ch\/dei\/wp-json\/wp\/v2\/media?parent=49"}],"curies":[{"name":"wp","href":"https:\/\/api.w.org\/{rel}","templated":true}]}}