{"id":5,"date":"2013-11-19T16:29:32","date_gmt":"2013-11-19T14:29:32","guid":{"rendered":"https:\/\/evol-forum.ch\/dei\/inhaltsverzeichnis-buch\/"},"modified":"2018-08-05T19:18:14","modified_gmt":"2018-08-05T17:18:14","slug":"inhaltsverzeichnis-buch","status":"publish","type":"page","link":"https:\/\/evol-forum.ch\/dei\/inhaltsverzeichnis-buch\/","title":{"rendered":"Inhaltsverzeichnis Buch"},"content":{"rendered":"<h1>Das Inhaltsverzeichnis des Buches<\/h1>\n<p><span style=\"font-size: small;\">Pers\u00f6nliche Einleitung\u00a0<\/span><\/p>\n<p><span style=\"font-size: small;\">\u00a0<\/span><\/p>\n<p>&nbsp;<\/p>\n<h2>Einf\u00fchrung &#8211; Erkenntnisse durch geistige F\u00fchrung<\/h2>\n<p>&nbsp;<\/p>\n<p><span style=\"font-size: small;\">Knechte und M\u00e4gde werden weissagen<\/span><\/p>\n<p><span style=\"font-size: small;\">Grosse Werke Christlicher Medien<\/span><\/p>\n<ul>\n<li><span style=\"font-size: small;\">Michel de Nostredame<\/span><\/li>\n<li><span style=\"font-size: small;\">Emanuel Swedenborg<\/span><\/li>\n<li><span style=\"font-size: small;\">Jakob Lorber<\/span><\/li>\n<li><span style=\"font-size: small;\">Rudolf Steiner<\/span><\/li>\n<li><span style=\"font-size: small;\">Edgar Cayce<\/span><\/li>\n<li><span style=\"font-size: small;\">Mikha\u00ebl A\u00efvanhov<\/span><\/li>\n<li><span style=\"font-size: small;\">Jim James Hurtak<\/span><\/li>\n<\/ul>\n<p><span style=\"font-size: small;\">Die Reisen nach Giza und wie es begann<\/span><\/p>\n<p><span style=\"font-size: small;\">Thoth der Atlanter<\/span><\/p>\n<ul>\n<li><span style=\"font-size: small;\">Thoth in seinem eigenen Werk<\/span><\/li>\n<li><span style=\"font-size: small;\">Einf\u00fchrung in die Smaragd-Tafeln<\/span><\/li>\n<li><span style=\"font-size: small;\">Thoth in Lexikas und B\u00fcchern<\/span><\/li>\n<\/ul>\n<p><span style=\"font-size: small;\">Hermes der Grieche<\/span><\/p>\n<ul>\n<li><span style=\"font-size: small;\">Hermes in seinem eigenen Werk<\/span><\/li>\n<li><span style=\"font-size: small;\">Einf\u00fchrung in die 7 Hermetischen Gesetze<\/span><\/li>\n<li><span style=\"font-size: small;\">Hermes in Lexikas und B\u00fcchern<\/span><\/li>\n<\/ul>\n<p><span style=\"font-size: small;\">Fazit Einf\u00fchrung<\/span><\/p>\n<p>&nbsp;<\/p>\n<h2><strong>1. Kapitel &#8211; Der Sch\u00f6pfungs-Plan<\/strong><\/h2>\n<p><span style=\"font-size: small;\">Die Gottheit schuf den Sch\u00f6pfungs-Plan<\/span><\/p>\n<p><span style=\"font-size: small;\">Die Dei-Aspekte<\/span><\/p>\n<ul>\n<li><span style=\"font-size: small;\">Der Vater-Aspekt<\/span><\/li>\n<li><span style=\"font-size: small;\">Der Mutter-Aspekt<\/span><\/li>\n<li><span style=\"font-size: small;\">Der Sohn-Aspekt<\/span><\/li>\n<li><span style=\"font-size: small;\">Der Tochter-Aspekt<\/span><\/li>\n<li><span style=\"font-size: small;\">Der Heilige Geist<\/span><\/li>\n<\/ul>\n<p><span style=\"font-size: small;\">\u00a0<\/span><\/p>\n<p><span style=\"font-size: small;\">Die Gottheit schuf die Geistigen Welten<\/span><\/p>\n<p><span style=\"font-size: small;\">Einf\u00fchrung in die Grundlagen der Sch\u00f6pfung<\/span><\/p>\n<ul>\n<li><span style=\"font-size: small;\">Schwingung<\/span><\/li>\n<li><span style=\"font-size: small;\">Raum<\/span><\/li>\n<li><span style=\"font-size: small;\">Dimension<\/span><\/li>\n<li><span style=\"font-size: small;\">Licht<\/span><\/li>\n<li><span style=\"font-size: small;\">Farbe<\/span><\/li>\n<li><span style=\"font-size: small;\">Klang<\/span><\/li>\n<li><span style=\"font-size: small;\">Ton<\/span><\/li>\n<li><span style=\"font-size: small;\">Heilige Geometrie<\/span><\/li>\n<li><span style=\"font-size: small;\">Die 5 Platonischen K\u00f6rper<\/span><\/li>\n<li><span style=\"font-size: small;\">Der W\u00fcrfel Metathrons<\/span><\/li>\n<li><span style=\"font-size: small;\">Die Blume des Lebens<\/span><\/li>\n<\/ul>\n<p><span style=\"font-size: small;\">Fazit 1. Kapitel<\/span><\/p>\n<p>&nbsp;<\/p>\n<h2><strong>2. Kapitel &#8211; Der Gottes-Plan<\/strong><\/h2>\n<p><span style=\"font-size: small;\">Die Gottheit schuf den Gottesplan f\u00fcr selbstverantwortliche Wesen<\/span><\/p>\n<ul>\n<li><span style=\"font-size: small;\">Die Matrix<\/span><\/li>\n<li><span style=\"font-size: small;\">Die Trinit\u00e4ten in uns<\/span><\/li>\n<li><span style=\"font-size: small;\">Die Merkaba<\/span><\/li>\n<li><span style=\"font-size: small;\">Der Sephirot<\/span><\/li>\n<\/ul>\n<p><span style=\"font-size: small;\">Die Gottheit schuf die 7 Erzengel<\/span><\/p>\n<ul>\n<li><span style=\"font-size: small;\">Die 7 Erzengel-Duale<\/span><\/li>\n<li><span style=\"font-size: small;\">Die 7 Erzengel und ihre Entsprechungen<\/span><\/li>\n<\/ul>\n<p><span style=\"font-size: small;\">Die Gottheit schuf mit den 7 Erzengeln die Wesen<\/span><\/p>\n<ul>\n<li><span style=\"font-size: small;\">Die 7 Lux-Rassen<\/span><\/li>\n<li><span style=\"font-size: small;\">Hierarchie der Licht-Rassen der Engel<\/span><\/li>\n<li><span style=\"font-size: small;\">Die 7 Dei-Rassen<\/span><\/li>\n<li><span style=\"font-size: small;\">Hierarchie der Gottes-Rassen<\/span><\/li>\n<\/ul>\n<p><span style=\"font-size: small;\">\u00a0<\/span><\/p>\n<p><span style=\"font-size: small;\">Die Trennnung der Seelen<\/span><\/p>\n<p><span style=\"font-size: small;\">Erzengel Haniel erhob sich gegen die Gottheit<\/span><\/p>\n<p><span style=\"font-size: small;\">Die Trennung in der Geistigen Welt<\/span><\/p>\n<p><span style=\"font-size: small;\">Die Entr\u00fcckung Haniel\u2018s und aller mit ihm verbundenen Seelen<\/span><\/p>\n<p><span style=\"font-size: small;\">Fazit 2. Kapitel<\/span><\/p>\n<p>&nbsp;<\/p>\n<h2><strong>3. Kapitel &#8211; Die Gottheit schuf die Materiellen Welten<\/strong><\/h2>\n<p><span style=\"font-size: small;\">Die Sch\u00f6pfung der Materiellen Welten als Lebensraum f\u00fcr die abgewandten Wesen<\/span><\/p>\n<p><span style=\"font-size: small;\">Die Sch\u00f6pfungsberichte der Bibel, der Veden, des Islam und des Buddhismus<\/span><\/p>\n<ul>\n<li><span style=\"font-size: small;\">Die Sch\u00f6pfungsberichte der alten Kulturen in \u00c4gpten, S\u00fcdamerika und Pazifik<\/span><\/li>\n<\/ul>\n<p><span style=\"font-size: small;\">Einf\u00fchrung in die Grundlagen der materiellen Sch\u00f6pfung<\/span><\/p>\n<ul>\n<li><span style=\"font-size: small;\">Die 5 Elemente<\/span><\/li>\n<li><span style=\"font-size: small;\">Die 5 Reiche und Sch\u00f6pfungskreise<\/span><\/li>\n<li><span style=\"font-size: small;\">Der Weltraum<\/span><\/li>\n<li><span style=\"font-size: small;\">Das Sonnensystem<\/span><\/li>\n<li><span style=\"font-size: small;\">Der Planet Sonne<\/span><\/li>\n<li><span style=\"font-size: small;\">Der Planet Erde<\/span><\/li>\n<\/ul>\n<p>&nbsp;<\/p>\n<h2><strong>Der Erl\u00f6sungs-Plan<\/strong><\/h2>\n<p><span style=\"font-size: small;\">Die Gottheit schuf den Erl\u00f6sungs-Plan<\/span><\/p>\n<ul>\n<li><span style=\"font-size: small;\">Der Erl\u00f6sungs-Plan f\u00fcr alle Wesen der Gottesrassen<\/span><\/li>\n<li><span style=\"font-size: small;\">G\u00f6ttliche Wahrheiten werden die Manipulationen der Menschen l\u00f6sen<\/span><\/li>\n<\/ul>\n<p><span style=\"font-size: small;\">Fazit 3. Kapitel<\/span><\/p>\n<p>&nbsp;<\/p>\n<h2>4. Kapitel &#8211; Die Religionen<\/h2>\n<p><span style=\"font-size: small;\">Was ist eigentlich Religion?<\/span><\/p>\n<p><span style=\"font-size: small;\">Die Propheten Jesus, Moses, Mohammed, Buddha und Krishna<\/span><\/p>\n<p><span style=\"font-size: small;\">Die 4 Weltreligionen im Vergleich<\/span><\/p>\n<ul>\n<li><span style=\"font-size: small;\">Hinduismus<\/span><\/li>\n<li><span style=\"font-size: small;\">Buddhismus<\/span><\/li>\n<li><span style=\"font-size: small;\">Christentum<\/span><\/li>\n<li><span style=\"font-size: small;\">Anhang zum Judentum<\/span><\/li>\n<li><span style=\"font-size: small;\">Islam<\/span><\/li>\n<\/ul>\n<p><span style=\"font-size: small;\">\u00a0<\/span><\/p>\n<h3><strong><span style=\"font-size: small;\">Die Niederkunft Christi auf Erden<\/span><\/strong><\/h3>\n<p><span style=\"font-size: small;\">Die (vollst\u00e4ndigere) Geschichte von Christus Jesus Inkarnation auf Erden<\/span><\/p>\n<ul>\n<li><span style=\"font-size: small;\">Was war Jesus Mission und was hat er f\u00fcr unseren Erl\u00f6sungsplan erreicht<\/span><\/li>\n<li><span style=\"font-size: small;\">Alle Wesen, die den Erl\u00f6sungs-Plan Christi annehmen, werden erl\u00f6s\u00a0und \u201ein die vielen Wohnungswelten der Gottheit\u201c zur\u00fcckkehren<\/span><\/li>\n<\/ul>\n<p><span style=\"font-size: small;\">Die religi\u00f6sen prophetischen Verm\u00e4chtnisse, die sich in einem Dei-Verm\u00e4chtnis einen<\/span><\/p>\n<p><span style=\"font-size: small;\">Die 3 Irrlehren der Kirchen<\/span><\/p>\n<p><span style=\"font-size: small;\">Fazit 4. Kapitel<\/span><\/p>\n<p><span style=\"font-size: x-small;\">\u00a0<\/span><\/p>\n<h2>5. Kapitel &#8211; Die Widersacher am Erl\u00f6sungsplan<\/h2>\n<p><span style=\"font-size: small;\">Die Asuras sind die abgewandten Seelen und die k\u00fcnstlich erschaffenen Wesen<\/span><\/p>\n<p><span style=\"font-size: small;\">Die D\u00e4monen<\/span><\/p>\n<ul>\n<li><span style=\"font-size: small;\">Die 7 Erzd\u00e4monen<\/span><\/li>\n<li><span style=\"font-size: small;\">Die Dunkel-Trinit\u00e4ten<\/span><\/li>\n<\/ul>\n<p><span style=\"font-size: small;\">Die Finster-Wesen<\/span><\/p>\n<p><span style=\"font-size: small;\">Die Dunkel-Wesen<\/span><\/p>\n<p><span style=\"font-size: small;\">Die Dunkel-Rassen<\/span><\/p>\n<ul>\n<li><span style=\"font-size: small;\">Die Grey-Wesen<\/span><\/li>\n<li><span style=\"font-size: small;\">Die Efu-Wesen<\/span><\/li>\n<li><span style=\"font-size: small;\">Die Repto-Wesen<\/span><\/li>\n<\/ul>\n<p><span style=\"font-size: small;\">Ausseridische und Aliens<\/span><\/p>\n<ul>\n<li><span style=\"font-size: small;\">UFOs und UWOs<\/span><\/li>\n<\/ul>\n<p><span style=\"font-size: small;\">Wie die Asuras auf den Menschen Einfluss nehmen<\/span><\/p>\n<p><span style=\"font-size: small;\">Die Geheimgesellschaften und deren Logen<\/span><\/p>\n<ul>\n<li><span style=\"font-size: small;\">Die \u201eNeue Weltordnung\u201c<\/span><\/li>\n<li><span style=\"font-size: small;\">Die 7 Irrlehren<\/span><\/li>\n<\/ul>\n<p><span style=\"font-size: small;\">Die \u201eUniversale Ordnung\u201c<\/span><\/p>\n<p><span style=\"font-size: small;\">Fazit 5. Kapitel<\/span><\/p>\n<p>&nbsp;<\/p>\n<h2>6. Kapitel &#8211; Die Helfer der Geistigen Welt<\/h2>\n<p><span style=\"font-size: small;\">Die 7 Licht-Rassen<\/span><\/p>\n<p><span style=\"font-size: small;\">Die 7 Gottes-Rassen<\/span><\/p>\n<ul>\n<li><span style=\"font-size: small;\">Die R\u00e4te der 7 Gottes-Rassen<\/span><\/li>\n<li><span style=\"font-size: small;\">Die Menschen<\/span><\/li>\n<li><span style=\"font-size: small;\">Die Feen<\/span><\/li>\n<li><span style=\"font-size: small;\">Die Elfen<\/span><\/li>\n<li><span style=\"font-size: small;\">Die Elben<\/span><\/li>\n<li><span style=\"font-size: small;\">Die Devas<\/span><\/li>\n<li><span style=\"font-size: small;\">Die Gnome<\/span><\/li>\n<li><span style=\"font-size: small;\">Die Elementare<\/span><\/li>\n<\/ul>\n<p><span style=\"font-size: small;\">Die Vereinigungen der Geistigen Welt<\/span><\/p>\n<ul>\n<li><span style=\"font-size: small;\">Die Dei Elohim-Vereinigung<\/span><\/li>\n<li><span style=\"font-size: small;\">Die Elohim-Vereinigung<\/span><\/li>\n<li><span style=\"font-size: small;\">Die Melchizedek-Vereinigung<\/span><\/li>\n<li><span style=\"font-size: small;\">Der Melchizedek-Orden<\/span><\/li>\n<li><span style=\"font-size: small;\">Die Amenti-Vereinigung<\/span><\/li>\n<li><span style=\"font-size: small;\">Die Giza-Vereinigung<\/span><\/li>\n<li><span style=\"font-size: small;\">Die Entele-Vereinigung<\/span><\/li>\n<li><span style=\"font-size: small;\">Die Elementale-Vereinigung<\/span><\/li>\n<li><span style=\"font-size: small;\">Die Aufstiegs-Vereinigung<\/span><\/li>\n<\/ul>\n<p><span style=\"font-size: small;\">Die Licht-Trinit\u00e4ten<\/span><\/p>\n<ul>\n<li><span style=\"font-size: small;\">Die G\u00f6ttliche Trinit\u00e4t<\/span><\/li>\n<li><span style=\"font-size: small;\">Die Trinit\u00e4t der Trinit\u00e4ten<\/span><\/li>\n<li><span style=\"font-size: small;\">Die Trinit\u00e4t des Herrn<\/span><\/li>\n<li><span style=\"font-size: small;\">Die Trinit\u00e4t der Pharaonen<\/span><\/li>\n<li><span style=\"font-size: small;\">Die Trinit\u00e4t der Menschen &#8211; der Feen &#8211; der Elfen &#8211; der Elben<\/span><\/li>\n<\/ul>\n<p><span style=\"font-size: small;\">Wie die Licht-Wesen den Menschen helfen k\u00f6nnen<\/span><\/p>\n<p><span style=\"font-size: small;\">Fazit 6. Kapitel<\/span><\/p>\n<p>&nbsp;<\/p>\n<h2>7. Kapitel &#8211; Die Wendezeit<\/h2>\n<p><span style=\"font-size: small;\">Der Kampf um die Seelen<\/span><\/p>\n<p><span style=\"font-size: small;\">Was uns Apokalypsen zur Wendezeit sagen<\/span><\/p>\n<ul>\n<li><span style=\"font-size: small;\">Vergleich der Apokalypsen veschiedener Religionen<\/span><\/li>\n<li><span style=\"font-size: small;\">Die Christlichen Apokalypsen in den Evangelien<\/span><\/li>\n<\/ul>\n<p><span style=\"font-size: small;\">Sagen, Legenden und Kalender<\/span><\/p>\n<p><span style=\"font-size: small;\">Kalender mit Zeitaltern<\/span><\/p>\n<ul>\n<li><span style=\"font-size: small;\">Der Veda Kalender<\/span><\/li>\n<li><span style=\"font-size: small;\">Der Maya Kalender<\/span><\/li>\n<li><span style=\"font-size: small;\">Der Astrologische Kalender<\/span><\/li>\n<li><span style=\"font-size: small;\">Der \u00c4gyptische-Atlantische Kalender<\/span><\/li>\n<li><span style=\"font-size: small;\">Die Zeitalter nach Rudolf Steiner<\/span><\/li>\n<\/ul>\n<p><span style=\"font-size: small;\">Direkter Vergleich der 3 grossen Zyklen-Kalender<\/span><\/p>\n<ul>\n<li><span style=\"font-size: small;\">Tafel Vergleich 3 Zyklen-Kalender<\/span><\/li>\n<\/ul>\n<p><span style=\"font-size: small;\">Die Pr\u00e4zession der Erde<\/span><\/p>\n<p><span style=\"font-size: small;\">Kalender mit Jahresberechnungen<\/span><\/p>\n<ul>\n<li><span style=\"font-size: small;\">Der R\u00f6mische Kalender<\/span><\/li>\n<li><span style=\"font-size: small;\">Der Julianische Kalender<\/span><\/li>\n<li><span style=\"font-size: small;\">Der Gregorianische Kalender<\/span><\/li>\n<li><span style=\"font-size: small;\">Der Orthodoxe Kirchenkalender<\/span><\/li>\n<li><span style=\"font-size: small;\">Der J\u00fcdische Kalender<\/span><\/li>\n<li><span style=\"font-size: small;\">Der Islamische Kalender<\/span><\/li>\n<li><span style=\"font-size: small;\">Der \u00c4gyptische Kalender<\/span><\/li>\n<li><span style=\"font-size: small;\">Der Aztekische Kalender<\/span><\/li>\n<li><span style=\"font-size: small;\">Der Chinesische Kalender<\/span><\/li>\n<\/ul>\n<p><span style=\"font-size: x-small;\">\u00a0<\/span><\/p>\n<h3><strong><span style=\"font-size: small;\">Die Wendepunkte<\/span><\/strong><\/h3>\n<p><span style=\"font-size: small;\">Das Jahr 0<\/span><\/p>\n<ul>\n<li><span style=\"font-size: small;\">Das Geburtsjahr Jesu Christi<\/span><\/li>\n<li><span style=\"font-size: small;\">Das Jahr 0 in der Kalenderberechnung<\/span><\/li>\n<\/ul>\n<p><span style=\"font-size: small;\">Das Jahr 2000<\/span><\/p>\n<ul>\n<li><span style=\"font-size: small;\">Das Computerproblem<\/span><\/li>\n<li><span style=\"font-size: small;\">Die Planetenkonjunktion auf einer Linie im Mai 2000<\/span><\/li>\n<\/ul>\n<p><span style=\"font-size: small;\">Das Jahr 2012<\/span><\/p>\n<ul>\n<li><span style=\"font-size: small;\">Die Galaktische Konjunktion im Dezember 2012<\/span><\/li>\n<\/ul>\n<p><span style=\"font-size: x-small;\">\u00a0<\/span><\/p>\n<h2><strong><span style=\"font-size: small;\">Ausblick auf unsere nahe Zukunft<\/span><\/strong><\/h2>\n<p><span style=\"font-size: small;\">Ein Paradigmen-Wechsel?<\/span><\/p>\n<p><span style=\"font-size: small;\">Was wird geschehen in den n\u00e4chsten 20 Jahren?<\/span><\/p>\n<p><span style=\"font-size: small;\">Einfl\u00fcsse von Aussen<\/span><\/p>\n<ul>\n<li><span style=\"font-size: small;\">Ver\u00e4nderungen auf der Erde<\/span><\/li>\n<li><span style=\"font-size: small;\">Wirtschaft und Versorgung<\/span><\/li>\n<li><span style=\"font-size: small;\">Globale Erw\u00e4rmung und Klimaerw\u00e4rmung<\/span><\/li>\n<li><span style=\"font-size: small;\">Sonnenerw\u00e4rmung<\/span><\/li>\n<li><span style=\"font-size: small;\">Apokalyptische Kataklysmen<\/span><\/li>\n<li><span style=\"font-size: small;\">Zunahme grosser Naturkatastrophen<\/span><\/li>\n<li><span style=\"font-size: small;\">Tafel der gr\u00f6ssten Naturkatastrophen<\/span><\/li>\n<li><span style=\"font-size: small;\">Vulkanausbr\u00fcche als Klimaabk\u00fchler<\/span><\/li>\n<li><span style=\"font-size: small;\">Der Golfstrom als Klimaabk\u00fchler<\/span><\/li>\n<li><span style=\"font-size: small;\">Geo-Engeneering<\/span><\/li>\n<li><span style=\"font-size: small;\">Kontinentaldriftung<\/span><\/li>\n<li><span style=\"font-size: small;\">Polsprung<\/span><\/li>\n<li><span style=\"font-size: small;\">Der 10. Planet X \u201eNibiru\u201c<\/span><\/li>\n<li><span style=\"font-size: small;\">Der Photonenring (Manasische Vibration)<\/span><\/li>\n<li><span style=\"font-size: small;\">Der Wendepunkt<\/span><\/li>\n<li><span style=\"font-size: small;\">Die 3 Tage und N\u00e4chte der Dunkelheit<\/span><\/li>\n<li><span style=\"font-size: small;\">Das Licht kommt zur\u00fcck<\/span><\/li>\n<li><span style=\"font-size: small;\">Zeichen am Himmel<\/span><\/li>\n<li><span style=\"font-size: small;\">Erscheinung der Wesen<\/span><\/li>\n<li><span style=\"font-size: small;\">Erscheinung der Asura-Wesen<\/span><\/li>\n<li><span style=\"font-size: small;\">Erscheinung der Licht-Wesen<\/span><\/li>\n<li><span style=\"font-size: small;\">Unterscheidung der Wesen<\/span><\/li>\n<li><span style=\"font-size: small;\">Unterscheidung der Raumschiffe<\/span><\/li>\n<li><span style=\"font-size: small;\">Die Wiederkunft Christi<\/span><\/li>\n<li><span style=\"font-size: small;\">Einfl\u00fcsse von Innen<\/span><\/li>\n<li><span style=\"font-size: small;\">DEI-Str\u00f6me in allen 12 Dimensionen<\/span><\/li>\n<li><span style=\"font-size: small;\">Bewusstseinswandel<\/span><\/li>\n<li><span style=\"font-size: small;\">Christus-Bewusstsein<\/span><\/li>\n<li><span style=\"font-size: small;\">Pr\u00fcfung der Seelen (das J\u00fcngste Gericht)<\/span><\/li>\n<li><span style=\"font-size: small;\">Erwachen der Seelen<\/span><\/li>\n<li><span style=\"font-size: small;\">Individueller Aufstieg<\/span><\/li>\n<li><span style=\"font-size: small;\">Kollektiver Aufstieg<\/span><\/li>\n<li><span style=\"font-size: small;\">Widersacher der Asuras<\/span><\/li>\n<li><span style=\"font-size: small;\">Abstieg der Gottabgewandten<\/span><\/li>\n<li><span style=\"font-size: small;\">Dimensionswechsel<\/span><\/li>\n<li><span style=\"font-size: small;\">Leben in der 5. Dimension<\/span><\/li>\n<\/ul>\n<p><span style=\"font-size: small;\">Die Pl\u00e4ne des Melchizedek-Ordens (Rat der 144)<\/span><\/p>\n<p><span style=\"font-size: small;\">Die 4 Versuche f\u00fcr einen vereinten Aufstieg<\/span><\/p>\n<ul>\n<li><span style=\"font-size: small;\">Der 1. Versuch in der Altzeit<\/span><\/li>\n<li><span style=\"font-size: small;\">Der 2. Versuch in der Fr\u00fchzeit<\/span><\/li>\n<li><span style=\"font-size: small;\">Der 3. Versuch der Mittelalterzeit<\/span><\/li>\n<li><span style=\"font-size: small;\">Der 4. Versuch in der Neuzeit<\/span><\/li>\n<\/ul>\n<p><span style=\"font-size: small;\">Wie k\u00f6nnen wir uns vorbereiten?<\/span><\/p>\n<ul>\n<li><span style=\"font-size: small;\">Die R\u00fcckbesinnung auf das was wir sind, lichtvolle und liebevolle Wesen<\/span><\/li>\n<li><span style=\"font-size: small;\">Die Liebe als Schl\u00fcssel zu uns Selbst, zu den Mitwesen und zur Gottheit<\/span><\/li>\n<li><span style=\"font-size: small;\">Das Gebet \u201eVater Unser\u201c<\/span><\/li>\n<\/ul>\n<p><span style=\"font-size: small;\">Was k\u00f6nnen wir tun um aufzusteigen?<\/span><\/p>\n<ul>\n<li><span style=\"font-size: small;\">Die 10 Gebote aus dem Alten Testament<\/span><\/li>\n<li><span style=\"font-size: small;\">Die 10 Gebote nach Martin Luther<\/span><\/li>\n<li><span style=\"font-size: small;\">Die 10 Regeln nach Melchizedek<\/span><\/li>\n<li><span style=\"font-size: small;\">Worte von Erzengel Gabriel<\/span><\/li>\n<li><span style=\"font-size: small;\">Auszug Durchgabe zu Eli el Elion<\/span><\/li>\n<li><span style=\"font-size: small;\">Auszug Durchgabe zu Eioua Christus<\/span><\/li>\n<li><span style=\"font-size: small;\">Auszug Durchgabe zum Autor<\/span><\/li>\n<li><span style=\"font-size: small;\">Auszug Durchgabe Erkl\u00e4rung der Vereinigung der 4 Gottes-Rassen<\/span><\/li>\n<\/ul>\n<p><span style=\"font-size: small;\">Fazit 7. Kapitel<\/span><\/p>\n<p><span style=\"font-size: small;\">DEI-Appelle<\/span><\/p>\n<p>&nbsp;<\/p>\n<h2>Anhang<\/h2>\n<p><span style=\"font-size: x-small;\">Der Autor<\/span><\/p>\n<p><span style=\"font-size: x-small;\">Die Buch-Trilogie<\/span><\/p>\n<p><span style=\"font-size: x-small;\">Quellenverzeichnis Fotos und Bilder<\/span><\/p>\n<p><span style=\"font-size: x-small;\">Quellenverzeichnis Literatur und Internet<\/span><\/p>\n","protected":false},"excerpt":{"rendered":"<p>Das Inhaltsverzeichnis des Buches Pers\u00f6nliche Einleitung\u00a0 \u00a0 &nbsp; Einf\u00fchrung &#8211; Erkenntnisse durch geistige F\u00fchrung &nbsp; Knechte und M\u00e4gde werden weissagen Grosse Werke Christlicher Medien Michel de Nostredame Emanuel Swedenborg Jakob Lorber Rudolf Steiner Edgar Cayce Mikha\u00ebl A\u00efvanhov Jim James Hurtak Die Reisen nach Giza und wie es begann Thoth der Atlanter Thoth in seinem eigenen [&hellip;]<\/p>\n","protected":false},"author":5,"featured_media":0,"parent":0,"menu_order":130,"comment_status":"open","ping_status":"open","template":"","meta":{"_acf_changed":false,"_monsterinsights_skip_tracking":false,"_monsterinsights_sitenote_active":false,"_monsterinsights_sitenote_note":"","_monsterinsights_sitenote_category":0,"footnotes":""},"class_list":["post-5","page","type-page","status-publish","hentry"],"acf":[],"yoast_head":"<!-- This site is optimized with the Yoast SEO plugin v26.4 - https:\/\/yoast.com\/wordpress\/plugins\/seo\/ -->\n<title>Inhaltsverzeichnis Buch - DEI-VERM\u00c4CHTNIS<\/title>\n<meta name=\"robots\" content=\"index, follow, max-snippet:-1, max-image-preview:large, max-video-preview:-1\" \/>\n<link rel=\"canonical\" href=\"https:\/\/evol-forum.ch\/dei\/inhaltsverzeichnis-buch\/\" \/>\n<meta name=\"twitter:label1\" content=\"Gesch\u00e4tzte Lesezeit\" \/>\n\t<meta name=\"twitter:data1\" content=\"5\u00a0Minuten\" \/>\n<script type=\"application\/ld+json\" class=\"yoast-schema-graph\">{\"@context\":\"https:\/\/schema.org\",\"@graph\":[{\"@type\":\"WebPage\",\"@id\":\"https:\/\/evol-forum.ch\/dei\/inhaltsverzeichnis-buch\/\",\"url\":\"https:\/\/evol-forum.ch\/dei\/inhaltsverzeichnis-buch\/\",\"name\":\"Inhaltsverzeichnis Buch - DEI-VERM\u00c4CHTNIS\",\"isPartOf\":{\"@id\":\"https:\/\/evol-forum.ch\/dei\/#website\"},\"datePublished\":\"2013-11-19T14:29:32+00:00\",\"dateModified\":\"2018-08-05T17:18:14+00:00\",\"inLanguage\":\"de\",\"potentialAction\":[{\"@type\":\"ReadAction\",\"target\":[\"https:\/\/evol-forum.ch\/dei\/inhaltsverzeichnis-buch\/\"]}]},{\"@type\":\"WebSite\",\"@id\":\"https:\/\/evol-forum.ch\/dei\/#website\",\"url\":\"https:\/\/evol-forum.ch\/dei\/\",\"name\":\"DEI-VERM\u00c4CHTNIS\",\"description\":\"\",\"potentialAction\":[{\"@type\":\"SearchAction\",\"target\":{\"@type\":\"EntryPoint\",\"urlTemplate\":\"https:\/\/evol-forum.ch\/dei\/?s={search_term_string}\"},\"query-input\":{\"@type\":\"PropertyValueSpecification\",\"valueRequired\":true,\"valueName\":\"search_term_string\"}}],\"inLanguage\":\"de\"}]}<\/script>\n<!-- \/ Yoast SEO plugin. -->","yoast_head_json":{"title":"Inhaltsverzeichnis Buch - DEI-VERM\u00c4CHTNIS","robots":{"index":"index","follow":"follow","max-snippet":"max-snippet:-1","max-image-preview":"max-image-preview:large","max-video-preview":"max-video-preview:-1"},"canonical":"https:\/\/evol-forum.ch\/dei\/inhaltsverzeichnis-buch\/","twitter_misc":{"Gesch\u00e4tzte Lesezeit":"5\u00a0Minuten"},"schema":{"@context":"https:\/\/schema.org","@graph":[{"@type":"WebPage","@id":"https:\/\/evol-forum.ch\/dei\/inhaltsverzeichnis-buch\/","url":"https:\/\/evol-forum.ch\/dei\/inhaltsverzeichnis-buch\/","name":"Inhaltsverzeichnis Buch - DEI-VERM\u00c4CHTNIS","isPartOf":{"@id":"https:\/\/evol-forum.ch\/dei\/#website"},"datePublished":"2013-11-19T14:29:32+00:00","dateModified":"2018-08-05T17:18:14+00:00","inLanguage":"de","potentialAction":[{"@type":"ReadAction","target":["https:\/\/evol-forum.ch\/dei\/inhaltsverzeichnis-buch\/"]}]},{"@type":"WebSite","@id":"https:\/\/evol-forum.ch\/dei\/#website","url":"https:\/\/evol-forum.ch\/dei\/","name":"DEI-VERM\u00c4CHTNIS","description":"","potentialAction":[{"@type":"SearchAction","target":{"@type":"EntryPoint","urlTemplate":"https:\/\/evol-forum.ch\/dei\/?s={search_term_string}"},"query-input":{"@type":"PropertyValueSpecification","valueRequired":true,"valueName":"search_term_string"}}],"inLanguage":"de"}]}},"_links":{"self":[{"href":"https:\/\/evol-forum.ch\/dei\/wp-json\/wp\/v2\/pages\/5","targetHints":{"allow":["GET"]}}],"collection":[{"href":"https:\/\/evol-forum.ch\/dei\/wp-json\/wp\/v2\/pages"}],"about":[{"href":"https:\/\/evol-forum.ch\/dei\/wp-json\/wp\/v2\/types\/page"}],"author":[{"embeddable":true,"href":"https:\/\/evol-forum.ch\/dei\/wp-json\/wp\/v2\/users\/5"}],"replies":[{"embeddable":true,"href":"https:\/\/evol-forum.ch\/dei\/wp-json\/wp\/v2\/comments?post=5"}],"version-history":[{"count":3,"href":"https:\/\/evol-forum.ch\/dei\/wp-json\/wp\/v2\/pages\/5\/revisions"}],"predecessor-version":[{"id":468,"href":"https:\/\/evol-forum.ch\/dei\/wp-json\/wp\/v2\/pages\/5\/revisions\/468"}],"wp:attachment":[{"href":"https:\/\/evol-forum.ch\/dei\/wp-json\/wp\/v2\/media?parent=5"}],"curies":[{"name":"wp","href":"https:\/\/api.w.org\/{rel}","templated":true}]}}