{"id":8,"date":"2013-11-19T16:29:33","date_gmt":"2013-11-19T14:29:33","guid":{"rendered":"https:\/\/evol-forum.ch\/dei\/wendezeit-und-das-jahr-2012\/"},"modified":"2018-08-06T20:27:41","modified_gmt":"2018-08-06T18:27:41","slug":"wendezeit-und-das-jahr-2012","status":"publish","type":"page","link":"https:\/\/evol-forum.ch\/dei\/wendezeit-und-das-jahr-2012\/","title":{"rendered":"Wendezeit"},"content":{"rendered":"<h1>Die Wendezeit<\/h1>\n<p>&nbsp;<\/p>\n<p><strong><span style=\"color: #333366;\">\/\/1\/\/ Ein Wanderer kam in einer einsamen Gegend an einen Wegweiser.\u00a0<\/span><\/strong><\/p>\n<p><strong><span style=\"color: #333366;\">Nach links wurde das Paradies angezeigt, nach rechts der Weltuntergang.<\/span><\/strong><\/p>\n<p><strong><span style=\"color: #333366;\">\u00a0<\/span><\/strong><\/p>\n<p><strong><span style=\"color: #333366;\">\/\/2\/\/ Gar keine Frage, dass ich links\u00a0abbiege, lachte der Mann.<\/span><\/strong><\/p>\n<p><strong><span style=\"color: #333366;\">\u00a0<\/span><\/strong><\/p>\n<p><strong><span style=\"color: #333366;\">\/\/3\/\/ Aber schon bald wurde der Weg\u00a0immer steiler, die Gegend unwirtlich;<\/span><\/strong><\/p>\n<p><strong><span style=\"color: #333366;\">Steinschlag drohte und ein f\u00fcrchterliches Unwetter zog auf.<\/span><\/strong><\/p>\n<p><strong><span style=\"color: #333366;\">\u00a0<\/span><\/strong><\/p>\n<p><strong><span style=\"color: #333366;\">\/\/4\/\/ Ganz klar, dass mich der Wegweiser in die Irre gef\u00fchrt hat, <\/span><\/strong><\/p>\n<p><strong><span style=\"color: #333366;\">sagte der Mann und kehrte um.<\/span><\/strong><\/p>\n<p><strong><span style=\"color: #333366;\">\u00a0<\/span><\/strong><\/p>\n<p><strong><span style=\"color: #333366;\">\/\/5\/\/ Der rechte Weg f\u00fchrte sch\u00f6n gepfadet durch eine wunderbare Landschaft,\u00a0<\/span><\/strong><\/p>\n<p><strong><span style=\"color: #333366;\">die Sonne schien, V\u00f6gel zwitscherten und er sah <\/span><\/strong><\/p>\n<p><strong><span style=\"color: #333366;\">wie alles immer lichter und sch\u00f6ner wurde&#8230;<\/span><\/strong><\/p>\n<p><strong><span style=\"color: #333366;\">\u00a0<\/span><\/strong><\/p>\n<p><strong><span style=\"color: #333366;\">\/\/6\/\/ Der Mann begl\u00fcckw\u00fcnschte sich, dass er die b\u00f6se T\u00e4uschung durchschaut <\/span><\/strong><\/p>\n<p><strong><span style=\"color: #333366;\">und sich gewendet hatte.\u00a0Man hat nie wieder etwas von ihm geh\u00f6rt.<\/span><\/strong><\/p>\n<p><strong><span style=\"color: #333366;\">\u00a0<\/span><\/strong><\/p>\n<p><strong><span style=\"color: #333366;\">\/\/7\/\/ Kapitel 7 stellt viele Wegweiser vor, die auf die Wendezeit weisen \u2013 <\/span><\/strong><\/p>\n<p><strong><span style=\"color: #333366;\">besser, man deutet sie richtig, um zu verstehen wer sie aufgestellt hat <\/span><\/strong><\/p>\n<p><strong><span style=\"color: #333366;\">und wohin sie uns f\u00fchren k\u00f6nnen&#8230;<\/span><\/strong><\/p>\n<p>&nbsp;<\/p>\n<p>&nbsp;<\/p>\n<p>&nbsp;<\/p>\n<p>&nbsp;<\/p>\n<p style=\"font: normal normal normal 12px\/normal Helvetica; margin: 0px;\"><span style=\"letter-spacing: 0px;\">Dies ist ein Auszug aus dem Buch\u00a0<a title=\"Buchbestellung DEI VERM\u00c4CHTNIS\" href=\"https:\/\/evol-forum.ch\/buecher-und-ebooks\/\" target=\"_blank\" rel=\"noopener\">DEI VERM\u00c4CHTNIS<\/a>.<\/span><\/p>\n<p>&nbsp;<\/p>\n","protected":false},"excerpt":{"rendered":"<p>Die Wendezeit &nbsp; \/\/1\/\/ Ein Wanderer kam in einer einsamen Gegend an einen Wegweiser.\u00a0 Nach links wurde das Paradies angezeigt, nach rechts der Weltuntergang. \u00a0 \/\/2\/\/ Gar keine Frage, dass ich links\u00a0abbiege, lachte der Mann. \u00a0 \/\/3\/\/ Aber schon bald wurde der Weg\u00a0immer steiler, die Gegend unwirtlich; Steinschlag drohte und ein f\u00fcrchterliches Unwetter zog auf. [&hellip;]<\/p>\n","protected":false},"author":5,"featured_media":0,"parent":0,"menu_order":200,"comment_status":"open","ping_status":"open","template":"","meta":{"_acf_changed":false,"_monsterinsights_skip_tracking":false,"_monsterinsights_sitenote_active":false,"_monsterinsights_sitenote_note":"","_monsterinsights_sitenote_category":0,"footnotes":""},"class_list":["post-8","page","type-page","status-publish","hentry"],"acf":[],"yoast_head":"<!-- This site is optimized with the Yoast SEO plugin v26.4 - https:\/\/yoast.com\/wordpress\/plugins\/seo\/ -->\n<title>Wendezeit - DEI-VERM\u00c4CHTNIS<\/title>\n<meta name=\"robots\" content=\"index, follow, max-snippet:-1, max-image-preview:large, max-video-preview:-1\" \/>\n<link rel=\"canonical\" href=\"https:\/\/evol-forum.ch\/dei\/wendezeit-und-das-jahr-2012\/\" \/>\n<meta name=\"twitter:label1\" content=\"Gesch\u00e4tzte Lesezeit\" \/>\n\t<meta name=\"twitter:data1\" content=\"1\u00a0Minute\" \/>\n<script type=\"application\/ld+json\" class=\"yoast-schema-graph\">{\"@context\":\"https:\/\/schema.org\",\"@graph\":[{\"@type\":\"WebPage\",\"@id\":\"https:\/\/evol-forum.ch\/dei\/wendezeit-und-das-jahr-2012\/\",\"url\":\"https:\/\/evol-forum.ch\/dei\/wendezeit-und-das-jahr-2012\/\",\"name\":\"Wendezeit - DEI-VERM\u00c4CHTNIS\",\"isPartOf\":{\"@id\":\"https:\/\/evol-forum.ch\/dei\/#website\"},\"datePublished\":\"2013-11-19T14:29:33+00:00\",\"dateModified\":\"2018-08-06T18:27:41+00:00\",\"inLanguage\":\"de\",\"potentialAction\":[{\"@type\":\"ReadAction\",\"target\":[\"https:\/\/evol-forum.ch\/dei\/wendezeit-und-das-jahr-2012\/\"]}]},{\"@type\":\"WebSite\",\"@id\":\"https:\/\/evol-forum.ch\/dei\/#website\",\"url\":\"https:\/\/evol-forum.ch\/dei\/\",\"name\":\"DEI-VERM\u00c4CHTNIS\",\"description\":\"\",\"potentialAction\":[{\"@type\":\"SearchAction\",\"target\":{\"@type\":\"EntryPoint\",\"urlTemplate\":\"https:\/\/evol-forum.ch\/dei\/?s={search_term_string}\"},\"query-input\":{\"@type\":\"PropertyValueSpecification\",\"valueRequired\":true,\"valueName\":\"search_term_string\"}}],\"inLanguage\":\"de\"}]}<\/script>\n<!-- \/ Yoast SEO plugin. -->","yoast_head_json":{"title":"Wendezeit - DEI-VERM\u00c4CHTNIS","robots":{"index":"index","follow":"follow","max-snippet":"max-snippet:-1","max-image-preview":"max-image-preview:large","max-video-preview":"max-video-preview:-1"},"canonical":"https:\/\/evol-forum.ch\/dei\/wendezeit-und-das-jahr-2012\/","twitter_misc":{"Gesch\u00e4tzte Lesezeit":"1\u00a0Minute"},"schema":{"@context":"https:\/\/schema.org","@graph":[{"@type":"WebPage","@id":"https:\/\/evol-forum.ch\/dei\/wendezeit-und-das-jahr-2012\/","url":"https:\/\/evol-forum.ch\/dei\/wendezeit-und-das-jahr-2012\/","name":"Wendezeit - DEI-VERM\u00c4CHTNIS","isPartOf":{"@id":"https:\/\/evol-forum.ch\/dei\/#website"},"datePublished":"2013-11-19T14:29:33+00:00","dateModified":"2018-08-06T18:27:41+00:00","inLanguage":"de","potentialAction":[{"@type":"ReadAction","target":["https:\/\/evol-forum.ch\/dei\/wendezeit-und-das-jahr-2012\/"]}]},{"@type":"WebSite","@id":"https:\/\/evol-forum.ch\/dei\/#website","url":"https:\/\/evol-forum.ch\/dei\/","name":"DEI-VERM\u00c4CHTNIS","description":"","potentialAction":[{"@type":"SearchAction","target":{"@type":"EntryPoint","urlTemplate":"https:\/\/evol-forum.ch\/dei\/?s={search_term_string}"},"query-input":{"@type":"PropertyValueSpecification","valueRequired":true,"valueName":"search_term_string"}}],"inLanguage":"de"}]}},"_links":{"self":[{"href":"https:\/\/evol-forum.ch\/dei\/wp-json\/wp\/v2\/pages\/8","targetHints":{"allow":["GET"]}}],"collection":[{"href":"https:\/\/evol-forum.ch\/dei\/wp-json\/wp\/v2\/pages"}],"about":[{"href":"https:\/\/evol-forum.ch\/dei\/wp-json\/wp\/v2\/types\/page"}],"author":[{"embeddable":true,"href":"https:\/\/evol-forum.ch\/dei\/wp-json\/wp\/v2\/users\/5"}],"replies":[{"embeddable":true,"href":"https:\/\/evol-forum.ch\/dei\/wp-json\/wp\/v2\/comments?post=8"}],"version-history":[{"count":5,"href":"https:\/\/evol-forum.ch\/dei\/wp-json\/wp\/v2\/pages\/8\/revisions"}],"predecessor-version":[{"id":659,"href":"https:\/\/evol-forum.ch\/dei\/wp-json\/wp\/v2\/pages\/8\/revisions\/659"}],"wp:attachment":[{"href":"https:\/\/evol-forum.ch\/dei\/wp-json\/wp\/v2\/media?parent=8"}],"curies":[{"name":"wp","href":"https:\/\/api.w.org\/{rel}","templated":true}]}}