{"id":715,"date":"2014-06-01T19:21:29","date_gmt":"2014-06-01T17:21:29","guid":{"rendered":"https:\/\/evol-forum.ch\/gaia\/?page_id=715"},"modified":"2024-09-14T16:06:38","modified_gmt":"2024-09-14T14:06:38","slug":"ley-linien","status":"publish","type":"page","link":"https:\/\/evol-forum.ch\/gaia\/ley-linien\/","title":{"rendered":"Ley Linien"},"content":{"rendered":"<h1><b>Die Ley Linien\u00a0<\/b><\/h1>\n<p>&nbsp;<\/p>\n<p>Die Ley Linien sind 5 elementare Energiewellen, die unmittelbar unter und \u00fcber der Erdoberfl\u00e4che um die Erde flie\u00dfen. Sie entsprechen je einer Sinuswelle, die eine Drehung um die Erde macht und dabei einmal nach oben und einmal nach unten schwingt. Die Ley Linien, oder treffender Energiekan\u00e4le, drehen sich wie die elektromagnetischen Linien um ihre eigene Achse und haben rund 100 km Durchmesser (Erdumfang zum Vergleich rund 400\u2018000 km). In den 5 Ley Linien flie\u00dft der Lebensstrom, der die Pflanzen-, Tier- und Menschenwelt energetisch belebt und versorgt und vom Magnetfeld beeinflusst wird. Sie stehen ebenso in Verbindung und Resonanz zu den 5 Sch\u00f6pfungsgrundlagen, den 5 Elementen und den 5 Reichen.<\/p>\n<p>In den wenigen Weltkarten, in denen die nahezu unerforschten Ley Linien dargestellt werden, finden sich nur 1 oder 2 weltumfassende Kurvenlinien dargestellt, was so eben nur teilweise zutrifft und die Zusammenh\u00e4nge nicht erkennen l\u00e4sst. Denn wie wir gleich sehen werden, wird es erst mit 5 Ley Linien stimmig zu den Sch\u00f6pfungsgrundlagen und erst dann entstehen daraus die geometrischen Erdgitter.<\/p>\n<p>&nbsp;<\/p>\n<p>Anmerkungen:<\/p>\n<p>Der Name Ley Linien oder auch Lay Lines, wird heute f\u00fcr alle m\u00f6glichen Energielinien verwendet, in S\u00fcdengland oft schon f\u00fcr die Verbindung von einem Monolithen zum n\u00e4chsten. Dies weil der Name sich urspr\u00fcnglich aus einer tats\u00e4chlichen Aufreihungen englischer Ortschaften mit der Endungen -leigh bzw. -ley ergeben habe (altenglisch f\u00fcr \u201eLichtung, Rodung\u201c). Doch diese weitbreitete Meinung beruht nur auf einer Publikation von Alfred Watkins aus dem Jahr 1921, der weiter vermutete, es k\u00f6nnten alte Handelspfade sein (Old Straight Tracks), die sich durch die k\u00fcrzeste Sichtverbindungen ergaben. Als Ley Linien (Heilige oder Drachen Linien) werden deshalb heute meist die Anordnungen oder Verbindungen von Landmarkierungen verstanden, wie Megalithen, pr\u00e4historische Kultst\u00e4tten oder Kirchenbauten. Oder es wird behauptet, dass Ley Linien eine andere Bezeichnung f\u00fcr die Erdstrahlungen seien, doch diese beinhalten die 3 geomantischen Gitter, und keine Wellenlinien. Am nahesten kam der Erkl\u00e4rungsversuch, Ley Linien seien ein pr\u00e4historisches System der Landesvermessung, das auf astronomischen Grundlagen beruhe. Nur waren es energetische Grundlagen, die den Ort und die Ausrichtung der Bauten bestimmten.<\/p>\n<p>&nbsp;<\/p>\n<h3><b>Die Ley-Gitter aus der heiligen Geometrie\u00a0<\/b><\/h3>\n<p>Nun f\u00fcgt sich alles wunderbar zusammen, denn aus den Schnittpunkten der 5 Ley Linien erstehen die 3 Ley-Gitter vor unseren Augen, mit Formen aus der heiligen Geometrie (siehe Platonische K\u00f6rper S. 22).<\/p>\n<p>&nbsp;<\/p>\n<h3><b>Das Tetraeder-Gitter<\/b><\/h3>\n<p>Dieses Tetraeder-Gitter erscheint als erstes, wenn wir die 12 Hauptschnittstellen der Ley Lines verbinden. Das Tetraeder entspricht einer dreiseitigen Pyramide mit 4 Fl\u00e4chen. Es ist einer der elementaren Bausteine der metaphysischen Sch\u00f6pfung und erscheint im kubischen Kristallsystem. In der Chemie spielt es bei der r\u00e4umlichen Anordnung von Atomen eine gro\u00dfe Rolle,\u00a0 da die 4 Wasserstoffatome im Methanmolek\u00fcl tetraedrisch um das Kohlenstoffatom angeordnet sind. Die Kohlenstoffatome im Diamantgitter sind ebenso tetraedrisch, und jedes Atom ist von 4 weiteren Atomen tetraedrisch umgeben. 2 Tetraeder zusammen ergeben zudem die Form des Stern-Tetraeders (siehe Merkaba Seite 43).<\/p>\n<p>&nbsp;<\/p>\n<h3><b>Das Pyramiden-Gitter<\/b><\/h3>\n<p>Aus der waagerechten Verbindung der 12 Hauptschnittstellen der 5 Ley Lines und deren Schnittstellen an den oberen und unteren Wellen ersteht das Pyramiden-Gitter. Die vierseitige Pyramide mit 5 Fl\u00e4chen entspricht dem Oktaeder, denn er besteht aus 2 an der Grundfl\u00e4che zusammengef\u00fcgten Pyramiden. Die erkl\u00e4rt auch weshalb die Atlanter an solchen Schnittstellen Pyramiden erbaut haben, um daraus die Verbindung und Resonanz zu den Ley Linien und ihren Energien herzustellen.<\/p>\n<p>&nbsp;<\/p>\n<h3><b>Das Dodekaeder-Gitter<\/b><\/h3>\n<p>Wenn wir nun die verbliebenen Schnittstellen verbinden ersteht das Dodekaeder, ein weiterer Platonischer K\u00f6rper aus 12 gleichseitig 5eckigen Fl\u00e4chen. 10 rund um die Erde und 2 \u00fcber dem Nord- und dem S\u00fcd-Pol. Diese beiden sind die Drehpunkte, was hier auf den 2dimensionalen Karten nicht erkennbar ist, da sie mit allen 5 Ecken eine Ley Line mit dem Drehpunkt verbinden, was wieder in Entsprechung steht mit den Polen der Erde und des Magnetfeldes. So sind es 12 Fl\u00e4chen um 12 Zentren, welche die g\u00f6ttlichen Energien flie\u00dfen lassen, und zwar in allen 12 Dimensionen der Sch\u00f6pfung gleichzeitig. Deshalb entspricht der Dodekaeder aus geistiger Schau auch dem sogenannten Christus Gitternetz, derselben Form doch fast unendlich viel gr\u00f6sser, weil es die ganze materielle Sch\u00f6pfung umfasst.<\/p>\n<p>&nbsp;<\/p>\n<p>&nbsp;<\/p>\n<p>Dies ist ein kurzer Auszug zu diesem Thema aus Buch\u00a0<a href=\"https:\/\/evol-forum.ch\/buecher-und-ebooks\/\" target=\"_blank\" rel=\"noopener\">GAIA VERM\u00c4CHTNIS<\/a>.<\/p>\n","protected":false},"excerpt":{"rendered":"<p>Die Ley Linien\u00a0 &nbsp; Die Ley Linien sind 5 elementare Energiewellen, die unmittelbar unter und \u00fcber der Erdoberfl\u00e4che um die Erde flie\u00dfen. Sie entsprechen je einer Sinuswelle, die eine Drehung um die Erde macht und dabei einmal nach oben und einmal nach unten schwingt. Die Ley Linien, oder treffender Energiekan\u00e4le, drehen sich wie die elektromagnetischen [&hellip;]<\/p>\n","protected":false},"author":6,"featured_media":0,"parent":0,"menu_order":0,"comment_status":"open","ping_status":"open","template":"","meta":{"_acf_changed":false,"_monsterinsights_skip_tracking":false,"_monsterinsights_sitenote_active":false,"_monsterinsights_sitenote_note":"","_monsterinsights_sitenote_category":0,"footnotes":""},"class_list":["post-715","page","type-page","status-publish","hentry"],"acf":[],"yoast_head":"<!-- This site is optimized with the Yoast SEO plugin v26.4 - https:\/\/yoast.com\/wordpress\/plugins\/seo\/ -->\n<title>Ley Linien - GAIA-VERM\u00c4CHTNIS<\/title>\n<meta name=\"description\" content=\"Ley Linien\" \/>\n<meta name=\"robots\" content=\"index, follow, max-snippet:-1, max-image-preview:large, max-video-preview:-1\" \/>\n<link rel=\"canonical\" href=\"https:\/\/evol-forum.ch\/gaia\/ley-linien\/\" \/>\n<meta name=\"twitter:label1\" content=\"Gesch\u00e4tzte Lesezeit\" \/>\n\t<meta name=\"twitter:data1\" content=\"4\u00a0Minuten\" \/>\n<script type=\"application\/ld+json\" class=\"yoast-schema-graph\">{\"@context\":\"https:\/\/schema.org\",\"@graph\":[{\"@type\":\"WebPage\",\"@id\":\"https:\/\/evol-forum.ch\/gaia\/ley-linien\/\",\"url\":\"https:\/\/evol-forum.ch\/gaia\/ley-linien\/\",\"name\":\"Ley Linien - GAIA-VERM\u00c4CHTNIS\",\"isPartOf\":{\"@id\":\"https:\/\/evol-forum.ch\/gaia\/#website\"},\"datePublished\":\"2014-06-01T17:21:29+00:00\",\"dateModified\":\"2024-09-14T14:06:38+00:00\",\"description\":\"Ley Linien\",\"inLanguage\":\"de\",\"potentialAction\":[{\"@type\":\"ReadAction\",\"target\":[\"https:\/\/evol-forum.ch\/gaia\/ley-linien\/\"]}]},{\"@type\":\"WebSite\",\"@id\":\"https:\/\/evol-forum.ch\/gaia\/#website\",\"url\":\"https:\/\/evol-forum.ch\/gaia\/\",\"name\":\"GAIA-VERM\u00c4CHTNIS\",\"description\":\"Informationen zu zu Mutter Erde, Kraftorten und Klimawandel\",\"potentialAction\":[{\"@type\":\"SearchAction\",\"target\":{\"@type\":\"EntryPoint\",\"urlTemplate\":\"https:\/\/evol-forum.ch\/gaia\/?s={search_term_string}\"},\"query-input\":{\"@type\":\"PropertyValueSpecification\",\"valueRequired\":true,\"valueName\":\"search_term_string\"}}],\"inLanguage\":\"de\"}]}<\/script>\n<!-- \/ Yoast SEO plugin. -->","yoast_head_json":{"title":"Ley Linien - GAIA-VERM\u00c4CHTNIS","description":"Ley Linien","robots":{"index":"index","follow":"follow","max-snippet":"max-snippet:-1","max-image-preview":"max-image-preview:large","max-video-preview":"max-video-preview:-1"},"canonical":"https:\/\/evol-forum.ch\/gaia\/ley-linien\/","twitter_misc":{"Gesch\u00e4tzte Lesezeit":"4\u00a0Minuten"},"schema":{"@context":"https:\/\/schema.org","@graph":[{"@type":"WebPage","@id":"https:\/\/evol-forum.ch\/gaia\/ley-linien\/","url":"https:\/\/evol-forum.ch\/gaia\/ley-linien\/","name":"Ley Linien - GAIA-VERM\u00c4CHTNIS","isPartOf":{"@id":"https:\/\/evol-forum.ch\/gaia\/#website"},"datePublished":"2014-06-01T17:21:29+00:00","dateModified":"2024-09-14T14:06:38+00:00","description":"Ley Linien","inLanguage":"de","potentialAction":[{"@type":"ReadAction","target":["https:\/\/evol-forum.ch\/gaia\/ley-linien\/"]}]},{"@type":"WebSite","@id":"https:\/\/evol-forum.ch\/gaia\/#website","url":"https:\/\/evol-forum.ch\/gaia\/","name":"GAIA-VERM\u00c4CHTNIS","description":"Informationen zu zu Mutter Erde, Kraftorten und Klimawandel","potentialAction":[{"@type":"SearchAction","target":{"@type":"EntryPoint","urlTemplate":"https:\/\/evol-forum.ch\/gaia\/?s={search_term_string}"},"query-input":{"@type":"PropertyValueSpecification","valueRequired":true,"valueName":"search_term_string"}}],"inLanguage":"de"}]}},"_links":{"self":[{"href":"https:\/\/evol-forum.ch\/gaia\/wp-json\/wp\/v2\/pages\/715","targetHints":{"allow":["GET"]}}],"collection":[{"href":"https:\/\/evol-forum.ch\/gaia\/wp-json\/wp\/v2\/pages"}],"about":[{"href":"https:\/\/evol-forum.ch\/gaia\/wp-json\/wp\/v2\/types\/page"}],"author":[{"embeddable":true,"href":"https:\/\/evol-forum.ch\/gaia\/wp-json\/wp\/v2\/users\/6"}],"replies":[{"embeddable":true,"href":"https:\/\/evol-forum.ch\/gaia\/wp-json\/wp\/v2\/comments?post=715"}],"version-history":[{"count":15,"href":"https:\/\/evol-forum.ch\/gaia\/wp-json\/wp\/v2\/pages\/715\/revisions"}],"predecessor-version":[{"id":1562,"href":"https:\/\/evol-forum.ch\/gaia\/wp-json\/wp\/v2\/pages\/715\/revisions\/1562"}],"wp:attachment":[{"href":"https:\/\/evol-forum.ch\/gaia\/wp-json\/wp\/v2\/media?parent=715"}],"curies":[{"name":"wp","href":"https:\/\/api.w.org\/{rel}","templated":true}]}}