{"id":28,"date":"2013-12-11T15:38:05","date_gmt":"2013-12-11T13:38:05","guid":{"rendered":"https:\/\/evol-forum.ch\/giza\/wissenschaftliche-geschichte\/"},"modified":"2018-10-29T13:07:58","modified_gmt":"2018-10-29T11:07:58","slug":"wissenschaftliche-geschichte","status":"publish","type":"page","link":"https:\/\/evol-forum.ch\/giza\/wissenschaftliche-geschichte\/","title":{"rendered":"Wissenschaftliche Geschichte"},"content":{"rendered":"<h1>Die wissenschaftliche Geschichte<\/h1>\n<p>&nbsp;<\/p>\n<p>Im 20. Jahrhundert erbl\u00fchte die Giza-Forschung. Da eine vollst\u00e4ndige Chronologie mit Beschreibung der Hintergr\u00fcnde den Rahmen dieses Buches sprengen w\u00fcrde, beschr\u00e4nke ich mich auf die wesentlichen Entdeckungen, die einerseits Erkl\u00e4rungen und Erweiterungen zu den alten megalithischen Bauwerken und andererseits Gr\u00fcnde f\u00fcr die neuzeitlichen Entwicklungen der Forschung, das GEM und die Mauer um das Giza-Plateau liefern (siehe Seite 280).<\/p>\n<p>Ich habe die im Literaturverzeichnis aufgelisteten Werke studiert und zu allen wichtigen Interessengruppen und Personen das Internet gesichtet, um den aktuellen Stand der Forschung zu verfolgen und darzustellen. Damit die Quellenangaben nicht ausufern, halte ich sie bei besonders markanten Entdeckungen und Zeugnissen direkt im Text fest. Diese Zusammenfassung ist das Resultat einer detektivischen Spurensuche. Viele Quellen unterschiedlicher wissenschaftlicher Bereiche verweisen auf unterirdische Anlagen in Giza und das sich dort befindende Verm\u00e4chtnis vordynastischer Kulturen. Obwohl deren Informationen auch mystischen, medialen oder okkulten Bereichen zuzuordnen sind, werden sie in der wissenschaftlichen Diskussion kaum beachtet. F\u00fcr mich geh\u00f6ren sie dazu. Der rote Faden beginnt im mystischen Bereich, weil von dort der Anstoss zur modernen wissenschaftlichen Giza-Erforschung erfolgte.<\/p>\n<p>&nbsp;<\/p>\n<h3><b>Cayce und die Giza-Forschung<\/b><\/h3>\n<p>&nbsp;<\/p>\n<p>Ein Informant aus dem grenzwissenschaftlichen Spektrum hat im vergangenen Jahrhundert mit seinen in Trance gemachten Aussagen \u2013 unter anderem \u00fcber die \u00e4gyptische Vorgeschichte \u2013 f\u00fcr Furore gesorgt und kann nicht \u00fcbergangen werden: der Amerikaner Edgar Cayce (1877\u20131945).<span class=\"Apple-converted-space\">\u00a0<\/span><\/p>\n<p>Sein Sohn Hugh Lynn gr\u00fcndete 1948 die Edgar Cayce Foundation (ECF), die in der neueren Giza-Forschung eine wesentliche Rolle spielt. Die ECF besch\u00e4ftigt sich damit, die von Edgar Cayce in Trance erhaltenen Botschaften auf ihre Richtigkeit zu pr\u00fcfen. Die meisten Aussagen betrafen medizinische und therapeutische Fragen, und auf diesem Gebiet erwiesen sich die Informationen als verl\u00e4sslich, teils sogar als sensationell. Seine medial empfangenen Angaben zu den pr\u00e4historischen Hochkulturen sollten deshalb nicht missachtet werden.<span class=\"Apple-converted-space\">\u00a0<\/span><\/p>\n<p>Edgar Cayce war Fotograf. 1901 verlor er seine Stimme und konnte nur noch fl\u00fcstern. Nachdem kein Arzt zu helfen vermochte, rieten ihm Bekannte, einen Hypnotiseur aufzusuchen, um abzukl\u00e4ren, ob es sich um ein psychosomatisches Leiden handle. Als junger Christ lehnte er den Vorschlag vorerst ab. Doch nach gut einem Jahr sah er darin seine letzte Hoffnung und ging zu einem Therapeuten, der ihn in Hypnose versetzte und ihn \u00fcber seine Erkrankung befragte. Cayce antwortete mit gesunder Stimme und sagte, was f\u00fcr die Heilung zu unternehmen sei. Als er aus der Trance erwachte, konnte er sich an nichts erinnern, doch die vorgeschlagene Heilmethode f\u00fchrte zur Genesung.<\/p>\n<p>Der Arzt, der das Experiment begleitet hatte, wollte danach wissen, ob Cayce mit seiner unbewussten F\u00e4higkeit auch anderen Menschen helfen kann. Die Ergebnisse waren wiederum erstaunlich. In Trance benutzte Cayce einen medizinischen Wortschatz, den er sonst nicht besass, und machte detaillierte Angaben \u00fcber Behandlungsmethoden und Medikamente. Als er aber erfuhr, dass seine Readings von gewissen Leuten dazu missbraucht wurden, profitgierig nach der weiteren B\u00f6rsenentwicklung oder dem Einlauf bei k\u00fcnftigen Pferderennen zu fragen, h\u00f6rte Cayce damit auf und konzentrierte sich auf seinen Beruf und die Familie.<\/p>\n<p>Mehr als ein Jahrzehnt sp\u00e4ter, im Jahr 1918, geschah ein Unfall: Die Explosion einer B\u00fcchse mit Blitzlichtpulver ver\u00e4tzte die Augen von Cayces Sohn Hugh Lynn. Die \u00c4rzte prophezeiten eine dauerhafte Blindheit, ein Auge sollte sogar herausoperiert werden. Da entschloss sich der verzweifelte Vater zu einem weiteren Reading. Durch seine in Trance ge\u00e4usserten Ausk\u00fcnfte konnten beide Augen gerettet werden, der Sohn Hugh Lynn erhielt die Sehkraft zur\u00fcck. Aus Dankbarkeit stellte Edgar Cayce fortan seine F\u00e4higkeit anderen Menschen zur Verf\u00fcgung, und zwar unentgeltlich.<\/p>\n<p>In den folgenden 27 Jahren bis zu seinem Tod gab er, assistiert von seiner Frau, rund 14\u2018000 Readings, die alle schriftlich aufgezeichnet wurden. Knapp zwei Drittel davon betrafen medizinische Ausk\u00fcnfte, dank derer viele Menschen geheilt werden konnten. Immer wieder kam auch das Vorleben der fragenden Person zur Sprache, die in den Readings als Entit\u00e4t bezeichnet wurde. Ein Thema, das dabei immer auftauchte, war \u00c4gypten. Hier einige Beispiele:<span class=\"Apple-converted-space\">\u00a0<\/span><\/p>\n<p><em>\u201eIn einer anderen Inkarnation war die Entit\u00e4t in dem heutigen \u00c4gypten, und zwar w\u00e4hrend der Zeit der Auswanderung aus Atlantis, als die Aufzeichnungen nach \u00c4gypten gebracht wurden.\u201c<\/em><br \/>\n<em> (Archiv-Nr. 764\/1, 18. Dez. 1934)<\/em><\/p>\n<p><em>\u201eMan wusste in Atlantis, dass es bald zu der Zerst\u00f6rung des Landes kommen w\u00fcrde, und viele einzelne Menschen versuchten, das Land zu verlassen. Die Entit\u00e4t war unter denen, die nach \u00c4gypten gingen.\u201c (708\/1, 25. Okt. 1934)<span class=\"Apple-converted-space\">\u00a0<\/span><\/em><\/p>\n<p><em>\u201eEs gab Prophezeiungen und Hinweise darauf, dass Atlantis auseinanderbrechen w\u00fcrde, und \u00c4gypten wurde als eine der Gegenden ausgew\u00e4hlt, wo man Aufzeichnungen \u00fcber diese alte Kultur herstellen und aufbewahren w\u00fcrde.\u201c<\/em><br \/>\n<em> (275\/38, 16. Jan. 1934)<\/em><\/p>\n<p>Die von Edgar Cayce in Trance erhaltenen Informationen wiesen auch wiederholt darauf hin, dass vieles in \u00c4gypten noch nicht entdeckt sei, insbesondere Aufzeichnungen einer fr\u00fcheren Kultur. Er machte dabei Angaben, wo dieses Verm\u00e4chtnis hinterlassen worden sei:<\/p>\n<p><em>\u201eEs gibt viele Tempel, die sp\u00e4ter in den Ebenen in der N\u00e4he der Sphinx gebaut wurden und noch entdeckt werden m\u00fcssen.\u201c (900\/275, 22. Okt. 1926)<\/em><\/p>\n<p><em>\u201eDenn die sp\u00e4teren Pyramiden, diejenigen, die noch nicht entdeckt worden sind, liegen zwischen dem Sphinx, dem Geheimnis, und dem Nil.\u201c (2124\/3, 2. Okt. 1931)<\/em><\/p>\n<p><em>\u201eDie Entit\u00e4t war unter jenen, die bei dem Bau von einigen dieser noch vorhandenen Bauwerke mitgeholfen haben, wie auch bei der Bauplanung der Halle der Aufzeichnungen, die noch entdeckt werden muss, wo viel ans Licht kommen wird.\u201c<\/em><br \/>\n<em> (519\/1, 20. Febr. 1934)<span class=\"Apple-converted-space\">\u00a0<\/span><\/em><\/p>\n<p><em>\u201eDie Entit\u00e4t schloss sich den Menschen an, die die Aufzeichnungen teilweise in Buchstaben des alten oder fr\u00fchen \u00c4gyptens, teilweise in einer neueren Form der Atlanter, abfassten. Diese Aufzeichnungen werden vielleicht in einigen wenigen Jahren entdeckt werden, vor allem wenn das Haus oder die Grabkammer der Berichte ge\u00f6ffnet wird.\u201c (2537\/1, 17. Juli 1941)<\/em><\/p>\n<p><em>\u201e[\u2026] das Grab dieser Entit\u00e4t war damals Teil der Halle der Aufzeichnungen, die noch nicht entdeckt worden ist. Sie liegt zwischen dem Sphinx und dem Tempel bzw. der Pyramide, und zwar in einer eigenen Pyramide.\u201c (2329\/3, 1. Mai 1941)<\/em><\/p>\n<p><em>\u201eDiese und viele andere Entdeckungen k\u00f6nnen unter der linken Vorderpfote des ausgestreckten Tieres unter dem Fundament gefunden werden, nicht aber in dem unterirdischen Gang, der viele Jahre und Jahrhunderte sp\u00e4ter von einem Herrscher ge\u00f6ffnet wurde, sondern im wirklichen Fundament.\u201c (953\/24, 12. Juni 1926)<\/em><\/p>\n<p>Auf die Frage, was die Halle der Aufzeichnungen berge, gab er folgende Antwort:<\/p>\n<p><em>\u201eEine Erinnerung an Atlantis aus dem Anfang jener Zeit, als der Geist Form annahm, als die Verk\u00f6rperungen in jenem Land \u2013 und die Entwicklungswege der V\u00f6lker auf ihrer Reise \u2013 begannen. Und auch eine Erinnerung an die erste Zerst\u00f6rung und die Ver\u00e4nderungen, die in diesem Land stattfanden, zusammen mit Dingen, die an den Aufenthalt der V\u00f6lker in verschiedenen L\u00e4ndern und ihre dortigen Aktivit\u00e4ten erinnern. Und eine Erinnerung an die Zusammenk\u00fcnfte aller Nationen oder L\u00e4nder im Zusammenhang mit den Aktivit\u00e4ten, die zur Zerst\u00f6rung von Atlantis gef\u00fchrt hatten.<span class=\"Apple-converted-space\">\u00a0<\/span><\/em><\/p>\n<p><em>Und Aufzeichnungen hinsichtlich des Baus der Pyramide der Einweihung, verbunden mit Hinweisen auf das Wer und Was \u2013 und wo die \u00d6ffnung der Aufzeichnungen geschehen wird. Hier handelt es sich um etwas wie Kopien aus dem versunkenen Atlantis. Denn mit den Ver\u00e4nderungen muss auch es [Atlantis] wieder auftauchen. Die Lage [dieser unterirdischen Halle] ist wie folgt: Wenn sich die Sonne \u00fcber das Wasser erhebt, so f\u00e4llt die Linie des Schattens zwischen die Vorderbeine des Sphinx, der sp\u00e4ter als Wache an diesen Punkt gesetzt wurde. Die Kammer darf von den Verbindungsg\u00e4ngen unter der rechten Vorderpfote des Sphinx erst dann betreten werden, wenn die Zeit erf\u00fcllt ist, wenn es im Bewusstsein der Menschen zu Ver\u00e4nderungen kommen muss. Dann zwischen dem Sphinx und dem Fluss.\u201c<span class=\"Apple-converted-space\">\u00a0<\/span><\/em><\/p>\n<p><em>(378\/16, 29. Okt. 1933)<\/em><\/p>\n<p><em>\u201eEs gibt einen Gang von der rechten Vorderpfote zum Tor der Grabkammer der Aufzeichnungen.\u201c (5748\/6, 31. Juli 1932)<\/em><\/p>\n<p>Gem\u00e4ss den Aussagen von Edgar Cayce gab es in Giza verschiedene Bauetappen, bei denen Altes zerst\u00f6rt und darauf Neues erschaffen wurde:<\/p>\n<p><em>\u201eAls die Monumente in der Ebene, wo die heute sogenannte Pyramide von Giza liegt, neu aufgebaut wurden, legte diese Entit\u00e4t das Fundament. Sie kalkulierte die geometrische Position des Sphinx in Bezug auf die bereits vorhandenen Bauwerke.<\/em><br \/>\n<em> Und die Daten, die sich darauf beziehen, kann man in den Gew\u00f6lben des Sphinx finden.\u201c (195\/14, 18. Juli 1925)<\/em><\/p>\n<p><em>\u201e(Frage: Wann wurde der Bau der Gro\u00dfen Pyramide wirklich begonnen und beendet?) Der Bau dauerte einhundert Jahre. Er wurde w\u00e4hrend Araaraarts Herrschaftszeit zusammen mit Hermes [Thoth] und Ra begonnen und vollendet. (Und wann war das, bezogen auf unsere Zeitrechnung?) 10\u2019490 bis 10\u2019390 bevor der Prinz des Friedens [Jesus] nach \u00c4gypten kam.\u201c (5748\/6, 1. Juli 1932)<span class=\"Apple-converted-space\">\u00a0<\/span><\/em><\/p>\n<p><em>\u201eDenn mit Hermes und Ra begann der Bau der heute sogenannten Pyramide von Gizeh.\u201c (281\/43, 8. Nov. 1939)<\/em><\/p>\n<p><em>\u201eEtwa 10\u2019500 Jahre bevor Christus in das Land kam, gab es zum ersten Mal den Versuch, das zu renovieren und zu vervollst\u00e4ndigen, was bereits begonnen worden war, n\u00e4mlich der Sphinx, ferner auch das Schatzhaus, das ihm gegen\u00fcberliegt, also zwischen Sphinx und dem Nil, in dem diese Berichte aufbewahrt wurden. Sp\u00e4ter mit Hermes und Ra begann der Bau von dem, was heute Giza genannt wird, als eine St\u00e4tte der Eingeweihten, die manchmal auch die Weisse Bruderschaft genannt wird.\u201c (5748\/5, 30. Juni 1932)<\/em><\/p>\n<p>In der gleichen Sitzung, unmittelbar anschliessend sagte die Trance-Stimme, dass in der Pyramide Jesus Christus* und zuvor Johannes h\u00f6chste Einweihungen erfahren h\u00e4tten und sich \u00c4hnliches ereignen werde, wenn der Messias wiederkehre \u2013 und in diesem Zusammenhang erw\u00e4hnte sie eine Jahreszahl:<span class=\"Apple-converted-space\">\u00a0<\/span><\/p>\n<p><em>\u201eIn dieser Pyramide erlangte der Grosse Eingeweihte, der Meister, jene letzten Grade der Bruderschaft, mit Johannes, seinem Vorl\u00e4ufer, an jenem Ort [\u2026]; und wieder wird gesehen, dass dies beim Einzug des Messias in dieser Periode sich ereignen wird \u2013 1998.\u201c<\/em><\/p>\n<p>Das Jahr 1998 wurde in den Readings verschiedentlich genannt. Unter anderem hiess es, dass die Halle der Aufzeichnungen zwischen 1996 und 1998 in Zusammenhang mit der R\u00fcckkehr Christi entdeckt und zuerst von \u201edreien, die sich auf den vollkommenen Weg des Lebens begeben haben\u201c (\u201ethree who would make of the perfect way of life\u201c) betreten w\u00fcrde. Danach dauere es noch \u201eviele Jahre\u201c, bis das Wissen mit der \u00d6ffentlichkeit geteilt werde.<\/p>\n<p>In Trance prognostizierte Cayce auch, dass sein Werk durch einen Mann namens Stearn ein breites Publikum finden werde, und in der Tat war es der Autor Jess Stearn, der sich mit dem Buch \u201eEdgar Cayce \u2013 The Sleeping Prophet\u201c 1968 monatelang in den US-Bestsellerlisten hielt. Cayces Aussagen waren besonders bei medizinischen Fragen hilfreich und erwiesen sich auch sonst oft als zutreffend, aber nicht immer. Was er in philosophischer, historischer oder prophetischer Hinsicht empfing, ist nicht \u00fcber alle Zweifel erhaben. Denn einige Prophezeiungen trafen nicht ein, wie seine Anh\u00e4nger einr\u00e4umen: \u201e[\u2026] die Fehlbarkeit Cayces zeigt sich, wenn er Landver\u00e4nderungen in Alabama f\u00fcr die Jahre 1936 bis 1938 vorhersagt.\u201c<br \/>\nWeitere Ank\u00fcndigungen erf\u00fcllten sich (gl\u00fccklicherweise) ebenfalls nicht:<span class=\"Apple-converted-space\">\u00a0<\/span><\/p>\n<p>So warnte Cayce, dass 1997 New York \u00fcberflutet und 1998 Japan untergehen werde. Wie bereits erw\u00e4hnt, sagte er f\u00fcr diese Zeit auch die R\u00fcckkehr Christi vorher, die von bedeutenden Entdeckungen in \u00c4gypten begleitet werde.<span class=\"Apple-converted-space\">\u00a0<\/span><\/p>\n<p>Zur Jahrtausendwende gehe das alte Weltzeitalter zu Ende und es beginne das Wassermannzeitalter; die Erdachse werde sich in diesen Jahren verschieben.<\/p>\n<p>Man kann sich leicht vorstellen, was sich in den K\u00f6pfen der Anh\u00e4nger von Cayce in den Achtziger- und Neunzigerjahren abspielte, zumal sie felsenfest davon \u00fcberzeugt waren, dass im Jahr 2000 ein neues Weltzeitalter anbrechen w\u00fcrde und kurz zuvor bei oder in den Pyramiden von Giza eine Entdeckung gemacht w\u00fcrde, die f\u00fcr die Wiederkunft des Messias wegbereitend sei. Die heimliche Forschung in \u00c4gypten wurde in den Jahren 1996\u20131998 entsprechend intensiviert, und damals muss ferner auch der Entscheid f\u00fcr den Bau des GEM und der Giza-Mauer gef\u00e4llt worden sein.<\/p>\n<p>Es gilt jedoch zu ber\u00fccksichtigen, dass unsere Zeitrechnung aus verschiedenen Gr\u00fcnden sehr ungenau ist. Es f\u00e4ngt schon damit an, dass unsere heutige Zeitrechnung mit der Geburt Jesu begonnen wurde, also die Zeitzuordnung in vor und nach Christus. Doch sein Geburtsjahr konnte bisher nur auf 6 Jahre genau bestimmt werden, da sich die Evangelien widersprechen. Dazu kommen Faktoren wie die Wechsel der Kalender im Laufe der Jahrhunderte, vor allem beim Wechsel auf den Gregorianischen Kalender. Dann die in der neueren Zeit eingef\u00fchrten Schaltjahre und dazu noch die Pr\u00e4zession der Erde. Es gibt also einen realen Spielraum \u2013 je nach Standpunkt und Berechnungsform \u2013 von 2 bis 6 Jahren. Dann h\u00e4tten wir nun im Jahr 2018 eigentlich das Jahr 2012 (Die detaillierten Dokumentationen und Berechnungen dazu finden Sie im Buch DEI VERM\u00c4CHTNIS.<\/p>\n<p>&nbsp;<\/p>\n<h3><b>Cayces Kernaussagen\u00a0zur Fr\u00fchgeschichte<\/b><\/h3>\n<p>&nbsp;<\/p>\n<p>Viele Aussagen in den insgesamt 14\u2019246 Trance-Readings von Edgar Cayce beziehen sich auf untergegangene Kulturen und versunkene Kontinente und beschreiben in diesem Kontext auch die \u00e4gyptische Vorgeschichte. Die Angaben stimmen \u00fcberein mit den wenigen heute bekannten alt\u00e4gyptischen \u00dcberlieferungen, die alle von langen, vordynastischen Epochen berichten. Zudem zeugen die anonymen, gigantischen Megalith-Bauwerke von einer f\u00fcr die damalige Zeit erstaunliche Konstruktionstechnik, die uns bis heute schleierhaft blieb. Wir erinnern uns an den Bericht von Solon (siehe Seite 131), der in den Tempeln von Sais die Geschichte von Atlantis erfuhr. Seine von Platon \u00fcberlieferten und bis heute bekannten Angaben werden von anderen alten Quellen best\u00e4tigt. Diodor Siculus (siehe Seite 168) zitierte im Band seiner \u201eHistorischen Bibliothek\u201c den Geschichtsschreiber Dionysos von Mytilene, der im 2. Jahrhundert v. Chr. in der Bibliothek von Alexandria langj\u00e4hrige Nachforschungen \u00fcber die Geschichte der fr\u00fchen Kulturen betrieben hatte. Dessen Schriften wurden zwar beim ersten Brand der Bibliothek (47 v. Chr. unter C\u00e4sar) allesamt zerst\u00f6rt; doch dank der teilweise erhaltenen \u00dcberlieferungen von Diodor kennen wir einige bedeutende Ausschnitte, aus denen hervorgeht, dass Dionysos in den alten Texten \u00c4hnliches vorfand, wie das, was die Priester in Sais dem griechischen Besucher Solon erz\u00e4hlten.<\/p>\n<p>&nbsp;<\/p>\n<h3><b>Die Entdeckungen der letzten 100 Jahre in Giza<span class=\"Apple-converted-space\">\u00a0<\/span><\/b><\/h3>\n<p>&nbsp;<\/p>\n<p>Es folgt eine Auflistung und Zusammenfassung der wesentlichen Entdeckungen der letzten rund 100 Jahre, ohne Anspruch auf Vollst\u00e4ndigkeit. Ich habe vor allem die Entdeckungen ausgew\u00e4hlt, die in Zusammenhang mit den Kammern beim Sphinx sowie in und unter den Pyramiden stehen.<\/p>\n<p>&nbsp;<\/p>\n<p>&nbsp;<\/p>\n<p>&nbsp;<\/p>\n<p style=\"font: normal normal normal 12px\/normal Helvetica; margin: 0px;\"><span style=\"letter-spacing: 0px;\"><span style=\"font-size: x-small;\">Dies ist ein Auszug aus dem Buch\u00a0<a href=\"https:\/\/evol-forum.ch\/buecher-und-ebooks\/\" target=\"_blank\" rel=\"noopener\">GIZA VERM\u00c4CHTNIS<\/a>.<\/span><\/span><\/p>\n<p>&nbsp;<\/p>\n<p>&nbsp;<\/p>\n","protected":false},"excerpt":{"rendered":"<p>Die wissenschaftliche Geschichte &nbsp; Im 20. Jahrhundert erbl\u00fchte die Giza-Forschung. Da eine vollst\u00e4ndige Chronologie mit Beschreibung der Hintergr\u00fcnde den Rahmen dieses Buches sprengen w\u00fcrde, beschr\u00e4nke ich mich auf die wesentlichen Entdeckungen, die einerseits Erkl\u00e4rungen und Erweiterungen zu den alten megalithischen Bauwerken und andererseits Gr\u00fcnde f\u00fcr die neuzeitlichen Entwicklungen der Forschung, das GEM und die Mauer [&hellip;]<\/p>\n","protected":false},"author":3,"featured_media":0,"parent":0,"menu_order":6300,"comment_status":"open","ping_status":"open","template":"","meta":{"_acf_changed":false,"_monsterinsights_skip_tracking":false,"_monsterinsights_sitenote_active":false,"_monsterinsights_sitenote_note":"","_monsterinsights_sitenote_category":0,"footnotes":""},"class_list":["post-28","page","type-page","status-publish","hentry"],"acf":[],"yoast_head":"<!-- This site is optimized with the Yoast SEO plugin v26.4 - https:\/\/yoast.com\/wordpress\/plugins\/seo\/ -->\n<title>Wissenschaftliche Geschichte - GIZA-VERM\u00c4CHTNIS<\/title>\n<meta name=\"robots\" content=\"index, follow, max-snippet:-1, max-image-preview:large, max-video-preview:-1\" \/>\n<link rel=\"canonical\" href=\"https:\/\/evol-forum.ch\/giza\/wissenschaftliche-geschichte\/\" \/>\n<meta name=\"twitter:label1\" content=\"Gesch\u00e4tzte Lesezeit\" \/>\n\t<meta name=\"twitter:data1\" content=\"11\u00a0Minuten\" \/>\n<script type=\"application\/ld+json\" class=\"yoast-schema-graph\">{\"@context\":\"https:\/\/schema.org\",\"@graph\":[{\"@type\":\"WebPage\",\"@id\":\"https:\/\/evol-forum.ch\/giza\/wissenschaftliche-geschichte\/\",\"url\":\"https:\/\/evol-forum.ch\/giza\/wissenschaftliche-geschichte\/\",\"name\":\"Wissenschaftliche Geschichte - GIZA-VERM\u00c4CHTNIS\",\"isPartOf\":{\"@id\":\"https:\/\/evol-forum.ch\/giza\/#website\"},\"datePublished\":\"2013-12-11T13:38:05+00:00\",\"dateModified\":\"2018-10-29T11:07:58+00:00\",\"inLanguage\":\"de\",\"potentialAction\":[{\"@type\":\"ReadAction\",\"target\":[\"https:\/\/evol-forum.ch\/giza\/wissenschaftliche-geschichte\/\"]}]},{\"@type\":\"WebSite\",\"@id\":\"https:\/\/evol-forum.ch\/giza\/#website\",\"url\":\"https:\/\/evol-forum.ch\/giza\/\",\"name\":\"GIZA-VERM\u00c4CHTNIS\",\"description\":\"\",\"potentialAction\":[{\"@type\":\"SearchAction\",\"target\":{\"@type\":\"EntryPoint\",\"urlTemplate\":\"https:\/\/evol-forum.ch\/giza\/?s={search_term_string}\"},\"query-input\":{\"@type\":\"PropertyValueSpecification\",\"valueRequired\":true,\"valueName\":\"search_term_string\"}}],\"inLanguage\":\"de\"}]}<\/script>\n<!-- \/ Yoast SEO plugin. -->","yoast_head_json":{"title":"Wissenschaftliche Geschichte - GIZA-VERM\u00c4CHTNIS","robots":{"index":"index","follow":"follow","max-snippet":"max-snippet:-1","max-image-preview":"max-image-preview:large","max-video-preview":"max-video-preview:-1"},"canonical":"https:\/\/evol-forum.ch\/giza\/wissenschaftliche-geschichte\/","twitter_misc":{"Gesch\u00e4tzte Lesezeit":"11\u00a0Minuten"},"schema":{"@context":"https:\/\/schema.org","@graph":[{"@type":"WebPage","@id":"https:\/\/evol-forum.ch\/giza\/wissenschaftliche-geschichte\/","url":"https:\/\/evol-forum.ch\/giza\/wissenschaftliche-geschichte\/","name":"Wissenschaftliche Geschichte - GIZA-VERM\u00c4CHTNIS","isPartOf":{"@id":"https:\/\/evol-forum.ch\/giza\/#website"},"datePublished":"2013-12-11T13:38:05+00:00","dateModified":"2018-10-29T11:07:58+00:00","inLanguage":"de","potentialAction":[{"@type":"ReadAction","target":["https:\/\/evol-forum.ch\/giza\/wissenschaftliche-geschichte\/"]}]},{"@type":"WebSite","@id":"https:\/\/evol-forum.ch\/giza\/#website","url":"https:\/\/evol-forum.ch\/giza\/","name":"GIZA-VERM\u00c4CHTNIS","description":"","potentialAction":[{"@type":"SearchAction","target":{"@type":"EntryPoint","urlTemplate":"https:\/\/evol-forum.ch\/giza\/?s={search_term_string}"},"query-input":{"@type":"PropertyValueSpecification","valueRequired":true,"valueName":"search_term_string"}}],"inLanguage":"de"}]}},"_links":{"self":[{"href":"https:\/\/evol-forum.ch\/giza\/wp-json\/wp\/v2\/pages\/28","targetHints":{"allow":["GET"]}}],"collection":[{"href":"https:\/\/evol-forum.ch\/giza\/wp-json\/wp\/v2\/pages"}],"about":[{"href":"https:\/\/evol-forum.ch\/giza\/wp-json\/wp\/v2\/types\/page"}],"author":[{"embeddable":true,"href":"https:\/\/evol-forum.ch\/giza\/wp-json\/wp\/v2\/users\/3"}],"replies":[{"embeddable":true,"href":"https:\/\/evol-forum.ch\/giza\/wp-json\/wp\/v2\/comments?post=28"}],"version-history":[{"count":25,"href":"https:\/\/evol-forum.ch\/giza\/wp-json\/wp\/v2\/pages\/28\/revisions"}],"predecessor-version":[{"id":1555,"href":"https:\/\/evol-forum.ch\/giza\/wp-json\/wp\/v2\/pages\/28\/revisions\/1555"}],"wp:attachment":[{"href":"https:\/\/evol-forum.ch\/giza\/wp-json\/wp\/v2\/media?parent=28"}],"curies":[{"name":"wp","href":"https:\/\/api.w.org\/{rel}","templated":true}]}}